{"id":543,"date":"2025-10-23T13:00:54","date_gmt":"2025-10-23T11:00:54","guid":{"rendered":"http:\/\/www.connecteenproject.com\/pravni-upozorneni\/"},"modified":"2025-10-29T13:21:27","modified_gmt":"2025-10-29T12:21:27","slug":"pravni-upozorneni","status":"publish","type":"page","link":"http:\/\/www.connecteenproject.com\/cs\/pravni-upozorneni\/","title":{"rendered":"Pr\u00e1vn\u00ed upozorn\u011bn\u00ed"},"content":{"rendered":"\n<p><strong>Posledn\u00ed aktualizace:<\/strong> 23. 10. 2025<\/p>\n\n<h3 class=\"wp-block-heading\">1. Vlastn\u00edk str\u00e1nek a kontaktn\u00ed informace<\/h3>\n\n<p><strong>Vlastn\u00edk:<\/strong> Fundaci\u00f3n INTRAS<br\/><strong>Webov\u00e9 str\u00e1nky:<\/strong><a href=\"https:\/\/www.connecteenproject.com\/\"> <\/a><a href=\"https:\/\/www.connecteenproject.com\" target=\"_blank\" rel=\"noreferrer noopener\">https:\/\/www.connecteenproject.com<\/a><br\/><strong>Kontaktn\u00ed email<\/strong>: intras@intras.es<br\/><strong>Po\u0161tovn\u00ed adresa:<\/strong> <strong>Fundaci\u00f3n INTRAS<\/strong> <br\/>C\/ Mart\u00edn Santos Romero, 1. 47016 Valladolid. Tel. 0034 0034 983 399 633 <a href=\"http:\/\/www.intras.es\/\">www.intras.es<\/a><\/p>\n\n<hr class=\"wp-block-separator has-alpha-channel-opacity is-style-wide\"\/>\n\n<h3 class=\"wp-block-heading\">2. Podm\u00ednky pou\u017e\u00edv\u00e1n\u00ed<\/h3>\n\n<p>P\u0159\u00edstupem na tyto webov\u00e9 str\u00e1nky a jejich pou\u017e\u00edv\u00e1n\u00edm z\u00edsk\u00e1v\u00e1te status u\u017eivatele a p\u0159ij\u00edm\u00e1te tyto podm\u00ednky pou\u017e\u00edv\u00e1n\u00ed.<\/p>\n\n<p>U\u017eivatel\u00e9 souhlas\u00ed s t\u00edm, \u017ee budou webov\u00e9 str\u00e1nky a jejich obsah pou\u017e\u00edvat z\u00e1konn\u00fdm, odpov\u011bdn\u00fdm a ohledupln\u00fdm zp\u016fsobem. V\u00fdslovn\u011b se zakazuje n\u00e1sleduj\u00edc\u00ed:<\/p>\n\n<ul class=\"wp-block-list\">\n<li>Zapojov\u00e1n\u00ed se do nez\u00e1konn\u00fdch nebo podvodn\u00fdch \u010dinnost\u00ed.<\/li>\n\n\n\n<li>Po\u0161kozov\u00e1n\u00ed fyzick\u00fdch nebo logick\u00fdch syst\u00e9m\u016f organizace Fundaci\u00f3n INTRAS, jej\u00edch poskytovatel\u016f nebo t\u0159et\u00edch stran.<\/li>\n\n\n\n<li>Zav\u00e1d\u011bn\u00ed nebo \u0161\u00ed\u0159en\u00ed po\u010d\u00edta\u010dov\u00fdch vir\u016f nebo jin\u00e9ho \u0161kodliv\u00e9ho k\u00f3du.<\/li>\n\n\n\n<li>Pokusy o z\u00edsk\u00e1n\u00ed neopr\u00e1vn\u011bn\u00e9ho p\u0159\u00edstupu na webov\u00e9 str\u00e1nky nebo do souvisej\u00edc\u00edch syst\u00e9m\u016f.<\/li>\n<\/ul>\n\n<p>Fundaci\u00f3n INTRAS si vyhrazuje pr\u00e1vo odep\u0159\u00edt p\u0159\u00edstup na webov\u00e9 str\u00e1nky u\u017eivatel\u016fm, kte\u0159\u00ed poru\u0161\u00ed tyto podm\u00ednky.<\/p>\n\n<hr class=\"wp-block-separator has-alpha-channel-opacity is-style-wide\"\/>\n\n<h3 class=\"wp-block-heading\">3. Du\u0161evn\u00ed vlastnictv\u00ed<\/h3>\n\n<p>Ve\u0161ker\u00fd obsah t\u011bchto webov\u00fdch str\u00e1nek, v\u010detn\u011b, ale nejen, text\u016f, obr\u00e1zk\u016f, grafiky, log, n\u00e1vrh\u016f, zdrojov\u00e9ho k\u00f3du a struktury, je du\u0161evn\u00edm vlastnictv\u00edm organizace Fundaci\u00f3n INTRAS nebo jej\u00edch licencovan\u00fdch partner\u016f a je chr\u00e1n\u011bn platn\u00fdmi z\u00e1kony o du\u0161evn\u00edm vlastnictv\u00ed v Evropsk\u00e9 unii.<\/p>\n\n<p>Je p\u0159\u00edsn\u011b zak\u00e1z\u00e1no reprodukovat, distribuovat, ve\u0159ejn\u011b sd\u011blovat nebo upravovat jak\u00fdkoli obsah webov\u00fdch str\u00e1nek bez p\u0159edchoz\u00edho p\u00edsemn\u00e9ho souhlasu vlastn\u00edka.<\/p>\n\n<hr class=\"wp-block-separator has-alpha-channel-opacity is-style-wide\"\/>\n\n<h3 class=\"wp-block-heading\">4. Extern\u00ed odkazy<\/h3>\n\n<p>Tyto webov\u00e9 str\u00e1nky mohou obsahovat odkazy na extern\u00ed webov\u00e9 str\u00e1nky. Fundaci\u00f3n INTRAS nem\u00e1 \u017e\u00e1dnou kontrolu nad t\u011bmito str\u00e1nkami a nenese odpov\u011bdnost za jejich obsah ani za jak\u00e9koli \u0161kody, kter\u00e9 mohou vzniknout v d\u016fsledku jejich p\u0159\u00edstupu nebo pou\u017e\u00edv\u00e1n\u00ed.<\/p>\n\n<p>Zahrnut\u00ed takov\u00fdch odkaz\u016f neznamen\u00e1 \u017e\u00e1dn\u00fd druh sdru\u017een\u00ed nebo podpory ze strany organizace Fundaci\u00f3n INTRAS.<\/p>\n\n<hr class=\"wp-block-separator has-alpha-channel-opacity is-style-wide\"\/>\n\n<h3 class=\"wp-block-heading\">5. Rozhodn\u00e9 pr\u00e1vo a jurisdikce<\/h3>\n\n<p>Toto pr\u00e1vn\u00ed upozorn\u011bn\u00ed se \u0159\u00edd\u00ed z\u00e1kony <strong>Evropsk\u00e9 unie<\/strong> a p\u0159\u00edpadn\u011b z\u00e1kony <strong>\u0160pan\u011blska<\/strong>, v\u010detn\u011b, ale nejen:<\/p>\n\n<ul class=\"wp-block-list\">\n<li><strong>Na\u0159\u00edzen\u00ed (EU) 2016\/679<\/strong> o ochran\u011b osobn\u00edch \u00fadaj\u016f (obecn\u00e9 na\u0159\u00edzen\u00ed o ochran\u011b osobn\u00edch \u00fadaj\u016f \u2013 GDPR).<\/li>\n\n\n\n<li><strong>\u0160pan\u011blsk\u00fd z\u00e1kon 34\/2002<\/strong> ze dne 11. \u010dervence o slu\u017eb\u00e1ch informa\u010dn\u00ed spole\u010dnosti a elektronick\u00e9m obchodu (LSSI-CE).<\/li>\n<\/ul>\n\n<p>V p\u0159\u00edpad\u011b jak\u00e9hokoli sporu a pokud to nevy\u017eaduj\u00ed p\u0159edpisy na ochranu spot\u0159ebitele, strany souhlas\u00ed s t\u00edm, \u017ee se pod\u0159\u00edd\u00ed jurisdikci soud\u016f v <strong>Valladolidu, \u0160pan\u011blsko<\/strong>, kde s\u00eddl\u00ed organizace Fundaci\u00f3n INTRAS.<\/p>\n\n<hr class=\"wp-block-separator has-alpha-channel-opacity is-style-wide\"\/>\n\n<h3 class=\"wp-block-heading\">Pozn\u00e1mka<\/h3>\n\n<p>Toto pr\u00e1vn\u00ed upozorn\u011bn\u00ed je sou\u010d\u00e1st\u00ed kompletn\u00edho bal\u00ed\u010dku pro dodr\u017eov\u00e1n\u00ed pr\u00e1vn\u00edch p\u0159edpis\u016f, kter\u00fd zahrnuje tak\u00e9 na\u0161e <a href=\"http:\/\/www.connecteenproject.com\/connectteenproject-privacy-policy\/\">Z\u00e1sady ochrany osobn\u00edch \u00fadaj\u016f<\/a> a <a href=\"http:\/\/www.connecteenproject.com\/connectteenproject-privacy-policy\/\">Z\u00e1sady pou\u017e\u00edv\u00e1n\u00ed soubor\u016f cookie<\/a>.<\/p>\n\n<p><\/p>\n","protected":false},"excerpt":{"rendered":"<p>Posledn\u00ed aktualizace: 23. 10. 2025 1. Vlastn\u00edk str\u00e1nek a kontaktn\u00ed informace Vlastn\u00edk: Fundaci\u00f3n INTRASWebov\u00e9 str\u00e1nky: https:\/\/www.connecteenproject.comKontaktn\u00ed email: intras@intras.esPo\u0161tovn\u00ed adresa: Fundaci\u00f3n [&hellip;]<\/p>\n","protected":false},"author":1,"featured_media":0,"parent":0,"menu_order":0,"comment_status":"closed","ping_status":"closed","template":"","meta":{"_coblocks_attr":"","_coblocks_dimensions":"","_coblocks_responsive_height":"","_coblocks_accordion_ie_support":"","_uag_custom_page_level_css":"","site-sidebar-layout":"default","site-content-layout":"","ast-site-content-layout":"default","site-content-style":"default","site-sidebar-style":"default","ast-global-header-display":"","ast-banner-title-visibility":"","ast-main-header-display":"","ast-hfb-above-header-display":"","ast-hfb-below-header-display":"","ast-hfb-mobile-header-display":"","site-post-title":"","ast-breadcrumbs-content":"","ast-featured-img":"","footer-sml-layout":"","ast-disable-related-posts":"","theme-transparent-header-meta":"","adv-header-id-meta":"","stick-header-meta":"","header-above-stick-meta":"","header-main-stick-meta":"","header-below-stick-meta":"","astra-migrate-meta-layouts":"default","ast-page-background-enabled":"default","ast-page-background-meta":{"desktop":{"background-color":"var(--ast-global-color-5)","background-image":"","background-repeat":"repeat","background-position":"center center","background-size":"auto","background-attachment":"scroll","background-type":"","background-media":"","overlay-type":"","overlay-color":"","overlay-opacity":"","overlay-gradient":""},"tablet":{"background-color":"","background-image":"","background-repeat":"repeat","background-position":"center center","background-size":"auto","background-attachment":"scroll","background-type":"","background-media":"","overlay-type":"","overlay-color":"","overlay-opacity":"","overlay-gradient":""},"mobile":{"background-color":"","background-image":"","background-repeat":"repeat","background-position":"center center","background-size":"auto","background-attachment":"scroll","background-type":"","background-media":"","overlay-type":"","overlay-color":"","overlay-opacity":"","overlay-gradient":""}},"ast-content-background-meta":{"desktop":{"background-color":"var(--ast-global-color-4)","background-image":"","background-repeat":"repeat","background-position":"center center","background-size":"auto","background-attachment":"scroll","background-type":"","background-media":"","overlay-type":"","overlay-color":"","overlay-opacity":"","overlay-gradient":""},"tablet":{"background-color":"var(--ast-global-color-4)","background-image":"","background-repeat":"repeat","background-position":"center center","background-size":"auto","background-attachment":"scroll","background-type":"","background-media":"","overlay-type":"","overlay-color":"","overlay-opacity":"","overlay-gradient":""},"mobile":{"background-color":"var(--ast-global-color-4)","background-image":"","background-repeat":"repeat","background-position":"center center","background-size":"auto","background-attachment":"scroll","background-type":"","background-media":"","overlay-type":"","overlay-color":"","overlay-opacity":"","overlay-gradient":""}},"footnotes":""},"class_list":["post-543","page","type-page","status-publish","hentry"],"yoast_head":"<!-- This site is optimized with the Yoast SEO plugin v26.6 - https:\/\/yoast.com\/wordpress\/plugins\/seo\/ -->\n<title>Pr\u00e1vn\u00ed upozorn\u011bn\u00ed -<\/title>\n<meta name=\"robots\" content=\"index, follow, max-snippet:-1, max-image-preview:large, max-video-preview:-1\" \/>\n<link rel=\"canonical\" href=\"http:\/\/www.connecteenproject.com\/cs\/pravni-upozorneni\/\" \/>\n<meta property=\"og:locale\" content=\"cs_CZ\" \/>\n<meta property=\"og:type\" content=\"article\" \/>\n<meta property=\"og:title\" content=\"Pr\u00e1vn\u00ed upozorn\u011bn\u00ed -\" \/>\n<meta property=\"og:description\" content=\"Posledn\u00ed aktualizace: 23. 10. 2025 1. Vlastn\u00edk str\u00e1nek a kontaktn\u00ed informace Vlastn\u00edk: Fundaci\u00f3n INTRASWebov\u00e9 str\u00e1nky: https:\/\/www.connecteenproject.comKontaktn\u00ed email: intras@intras.esPo\u0161tovn\u00ed adresa: Fundaci\u00f3n [&hellip;]\" \/>\n<meta property=\"og:url\" content=\"http:\/\/www.connecteenproject.com\/cs\/pravni-upozorneni\/\" \/>\n<meta property=\"article:modified_time\" content=\"2025-10-29T12:21:27+00:00\" \/>\n<meta name=\"twitter:card\" content=\"summary_large_image\" \/>\n<meta name=\"twitter:label1\" content=\"Odhadovan\u00e1 doba \u010dten\u00ed\" \/>\n\t<meta name=\"twitter:data1\" content=\"3 minuty\" \/>\n<script type=\"application\/ld+json\" class=\"yoast-schema-graph\">{\"@context\":\"https:\/\/schema.org\",\"@graph\":[{\"@type\":\"WebPage\",\"@id\":\"http:\/\/www.connecteenproject.com\/cs\/pravni-upozorneni\/\",\"url\":\"http:\/\/www.connecteenproject.com\/cs\/pravni-upozorneni\/\",\"name\":\"Pr\u00e1vn\u00ed upozorn\u011bn\u00ed -\",\"isPartOf\":{\"@id\":\"http:\/\/www.connecteenproject.com\/cs\/#website\"},\"datePublished\":\"2025-10-23T11:00:54+00:00\",\"dateModified\":\"2025-10-29T12:21:27+00:00\",\"breadcrumb\":{\"@id\":\"http:\/\/www.connecteenproject.com\/cs\/pravni-upozorneni\/#breadcrumb\"},\"inLanguage\":\"cs\",\"potentialAction\":[{\"@type\":\"ReadAction\",\"target\":[\"http:\/\/www.connecteenproject.com\/cs\/pravni-upozorneni\/\"]}]},{\"@type\":\"BreadcrumbList\",\"@id\":\"http:\/\/www.connecteenproject.com\/cs\/pravni-upozorneni\/#breadcrumb\",\"itemListElement\":[{\"@type\":\"ListItem\",\"position\":1,\"name\":\"Portada\",\"item\":\"http:\/\/www.connecteenproject.com\/cs\/\"},{\"@type\":\"ListItem\",\"position\":2,\"name\":\"Pr\u00e1vn\u00ed upozorn\u011bn\u00ed\"}]},{\"@type\":\"WebSite\",\"@id\":\"http:\/\/www.connecteenproject.com\/cs\/#website\",\"url\":\"http:\/\/www.connecteenproject.com\/cs\/\",\"name\":\"\",\"description\":\"Connecteen project\",\"potentialAction\":[{\"@type\":\"SearchAction\",\"target\":{\"@type\":\"EntryPoint\",\"urlTemplate\":\"http:\/\/www.connecteenproject.com\/cs\/?s={search_term_string}\"},\"query-input\":{\"@type\":\"PropertyValueSpecification\",\"valueRequired\":true,\"valueName\":\"search_term_string\"}}],\"inLanguage\":\"cs\"}]}<\/script>\n<!-- \/ Yoast SEO plugin. -->","yoast_head_json":{"title":"Pr\u00e1vn\u00ed upozorn\u011bn\u00ed -","robots":{"index":"index","follow":"follow","max-snippet":"max-snippet:-1","max-image-preview":"max-image-preview:large","max-video-preview":"max-video-preview:-1"},"canonical":"http:\/\/www.connecteenproject.com\/cs\/pravni-upozorneni\/","og_locale":"cs_CZ","og_type":"article","og_title":"Pr\u00e1vn\u00ed upozorn\u011bn\u00ed -","og_description":"Posledn\u00ed aktualizace: 23. 10. 2025 1. Vlastn\u00edk str\u00e1nek a kontaktn\u00ed informace Vlastn\u00edk: Fundaci\u00f3n INTRASWebov\u00e9 str\u00e1nky: https:\/\/www.connecteenproject.comKontaktn\u00ed email: intras@intras.esPo\u0161tovn\u00ed adresa: Fundaci\u00f3n [&hellip;]","og_url":"http:\/\/www.connecteenproject.com\/cs\/pravni-upozorneni\/","article_modified_time":"2025-10-29T12:21:27+00:00","twitter_card":"summary_large_image","twitter_misc":{"Odhadovan\u00e1 doba \u010dten\u00ed":"3 minuty"},"schema":{"@context":"https:\/\/schema.org","@graph":[{"@type":"WebPage","@id":"http:\/\/www.connecteenproject.com\/cs\/pravni-upozorneni\/","url":"http:\/\/www.connecteenproject.com\/cs\/pravni-upozorneni\/","name":"Pr\u00e1vn\u00ed upozorn\u011bn\u00ed -","isPartOf":{"@id":"http:\/\/www.connecteenproject.com\/cs\/#website"},"datePublished":"2025-10-23T11:00:54+00:00","dateModified":"2025-10-29T12:21:27+00:00","breadcrumb":{"@id":"http:\/\/www.connecteenproject.com\/cs\/pravni-upozorneni\/#breadcrumb"},"inLanguage":"cs","potentialAction":[{"@type":"ReadAction","target":["http:\/\/www.connecteenproject.com\/cs\/pravni-upozorneni\/"]}]},{"@type":"BreadcrumbList","@id":"http:\/\/www.connecteenproject.com\/cs\/pravni-upozorneni\/#breadcrumb","itemListElement":[{"@type":"ListItem","position":1,"name":"Portada","item":"http:\/\/www.connecteenproject.com\/cs\/"},{"@type":"ListItem","position":2,"name":"Pr\u00e1vn\u00ed upozorn\u011bn\u00ed"}]},{"@type":"WebSite","@id":"http:\/\/www.connecteenproject.com\/cs\/#website","url":"http:\/\/www.connecteenproject.com\/cs\/","name":"","description":"Connecteen project","potentialAction":[{"@type":"SearchAction","target":{"@type":"EntryPoint","urlTemplate":"http:\/\/www.connecteenproject.com\/cs\/?s={search_term_string}"},"query-input":{"@type":"PropertyValueSpecification","valueRequired":true,"valueName":"search_term_string"}}],"inLanguage":"cs"}]}},"uagb_featured_image_src":{"full":false,"thumbnail":false,"medium":false,"medium_large":false,"large":false,"course_archive_thumbnail":false,"course_single_thumbnail":false,"lesson_archive_thumbnail":false,"lesson_single_thumbnail":false,"1536x1536":false,"2048x2048":false,"woocommerce_thumbnail":false,"woocommerce_single":false,"woocommerce_gallery_thumbnail":false},"uagb_author_info":{"display_name":"juliacunyADMIN","author_link":"http:\/\/www.connecteenproject.com\/cs\/author\/juliacunyadmin\/"},"uagb_comment_info":0,"uagb_excerpt":"Posledn\u00ed aktualizace: 23. 10. 2025 1. Vlastn\u00edk str\u00e1nek a kontaktn\u00ed informace Vlastn\u00edk: Fundaci\u00f3n INTRASWebov\u00e9 str\u00e1nky: https:\/\/www.connecteenproject.comKontaktn\u00ed email: intras@intras.esPo\u0161tovn\u00ed adresa: Fundaci\u00f3n [&hellip;]","_links":{"self":[{"href":"http:\/\/www.connecteenproject.com\/cs\/wp-json\/wp\/v2\/pages\/543","targetHints":{"allow":["GET"]}}],"collection":[{"href":"http:\/\/www.connecteenproject.com\/cs\/wp-json\/wp\/v2\/pages"}],"about":[{"href":"http:\/\/www.connecteenproject.com\/cs\/wp-json\/wp\/v2\/types\/page"}],"author":[{"embeddable":true,"href":"http:\/\/www.connecteenproject.com\/cs\/wp-json\/wp\/v2\/users\/1"}],"replies":[{"embeddable":true,"href":"http:\/\/www.connecteenproject.com\/cs\/wp-json\/wp\/v2\/comments?post=543"}],"version-history":[{"count":2,"href":"http:\/\/www.connecteenproject.com\/cs\/wp-json\/wp\/v2\/pages\/543\/revisions"}],"predecessor-version":[{"id":614,"href":"http:\/\/www.connecteenproject.com\/cs\/wp-json\/wp\/v2\/pages\/543\/revisions\/614"}],"wp:attachment":[{"href":"http:\/\/www.connecteenproject.com\/cs\/wp-json\/wp\/v2\/media?parent=543"}],"curies":[{"name":"wp","href":"https:\/\/api.w.org\/{rel}","templated":true}]}}