{"id":899,"date":"2025-06-30T14:38:46","date_gmt":"2025-06-30T12:38:46","guid":{"rendered":"http:\/\/www.connecteenproject.com\/kdo-jsme\/"},"modified":"2025-11-17T12:16:27","modified_gmt":"2025-11-17T11:16:27","slug":"kdo-jsme","status":"publish","type":"page","link":"http:\/\/www.connecteenproject.com\/cs\/kdo-jsme\/","title":{"rendered":"Kdo jsme"},"content":{"rendered":"\n<div class=\"wp-block-coblocks-hero alignfull has-text-color has-white-color coblocks-hero-927132816414 mb-0\"><div class=\"wp-block-coblocks-hero__inner has-pale-pink-background-color has-background has-parallax has-background-overlay bg-cover has-background-image bg-no-repeat bg-center-center has-background-overlay-30 hero-center-right-align has-padding has-huge-padding has-pale-pink-background-color has-right-content\" style=\"background-image:url(http:\/\/www.connecteenproject.com\/wp-content\/uploads\/2025\/10\/who-we-are2.png);min-height:500px\"><div class=\"wp-block-coblocks-hero__content-wrapper\"><div class=\"wp-block-coblocks-hero__content\" style=\"max-width:400px\">\n<h2 class=\"wp-block-heading has-text-align-right has-ast-global-color-4-color has-text-color has-link-color has-large-font-size wp-elements-4781f522da41386740504b42805e51e1\">Kdo jsme<\/h2>\n\n\n\n<p class=\"has-text-align-right is-style-default has-ast-global-color-4-color has-text-color has-link-color wp-elements-18fb1c6d577630e902e46eafa3acc026\" style=\"padding-top:0;padding-right:0;padding-bottom:0;padding-left:0;font-size:14px\">Projekt ConnecTEEN je nadn\u00e1rodn\u00ed iniciativa financovan\u00e1 programem Erasmus+, zam\u011b\u0159en\u00e1 na podporu syst\u00e9m\u016f podpory du\u0161evn\u00edho zdrav\u00ed v instituc\u00edch odborn\u00e9ho vzd\u011bl\u00e1v\u00e1n\u00ed a p\u0159\u00edpravy (VET) v cel\u00e9 Evrop\u011b.<\/p>\n<\/div><\/div><\/div><\/div>\n\n<div class=\"wp-block-uagb-container uagb-block-dcb43903 alignfull uagb-is-root-container\"><div class=\"uagb-container-inner-blocks-wrap\">\n<div class=\"wp-block-columns is-layout-flex wp-container-core-columns-is-layout-28f84493 wp-block-columns-is-layout-flex\">\n<div class=\"wp-block-column is-layout-constrained wp-block-column-is-layout-constrained\" style=\"flex-basis:50%\">\n<div class=\"wp-block-uagb-container uagb-block-9edd07b8\">\n<div class=\"wp-block-uagb-info-box uagb-block-40c6eae7 uagb-infobox__content-wrap  uagb-infobox-icon-above-title uagb-infobox-image-valign-top\"><div class=\"uagb-ifb-content\"><div class=\"uagb-ifb-image-content\"><img decoding=\"async\" src=\"http:\/\/www.connecteenproject.com\/wp-content\/uploads\/2025\/07\/Logo_positivo_300pp-scaled.jpg\" alt=\"\" width=\"150\" height=\"46\" loading=\"lazy\"\/><\/div><div class=\"uagb-ifb-title-wrap\"><h3 class=\"uagb-ifb-title\"><br\/>\u0160pan\u011blsko<\/h3><\/div><p class=\"uagb-ifb-desc\">INTRAS, jako\u017eto koordin\u00e1tor projektu, je neziskov\u00e1 organizace specializuj\u00edc\u00ed se na vysoce kvalitn\u00ed v\u00fdzkum a intervence v oblasti du\u0161evn\u00edho zdrav\u00ed. Organizace m\u00e1 t\u0159i desetilet\u00ed zku\u0161enost\u00ed v oblasti soci\u00e1ln\u00edch, vzd\u011bl\u00e1vac\u00edch a pracovn\u00edch integra\u010dn\u00edch slu\u017eeb pro osoby s du\u0161evn\u00edm onemocn\u011bn\u00edm, v\u010detn\u011b odborn\u00e9ho vzd\u011bl\u00e1v\u00e1n\u00ed a p\u0159\u00edpravy mlad\u00fdch lid\u00ed s psychosoci\u00e1ln\u00edm posti\u017een\u00edm. <\/p><\/div><\/div>\n\n\n\n<div class=\"wp-block-buttons is-content-justification-center is-layout-flex wp-container-core-buttons-is-layout-a89b3969 wp-block-buttons-is-layout-flex\">\n<div class=\"wp-block-button\"><a class=\"wp-block-button__link wp-element-button\" href=\"https:\/\/www.intras.es\/\">intras.es<\/a><\/div>\n<\/div>\n<\/div>\n<\/div>\n\n\n\n<div class=\"wp-block-column is-layout-constrained wp-block-column-is-layout-constrained\" style=\"flex-basis:50%\">\n<div class=\"wp-block-uagb-container uagb-block-b0374157\">\n<div class=\"wp-block-uagb-info-box uagb-block-9c39ab5b uagb-infobox__content-wrap  uagb-infobox-icon-above-title uagb-infobox-image-valign-top\"><div class=\"uagb-ifb-content\"><div class=\"uagb-ifb-image-content\"><img decoding=\"async\" src=\"http:\/\/www.connecteenproject.com\/wp-content\/uploads\/2025\/07\/LYKZ.jpg\" alt=\"\" width=\"150\" height=\"74\" loading=\"lazy\"\/><\/div><div class=\"uagb-ifb-title-wrap\"><h3 class=\"uagb-ifb-title\"><br\/>Norsko<\/h3><\/div><p class=\"uagb-ifb-desc\">Soci\u00e1ln\u00ed podnik zam\u011b\u0159en\u00fd na soci\u00e1ln\u00ed dopad a posilov\u00e1n\u00ed postaven\u00ed mlad\u00fdch lid\u00ed. Jsou autory metodologie FROG a p\u0159isp\u00edvaj\u00ed specializovan\u00fdmi odborn\u00fdmi znalostmi v oblasti vzd\u011bl\u00e1vac\u00edho kou\u010dov\u00e1n\u00ed, budov\u00e1n\u00ed odolnosti a rozvoje zam\u011b\u0159en\u00e9ho na siln\u00e9 str\u00e1nky ohro\u017een\u00e9 ml\u00e1de\u017ee. <\/p><\/div><\/div>\n\n\n\n<div class=\"wp-block-buttons is-content-justification-center is-layout-flex wp-container-core-buttons-is-layout-a89b3969 wp-block-buttons-is-layout-flex\">\n<div class=\"wp-block-button\"><a class=\"wp-block-button__link wp-element-button\" href=\"https:\/\/www.lyk-z.no\/nb\/\">lyk-z.no<\/a><\/div>\n<\/div>\n<\/div>\n<\/div>\n\n\n\n<div class=\"wp-block-column is-layout-constrained wp-block-column-is-layout-constrained\" style=\"flex-basis:50%\">\n<div class=\"wp-block-uagb-container uagb-block-fdf3d8ee\">\n<div class=\"wp-block-uagb-info-box uagb-block-e551afa5 uagb-infobox__content-wrap  uagb-infobox-icon-above-title uagb-infobox-image-valign-top\"><div class=\"uagb-ifb-content\"><div class=\"uagb-ifb-image-content\"><img decoding=\"async\" src=\"http:\/\/www.connecteenproject.com\/wp-content\/uploads\/2025\/07\/LTALKABOUTLIFE.jpg\" alt=\"\" width=\"100\" height=\"100\" loading=\"lazy\"\/><\/div><div class=\"uagb-ifb-title-wrap\"><h3 class=\"uagb-ifb-title\">Polsko<\/h3><\/div><p class=\"uagb-ifb-desc\">Nadace specializuj\u00edc\u00ed se na zvy\u0161ov\u00e1n\u00ed pov\u011bdom\u00ed a vzd\u011bl\u00e1v\u00e1n\u00ed v oblasti prevence sebevra\u017ed a krizov\u00e9 intervence. P\u0159isp\u00edvaj\u00ed rozs\u00e1hl\u00fdmi znalostmi v oblasti komunitn\u00edch intervenc\u00ed a vzd\u011bl\u00e1vac\u00edch program\u016f pro rozpozn\u00e1v\u00e1n\u00ed emocion\u00e1ln\u00edch a sebevra\u017eedn\u00fdch kriz\u00ed u d\u011bt\u00ed a dosp\u00edvaj\u00edc\u00edch. <\/p><\/div><\/div>\n\n\n\n<div class=\"wp-block-buttons is-content-justification-center is-layout-flex wp-container-core-buttons-is-layout-a89b3969 wp-block-buttons-is-layout-flex\">\n<div class=\"wp-block-button\"><a class=\"wp-block-button__link wp-element-button\" href=\"https:\/\/www.intras.es\/\">zwjr.pl<\/a><\/div>\n<\/div>\n<\/div>\n<\/div>\n<\/div>\n<\/div><\/div>\n\n<hr class=\"wp-block-separator has-alpha-channel-opacity is-style-wide\"\/>\n\n<div class=\"wp-block-uagb-container uagb-block-dbf37b22 alignfull uagb-is-root-container\"><div class=\"uagb-container-inner-blocks-wrap\">\n<div class=\"wp-block-columns is-layout-flex wp-container-core-columns-is-layout-28f84493 wp-block-columns-is-layout-flex\">\n<div class=\"wp-block-column is-layout-constrained wp-block-column-is-layout-constrained\" style=\"flex-basis:50%\">\n<div class=\"wp-block-uagb-container uagb-block-e9060c76\">\n<div class=\"wp-block-uagb-info-box uagb-block-22188cd1 uagb-infobox__content-wrap  uagb-infobox-icon-above-title uagb-infobox-image-valign-top\"><div class=\"uagb-ifb-content\"><div class=\"uagb-ifb-image-content\"><img decoding=\"async\" src=\"http:\/\/www.connecteenproject.com\/wp-content\/uploads\/2025\/07\/ZDZ-HORIZONTAL.jpg\" alt=\"\" width=\"150\" height=\"45\" loading=\"lazy\"\/><\/div><div class=\"uagb-ifb-title-wrap\"><h3 class=\"uagb-ifb-title\"><br\/>Polsko<\/h3><\/div><p class=\"uagb-ifb-desc\">Nevl\u00e1dn\u00ed organizace a zku\u0161en\u00fd poskytovatel odborn\u00e9ho vzd\u011bl\u00e1v\u00e1n\u00ed a p\u0159\u00edpravy. P\u0159isp\u00edvaj\u00ed m\u00edstn\u00edmi znalostmi a praktick\u00fdmi zku\u0161enostmi s implementac\u00ed, a to d\u00edky pr\u00e1ci na iniciativ\u00e1ch t\u00fdkaj\u00edc\u00edch se du\u0161evn\u00edho zdrav\u00ed, prevence sebevra\u017ed a emo\u010dn\u00ed v\u00fdchovy. <\/p><\/div><\/div>\n\n\n\n<div class=\"wp-block-buttons is-content-justification-center is-layout-flex wp-container-core-buttons-is-layout-a89b3969 wp-block-buttons-is-layout-flex\">\n<div class=\"wp-block-button\"><a class=\"wp-block-button__link wp-element-button\" href=\"https:\/\/wmzdz.pl\/\">wmzdz.pl<\/a><\/div>\n<\/div>\n<\/div>\n<\/div>\n\n\n\n<div class=\"wp-block-column is-layout-constrained wp-block-column-is-layout-constrained\" style=\"flex-basis:50%\">\n<div class=\"wp-block-uagb-container uagb-block-83a477c5\">\n<div class=\"wp-block-uagb-info-box uagb-block-af9ecdd9 uagb-infobox__content-wrap  uagb-infobox-icon-above-title uagb-infobox-image-valign-top\"><div class=\"uagb-ifb-content\"><div class=\"uagb-ifb-image-content\"><img decoding=\"async\" src=\"http:\/\/www.connecteenproject.com\/wp-content\/uploads\/2025\/07\/STRENDI-SKOLA-HORIZONTAL.jpg\" alt=\"\" width=\"191\" height=\"49\" loading=\"lazy\"\/><\/div><div class=\"uagb-ifb-title-wrap\"><h3 class=\"uagb-ifb-title\"><br\/>\u010cesk\u00e1 republika<\/h3><\/div><p class=\"uagb-ifb-desc\">Zku\u0161en\u00e1 \u0161kola odborn\u00e9ho vzd\u011bl\u00e1v\u00e1n\u00ed, kter\u00e1 klade d\u016fraz na holistick\u00fd rozvoj student\u016f. P\u0159in\u00e1\u0161\u00ed p\u0159\u00edm\u00e9 zku\u0161enosti se syst\u00e9my podpory student\u016f, implementac\u00ed m\u00edstn\u00edch iniciativ t\u00fdkaj\u00edc\u00edch se du\u0161evn\u00edho zdrav\u00ed, emo\u010dn\u00ed v\u00fdchovy a poradensk\u00fdch slu\u017eeb. <\/p><\/div><\/div>\n\n\n\n<div class=\"wp-block-buttons is-content-justification-center is-layout-flex wp-container-core-buttons-is-layout-a89b3969 wp-block-buttons-is-layout-flex\">\n<div class=\"wp-block-button\"><a class=\"wp-block-button__link wp-element-button\" href=\"https:\/\/www.skolasumperk.cz\/\"><em>skolasumperk.cz<\/em><\/a><\/div>\n<\/div>\n<\/div>\n<\/div>\n\n\n\n<div class=\"wp-block-column is-layout-constrained wp-block-column-is-layout-constrained\" style=\"flex-basis:50%\">\n<div class=\"wp-block-uagb-container uagb-block-64149380\">\n<div class=\"wp-block-uagb-info-box uagb-block-555ae41a uagb-infobox__content-wrap  uagb-infobox-icon-above-title uagb-infobox-image-valign-top\"><div class=\"uagb-ifb-content\"><div class=\"uagb-ifb-image-content\"><img decoding=\"async\" src=\"http:\/\/www.connecteenproject.com\/wp-content\/uploads\/2025\/10\/Techin-brand-Xx.webp\" alt=\"\" width=\"100\" height=\"96\" loading=\"lazy\"\/><\/div><div class=\"uagb-ifb-title-wrap\"><h3 class=\"uagb-ifb-title\">Polsko<\/h3><\/div><p class=\"uagb-ifb-desc\">Zku\u0161en\u00fd poskytovatel odborn\u00e9ho vzd\u011bl\u00e1v\u00e1n\u00ed a p\u0159\u00edpravy (VET). P\u0159isp\u00edv\u00e1 kl\u00ed\u010dov\u00fdm pohledem \u0161koly odborn\u00e9ho vzd\u011bl\u00e1v\u00e1n\u00ed a praktick\u00fdmi zku\u0161enostmi s implementac\u00ed iniciativ zam\u011b\u0159en\u00fdch na blaho student\u016f a jejich za\u010dle\u0148ov\u00e1n\u00ed. <\/p><\/div><\/div>\n\n\n\n<div class=\"wp-block-buttons is-content-justification-center is-layout-flex wp-container-core-buttons-is-layout-a89b3969 wp-block-buttons-is-layout-flex\">\n<div class=\"wp-block-button\"><a class=\"wp-block-button__link wp-element-button\" href=\"https:\/\/techin.lt\/\">techin.lt<\/a><\/div>\n<\/div>\n<\/div>\n<\/div>\n<\/div>\n<\/div><\/div>\n\n<div class=\"wp-block-group has-contrast-color has-text-color is-vertical is-content-justification-center is-layout-flex wp-container-core-group-is-layout-f306f087 wp-block-group-is-layout-flex\" style=\"min-height:40vh;margin-top:0;margin-bottom:0;padding-top:var(--wp--preset--spacing--60);padding-right:var(--wp--preset--spacing--50);padding-bottom:var(--wp--preset--spacing--60);padding-left:var(--wp--preset--spacing--50)\">\n<div class=\"wp-block-uagb-container uagb-block-3aa8ec73 alignfull uagb-is-root-container\"><div class=\"uagb-container-inner-blocks-wrap\">\n<div class=\"wp-block-columns are-vertically-aligned-center is-layout-flex wp-container-core-columns-is-layout-28f84493 wp-block-columns-is-layout-flex\">\n<div class=\"wp-block-column is-vertically-aligned-center is-layout-constrained wp-block-column-is-layout-constrained\">\n<div class=\"wp-block-uagb-container uagb-block-9f18e00a\"><\/div>\n<\/div>\n\n\n\n<div class=\"wp-block-column is-vertically-aligned-center is-layout-flow wp-block-column-is-layout-flow\"><div style=\"margin-bottom:6px;\" class=\"aligncenter wp-block-site-logo\"><a href=\"http:\/\/www.connecteenproject.com\/cs\/\" class=\"custom-logo-link\" rel=\"home\"><img loading=\"lazy\" decoding=\"async\" width=\"168\" height=\"108\" src=\"http:\/\/www.connecteenproject.com\/wp-content\/uploads\/2025\/07\/cropped-connecteen-header-logo.png\" class=\"custom-logo\" alt=\"\" srcset=\"http:\/\/www.connecteenproject.com\/wp-content\/uploads\/2025\/07\/cropped-connecteen-header-logo.png 209w, http:\/\/www.connecteenproject.com\/wp-content\/uploads\/2025\/07\/cropped-connecteen-header-logo-100x65.png 100w\" sizes=\"auto, (max-width: 168px) 100vw, 168px\" \/><\/a><\/div><\/div>\n\n\n\n<div class=\"wp-block-column is-vertically-aligned-center is-layout-flow wp-block-column-is-layout-flow\">\n<div class=\"wp-block-uagb-container uagb-block-5144555b\">\n<p class=\"has-text-align-right has-ast-global-color-0-color has-text-color has-link-color has-small-font-size wp-elements-743d155e15e5770fc04d5d6a23530f26\">Spolufinancov\u00e1no Evropskou uni\u00ed. Vyj\u00e1d\u0159en\u00e9 n\u00e1zory a stanoviska jsou v\u0161ak pouze n\u00e1zory autora (autor\u016f) a nemus\u00ed nutn\u011b odr\u00e1\u017eet n\u00e1zory Evropsk\u00e9 unie nebo V\u00fdkonn\u00e9 agentury pro vzd\u011bl\u00e1v\u00e1n\u00ed a kulturu (EACEA). Evropsk\u00e1 unie ani EACEA za n\u011b nenesou odpov\u011bdnost.  <\/p>\n<\/div>\n<\/div>\n<\/div>\n<\/div><\/div>\n<\/div>\n\n<div class=\"wp-block-uagb-container uagb-block-bfb606b3 alignfull uagb-is-root-container\"><div class=\"uagb-container-inner-blocks-wrap\">\n<p class=\"has-text-align-center has-ast-global-color-4-color has-text-color has-link-color has-small-font-size wp-elements-4744994a7ab308596f7070dda462f35b\"><a href=\"http:\/\/www.connecteenproject.com\/cs\/zasady-ochrany-osobnich-udaju-2\/\">Z\u00e1sady ochrany osobn\u00edch \u00fadaj\u016f<\/a> | <a href=\"http:\/\/www.connecteenproject.com\/cs\/zasady-pouzivani-souboru-cookie\/\">Z\u00e1sady pou\u017e\u00edv\u00e1n\u00ed soubor\u016f cookie<\/a> | <a href=\"http:\/\/www.connecteenproject.com\/cs\/pravni-upozorneni\/\">Pr\u00e1vn\u00ed upozorn\u011bn\u00ed<\/a><\/p>\n<\/div><\/div>\n","protected":false},"excerpt":{"rendered":"<p>Spolufinancov\u00e1no Evropskou uni\u00ed. Vyj\u00e1d\u0159en\u00e9 n\u00e1zory a stanoviska jsou v\u0161ak pouze n\u00e1zory autora (autor\u016f) a nemus\u00ed nutn\u011b odr\u00e1\u017eet n\u00e1zory Evropsk\u00e9 unie [&hellip;]<\/p>\n","protected":false},"author":1,"featured_media":0,"parent":0,"menu_order":0,"comment_status":"closed","ping_status":"closed","template":"","meta":{"_coblocks_attr":"","_coblocks_dimensions":"","_coblocks_responsive_height":"","_coblocks_accordion_ie_support":"","_uag_custom_page_level_css":"","site-sidebar-layout":"default","site-content-layout":"","ast-site-content-layout":"default","site-content-style":"default","site-sidebar-style":"default","ast-global-header-display":"","ast-banner-title-visibility":"","ast-main-header-display":"","ast-hfb-above-header-display":"","ast-hfb-below-header-display":"","ast-hfb-mobile-header-display":"","site-post-title":"disabled","ast-breadcrumbs-content":"","ast-featured-img":"","footer-sml-layout":"","ast-disable-related-posts":"","theme-transparent-header-meta":"","adv-header-id-meta":"","stick-header-meta":"","header-above-stick-meta":"","header-main-stick-meta":"","header-below-stick-meta":"","astra-migrate-meta-layouts":"default","ast-page-background-enabled":"default","ast-page-background-meta":{"desktop":{"background-color":"var(--ast-global-color-5)","background-image":"","background-repeat":"repeat","background-position":"center center","background-size":"auto","background-attachment":"scroll","background-type":"","background-media":"","overlay-type":"","overlay-color":"","overlay-opacity":"","overlay-gradient":""},"tablet":{"background-color":"","background-image":"","background-repeat":"repeat","background-position":"center center","background-size":"auto","background-attachment":"scroll","background-type":"","background-media":"","overlay-type":"","overlay-color":"","overlay-opacity":"","overlay-gradient":""},"mobile":{"background-color":"","background-image":"","background-repeat":"repeat","background-position":"center center","background-size":"auto","background-attachment":"scroll","background-type":"","background-media":"","overlay-type":"","overlay-color":"","overlay-opacity":"","overlay-gradient":""}},"ast-content-background-meta":{"desktop":{"background-color":"var(--ast-global-color-4)","background-image":"","background-repeat":"repeat","background-position":"center center","background-size":"auto","background-attachment":"scroll","background-type":"","background-media":"","overlay-type":"","overlay-color":"","overlay-opacity":"","overlay-gradient":""},"tablet":{"background-color":"var(--ast-global-color-4)","background-image":"","background-repeat":"repeat","background-position":"center center","background-size":"auto","background-attachment":"scroll","background-type":"","background-media":"","overlay-type":"","overlay-color":"","overlay-opacity":"","overlay-gradient":""},"mobile":{"background-color":"var(--ast-global-color-4)","background-image":"","background-repeat":"repeat","background-position":"center center","background-size":"auto","background-attachment":"scroll","background-type":"","background-media":"","overlay-type":"","overlay-color":"","overlay-opacity":"","overlay-gradient":""}},"footnotes":""},"class_list":["post-899","page","type-page","status-publish","hentry"],"yoast_head":"<!-- This site is optimized with the Yoast SEO plugin v26.6 - https:\/\/yoast.com\/wordpress\/plugins\/seo\/ -->\n<title>Kdo jsme -<\/title>\n<meta name=\"robots\" content=\"index, follow, max-snippet:-1, max-image-preview:large, max-video-preview:-1\" \/>\n<link rel=\"canonical\" href=\"http:\/\/www.connecteenproject.com\/cs\/kdo-jsme\/\" \/>\n<meta property=\"og:locale\" content=\"cs_CZ\" \/>\n<meta property=\"og:type\" content=\"article\" \/>\n<meta property=\"og:title\" content=\"Kdo jsme -\" \/>\n<meta property=\"og:description\" content=\"Spolufinancov\u00e1no Evropskou uni\u00ed. Vyj\u00e1d\u0159en\u00e9 n\u00e1zory a stanoviska jsou v\u0161ak pouze n\u00e1zory autora (autor\u016f) a nemus\u00ed nutn\u011b odr\u00e1\u017eet n\u00e1zory Evropsk\u00e9 unie [&hellip;]\" \/>\n<meta property=\"og:url\" content=\"http:\/\/www.connecteenproject.com\/cs\/kdo-jsme\/\" \/>\n<meta property=\"article:modified_time\" content=\"2025-11-17T11:16:27+00:00\" \/>\n<meta property=\"og:image\" content=\"http:\/\/www.connecteenproject.com\/wp-content\/uploads\/2025\/07\/Logo_positivo_300pp-scaled.jpg\" \/>\n<meta name=\"twitter:card\" content=\"summary_large_image\" \/>\n<meta name=\"twitter:label1\" content=\"Odhadovan\u00e1 doba \u010dten\u00ed\" \/>\n\t<meta name=\"twitter:data1\" content=\"2 minuty\" \/>\n<script type=\"application\/ld+json\" class=\"yoast-schema-graph\">{\"@context\":\"https:\/\/schema.org\",\"@graph\":[{\"@type\":\"WebPage\",\"@id\":\"http:\/\/www.connecteenproject.com\/cs\/kdo-jsme\/\",\"url\":\"http:\/\/www.connecteenproject.com\/cs\/kdo-jsme\/\",\"name\":\"Kdo jsme -\",\"isPartOf\":{\"@id\":\"http:\/\/www.connecteenproject.com\/cs\/#website\"},\"primaryImageOfPage\":{\"@id\":\"http:\/\/www.connecteenproject.com\/cs\/kdo-jsme\/#primaryimage\"},\"image\":{\"@id\":\"http:\/\/www.connecteenproject.com\/cs\/kdo-jsme\/#primaryimage\"},\"thumbnailUrl\":\"http:\/\/www.connecteenproject.com\/wp-content\/uploads\/2025\/07\/Logo_positivo_300pp-scaled.jpg\",\"datePublished\":\"2025-06-30T12:38:46+00:00\",\"dateModified\":\"2025-11-17T11:16:27+00:00\",\"breadcrumb\":{\"@id\":\"http:\/\/www.connecteenproject.com\/cs\/kdo-jsme\/#breadcrumb\"},\"inLanguage\":\"cs\",\"potentialAction\":[{\"@type\":\"ReadAction\",\"target\":[\"http:\/\/www.connecteenproject.com\/cs\/kdo-jsme\/\"]}]},{\"@type\":\"ImageObject\",\"inLanguage\":\"cs\",\"@id\":\"http:\/\/www.connecteenproject.com\/cs\/kdo-jsme\/#primaryimage\",\"url\":\"http:\/\/www.connecteenproject.com\/wp-content\/uploads\/2025\/07\/Logo_positivo_300pp-scaled.jpg\",\"contentUrl\":\"http:\/\/www.connecteenproject.com\/wp-content\/uploads\/2025\/07\/Logo_positivo_300pp-scaled.jpg\"},{\"@type\":\"BreadcrumbList\",\"@id\":\"http:\/\/www.connecteenproject.com\/cs\/kdo-jsme\/#breadcrumb\",\"itemListElement\":[{\"@type\":\"ListItem\",\"position\":1,\"name\":\"Portada\",\"item\":\"http:\/\/www.connecteenproject.com\/cs\/\"},{\"@type\":\"ListItem\",\"position\":2,\"name\":\"Kdo jsme\"}]},{\"@type\":\"WebSite\",\"@id\":\"http:\/\/www.connecteenproject.com\/cs\/#website\",\"url\":\"http:\/\/www.connecteenproject.com\/cs\/\",\"name\":\"\",\"description\":\"Connecteen project\",\"potentialAction\":[{\"@type\":\"SearchAction\",\"target\":{\"@type\":\"EntryPoint\",\"urlTemplate\":\"http:\/\/www.connecteenproject.com\/cs\/?s={search_term_string}\"},\"query-input\":{\"@type\":\"PropertyValueSpecification\",\"valueRequired\":true,\"valueName\":\"search_term_string\"}}],\"inLanguage\":\"cs\"}]}<\/script>\n<!-- \/ Yoast SEO plugin. -->","yoast_head_json":{"title":"Kdo jsme -","robots":{"index":"index","follow":"follow","max-snippet":"max-snippet:-1","max-image-preview":"max-image-preview:large","max-video-preview":"max-video-preview:-1"},"canonical":"http:\/\/www.connecteenproject.com\/cs\/kdo-jsme\/","og_locale":"cs_CZ","og_type":"article","og_title":"Kdo jsme -","og_description":"Spolufinancov\u00e1no Evropskou uni\u00ed. Vyj\u00e1d\u0159en\u00e9 n\u00e1zory a stanoviska jsou v\u0161ak pouze n\u00e1zory autora (autor\u016f) a nemus\u00ed nutn\u011b odr\u00e1\u017eet n\u00e1zory Evropsk\u00e9 unie [&hellip;]","og_url":"http:\/\/www.connecteenproject.com\/cs\/kdo-jsme\/","article_modified_time":"2025-11-17T11:16:27+00:00","og_image":[{"url":"http:\/\/www.connecteenproject.com\/wp-content\/uploads\/2025\/07\/Logo_positivo_300pp-scaled.jpg","type":"","width":"","height":""}],"twitter_card":"summary_large_image","twitter_misc":{"Odhadovan\u00e1 doba \u010dten\u00ed":"2 minuty"},"schema":{"@context":"https:\/\/schema.org","@graph":[{"@type":"WebPage","@id":"http:\/\/www.connecteenproject.com\/cs\/kdo-jsme\/","url":"http:\/\/www.connecteenproject.com\/cs\/kdo-jsme\/","name":"Kdo jsme -","isPartOf":{"@id":"http:\/\/www.connecteenproject.com\/cs\/#website"},"primaryImageOfPage":{"@id":"http:\/\/www.connecteenproject.com\/cs\/kdo-jsme\/#primaryimage"},"image":{"@id":"http:\/\/www.connecteenproject.com\/cs\/kdo-jsme\/#primaryimage"},"thumbnailUrl":"http:\/\/www.connecteenproject.com\/wp-content\/uploads\/2025\/07\/Logo_positivo_300pp-scaled.jpg","datePublished":"2025-06-30T12:38:46+00:00","dateModified":"2025-11-17T11:16:27+00:00","breadcrumb":{"@id":"http:\/\/www.connecteenproject.com\/cs\/kdo-jsme\/#breadcrumb"},"inLanguage":"cs","potentialAction":[{"@type":"ReadAction","target":["http:\/\/www.connecteenproject.com\/cs\/kdo-jsme\/"]}]},{"@type":"ImageObject","inLanguage":"cs","@id":"http:\/\/www.connecteenproject.com\/cs\/kdo-jsme\/#primaryimage","url":"http:\/\/www.connecteenproject.com\/wp-content\/uploads\/2025\/07\/Logo_positivo_300pp-scaled.jpg","contentUrl":"http:\/\/www.connecteenproject.com\/wp-content\/uploads\/2025\/07\/Logo_positivo_300pp-scaled.jpg"},{"@type":"BreadcrumbList","@id":"http:\/\/www.connecteenproject.com\/cs\/kdo-jsme\/#breadcrumb","itemListElement":[{"@type":"ListItem","position":1,"name":"Portada","item":"http:\/\/www.connecteenproject.com\/cs\/"},{"@type":"ListItem","position":2,"name":"Kdo jsme"}]},{"@type":"WebSite","@id":"http:\/\/www.connecteenproject.com\/cs\/#website","url":"http:\/\/www.connecteenproject.com\/cs\/","name":"","description":"Connecteen project","potentialAction":[{"@type":"SearchAction","target":{"@type":"EntryPoint","urlTemplate":"http:\/\/www.connecteenproject.com\/cs\/?s={search_term_string}"},"query-input":{"@type":"PropertyValueSpecification","valueRequired":true,"valueName":"search_term_string"}}],"inLanguage":"cs"}]}},"uagb_featured_image_src":{"full":false,"thumbnail":false,"medium":false,"medium_large":false,"large":false,"course_archive_thumbnail":false,"course_single_thumbnail":false,"lesson_archive_thumbnail":false,"lesson_single_thumbnail":false,"1536x1536":false,"2048x2048":false,"woocommerce_thumbnail":false,"woocommerce_single":false,"woocommerce_gallery_thumbnail":false},"uagb_author_info":{"display_name":"juliacunyADMIN","author_link":"http:\/\/www.connecteenproject.com\/cs\/author\/juliacunyadmin\/"},"uagb_comment_info":0,"uagb_excerpt":"Spolufinancov\u00e1no Evropskou uni\u00ed. Vyj\u00e1d\u0159en\u00e9 n\u00e1zory a stanoviska jsou v\u0161ak pouze n\u00e1zory autora (autor\u016f) a nemus\u00ed nutn\u011b odr\u00e1\u017eet n\u00e1zory Evropsk\u00e9 unie [&hellip;]","_links":{"self":[{"href":"http:\/\/www.connecteenproject.com\/cs\/wp-json\/wp\/v2\/pages\/899","targetHints":{"allow":["GET"]}}],"collection":[{"href":"http:\/\/www.connecteenproject.com\/cs\/wp-json\/wp\/v2\/pages"}],"about":[{"href":"http:\/\/www.connecteenproject.com\/cs\/wp-json\/wp\/v2\/types\/page"}],"author":[{"embeddable":true,"href":"http:\/\/www.connecteenproject.com\/cs\/wp-json\/wp\/v2\/users\/1"}],"replies":[{"embeddable":true,"href":"http:\/\/www.connecteenproject.com\/cs\/wp-json\/wp\/v2\/comments?post=899"}],"version-history":[{"count":11,"href":"http:\/\/www.connecteenproject.com\/cs\/wp-json\/wp\/v2\/pages\/899\/revisions"}],"predecessor-version":[{"id":1596,"href":"http:\/\/www.connecteenproject.com\/cs\/wp-json\/wp\/v2\/pages\/899\/revisions\/1596"}],"wp:attachment":[{"href":"http:\/\/www.connecteenproject.com\/cs\/wp-json\/wp\/v2\/media?parent=899"}],"curies":[{"name":"wp","href":"https:\/\/api.w.org\/{rel}","templated":true}]}}