{"id":1246,"date":"2025-06-26T11:51:54","date_gmt":"2025-06-26T09:51:54","guid":{"rendered":"http:\/\/www.connecteenproject.com\/politica-de-privacidad-2\/"},"modified":"2025-11-06T13:24:41","modified_gmt":"2025-11-06T12:24:41","slug":"politica-de-privacidad-2","status":"publish","type":"page","link":"http:\/\/www.connecteenproject.com\/es\/politica-de-privacidad-2\/","title":{"rendered":"Pol\u00edtica de Privacidad"},"content":{"rendered":"\n<h2 class=\"wp-block-heading\">DATOS DE LA PERSONA RESPONSABLE DEL TRATAMIENTO DE DATOS y D.P.O.<\/h2>\n\n<p>\u2022 Nombre de la entidad: FUNDACI\u00d3N INTRAS<br\/>\u2022 Direcci\u00f3n: Calle Mart\u00edn Santos Romero 1, 47016 Valladolid, Espa\u00f1a.<br\/>\u2022 Tel\u00e9fono: 983 399 633<br\/>\u2022 Correo electr\u00f3nico: <a href=\"mailto:intras@intras.es\">intras@intras.es<\/a><br\/>\u2022 CIF: G-47345061<br\/>\u2022 Registro: Clasificada como Entidad Ben\u00e9fica Privada de car\u00e1cter asistencial por el Ministerio de Asuntos Sociales mediante Orden de 2 de marzo de 1995 (BOE n.\u00ba 75), de fecha 29 de marzo de 1995. Registro del Protectorado de Fundaciones n.\u00ba 47\/0102.<br\/>\u2022 Delegado de Protecci\u00f3n de Datos: Si desea contactar con nuestro Delegado de Protecci\u00f3n de Datos para cualquier consulta relacionada con el tratamiento de sus datos, puede hacerlo a trav\u00e9s de los siguientes datos: Calle Mart\u00edn Santos Romero 1, 47016 Valladolid, <a href=\"mailto:intras@intras.es\">intras@intras.es<\/a>   <\/p>\n\n<h3 class=\"wp-block-heading\">FINALIDADES DEL TRATAMIENTO DE DATOS PERSONALES<\/h3>\n\n<p><strong><u>FINALIDADES DEL TRATAMIENTO DE <strong><u>DATOS PERSONALES<\/u><\/strong><\/u><\/strong><\/p>\n\n<ol class=\"wp-block-list\">\n<li><strong>Gesti\u00f3n de contactos y publicidad:<\/strong>\n<ol class=\"wp-block-list\">\n<li>Objetivo.\n<ul class=\"wp-block-list\">\n<li>Contactar con clientes potenciales o partes interesadas.<\/li>\n\n\n\n<li>Responderemos a su solicitud de informaci\u00f3n\/servicios realizada a trav\u00e9s de cualquier medio o formulario de contacto.<\/li>\n\n\n\n<li>Enviar productos, comunicaciones e informaci\u00f3n por diversos medios, incluidos los electr\u00f3nicos.<\/li>\n<\/ul>\n<\/li>\n\n\n\n<li>Legitimaci\u00f3n. La legitimaci\u00f3n para el tratamiento de sus datos es el inter\u00e9s leg\u00edtimo y el consentimiento del interesado. <\/li>\n\n\n\n<li>Destinatario. No se transferir\u00e1n datos a terceros, salvo obligaci\u00f3n legal. <\/li>\n<\/ol>\n<\/li>\n\n\n\n<li><strong>Presentaci\u00f3n de curr\u00edculos y solicitudes<\/strong>\n<ol class=\"wp-block-list\">\n<li>Objetivo. Gestionar los procesos de selecci\u00f3n de personal que se llevan a cabo.<\/li>\n\n\n\n<li>Legitimaci\u00f3n. La legitimaci\u00f3n para el tratamiento de datos personales se basa en el consentimiento expreso otorgado por el interesado. <\/li>\n\n\n\n<li><strong>Destinatario<\/strong>. No se transferir\u00e1n datos a terceros, salvo obligaci\u00f3n legal. <\/li>\n<\/ol>\n<\/li>\n\n\n\n<li><strong>Exclusivo para contactos profesionales.<\/strong>\n<ol class=\"wp-block-list\">\n<li>Objetivo. Tratamos sus datos personales para mantener la relaci\u00f3n profesional entre nosotros.<\/li>\n\n\n\n<li>Legitimaci\u00f3n. La legitimaci\u00f3n para el tratamiento de sus datos es el inter\u00e9s leg\u00edtimo. <\/li>\n\n\n\n<li>Destinatario. No se transferir\u00e1n datos a terceros, salvo obligaci\u00f3n legal. <\/li>\n<\/ol>\n<\/li>\n\n\n\n<li><strong>Seguridad.<\/strong>\n<ol class=\"wp-block-list\">\n<li>Objetivo. Control y garant\u00eda de personas, bienes e instalaciones, accesos y visitas.<\/li>\n\n\n\n<li>Legitimaci\u00f3n. Inter\u00e9s p\u00fablico, inter\u00e9s leg\u00edtimo y consentimiento (esto, en el caso de que se realice un control de acceso de los visitantes). <\/li>\n\n\n\n<li>Destinatario. No se transferir\u00e1n datos a terceros, salvo obligaci\u00f3n legal. <\/li>\n<\/ol>\n<\/li>\n\n\n\n<li><strong>Trato a nuestros benefactores y contribuciones voluntarias.<\/strong>\n<ol class=\"wp-block-list\">\n<li>Objetivo. Tratamos los datos para gestionar las obligaciones derivadas de su contribuci\u00f3n\/donaci\u00f3n voluntaria.<\/li>\n\n\n\n<li>Legitimaci\u00f3n. Cumplir con las obligaciones derivadas de su contribuci\u00f3n voluntaria. <\/li>\n\n\n\n<li>Destinatario. No se transferir\u00e1n datos a terceros, salvo obligaci\u00f3n legal. <\/li>\n<\/ol>\n<\/li>\n\n\n\n<li><strong>Recursos humanos<\/strong>\n<ol class=\"wp-block-list\">\n<li>Finalidad.- Gesti\u00f3n de la relaci\u00f3n laboral existente: gesti\u00f3n de los registros laborales, n\u00f3minas y acciones sociales del personal, tramitaci\u00f3n de reclamaciones laborales y administrativas, as\u00ed como control de horas o absentismo.<\/li>\n\n\n\n<li>Legitimaci\u00f3n. Consentimiento, cumplimiento de una obligaci\u00f3n legal, ejecuci\u00f3n de un contrato e inter\u00e9s leg\u00edtimo. <\/li>\n\n\n\n<li>Destinatario. No se transferir\u00e1n datos a terceros, salvo obligaci\u00f3n legal. <\/li>\n<\/ol>\n<\/li>\n\n\n\n<li><strong>Atenci\u00f3n a los derechos de las partes interesadas.<\/strong>\n<ol class=\"wp-block-list\">\n<li>Finalidad.- Responder a las solicitudes de las partes interesadas en el ejercicio de los derechos establecidos por el Reglamento General de Protecci\u00f3n de Datos.<\/li>\n\n\n\n<li>Legitimaci\u00f3n. Cumplimiento de una obligaci\u00f3n legal. <\/li>\n\n\n\n<li>Destinatario. No se transferir\u00e1n datos a terceros, salvo obligaci\u00f3n legal. <\/li>\n<\/ol>\n<\/li>\n\n\n\n<li><strong>Gesti\u00f3n de brechas de seguridad<\/strong>\n<ol class=\"wp-block-list\">\n<li>Finalidad: Gesti\u00f3n y evaluaci\u00f3n de las brechas de seguridad.<\/li>\n\n\n\n<li>Legitimaci\u00f3n. Cumplimiento de una obligaci\u00f3n legal o contractual. <\/li>\n\n\n\n<li>Destinatario. No se transferir\u00e1n datos a terceros, salvo obligaci\u00f3n legal. <\/li>\n<\/ol>\n<\/li>\n\n\n\n<li><strong>Servicios y clientes de la fundaci\u00f3n:<\/strong>\n<ol class=\"wp-block-list\">\n<li>Finalidad.- Gesti\u00f3n de proyectos relacionados con la finalidad de la Fundaci\u00f3n y la participaci\u00f3n de usuarios\/clientes en las actividades dirigidas o en las que la Fundaci\u00f3n est\u00e1 integrada (servicios de atenci\u00f3n, formaci\u00f3n, centros residenciales, servicios tecnol\u00f3gicos, servicios de ocio, servicios de colocaci\u00f3n y orientaci\u00f3n laboral).<\/li>\n\n\n\n<li>Legitimaci\u00f3n. Ejecuci\u00f3n y desarrollo de la relaci\u00f3n existente entre las partes (contractual o precontractual). Consentimiento de los interesados \u200b\u200bo sus representantes. Tratamiento necesario para el cumplimiento de una obligaci\u00f3n legal y un inter\u00e9s leg\u00edtimo.   <\/li>\n\n\n\n<li>Destinatario. No se transferir\u00e1n datos a terceros, salvo obligaci\u00f3n legal. <\/li>\n<\/ol>\n<\/li>\n<\/ol>\n\n<h3 class=\"wp-block-heading\">DERECHOS DE TRATAMIENTO DE DATOS<\/h3>\n\n<p>Tienes derecho a acceder a tus datos personales, rectificarlos o suprimirlos, limitar su tratamiento, oponerte al mismo, a la portabilidad de los datos, retirar tu consentimiento y oponerte a la publicidad. Consulta <a href=\"http:\/\/www.connecteenproject.com\/politica-privacidad-y-proteccion-de-datos\/\"> <\/a><a href=\"http:\/\/www.connecteenproject.com\/es\/politica-de-privacidad-2\/\">www.connecteenproject.com\/privacy-policy<\/a>, o dir\u00edjase a las direcciones de los responsables.<\/p>\n\n<h3 class=\"wp-block-heading\">INFORMACI\u00d3N ADICIONAL SOBRE PROTECCI\u00d3N DE DATOS<\/h3>\n\n<p>Los datos que podemos recopilar mediante el uso y la navegaci\u00f3n del sitio web, a trav\u00e9s de nuestros formularios, por correo electr\u00f3nico o en el marco de la relaci\u00f3n contractual que le une a nosotros, son datos personales. Al completar cada uno de los formularios de recopilaci\u00f3n de informaci\u00f3n, se le solicitar\u00e1n datos que podr\u00edan considerarse obligatorios y que, en caso de no proporcionarlos, no podr\u00e1n llevarse a cabo las finalidades descritas en cada uno de los formularios o documentos que deba completar.  <br\/>En ocasiones, le informamos que, al utilizar y navegar por nuestro sitio web, as\u00ed como al enviar correos electr\u00f3nicos, su informaci\u00f3n podr\u00eda incorporarse a nuestras bases de datos. Puede consultar esta informaci\u00f3n en nuestra pol\u00edtica de cookies.<br\/>El responsable del tratamiento de datos se reserva el derecho de modificar o adaptar esta Pol\u00edtica de Privacidad en cualquier momento. Por ello, le recomendamos que la revise cada vez que acceda al sitio web. Si el usuario se ha registrado en el sitio web y accede a su cuenta o perfil, se le informar\u00e1 si se han producido cambios sustanciales en el tratamiento de sus datos personales.    <\/p>\n\n<p><strong>\u00bfDurante cu\u00e1nto tiempo conservaremos sus datos personales?<\/strong><\/p>\n\n<figure class=\"wp-block-table\"><table class=\"has-fixed-layout\"><tbody><tr><td><strong>PROCESO DE DATOS<\/strong><\/td><td><strong>TIEMPO DE RETENCI\u00d3N DE DATOS<\/strong><\/td><\/tr><tr><td><strong>Formulario de contacto con posibilidad de reactivar la publicidad<\/strong><\/td><td><strong>Usted acepta<\/strong> <strong>recibir publicidad<\/strong><\/td><td>Sus datos personales ser\u00e1n tratados hasta que se revoque el consentimiento otorgado para este fin.<\/td><\/tr><tr><td>\u00a0<\/td><td><strong>No acepte recibir publicidad<\/strong><\/td><td>Sus datos personales ser\u00e1n tratados durante el tiempo estrictamente necesario para atender su solicitud.<\/td><\/tr><tr><td><strong>Planes de estudio y solicitudes<\/strong><\/td><td>Los datos personales de los solicitantes de empleo se conservar\u00e1n durante un per\u00edodo m\u00e1ximo de UN A\u00d1O a partir de la recepci\u00f3n de la solicitud y\/o el curr\u00edculum vitae.<\/td><\/tr><tr><td><strong>Exclusivo para contactos profesionales.<\/strong><\/td><td>Los datos personales de los solicitantes de empleo se conservar\u00e1n durante un per\u00edodo m\u00e1ximo de UN A\u00d1O a partir de la recepci\u00f3n de la solicitud y\/o el curr\u00edculum vitae.<\/td><\/tr><tr><td><strong>Exclusivo para contactos profesionales.<\/strong><\/td><td>Hasta que finalice nuestra relaci\u00f3n profesional o hasta que usted decida cancelar u oponerse al tratamiento de sus datos de contacto.<\/td><\/tr><tr><td><strong>Sistemas de videovigilancia<\/strong><\/td><td>Las grabaciones se conservar\u00e1n durante un per\u00edodo de <strong>UN MES<\/strong> a partir de su grabaci\u00f3n.<\/td><\/tr><tr><td><strong>Trato a nuestros benefactores y contribuciones voluntarias.<\/strong><\/td><td>Se conservar\u00e1n hasta enero del a\u00f1o siguiente, hasta que se realice la contribuci\u00f3n voluntaria, y durante el plazo de prescripci\u00f3n de las acciones legales.<\/td><\/tr><tr><td><strong>Recursos humanos<\/strong><\/td><td>Sus datos personales ser\u00e1n tratados hasta la finalizaci\u00f3n de la relaci\u00f3n contractual y durante el plazo de prescripci\u00f3n de las acciones legales.<\/td><\/tr><tr><td><strong>Atenci\u00f3n a los derechos de los titulares de los datos y gesti\u00f3n de las brechas de seguridad<\/strong><\/td><td>Sus datos personales ser\u00e1n tratados hasta la finalizaci\u00f3n de la reclamaci\u00f3n o el proceso, y durante el plazo de prescripci\u00f3n de las acciones legales.<\/td><\/tr><tr><td><strong>Servicios de la fundaci\u00f3n:<\/strong><\/td><td>Sus datos personales ser\u00e1n tratados hasta la finalizaci\u00f3n del servicio y durante el plazo de prescripci\u00f3n de las acciones legales.<\/td><\/tr><\/tbody><\/table><\/figure>\n\n<p>Se conservar\u00e1n durante el tiempo necesario para cumplir la finalidad para la que fueron recogidos y para determinar las posibles responsabilidades que puedan derivarse de dicha finalidad y del tratamiento de los datos, estando disponibles \u00fanicamente para Jueces y Tribunales, Ministerio Fiscal, Autoridades y \u00f3rganos competentes, y deber\u00e1n respetarse los plazos de prescripci\u00f3n de las responsabilidades.<\/p>\n\n<ul class=\"wp-block-list\">\n<li>Los datos econ\u00f3micos se conservar\u00e1n de conformidad con lo dispuesto en la Ley 58\/2003, de 17 de diciembre, de Impuestos Generales. Una vez finalizada esta relaci\u00f3n contractual, sus datos se conservar\u00e1n durante un periodo de 4 a\u00f1os, de acuerdo con lo previsto en la Ley de Impuestos Generales. <\/li>\n\n\n\n<li>Con fines comerciales, una vez finalizada esta relaci\u00f3n contractual, sus datos se conservar\u00e1n durante un per\u00edodo de 6 a\u00f1os en cumplimiento de lo dispuesto en el Real Decreto de 22 de agosto de 1885 por el que se aprueba el C\u00f3digo de Comercio.<\/li>\n\n\n\n<li>Con fines de prevenci\u00f3n del blanqueo de capitales, sus datos podr\u00e1n conservarse durante un per\u00edodo de 10 a\u00f1os.<\/li>\n\n\n\n<li>A efectos civiles, una vez finalizada esta relaci\u00f3n contractual, sus datos se conservar\u00e1n durante el plazo legal de prescripci\u00f3n de las acciones de responsabilidad.<\/li>\n\n\n\n<li>Los datos laborales se conservar\u00e1n durante el plazo de prescripci\u00f3n de las acciones legales, incluidas las del \u00e1mbito laboral.<\/li>\n<\/ul>\n\n<p><strong>\u00bfA qu\u00e9 destinatarios se comunicar\u00e1n sus datos?<\/strong><br\/>Como se indica en la informaci\u00f3n b\u00e1sica, no se transferir\u00e1n datos a terceros salvo obligaci\u00f3n legal y consentimiento del interesado. En aquellos casos en que sea necesario, los datos podr\u00e1n transferirse a organismos en cumplimiento de una obligaci\u00f3n legal, como por ejemplo: <\/p>\n\n<ol class=\"wp-block-list\">\n<li>Administraciones (por ejemplo, tributaria, laboral, de seguridad social, etc.)<\/li>\n\n\n\n<li>Cuerpos y fuerzas de seguridad.<\/li>\n\n\n\n<li>A las entidades bancarias y financieras pertinentes, para que est\u00e9n al tanto de los pagos.<\/li>\n\n\n\n<li>Centros de salud y compa\u00f1\u00edas de seguros mutuos.<\/li>\n\n\n\n<li>Tribunales y cortes<\/li>\n<\/ol>\n\n<p><strong>\u00bfCu\u00e1les son sus derechos en relaci\u00f3n con el tratamiento de datos?<\/strong><br\/>Como titular de los datos, tiene derecho a obtener confirmaci\u00f3n de la existencia de un tratamiento de sus datos, a acceder a sus datos personales, solicitar la rectificaci\u00f3n de los datos inexactos o, en su caso, solicitar la supresi\u00f3n, cuando, entre otros motivos, los datos ya no sean necesarios para los fines para los que fueron recogidos o cuando usted, como titular de los datos, retire su consentimiento.<br\/>Esta entidad tratar\u00e1 y conservar\u00e1 sus datos de conformidad con la normativa vigente, sin perjuicio de que, como interesado, pueda solicitar en cualquier caso la limitaci\u00f3n del tratamiento de sus datos. En determinados casos, podr\u00e1 ejercer su derecho a la portabilidad de los datos, que se le entregar\u00e1n en un formato estructurado, de uso com\u00fan o legible por m\u00e1quina, a usted o al nuevo responsable del tratamiento que usted designe.<br\/>Tendr\u00e1 derecho a revocar en cualquier momento el consentimiento para cualquiera de los tratamientos para los que lo haya otorgado.<br\/>Para ejercer sus derechos, p\u00f3ngase en contacto con nosotros en las direcciones indicadas. Disponemos de formularios para el ejercicio de todos los derechos indicados anteriormente; no obstante, tambi\u00e9n puede utilizar los elaborados por la Agencia Espa\u00f1ola de Protecci\u00f3n de Datos.<br\/>Tiene derecho a presentar una reclamaci\u00f3n ante la Agencia Espa\u00f1ola de Protecci\u00f3n de Datos si considera que el ejercicio de sus derechos no se ha atendido correctamente. El plazo m\u00e1ximo para su resoluci\u00f3n ser\u00e1 de un mes desde la recepci\u00f3n de su solicitud.<br\/>En caso de que sus datos se modifiquen, le rogamos que nos lo comunique por escrito para mantenerlos actualizados.  <\/p>\n\n<p><\/p>\n","protected":false},"excerpt":{"rendered":"<p>DATOS DE LA PERSONA RESPONSABLE DEL TRATAMIENTO DE DATOS y D.P.O. \u2022 Nombre de la entidad: FUNDACI\u00d3N INTRAS\u2022 Direcci\u00f3n: Calle [&hellip;]<\/p>\n","protected":false},"author":1,"featured_media":0,"parent":0,"menu_order":0,"comment_status":"closed","ping_status":"open","template":"","meta":{"_coblocks_attr":"","_coblocks_dimensions":"","_coblocks_responsive_height":"","_coblocks_accordion_ie_support":"","_uag_custom_page_level_css":"","site-sidebar-layout":"default","site-content-layout":"","ast-site-content-layout":"default","site-content-style":"default","site-sidebar-style":"default","ast-global-header-display":"","ast-banner-title-visibility":"","ast-main-header-display":"","ast-hfb-above-header-display":"","ast-hfb-below-header-display":"","ast-hfb-mobile-header-display":"","site-post-title":"","ast-breadcrumbs-content":"","ast-featured-img":"","footer-sml-layout":"","ast-disable-related-posts":"","theme-transparent-header-meta":"","adv-header-id-meta":"","stick-header-meta":"","header-above-stick-meta":"","header-main-stick-meta":"","header-below-stick-meta":"","astra-migrate-meta-layouts":"default","ast-page-background-enabled":"default","ast-page-background-meta":{"desktop":{"background-color":"var(--ast-global-color-5)","background-image":"","background-repeat":"repeat","background-position":"center center","background-size":"auto","background-attachment":"scroll","background-type":"","background-media":"","overlay-type":"","overlay-color":"","overlay-opacity":"","overlay-gradient":""},"tablet":{"background-color":"","background-image":"","background-repeat":"repeat","background-position":"center center","background-size":"auto","background-attachment":"scroll","background-type":"","background-media":"","overlay-type":"","overlay-color":"","overlay-opacity":"","overlay-gradient":""},"mobile":{"background-color":"","background-image":"","background-repeat":"repeat","background-position":"center center","background-size":"auto","background-attachment":"scroll","background-type":"","background-media":"","overlay-type":"","overlay-color":"","overlay-opacity":"","overlay-gradient":""}},"ast-content-background-meta":{"desktop":{"background-color":"var(--ast-global-color-4)","background-image":"","background-repeat":"repeat","background-position":"center center","background-size":"auto","background-attachment":"scroll","background-type":"","background-media":"","overlay-type":"","overlay-color":"","overlay-opacity":"","overlay-gradient":""},"tablet":{"background-color":"var(--ast-global-color-4)","background-image":"","background-repeat":"repeat","background-position":"center center","background-size":"auto","background-attachment":"scroll","background-type":"","background-media":"","overlay-type":"","overlay-color":"","overlay-opacity":"","overlay-gradient":""},"mobile":{"background-color":"var(--ast-global-color-4)","background-image":"","background-repeat":"repeat","background-position":"center center","background-size":"auto","background-attachment":"scroll","background-type":"","background-media":"","overlay-type":"","overlay-color":"","overlay-opacity":"","overlay-gradient":""}},"footnotes":""},"class_list":["post-1246","page","type-page","status-publish","hentry"],"yoast_head":"<!-- This site is optimized with the Yoast SEO plugin v26.6 - https:\/\/yoast.com\/wordpress\/plugins\/seo\/ -->\n<title>Pol\u00edtica de Privacidad -<\/title>\n<meta name=\"description\" content=\"Lea la Pol\u00edtica de Privacidad de ConnectTeenProject.com para comprender c\u00f3mo recopilamos, usamos y protegemos sus datos personales de conformidad con el RGPD europeo. Su privacidad es importante.\" \/>\n<meta name=\"robots\" content=\"index, follow, max-snippet:-1, max-image-preview:large, max-video-preview:-1\" \/>\n<link rel=\"canonical\" href=\"http:\/\/www.connecteenproject.com\/es\/politica-de-privacidad-2\/\" \/>\n<meta property=\"og:locale\" content=\"es_ES\" \/>\n<meta property=\"og:type\" content=\"article\" \/>\n<meta property=\"og:title\" content=\"Pol\u00edtica de Privacidad -\" \/>\n<meta property=\"og:description\" content=\"Lea la Pol\u00edtica de Privacidad de ConnectTeenProject.com para comprender c\u00f3mo recopilamos, usamos y protegemos sus datos personales de conformidad con el RGPD europeo. Su privacidad es importante.\" \/>\n<meta property=\"og:url\" content=\"http:\/\/www.connecteenproject.com\/es\/politica-de-privacidad-2\/\" \/>\n<meta property=\"article:modified_time\" content=\"2025-11-06T12:24:41+00:00\" \/>\n<meta name=\"twitter:card\" content=\"summary_large_image\" \/>\n<meta name=\"twitter:label1\" content=\"Tiempo de lectura\" \/>\n\t<meta name=\"twitter:data1\" content=\"9 minutos\" \/>\n<script type=\"application\/ld+json\" class=\"yoast-schema-graph\">{\"@context\":\"https:\/\/schema.org\",\"@graph\":[{\"@type\":\"WebPage\",\"@id\":\"http:\/\/www.connecteenproject.com\/es\/politica-de-privacidad-2\/\",\"url\":\"http:\/\/www.connecteenproject.com\/es\/politica-de-privacidad-2\/\",\"name\":\"Pol\u00edtica de Privacidad -\",\"isPartOf\":{\"@id\":\"http:\/\/www.connecteenproject.com\/es\/#website\"},\"datePublished\":\"2025-06-26T09:51:54+00:00\",\"dateModified\":\"2025-11-06T12:24:41+00:00\",\"description\":\"Lea la Pol\u00edtica de Privacidad de ConnectTeenProject.com para comprender c\u00f3mo recopilamos, usamos y protegemos sus datos personales de conformidad con el RGPD europeo. Su privacidad es importante.\",\"breadcrumb\":{\"@id\":\"http:\/\/www.connecteenproject.com\/es\/politica-de-privacidad-2\/#breadcrumb\"},\"inLanguage\":\"es\",\"potentialAction\":[{\"@type\":\"ReadAction\",\"target\":[\"http:\/\/www.connecteenproject.com\/es\/politica-de-privacidad-2\/\"]}]},{\"@type\":\"BreadcrumbList\",\"@id\":\"http:\/\/www.connecteenproject.com\/es\/politica-de-privacidad-2\/#breadcrumb\",\"itemListElement\":[{\"@type\":\"ListItem\",\"position\":1,\"name\":\"Portada\",\"item\":\"http:\/\/www.connecteenproject.com\/es\/\"},{\"@type\":\"ListItem\",\"position\":2,\"name\":\"Pol\u00edtica de Privacidad\"}]},{\"@type\":\"WebSite\",\"@id\":\"http:\/\/www.connecteenproject.com\/es\/#website\",\"url\":\"http:\/\/www.connecteenproject.com\/es\/\",\"name\":\"\",\"description\":\"Connecteen project\",\"potentialAction\":[{\"@type\":\"SearchAction\",\"target\":{\"@type\":\"EntryPoint\",\"urlTemplate\":\"http:\/\/www.connecteenproject.com\/es\/?s={search_term_string}\"},\"query-input\":{\"@type\":\"PropertyValueSpecification\",\"valueRequired\":true,\"valueName\":\"search_term_string\"}}],\"inLanguage\":\"es\"}]}<\/script>\n<!-- \/ Yoast SEO plugin. -->","yoast_head_json":{"title":"Pol\u00edtica de Privacidad -","description":"Lea la Pol\u00edtica de Privacidad de ConnectTeenProject.com para comprender c\u00f3mo recopilamos, usamos y protegemos sus datos personales de conformidad con el RGPD europeo. Su privacidad es importante.","robots":{"index":"index","follow":"follow","max-snippet":"max-snippet:-1","max-image-preview":"max-image-preview:large","max-video-preview":"max-video-preview:-1"},"canonical":"http:\/\/www.connecteenproject.com\/es\/politica-de-privacidad-2\/","og_locale":"es_ES","og_type":"article","og_title":"Pol\u00edtica de Privacidad -","og_description":"Lea la Pol\u00edtica de Privacidad de ConnectTeenProject.com para comprender c\u00f3mo recopilamos, usamos y protegemos sus datos personales de conformidad con el RGPD europeo. Su privacidad es importante.","og_url":"http:\/\/www.connecteenproject.com\/es\/politica-de-privacidad-2\/","article_modified_time":"2025-11-06T12:24:41+00:00","twitter_card":"summary_large_image","twitter_misc":{"Tiempo de lectura":"9 minutos"},"schema":{"@context":"https:\/\/schema.org","@graph":[{"@type":"WebPage","@id":"http:\/\/www.connecteenproject.com\/es\/politica-de-privacidad-2\/","url":"http:\/\/www.connecteenproject.com\/es\/politica-de-privacidad-2\/","name":"Pol\u00edtica de Privacidad -","isPartOf":{"@id":"http:\/\/www.connecteenproject.com\/es\/#website"},"datePublished":"2025-06-26T09:51:54+00:00","dateModified":"2025-11-06T12:24:41+00:00","description":"Lea la Pol\u00edtica de Privacidad de ConnectTeenProject.com para comprender c\u00f3mo recopilamos, usamos y protegemos sus datos personales de conformidad con el RGPD europeo. Su privacidad es importante.","breadcrumb":{"@id":"http:\/\/www.connecteenproject.com\/es\/politica-de-privacidad-2\/#breadcrumb"},"inLanguage":"es","potentialAction":[{"@type":"ReadAction","target":["http:\/\/www.connecteenproject.com\/es\/politica-de-privacidad-2\/"]}]},{"@type":"BreadcrumbList","@id":"http:\/\/www.connecteenproject.com\/es\/politica-de-privacidad-2\/#breadcrumb","itemListElement":[{"@type":"ListItem","position":1,"name":"Portada","item":"http:\/\/www.connecteenproject.com\/es\/"},{"@type":"ListItem","position":2,"name":"Pol\u00edtica de Privacidad"}]},{"@type":"WebSite","@id":"http:\/\/www.connecteenproject.com\/es\/#website","url":"http:\/\/www.connecteenproject.com\/es\/","name":"","description":"Connecteen project","potentialAction":[{"@type":"SearchAction","target":{"@type":"EntryPoint","urlTemplate":"http:\/\/www.connecteenproject.com\/es\/?s={search_term_string}"},"query-input":{"@type":"PropertyValueSpecification","valueRequired":true,"valueName":"search_term_string"}}],"inLanguage":"es"}]}},"uagb_featured_image_src":{"full":false,"thumbnail":false,"medium":false,"medium_large":false,"large":false,"course_archive_thumbnail":false,"course_single_thumbnail":false,"lesson_archive_thumbnail":false,"lesson_single_thumbnail":false,"1536x1536":false,"2048x2048":false,"woocommerce_thumbnail":false,"woocommerce_single":false,"woocommerce_gallery_thumbnail":false},"uagb_author_info":{"display_name":"juliacunyADMIN","author_link":"http:\/\/www.connecteenproject.com\/es\/author\/juliacunyadmin\/"},"uagb_comment_info":0,"uagb_excerpt":"DATOS DE LA PERSONA RESPONSABLE DEL TRATAMIENTO DE DATOS y D.P.O. \u2022 Nombre de la entidad: FUNDACI\u00d3N INTRAS\u2022 Direcci\u00f3n: Calle [&hellip;]","_links":{"self":[{"href":"http:\/\/www.connecteenproject.com\/es\/wp-json\/wp\/v2\/pages\/1246","targetHints":{"allow":["GET"]}}],"collection":[{"href":"http:\/\/www.connecteenproject.com\/es\/wp-json\/wp\/v2\/pages"}],"about":[{"href":"http:\/\/www.connecteenproject.com\/es\/wp-json\/wp\/v2\/types\/page"}],"author":[{"embeddable":true,"href":"http:\/\/www.connecteenproject.com\/es\/wp-json\/wp\/v2\/users\/1"}],"replies":[{"embeddable":true,"href":"http:\/\/www.connecteenproject.com\/es\/wp-json\/wp\/v2\/comments?post=1246"}],"version-history":[{"count":1,"href":"http:\/\/www.connecteenproject.com\/es\/wp-json\/wp\/v2\/pages\/1246\/revisions"}],"predecessor-version":[{"id":1248,"href":"http:\/\/www.connecteenproject.com\/es\/wp-json\/wp\/v2\/pages\/1246\/revisions\/1248"}],"wp:attachment":[{"href":"http:\/\/www.connecteenproject.com\/es\/wp-json\/wp\/v2\/media?parent=1246"}],"curies":[{"name":"wp","href":"https:\/\/api.w.org\/{rel}","templated":true}]}}