{"id":419,"date":"2025-10-27T14:09:49","date_gmt":"2025-10-27T13:09:49","guid":{"rendered":"http:\/\/www.connecteenproject.com\/el-proyecto\/"},"modified":"2025-11-11T09:07:05","modified_gmt":"2025-11-11T08:07:05","slug":"el-proyecto","status":"publish","type":"page","link":"http:\/\/www.connecteenproject.com\/es\/el-proyecto\/","title":{"rendered":"El proyecto"},"content":{"rendered":"\n<div class=\"wp-block-uagb-container uagb-block-907f4ffb alignfull uagb-is-root-container\"><div class=\"uagb-container-inner-blocks-wrap\">\n<div class=\"wp-block-uagb-container uagb-block-f1762b55 alignfull uagb-is-root-container\"><div class=\"uagb-container-inner-blocks-wrap\">\n<div class=\"wp-block-uagb-container uagb-block-ad7a72c8\"><\/div>\n\n\n\n<div class=\"wp-block-uagb-container uagb-block-4d77a9fe\">\n<h2 class=\"wp-block-heading has-text-align-right has-ast-global-color-4-color has-text-color has-link-color wp-elements-155fc4501193649a938e0b0d7a414e3e\">Acerca del proyecto<\/h2>\n\n\n\n<p class=\"has-text-align-right is-style-default has-ast-global-color-4-color has-text-color has-link-color wp-elements-f5252c27c2ab1dd054474b6da4acc5c9\" style=\"padding-top:0;padding-right:0;padding-bottom:0;padding-left:0;font-size:14px\">El proyecto ConnecTEEN es una iniciativa de cooperaci\u00f3n transnacional financiada por el programa Erasmus+, centrada en el fortalecimiento de los sistemas de apoyo a la salud mental dentro de las instituciones de Formaci\u00f3n Profesional (FP) en toda Europa.<\/p>\n<\/div>\n<\/div><\/div>\n<\/div><\/div>\n\n<div class=\"wp-block-coblocks-hero alignfull has-text-color has-white-color coblocks-hero-927132816414 mb-0\"><div class=\"wp-block-coblocks-hero__inner has-ast-global-color-1-background-color has-background bg-cover has-background-image bg-no-repeat bg-center-center hero-center-right-align has-padding has-medium-padding has-ast-global-color-1-background-color has-right-content\" style=\"background-image:url(http:\/\/www.connecteenproject.com\/wp-content\/uploads\/2025\/10\/about-the-project.png);background-position:69% 45%;min-height:500px\"><div class=\"wp-block-coblocks-hero__content-wrapper\"><div class=\"wp-block-coblocks-hero__content\" style=\"max-width:400px\">\n<h2 class=\"wp-block-heading\"><\/h2>\n\n\n\n<p><\/p>\n\n\n\n<div class=\"wp-block-buttons is-layout-flex wp-block-buttons-is-layout-flex\">\n\n<\/div>\n<\/div><\/div><\/div><\/div>\n\n<div class=\"wp-block-uagb-container uagb-block-64895394 default uagb-is-root-container\">\n<div class=\"wp-block-uagb-container uagb-block-271931c5\"><\/div>\n\n\n\n<div class=\"wp-block-uagb-container uagb-block-e90f0e3f\">\n<h2 class=\"wp-block-heading\"><a>Acerca del proyecto<\/a><\/h2>\n\n\n\n<p><strong>ConnecTEEN: Mejora del bienestar de los estudiantes en la FP<\/strong>:<br\/>El proyecto ConnecTEEN es una iniciativa de cooperaci\u00f3n transnacional financiada por el programa Erasmus+, centrada en el fortalecimiento de los sistemas de apoyo a la salud mental dentro de las instituciones de Formaci\u00f3n Profesional (FP) en toda Europa. Nuestra misi\u00f3n es crear un entorno educativo m\u00e1s solidario y resiliente donde los estudiantes de FP puedan prosperar, tanto personal como acad\u00e9micamente, priorizando su salud mental y su bienestar.<br\/><br\/><strong>El desaf\u00edo que abordamos<\/strong>:<br\/>Los estudiantes de FP a menudo atraviesan una transici\u00f3n compleja, equilibrando las intensivas exigencias acad\u00e9micas con la formaci\u00f3n pr\u00e1ctica, lo que puede conducir a factores de estr\u00e9s \u00fanicos y desaf\u00edos de salud mental. Con demasiada frecuencia, las instituciones de FP carecen de las herramientas especializadas y la formaci\u00f3n necesaria para identificar de forma proactiva e intervenir eficazmente cuando un estudiante corre el riesgo de sufrir una crisis de salud mental. Esta carencia contribuye a las bajas tasas de retenci\u00f3n de estudiantes e impacta negativamente en el rendimiento acad\u00e9mico general.  <\/p>\n<\/div>\n<\/div>\n\n<div class=\"wp-block-uagb-container uagb-block-ee482c99 alignfull uagb-is-root-container\"><div class=\"uagb-container-inner-blocks-wrap\">\n<div class=\"wp-block-uagb-container uagb-block-e8744b2c\">\n<h2 class=\"wp-block-heading has-text-align-center has-ast-global-color-4-color has-text-color has-link-color wp-elements-ff2f22cc3b8f10395f5e4b6db171f207\" style=\"font-size:32px\"><a><\/a><a>Resultados esperados<\/a><\/h2>\n\n\n\n<p class=\"has-ast-global-color-4-color has-text-color has-link-color wp-elements-29541f21fc482effe9a7e4e17b7a7516\">El proyecto ConnecTEEN est\u00e1 dise\u00f1ado para ofrecer dos productos intelectuales (PI) principales, que forman el n\u00facleo del <strong>Kit de herramientas ConnecTEEN<\/strong> para instituciones de FP:<br\/><strong>La herramienta en l\u00ednea de medici\u00f3n del bienestar ConnecTEEN (WP2)<\/strong>Esta herramienta es un recurso en l\u00ednea especializado desarrollado espec\u00edficamente para que la comunidad de FP adopte una postura proactiva sobre la salud mental de los estudiantes.<\/p>\n\n\n\n<ul class=\"wp-block-list\">\n<li class=\"has-ast-global-color-4-color has-text-color has-link-color wp-elements-da6afa91fbda51b3bfeeef77c38ae1fc\"><strong>Prop\u00f3sito:<\/strong> Permitir la <strong>identificaci\u00f3n temprana<\/strong> y el seguimiento sistem\u00e1tico de los problemas de salud mental, las posibles crisis y los niveles de bienestar entre los estudiantes.<\/li>\n\n\n\n<li class=\"has-ast-global-color-4-color has-text-color has-link-color wp-elements-16059e8c73bb5cd8fe4f4ab296933811\"><strong>Formato:<\/strong> Una encuesta an\u00f3nima en l\u00ednea adaptada a adolescentes y j\u00f3venes de entre 15 y 22 a\u00f1os en entornos de FP.<\/li>\n\n\n\n<li class=\"has-ast-global-color-4-color has-text-color has-link-color wp-elements-721207dc2dfdd49059c5d1bdca293394\"><strong>Funci\u00f3n:<\/strong> La plataforma digital de la herramienta proporciona a los profesionales de la FP datos e informaci\u00f3n valiosos para facilitar intervenciones espec\u00edficas y oportunas, as\u00ed como medidas de apoyo.<\/li>\n<\/ul>\n\n\n\n<p class=\"has-ast-global-color-4-color has-text-color has-link-color wp-elements-1f657f540ed3ece5ae66010d22df3cbf\"><strong>El programa de intervenci\u00f3n en crisis basado en la comunidad ConnecTEEN (WP3)<\/strong><br\/><br\/>Este programa proporciona el marco de intervenci\u00f3n necesario para responder eficazmente una vez que se han identificado los estudiantes en riesgo.<strong>Enfoque comunitario:<\/strong> El programa capacita a los profesionales de la FP y empodera a los estudiantes para que se conviertan en <strong>Embajadores del bienestar estudiantil<\/strong>, creando una red de apoyo entre compa\u00f1eros para responder a las crisis y fomentar una cultura de empat\u00eda e inclusi\u00f3n dentro de la escuela.<br\/><br\/><strong>Contenido del programa:<\/strong> Un programa innovador e <strong>intensivo de 8 semanas<\/strong> destinado a mejorar la resiliencia, el desarrollo de la auto-fortaleza y la promoci\u00f3n del apoyo emocional entre los estudiantes.<br\/><br\/><strong>Plataforma digital:<\/strong> El programa y todos sus materiales est\u00e1n alojados en un portal web f\u00e1cil de usar que ser\u00e1 <strong>de acceso abierto y traducido a seis idiomas<\/strong> (EN, ES, PL, NO, CZ, LT).<\/p>\n<\/div>\n<\/div><\/div>\n\n<div class=\"wp-block-uagb-container uagb-block-7309e0ee alignfull uagb-is-root-container\"><div class=\"uagb-container-inner-blocks-wrap\">\n<div class=\"wp-block-uagb-container uagb-block-c8680d40\">\n<div class=\"wp-block-columns is-layout-flex wp-container-core-columns-is-layout-28f84493 wp-block-columns-is-layout-flex\">\n<div class=\"wp-block-column is-layout-flow wp-block-column-is-layout-flow\"><\/div>\n\n\n\n<div class=\"wp-block-column is-layout-flow wp-block-column-is-layout-flow\">\n<div class=\"wp-block-uagb-image uagb-block-d8f9ae32 wp-block-uagb-image--layout-default wp-block-uagb-image--effect-static wp-block-uagb-image--align-none\"><figure class=\"wp-block-uagb-image__figure\"><img decoding=\"async\" srcset=\"http:\/\/www.connecteenproject.com\/wp-content\/uploads\/2025\/07\/FLAT-ICON.jpg ,http:\/\/www.connecteenproject.com\/wp-content\/uploads\/2025\/07\/FLAT-ICON.jpg 780w, http:\/\/www.connecteenproject.com\/wp-content\/uploads\/2025\/07\/FLAT-ICON.jpg 360w\" sizes=\"auto, (max-width: 480px) 150px\" src=\"http:\/\/www.connecteenproject.com\/wp-content\/uploads\/2025\/07\/FLAT-ICON.jpg\" alt=\"\" class=\"uag-image-160\" width=\"126\" height=\"126\" title=\"FLAT-ICON\" loading=\"lazy\" role=\"img\"><\/figure><\/div>\n<\/div>\n\n\n\n<div class=\"wp-block-column is-layout-flow wp-block-column-is-layout-flow\"><\/div>\n<\/div>\n\n\n\n<div class=\"wp-block-uagb-advanced-heading uagb-block-c5315e98\"><h2 class=\"uagb-heading-text\">Impacto esperado<\/h2><p class=\"uagb-desc-text\">Al equipar a las instituciones de FP con estas herramientas pr\u00e1cticas y programas de formaci\u00f3n, ConnecTEEN:<\/p><\/div>\n\n\n\n<div class=\"wp-block-uagb-container uagb-block-c1a7701f\">\n<div class=\"wp-block-columns is-layout-flex wp-container-core-columns-is-layout-28f84493 wp-block-columns-is-layout-flex\">\n<div class=\"wp-block-column is-layout-flow wp-block-column-is-layout-flow\" style=\"box-shadow:var(--wp--preset--shadow--natural)\">\n<div class=\"wp-block-media-text is-stacked-on-mobile is-vertically-aligned-center is-image-fill-element is-style-default has-ast-global-color-4-background-color has-background\"><figure class=\"wp-block-media-text__media\"><img loading=\"lazy\" decoding=\"async\" width=\"525\" height=\"350\" src=\"http:\/\/www.connecteenproject.com\/wp-content\/uploads\/2025\/10\/pexels-photo-5905841-5905841.jpg\" alt=\"Dos ni\u00f1os estudian juntos, concentrados en los deberes con l\u00e1pices y cuadernos, aprendiendo en el interior.\" class=\"wp-image-340 size-full\" style=\"object-position:50% 50%\"\/><\/figure><div class=\"wp-block-media-text__content\">\n<p><strong>Mejorar el bienestar de los estudiantes<\/strong>:<br\/> Mejorar la salud psicol\u00f3gica de los estudiantes, su sentido de pertenencia y su calidad de vida en general.<\/p>\n<\/div><\/div>\n<\/div>\n\n\n\n<div class=\"wp-block-column is-layout-flow wp-block-column-is-layout-flow\" style=\"box-shadow:var(--wp--preset--shadow--natural)\">\n<div class=\"wp-block-media-text is-stacked-on-mobile is-vertically-aligned-center is-image-fill-element is-style-default has-ast-global-color-4-background-color has-background\"><figure class=\"wp-block-media-text__media\"><img loading=\"lazy\" decoding=\"async\" width=\"524\" height=\"350\" src=\"http:\/\/www.connecteenproject.com\/wp-content\/uploads\/2025\/10\/pexels-photo-4144923-4144923.jpg\" alt=\"Un estudiante tomando notas durante una videollamada para el aprendizaje en l\u00ednea en casa.\" class=\"wp-image-337 size-full\" style=\"object-position:50% 50%\"\/><\/figure><div class=\"wp-block-media-text__content\">\n<p><strong>Aumentar la retenci\u00f3n:<\/strong> Contribuir a mayores tasas de finalizaci\u00f3n y mejores resultados acad\u00e9micos.<\/p>\n<\/div><\/div>\n<\/div>\n\n\n\n<div class=\"wp-block-column is-layout-flow wp-block-column-is-layout-flow\" style=\"box-shadow:var(--wp--preset--shadow--natural)\">\n<div class=\"wp-block-media-text is-stacked-on-mobile is-vertically-aligned-center is-image-fill-element is-style-default has-ast-global-color-4-background-color has-background\"><figure class=\"wp-block-media-text__media\"><img loading=\"lazy\" decoding=\"async\" width=\"525\" height=\"350\" src=\"http:\/\/www.connecteenproject.com\/wp-content\/uploads\/2025\/10\/pexels-photo-8199708-8199708.jpg\" alt=\"Grupo de estudiantes felices chocando los cinco en una biblioteca, celebrando el \u00e9xito.\" class=\"wp-image-338 size-full\" style=\"object-position:50% 50%\"\/><\/figure><div class=\"wp-block-media-text__content\">\n<p><strong>Establecer un modelo de apoyo sostenible<\/strong>: Crear un marco probado que pueda ser adoptado por los centros de FP de toda Europa, garantizando un legado positivo duradero para los futuros estudiantes.<\/p>\n<\/div><\/div>\n<\/div>\n<\/div>\n<\/div>\n<\/div>\n<\/div><\/div>\n\n<div class=\"wp-block-group has-contrast-color has-text-color is-vertical is-content-justification-center is-layout-flex wp-container-core-group-is-layout-f306f087 wp-block-group-is-layout-flex\" style=\"min-height:40vh;margin-top:0;margin-bottom:0;padding-top:var(--wp--preset--spacing--60);padding-right:var(--wp--preset--spacing--50);padding-bottom:var(--wp--preset--spacing--60);padding-left:var(--wp--preset--spacing--50)\">\n<div class=\"wp-block-uagb-container uagb-block-3aa8ec73 alignfull uagb-is-root-container\"><div class=\"uagb-container-inner-blocks-wrap\">\n<div class=\"wp-block-columns are-vertically-aligned-center is-layout-flex wp-container-core-columns-is-layout-28f84493 wp-block-columns-is-layout-flex\">\n<div class=\"wp-block-column is-vertically-aligned-center is-layout-constrained wp-block-column-is-layout-constrained\">\n<div class=\"wp-block-uagb-container uagb-block-9f18e00a\"><\/div>\n<\/div>\n\n\n\n<div class=\"wp-block-column is-vertically-aligned-center is-layout-flow wp-block-column-is-layout-flow\"><div style=\"margin-bottom:6px;\" class=\"aligncenter wp-block-site-logo\"><a href=\"http:\/\/www.connecteenproject.com\/es\/\" class=\"custom-logo-link\" rel=\"home\"><img loading=\"lazy\" decoding=\"async\" width=\"168\" height=\"108\" src=\"http:\/\/www.connecteenproject.com\/wp-content\/uploads\/2025\/07\/cropped-connecteen-header-logo.png\" class=\"custom-logo\" alt=\"\" srcset=\"http:\/\/www.connecteenproject.com\/wp-content\/uploads\/2025\/07\/cropped-connecteen-header-logo.png 209w, http:\/\/www.connecteenproject.com\/wp-content\/uploads\/2025\/07\/cropped-connecteen-header-logo-100x65.png 100w\" sizes=\"auto, (max-width: 168px) 100vw, 168px\" \/><\/a><\/div><\/div>\n\n\n\n<div class=\"wp-block-column is-vertically-aligned-center is-layout-flow wp-block-column-is-layout-flow\">\n<div class=\"wp-block-uagb-container uagb-block-5144555b\">\n<p class=\"has-text-align-right has-ast-global-color-0-color has-text-color has-link-color has-small-font-size wp-elements-42c66d8bfa181a24bd7ca62647be58c3\">Co financiado por la Uni\u00f3n Europea Las opiniones expresadas son, sin embargo, \u00fanicamente las del autor o autores y no reflejan necesariamente las de la Uni\u00f3n Europea o la Agencia Ejecutiva Europea de Educaci\u00f3n y Cultura (EACEA). Ni la Uni\u00f3n Europea ni la EACEA pueden ser consideradas responsables de las mismas.  <\/p>\n<\/div>\n<\/div>\n<\/div>\n<\/div><\/div>\n<\/div>\n\n<div class=\"wp-block-uagb-container uagb-block-bfb606b3 alignfull uagb-is-root-container\"><div class=\"uagb-container-inner-blocks-wrap\">\n<p class=\"has-text-align-center has-ast-global-color-4-color has-text-color has-link-color has-small-font-size wp-elements-c2a8aced3f10d4e79c0eaa5a7fb91f25\"><a href=\"http:\/\/www.connecteenproject.com\/es\/politica-de-privacidad-2\/\">Pol\u00edtica de privacidad<\/a> | <a href=\"http:\/\/www.connecteenproject.com\/es\/politica-de-cookies\/\">Pol\u00edtica de cookies<\/a> | <a href=\"http:\/\/www.connecteenproject.com\/es\/aviso-legal\/\">Aviso legal<\/a><\/p>\n<\/div><\/div>\n\n<p><\/p>\n","protected":false},"excerpt":{"rendered":"<p>Acerca del proyecto El proyecto ConnecTEEN es una iniciativa de cooperaci\u00f3n transnacional financiada por el programa Erasmus+, centrada en el [&hellip;]<\/p>\n","protected":false},"author":1,"featured_media":0,"parent":0,"menu_order":0,"comment_status":"closed","ping_status":"closed","template":"","meta":{"_coblocks_attr":"","_coblocks_dimensions":"","_coblocks_responsive_height":"","_coblocks_accordion_ie_support":"","_uag_custom_page_level_css":"","site-sidebar-layout":"default","site-content-layout":"","ast-site-content-layout":"default","site-content-style":"default","site-sidebar-style":"default","ast-global-header-display":"","ast-banner-title-visibility":"","ast-main-header-display":"","ast-hfb-above-header-display":"","ast-hfb-below-header-display":"","ast-hfb-mobile-header-display":"","site-post-title":"disabled","ast-breadcrumbs-content":"","ast-featured-img":"","footer-sml-layout":"","ast-disable-related-posts":"","theme-transparent-header-meta":"","adv-header-id-meta":"","stick-header-meta":"","header-above-stick-meta":"","header-main-stick-meta":"","header-below-stick-meta":"","astra-migrate-meta-layouts":"default","ast-page-background-enabled":"default","ast-page-background-meta":{"desktop":{"background-color":"var(--ast-global-color-5)","background-image":"","background-repeat":"repeat","background-position":"center center","background-size":"auto","background-attachment":"scroll","background-type":"","background-media":"","overlay-type":"","overlay-color":"","overlay-opacity":"","overlay-gradient":""},"tablet":{"background-color":"","background-image":"","background-repeat":"repeat","background-position":"center center","background-size":"auto","background-attachment":"scroll","background-type":"","background-media":"","overlay-type":"","overlay-color":"","overlay-opacity":"","overlay-gradient":""},"mobile":{"background-color":"","background-image":"","background-repeat":"repeat","background-position":"center center","background-size":"auto","background-attachment":"scroll","background-type":"","background-media":"","overlay-type":"","overlay-color":"","overlay-opacity":"","overlay-gradient":""}},"ast-content-background-meta":{"desktop":{"background-color":"var(--ast-global-color-4)","background-image":"","background-repeat":"repeat","background-position":"center center","background-size":"auto","background-attachment":"scroll","background-type":"","background-media":"","overlay-type":"","overlay-color":"","overlay-opacity":"","overlay-gradient":""},"tablet":{"background-color":"var(--ast-global-color-4)","background-image":"","background-repeat":"repeat","background-position":"center center","background-size":"auto","background-attachment":"scroll","background-type":"","background-media":"","overlay-type":"","overlay-color":"","overlay-opacity":"","overlay-gradient":""},"mobile":{"background-color":"var(--ast-global-color-4)","background-image":"","background-repeat":"repeat","background-position":"center center","background-size":"auto","background-attachment":"scroll","background-type":"","background-media":"","overlay-type":"","overlay-color":"","overlay-opacity":"","overlay-gradient":""}},"footnotes":""},"class_list":["post-419","page","type-page","status-publish","hentry"],"yoast_head":"<!-- This site is optimized with the Yoast SEO plugin v26.6 - https:\/\/yoast.com\/wordpress\/plugins\/seo\/ -->\n<title>El proyecto -<\/title>\n<meta name=\"robots\" content=\"index, follow, max-snippet:-1, max-image-preview:large, max-video-preview:-1\" \/>\n<link rel=\"canonical\" href=\"http:\/\/www.connecteenproject.com\/es\/el-proyecto\/\" \/>\n<meta property=\"og:locale\" content=\"es_ES\" \/>\n<meta property=\"og:type\" content=\"article\" \/>\n<meta property=\"og:title\" content=\"El proyecto -\" \/>\n<meta property=\"og:description\" content=\"Acerca del proyecto El proyecto ConnecTEEN es una iniciativa de cooperaci\u00f3n transnacional financiada por el programa Erasmus+, centrada en el [&hellip;]\" \/>\n<meta property=\"og:url\" content=\"http:\/\/www.connecteenproject.com\/es\/el-proyecto\/\" \/>\n<meta property=\"article:modified_time\" content=\"2025-11-11T08:07:05+00:00\" \/>\n<meta property=\"og:image\" content=\"http:\/\/www.connecteenproject.com\/wp-content\/uploads\/2025\/07\/FLAT-ICON.jpg\" \/>\n<meta name=\"twitter:card\" content=\"summary_large_image\" \/>\n<meta name=\"twitter:label1\" content=\"Tiempo de lectura\" \/>\n\t<meta name=\"twitter:data1\" content=\"3 minutos\" \/>\n<script type=\"application\/ld+json\" class=\"yoast-schema-graph\">{\"@context\":\"https:\/\/schema.org\",\"@graph\":[{\"@type\":\"WebPage\",\"@id\":\"http:\/\/www.connecteenproject.com\/es\/el-proyecto\/\",\"url\":\"http:\/\/www.connecteenproject.com\/es\/el-proyecto\/\",\"name\":\"El proyecto -\",\"isPartOf\":{\"@id\":\"http:\/\/www.connecteenproject.com\/es\/#website\"},\"primaryImageOfPage\":{\"@id\":\"http:\/\/www.connecteenproject.com\/es\/el-proyecto\/#primaryimage\"},\"image\":{\"@id\":\"http:\/\/www.connecteenproject.com\/es\/el-proyecto\/#primaryimage\"},\"thumbnailUrl\":\"http:\/\/www.connecteenproject.com\/wp-content\/uploads\/2025\/07\/FLAT-ICON.jpg\",\"datePublished\":\"2025-10-27T13:09:49+00:00\",\"dateModified\":\"2025-11-11T08:07:05+00:00\",\"breadcrumb\":{\"@id\":\"http:\/\/www.connecteenproject.com\/es\/el-proyecto\/#breadcrumb\"},\"inLanguage\":\"es\",\"potentialAction\":[{\"@type\":\"ReadAction\",\"target\":[\"http:\/\/www.connecteenproject.com\/es\/el-proyecto\/\"]}]},{\"@type\":\"ImageObject\",\"inLanguage\":\"es\",\"@id\":\"http:\/\/www.connecteenproject.com\/es\/el-proyecto\/#primaryimage\",\"url\":\"http:\/\/www.connecteenproject.com\/wp-content\/uploads\/2025\/07\/FLAT-ICON.jpg\",\"contentUrl\":\"http:\/\/www.connecteenproject.com\/wp-content\/uploads\/2025\/07\/FLAT-ICON.jpg\"},{\"@type\":\"BreadcrumbList\",\"@id\":\"http:\/\/www.connecteenproject.com\/es\/el-proyecto\/#breadcrumb\",\"itemListElement\":[{\"@type\":\"ListItem\",\"position\":1,\"name\":\"Portada\",\"item\":\"http:\/\/www.connecteenproject.com\/es\/\"},{\"@type\":\"ListItem\",\"position\":2,\"name\":\"El proyecto\"}]},{\"@type\":\"WebSite\",\"@id\":\"http:\/\/www.connecteenproject.com\/es\/#website\",\"url\":\"http:\/\/www.connecteenproject.com\/es\/\",\"name\":\"\",\"description\":\"Connecteen project\",\"potentialAction\":[{\"@type\":\"SearchAction\",\"target\":{\"@type\":\"EntryPoint\",\"urlTemplate\":\"http:\/\/www.connecteenproject.com\/es\/?s={search_term_string}\"},\"query-input\":{\"@type\":\"PropertyValueSpecification\",\"valueRequired\":true,\"valueName\":\"search_term_string\"}}],\"inLanguage\":\"es\"}]}<\/script>\n<!-- \/ Yoast SEO plugin. -->","yoast_head_json":{"title":"El proyecto -","robots":{"index":"index","follow":"follow","max-snippet":"max-snippet:-1","max-image-preview":"max-image-preview:large","max-video-preview":"max-video-preview:-1"},"canonical":"http:\/\/www.connecteenproject.com\/es\/el-proyecto\/","og_locale":"es_ES","og_type":"article","og_title":"El proyecto -","og_description":"Acerca del proyecto El proyecto ConnecTEEN es una iniciativa de cooperaci\u00f3n transnacional financiada por el programa Erasmus+, centrada en el [&hellip;]","og_url":"http:\/\/www.connecteenproject.com\/es\/el-proyecto\/","article_modified_time":"2025-11-11T08:07:05+00:00","og_image":[{"url":"http:\/\/www.connecteenproject.com\/wp-content\/uploads\/2025\/07\/FLAT-ICON.jpg","type":"","width":"","height":""}],"twitter_card":"summary_large_image","twitter_misc":{"Tiempo de lectura":"3 minutos"},"schema":{"@context":"https:\/\/schema.org","@graph":[{"@type":"WebPage","@id":"http:\/\/www.connecteenproject.com\/es\/el-proyecto\/","url":"http:\/\/www.connecteenproject.com\/es\/el-proyecto\/","name":"El proyecto -","isPartOf":{"@id":"http:\/\/www.connecteenproject.com\/es\/#website"},"primaryImageOfPage":{"@id":"http:\/\/www.connecteenproject.com\/es\/el-proyecto\/#primaryimage"},"image":{"@id":"http:\/\/www.connecteenproject.com\/es\/el-proyecto\/#primaryimage"},"thumbnailUrl":"http:\/\/www.connecteenproject.com\/wp-content\/uploads\/2025\/07\/FLAT-ICON.jpg","datePublished":"2025-10-27T13:09:49+00:00","dateModified":"2025-11-11T08:07:05+00:00","breadcrumb":{"@id":"http:\/\/www.connecteenproject.com\/es\/el-proyecto\/#breadcrumb"},"inLanguage":"es","potentialAction":[{"@type":"ReadAction","target":["http:\/\/www.connecteenproject.com\/es\/el-proyecto\/"]}]},{"@type":"ImageObject","inLanguage":"es","@id":"http:\/\/www.connecteenproject.com\/es\/el-proyecto\/#primaryimage","url":"http:\/\/www.connecteenproject.com\/wp-content\/uploads\/2025\/07\/FLAT-ICON.jpg","contentUrl":"http:\/\/www.connecteenproject.com\/wp-content\/uploads\/2025\/07\/FLAT-ICON.jpg"},{"@type":"BreadcrumbList","@id":"http:\/\/www.connecteenproject.com\/es\/el-proyecto\/#breadcrumb","itemListElement":[{"@type":"ListItem","position":1,"name":"Portada","item":"http:\/\/www.connecteenproject.com\/es\/"},{"@type":"ListItem","position":2,"name":"El proyecto"}]},{"@type":"WebSite","@id":"http:\/\/www.connecteenproject.com\/es\/#website","url":"http:\/\/www.connecteenproject.com\/es\/","name":"","description":"Connecteen project","potentialAction":[{"@type":"SearchAction","target":{"@type":"EntryPoint","urlTemplate":"http:\/\/www.connecteenproject.com\/es\/?s={search_term_string}"},"query-input":{"@type":"PropertyValueSpecification","valueRequired":true,"valueName":"search_term_string"}}],"inLanguage":"es"}]}},"uagb_featured_image_src":{"full":false,"thumbnail":false,"medium":false,"medium_large":false,"large":false,"course_archive_thumbnail":false,"course_single_thumbnail":false,"lesson_archive_thumbnail":false,"lesson_single_thumbnail":false,"1536x1536":false,"2048x2048":false,"woocommerce_thumbnail":false,"woocommerce_single":false,"woocommerce_gallery_thumbnail":false},"uagb_author_info":{"display_name":"juliacunyADMIN","author_link":"http:\/\/www.connecteenproject.com\/es\/author\/juliacunyadmin\/"},"uagb_comment_info":0,"uagb_excerpt":"Acerca del proyecto El proyecto ConnecTEEN es una iniciativa de cooperaci\u00f3n transnacional financiada por el programa Erasmus+, centrada en el [&hellip;]","_links":{"self":[{"href":"http:\/\/www.connecteenproject.com\/es\/wp-json\/wp\/v2\/pages\/419","targetHints":{"allow":["GET"]}}],"collection":[{"href":"http:\/\/www.connecteenproject.com\/es\/wp-json\/wp\/v2\/pages"}],"about":[{"href":"http:\/\/www.connecteenproject.com\/es\/wp-json\/wp\/v2\/types\/page"}],"author":[{"embeddable":true,"href":"http:\/\/www.connecteenproject.com\/es\/wp-json\/wp\/v2\/users\/1"}],"replies":[{"embeddable":true,"href":"http:\/\/www.connecteenproject.com\/es\/wp-json\/wp\/v2\/comments?post=419"}],"version-history":[{"count":4,"href":"http:\/\/www.connecteenproject.com\/es\/wp-json\/wp\/v2\/pages\/419\/revisions"}],"predecessor-version":[{"id":1400,"href":"http:\/\/www.connecteenproject.com\/es\/wp-json\/wp\/v2\/pages\/419\/revisions\/1400"}],"wp:attachment":[{"href":"http:\/\/www.connecteenproject.com\/es\/wp-json\/wp\/v2\/media?parent=419"}],"curies":[{"name":"wp","href":"https:\/\/api.w.org\/{rel}","templated":true}]}}