{"id":862,"date":"2025-06-30T14:38:46","date_gmt":"2025-06-30T12:38:46","guid":{"rendered":"http:\/\/www.connecteenproject.com\/somos\/"},"modified":"2025-10-30T12:37:30","modified_gmt":"2025-10-30T11:37:30","slug":"somos","status":"publish","type":"page","link":"http:\/\/www.connecteenproject.com\/es\/somos\/","title":{"rendered":"Somos"},"content":{"rendered":"\n<div class=\"wp-block-coblocks-hero alignfull has-text-color has-white-color coblocks-hero-927132816414 mb-0\"><div class=\"wp-block-coblocks-hero__inner has-pale-pink-background-color has-background has-parallax has-background-overlay bg-cover has-background-image bg-no-repeat bg-center-center has-background-overlay-30 hero-center-right-align has-padding has-huge-padding has-pale-pink-background-color has-right-content\" style=\"background-image:url(http:\/\/www.connecteenproject.com\/wp-content\/uploads\/2025\/10\/who-we-are2.png);min-height:500px\"><div class=\"wp-block-coblocks-hero__content-wrapper\"><div class=\"wp-block-coblocks-hero__content\" style=\"max-width:400px\">\n<h2 class=\"wp-block-heading has-text-align-right has-ast-global-color-4-color has-text-color has-link-color has-large-font-size wp-elements-243425ed48496125e15333ebc8a8373b\">Somos<\/h2>\n\n\n\n<p class=\"has-text-align-right is-style-default has-ast-global-color-4-color has-text-color has-link-color wp-elements-f5252c27c2ab1dd054474b6da4acc5c9\" style=\"padding-top:0;padding-right:0;padding-bottom:0;padding-left:0;font-size:14px\">El proyecto ConnecTEEN es una iniciativa de cooperaci\u00f3n transnacional financiada por el programa Erasmus+, centrada en el fortalecimiento de los sistemas de apoyo a la salud mental dentro de las instituciones de Formaci\u00f3n Profesional (FP) en toda Europa.<\/p>\n<\/div><\/div><\/div><\/div>\n\n<div class=\"wp-block-uagb-container uagb-block-dcb43903 alignfull uagb-is-root-container\"><div class=\"uagb-container-inner-blocks-wrap\">\n<div class=\"wp-block-columns is-layout-flex wp-container-core-columns-is-layout-28f84493 wp-block-columns-is-layout-flex\">\n<div class=\"wp-block-column is-layout-constrained wp-block-column-is-layout-constrained\" style=\"flex-basis:50%\">\n<div class=\"wp-block-uagb-container uagb-block-9edd07b8\">\n<div class=\"wp-block-uagb-info-box uagb-block-40c6eae7 uagb-infobox__content-wrap  uagb-infobox-icon-above-title uagb-infobox-image-valign-top\"><div class=\"uagb-ifb-content\"><div class=\"uagb-ifb-image-content\"><img decoding=\"async\" src=\"http:\/\/www.connecteenproject.com\/wp-content\/uploads\/2025\/07\/Logo_positivo_300pp-scaled.jpg\" alt=\"\" width=\"150\" height=\"46\" loading=\"lazy\"\/><\/div><div class=\"uagb-ifb-title-wrap\"><h3 class=\"uagb-ifb-title\"><br\/>Espa\u00f1a<\/h3><\/div><p class=\"uagb-ifb-desc\">Como coordinador del proyecto, INTRAS es una organizaci\u00f3n sin \u00e1nimo de lucro especializada en investigaci\u00f3n e intervenci\u00f3n de alta calidad en el \u00e1mbito de la salud mental. Aportan tres d\u00e9cadas de experiencia en servicios sociales, educativos y de integraci\u00f3n laboral para personas con enfermedades mentales, incluyendo formaci\u00f3n profesional para j\u00f3venes con discapacidades psicosociales. <\/p><\/div><\/div>\n\n\n\n<div class=\"wp-block-buttons is-content-justification-center is-layout-flex wp-container-core-buttons-is-layout-a89b3969 wp-block-buttons-is-layout-flex\">\n<div class=\"wp-block-button\"><a class=\"wp-block-button__link wp-element-button\" href=\"https:\/\/zwjr.pl\/\">intras.es<\/a><\/div>\n<\/div>\n<\/div>\n<\/div>\n\n\n\n<div class=\"wp-block-column is-layout-constrained wp-block-column-is-layout-constrained\" style=\"flex-basis:50%\">\n<div class=\"wp-block-uagb-container uagb-block-b0374157\">\n<div class=\"wp-block-uagb-info-box uagb-block-9c39ab5b uagb-infobox__content-wrap  uagb-infobox-icon-above-title uagb-infobox-image-valign-top\"><div class=\"uagb-ifb-content\"><div class=\"uagb-ifb-image-content\"><img decoding=\"async\" src=\"http:\/\/www.connecteenproject.com\/wp-content\/uploads\/2025\/07\/LYKZ.jpg\" alt=\"\" width=\"150\" height=\"74\" loading=\"lazy\"\/><\/div><div class=\"uagb-ifb-title-wrap\"><h3 class=\"uagb-ifb-title\"><br\/>Noruega<\/h3><\/div><p class=\"uagb-ifb-desc\">Una empresa social centrada en el impacto social y el empoderamiento juvenil. Son los autores de la <strong>metodolog\u00eda FROG<\/strong>, aportando experiencia especializada en coaching educativo, desarrollo de la resiliencia y desarrollo basado en las fortalezas de j\u00f3venes en riesgo. <\/p><\/div><\/div>\n\n\n\n<div class=\"wp-block-buttons is-content-justification-center is-layout-flex wp-container-core-buttons-is-layout-a89b3969 wp-block-buttons-is-layout-flex\">\n<div class=\"wp-block-button\"><a class=\"wp-block-button__link wp-element-button\" href=\"https:\/\/www.lyk-z.no\/nb\/\">lyk-z.no<\/a><\/div>\n<\/div>\n<\/div>\n<\/div>\n\n\n\n<div class=\"wp-block-column is-layout-constrained wp-block-column-is-layout-constrained\" style=\"flex-basis:50%\">\n<div class=\"wp-block-uagb-container uagb-block-fdf3d8ee\">\n<div class=\"wp-block-uagb-info-box uagb-block-e551afa5 uagb-infobox__content-wrap  uagb-infobox-icon-above-title uagb-infobox-image-valign-top\"><div class=\"uagb-ifb-content\"><div class=\"uagb-ifb-image-content\"><img decoding=\"async\" src=\"http:\/\/www.connecteenproject.com\/wp-content\/uploads\/2025\/07\/LTALKABOUTLIFE.jpg\" alt=\"\" width=\"100\" height=\"100\" loading=\"lazy\"\/><\/div><div class=\"uagb-ifb-title-wrap\"><h3 class=\"uagb-ifb-title\">Polonia<\/h3><\/div><p class=\"uagb-ifb-desc\">Fundaci\u00f3n especializada en sensibilizaci\u00f3n y educaci\u00f3n sobre la prevenci\u00f3n del suicidio y la intervenci\u00f3n en crisis. Aportan amplios conocimientos sobre intervenciones comunitarias y programas educativos para el reconocimiento de crisis emocionales y suicidas en ni\u00f1os, ni\u00f1as y adolescentes. <\/p><\/div><\/div>\n\n\n\n<div class=\"wp-block-buttons is-content-justification-center is-layout-flex wp-container-core-buttons-is-layout-a89b3969 wp-block-buttons-is-layout-flex\">\n<div class=\"wp-block-button\"><a class=\"wp-block-button__link wp-element-button\" href=\"https:\/\/zwjr.pl\/\">zwjr.pl<\/a><\/div>\n<\/div>\n<\/div>\n<\/div>\n<\/div>\n<\/div><\/div>\n\n<hr class=\"wp-block-separator has-alpha-channel-opacity is-style-wide\"\/>\n\n<div class=\"wp-block-uagb-container uagb-block-dbf37b22 alignfull uagb-is-root-container\"><div class=\"uagb-container-inner-blocks-wrap\">\n<div class=\"wp-block-columns is-layout-flex wp-container-core-columns-is-layout-28f84493 wp-block-columns-is-layout-flex\">\n<div class=\"wp-block-column is-layout-constrained wp-block-column-is-layout-constrained\" style=\"flex-basis:50%\">\n<div class=\"wp-block-uagb-container uagb-block-e9060c76\">\n<div class=\"wp-block-uagb-info-box uagb-block-22188cd1 uagb-infobox__content-wrap  uagb-infobox-icon-above-title uagb-infobox-image-valign-top\"><div class=\"uagb-ifb-content\"><div class=\"uagb-ifb-image-content\"><img decoding=\"async\" src=\"http:\/\/www.connecteenproject.com\/wp-content\/uploads\/2025\/07\/ZDZ-HORIZONTAL.jpg\" alt=\"\" width=\"150\" height=\"45\" loading=\"lazy\"\/><\/div><div class=\"uagb-ifb-title-wrap\"><h3 class=\"uagb-ifb-title\"><br\/>Polonia<\/h3><\/div><p class=\"uagb-ifb-desc\">Es una organizaci\u00f3n no gubernamental y proveedor experimentado de formaci\u00f3n profesional. Aportan conocimiento local y experiencia pr\u00e1ctica en la implementaci\u00f3n, habiendo trabajado en iniciativas relacionadas con la salud mental, la prevenci\u00f3n del suicidio y la educaci\u00f3n emocional. <\/p><\/div><\/div>\n\n\n\n<div class=\"wp-block-buttons is-content-justification-center is-layout-flex wp-container-core-buttons-is-layout-a89b3969 wp-block-buttons-is-layout-flex\">\n<div class=\"wp-block-button\"><a class=\"wp-block-button__link wp-element-button\" href=\"https:\/\/wmzdz.pl\/\">wmzdz.pl<\/a><\/div>\n<\/div>\n<\/div>\n<\/div>\n\n\n\n<div class=\"wp-block-column is-layout-constrained wp-block-column-is-layout-constrained\" style=\"flex-basis:50%\">\n<div class=\"wp-block-uagb-container uagb-block-83a477c5\">\n<div class=\"wp-block-uagb-info-box uagb-block-af9ecdd9 uagb-infobox__content-wrap  uagb-infobox-icon-above-title uagb-infobox-image-valign-top\"><div class=\"uagb-ifb-content\"><div class=\"uagb-ifb-image-content\"><img decoding=\"async\" src=\"http:\/\/www.connecteenproject.com\/wp-content\/uploads\/2025\/07\/STRENDI-SKOLA-HORIZONTAL.jpg\" alt=\"\" width=\"191\" height=\"49\" loading=\"lazy\"\/><\/div><div class=\"uagb-ifb-title-wrap\"><h3 class=\"uagb-ifb-title\"><br\/>Rep\u00fablica Checa<\/h3><\/div><p class=\"uagb-ifb-desc\">Una escuela de formaci\u00f3n profesional con amplia experiencia que prioriza el desarrollo integral del estudiante. Cuentan con experiencia directa en sistemas de apoyo estudiantil, implementando iniciativas locales relacionadas con la salud mental, la educaci\u00f3n emocional y los servicios de orientaci\u00f3n. <\/p><\/div><\/div>\n\n\n\n<div class=\"wp-block-buttons is-content-justification-center is-layout-flex wp-container-core-buttons-is-layout-a89b3969 wp-block-buttons-is-layout-flex\">\n<div class=\"wp-block-button\"><a class=\"wp-block-button__link wp-element-button\" href=\"https:\/\/www.skolasumperk.cz\/\"><em>skolasumperk.cz<\/em><\/a><\/div>\n<\/div>\n<\/div>\n<\/div>\n\n\n\n<div class=\"wp-block-column is-layout-constrained wp-block-column-is-layout-constrained\" style=\"flex-basis:50%\">\n<div class=\"wp-block-uagb-container uagb-block-64149380\">\n<div class=\"wp-block-uagb-info-box uagb-block-555ae41a uagb-infobox__content-wrap  uagb-infobox-icon-above-title uagb-infobox-image-valign-top\"><div class=\"uagb-ifb-content\"><div class=\"uagb-ifb-image-content\"><img decoding=\"async\" src=\"http:\/\/www.connecteenproject.com\/wp-content\/uploads\/2025\/10\/Techin-brand-Xx.webp\" alt=\"\" width=\"100\" height=\"96\" loading=\"lazy\"\/><\/div><div class=\"uagb-ifb-title-wrap\"><h3 class=\"uagb-ifb-title\">Polonia<\/h3><\/div><p class=\"uagb-ifb-desc\">Un proveedor experimentado de Formaci\u00f3n Profesional (FP). Aportan una perspectiva crucial de la FP y experiencia pr\u00e1ctica en la implementaci\u00f3n de iniciativas de bienestar e inclusi\u00f3n estudiantil. <\/p><\/div><\/div>\n\n\n\n<div class=\"wp-block-buttons is-content-justification-center is-layout-flex wp-container-core-buttons-is-layout-a89b3969 wp-block-buttons-is-layout-flex\">\n<div class=\"wp-block-button\"><a class=\"wp-block-button__link wp-element-button\" href=\"https:\/\/techin.lt\/\">techin.lt<\/a><\/div>\n<\/div>\n<\/div>\n<\/div>\n<\/div>\n<\/div><\/div>\n\n<div class=\"wp-block-group has-contrast-color has-text-color is-vertical is-content-justification-center is-layout-flex wp-container-core-group-is-layout-f306f087 wp-block-group-is-layout-flex\" style=\"min-height:40vh;margin-top:0;margin-bottom:0;padding-top:var(--wp--preset--spacing--60);padding-right:var(--wp--preset--spacing--50);padding-bottom:var(--wp--preset--spacing--60);padding-left:var(--wp--preset--spacing--50)\">\n<div class=\"wp-block-uagb-container uagb-block-3aa8ec73 alignfull uagb-is-root-container\"><div class=\"uagb-container-inner-blocks-wrap\">\n<div class=\"wp-block-columns are-vertically-aligned-center is-layout-flex wp-container-core-columns-is-layout-28f84493 wp-block-columns-is-layout-flex\">\n<div class=\"wp-block-column is-vertically-aligned-center is-layout-constrained wp-block-column-is-layout-constrained\">\n<div class=\"wp-block-uagb-container uagb-block-9f18e00a\"><\/div>\n<\/div>\n\n\n\n<div class=\"wp-block-column is-vertically-aligned-center is-layout-flow wp-block-column-is-layout-flow\"><div style=\"margin-bottom:6px;\" class=\"aligncenter wp-block-site-logo\"><a href=\"http:\/\/www.connecteenproject.com\/es\/\" class=\"custom-logo-link\" rel=\"home\"><img loading=\"lazy\" decoding=\"async\" width=\"168\" height=\"108\" src=\"http:\/\/www.connecteenproject.com\/wp-content\/uploads\/2025\/07\/cropped-connecteen-header-logo.png\" class=\"custom-logo\" alt=\"\" srcset=\"http:\/\/www.connecteenproject.com\/wp-content\/uploads\/2025\/07\/cropped-connecteen-header-logo.png 209w, http:\/\/www.connecteenproject.com\/wp-content\/uploads\/2025\/07\/cropped-connecteen-header-logo-100x65.png 100w\" sizes=\"auto, (max-width: 168px) 100vw, 168px\" \/><\/a><\/div><\/div>\n\n\n\n<div class=\"wp-block-column is-vertically-aligned-center is-layout-flow wp-block-column-is-layout-flow\">\n<div class=\"wp-block-uagb-container uagb-block-5144555b\">\n<p class=\"has-text-align-right has-ast-global-color-0-color has-text-color has-link-color has-small-font-size wp-elements-42c66d8bfa181a24bd7ca62647be58c3\">Co financiado por la Uni\u00f3n Europea Las opiniones expresadas son, sin embargo, \u00fanicamente las del autor o autores y no reflejan necesariamente las de la Uni\u00f3n Europea o la Agencia Ejecutiva Europea de Educaci\u00f3n y Cultura (EACEA). Ni la Uni\u00f3n Europea ni la EACEA pueden ser consideradas responsables de las mismas.  <\/p>\n<\/div>\n<\/div>\n<\/div>\n<\/div><\/div>\n<\/div>\n\n<div class=\"wp-block-uagb-container uagb-block-bfb606b3 alignfull uagb-is-root-container\"><div class=\"uagb-container-inner-blocks-wrap\">\n<p class=\"has-text-align-center has-ast-global-color-4-color has-text-color has-link-color has-small-font-size wp-elements-2056cf4a636d40a1aba788583542ac0f\"><a href=\"http:\/\/www.connecteenproject.com\/connectteenproject-privacy-policy\/\">Pol\u00edtica de privacidad<\/a> | <a href=\"http:\/\/www.connecteenproject.com\/es\/politica-de-cookies\/\">Pol\u00edtica de cookies<\/a> | <a href=\"http:\/\/www.connecteenproject.com\/es\/aviso-legal\/\">Aviso legal<\/a><\/p>\n<\/div><\/div>\n","protected":false},"excerpt":{"rendered":"<p>Co financiado por la Uni\u00f3n Europea Las opiniones expresadas son, sin embargo, \u00fanicamente las del autor o autores y no [&hellip;]<\/p>\n","protected":false},"author":1,"featured_media":0,"parent":0,"menu_order":0,"comment_status":"closed","ping_status":"closed","template":"","meta":{"_coblocks_attr":"","_coblocks_dimensions":"","_coblocks_responsive_height":"","_coblocks_accordion_ie_support":"","_uag_custom_page_level_css":"","site-sidebar-layout":"default","site-content-layout":"","ast-site-content-layout":"default","site-content-style":"default","site-sidebar-style":"default","ast-global-header-display":"","ast-banner-title-visibility":"","ast-main-header-display":"","ast-hfb-above-header-display":"","ast-hfb-below-header-display":"","ast-hfb-mobile-header-display":"","site-post-title":"disabled","ast-breadcrumbs-content":"","ast-featured-img":"","footer-sml-layout":"","ast-disable-related-posts":"","theme-transparent-header-meta":"","adv-header-id-meta":"","stick-header-meta":"","header-above-stick-meta":"","header-main-stick-meta":"","header-below-stick-meta":"","astra-migrate-meta-layouts":"default","ast-page-background-enabled":"default","ast-page-background-meta":{"desktop":{"background-color":"var(--ast-global-color-5)","background-image":"","background-repeat":"repeat","background-position":"center center","background-size":"auto","background-attachment":"scroll","background-type":"","background-media":"","overlay-type":"","overlay-color":"","overlay-opacity":"","overlay-gradient":""},"tablet":{"background-color":"","background-image":"","background-repeat":"repeat","background-position":"center center","background-size":"auto","background-attachment":"scroll","background-type":"","background-media":"","overlay-type":"","overlay-color":"","overlay-opacity":"","overlay-gradient":""},"mobile":{"background-color":"","background-image":"","background-repeat":"repeat","background-position":"center center","background-size":"auto","background-attachment":"scroll","background-type":"","background-media":"","overlay-type":"","overlay-color":"","overlay-opacity":"","overlay-gradient":""}},"ast-content-background-meta":{"desktop":{"background-color":"var(--ast-global-color-4)","background-image":"","background-repeat":"repeat","background-position":"center center","background-size":"auto","background-attachment":"scroll","background-type":"","background-media":"","overlay-type":"","overlay-color":"","overlay-opacity":"","overlay-gradient":""},"tablet":{"background-color":"var(--ast-global-color-4)","background-image":"","background-repeat":"repeat","background-position":"center center","background-size":"auto","background-attachment":"scroll","background-type":"","background-media":"","overlay-type":"","overlay-color":"","overlay-opacity":"","overlay-gradient":""},"mobile":{"background-color":"var(--ast-global-color-4)","background-image":"","background-repeat":"repeat","background-position":"center center","background-size":"auto","background-attachment":"scroll","background-type":"","background-media":"","overlay-type":"","overlay-color":"","overlay-opacity":"","overlay-gradient":""}},"footnotes":""},"class_list":["post-862","page","type-page","status-publish","hentry"],"yoast_head":"<!-- This site is optimized with the Yoast SEO plugin v26.6 - https:\/\/yoast.com\/wordpress\/plugins\/seo\/ -->\n<title>Somos -<\/title>\n<meta name=\"robots\" content=\"index, follow, max-snippet:-1, max-image-preview:large, max-video-preview:-1\" \/>\n<link rel=\"canonical\" href=\"http:\/\/www.connecteenproject.com\/es\/somos\/\" \/>\n<meta property=\"og:locale\" content=\"es_ES\" \/>\n<meta property=\"og:type\" content=\"article\" \/>\n<meta property=\"og:title\" content=\"Somos -\" \/>\n<meta property=\"og:description\" content=\"Co financiado por la Uni\u00f3n Europea Las opiniones expresadas son, sin embargo, \u00fanicamente las del autor o autores y no [&hellip;]\" \/>\n<meta property=\"og:url\" content=\"http:\/\/www.connecteenproject.com\/es\/somos\/\" \/>\n<meta property=\"article:modified_time\" content=\"2025-10-30T11:37:30+00:00\" \/>\n<meta property=\"og:image\" content=\"http:\/\/www.connecteenproject.com\/wp-content\/uploads\/2025\/07\/Logo_positivo_300pp-scaled.jpg\" \/>\n<meta name=\"twitter:card\" content=\"summary_large_image\" \/>\n<meta name=\"twitter:label1\" content=\"Tiempo de lectura\" \/>\n\t<meta name=\"twitter:data1\" content=\"2 minutos\" \/>\n<script type=\"application\/ld+json\" class=\"yoast-schema-graph\">{\"@context\":\"https:\/\/schema.org\",\"@graph\":[{\"@type\":\"WebPage\",\"@id\":\"http:\/\/www.connecteenproject.com\/es\/somos\/\",\"url\":\"http:\/\/www.connecteenproject.com\/es\/somos\/\",\"name\":\"Somos -\",\"isPartOf\":{\"@id\":\"http:\/\/www.connecteenproject.com\/es\/#website\"},\"primaryImageOfPage\":{\"@id\":\"http:\/\/www.connecteenproject.com\/es\/somos\/#primaryimage\"},\"image\":{\"@id\":\"http:\/\/www.connecteenproject.com\/es\/somos\/#primaryimage\"},\"thumbnailUrl\":\"http:\/\/www.connecteenproject.com\/wp-content\/uploads\/2025\/07\/Logo_positivo_300pp-scaled.jpg\",\"datePublished\":\"2025-06-30T12:38:46+00:00\",\"dateModified\":\"2025-10-30T11:37:30+00:00\",\"breadcrumb\":{\"@id\":\"http:\/\/www.connecteenproject.com\/es\/somos\/#breadcrumb\"},\"inLanguage\":\"es\",\"potentialAction\":[{\"@type\":\"ReadAction\",\"target\":[\"http:\/\/www.connecteenproject.com\/es\/somos\/\"]}]},{\"@type\":\"ImageObject\",\"inLanguage\":\"es\",\"@id\":\"http:\/\/www.connecteenproject.com\/es\/somos\/#primaryimage\",\"url\":\"http:\/\/www.connecteenproject.com\/wp-content\/uploads\/2025\/07\/Logo_positivo_300pp-scaled.jpg\",\"contentUrl\":\"http:\/\/www.connecteenproject.com\/wp-content\/uploads\/2025\/07\/Logo_positivo_300pp-scaled.jpg\"},{\"@type\":\"BreadcrumbList\",\"@id\":\"http:\/\/www.connecteenproject.com\/es\/somos\/#breadcrumb\",\"itemListElement\":[{\"@type\":\"ListItem\",\"position\":1,\"name\":\"Portada\",\"item\":\"http:\/\/www.connecteenproject.com\/es\/\"},{\"@type\":\"ListItem\",\"position\":2,\"name\":\"Somos\"}]},{\"@type\":\"WebSite\",\"@id\":\"http:\/\/www.connecteenproject.com\/es\/#website\",\"url\":\"http:\/\/www.connecteenproject.com\/es\/\",\"name\":\"\",\"description\":\"Connecteen project\",\"potentialAction\":[{\"@type\":\"SearchAction\",\"target\":{\"@type\":\"EntryPoint\",\"urlTemplate\":\"http:\/\/www.connecteenproject.com\/es\/?s={search_term_string}\"},\"query-input\":{\"@type\":\"PropertyValueSpecification\",\"valueRequired\":true,\"valueName\":\"search_term_string\"}}],\"inLanguage\":\"es\"}]}<\/script>\n<!-- \/ Yoast SEO plugin. -->","yoast_head_json":{"title":"Somos -","robots":{"index":"index","follow":"follow","max-snippet":"max-snippet:-1","max-image-preview":"max-image-preview:large","max-video-preview":"max-video-preview:-1"},"canonical":"http:\/\/www.connecteenproject.com\/es\/somos\/","og_locale":"es_ES","og_type":"article","og_title":"Somos -","og_description":"Co financiado por la Uni\u00f3n Europea Las opiniones expresadas son, sin embargo, \u00fanicamente las del autor o autores y no [&hellip;]","og_url":"http:\/\/www.connecteenproject.com\/es\/somos\/","article_modified_time":"2025-10-30T11:37:30+00:00","og_image":[{"url":"http:\/\/www.connecteenproject.com\/wp-content\/uploads\/2025\/07\/Logo_positivo_300pp-scaled.jpg","type":"","width":"","height":""}],"twitter_card":"summary_large_image","twitter_misc":{"Tiempo de lectura":"2 minutos"},"schema":{"@context":"https:\/\/schema.org","@graph":[{"@type":"WebPage","@id":"http:\/\/www.connecteenproject.com\/es\/somos\/","url":"http:\/\/www.connecteenproject.com\/es\/somos\/","name":"Somos -","isPartOf":{"@id":"http:\/\/www.connecteenproject.com\/es\/#website"},"primaryImageOfPage":{"@id":"http:\/\/www.connecteenproject.com\/es\/somos\/#primaryimage"},"image":{"@id":"http:\/\/www.connecteenproject.com\/es\/somos\/#primaryimage"},"thumbnailUrl":"http:\/\/www.connecteenproject.com\/wp-content\/uploads\/2025\/07\/Logo_positivo_300pp-scaled.jpg","datePublished":"2025-06-30T12:38:46+00:00","dateModified":"2025-10-30T11:37:30+00:00","breadcrumb":{"@id":"http:\/\/www.connecteenproject.com\/es\/somos\/#breadcrumb"},"inLanguage":"es","potentialAction":[{"@type":"ReadAction","target":["http:\/\/www.connecteenproject.com\/es\/somos\/"]}]},{"@type":"ImageObject","inLanguage":"es","@id":"http:\/\/www.connecteenproject.com\/es\/somos\/#primaryimage","url":"http:\/\/www.connecteenproject.com\/wp-content\/uploads\/2025\/07\/Logo_positivo_300pp-scaled.jpg","contentUrl":"http:\/\/www.connecteenproject.com\/wp-content\/uploads\/2025\/07\/Logo_positivo_300pp-scaled.jpg"},{"@type":"BreadcrumbList","@id":"http:\/\/www.connecteenproject.com\/es\/somos\/#breadcrumb","itemListElement":[{"@type":"ListItem","position":1,"name":"Portada","item":"http:\/\/www.connecteenproject.com\/es\/"},{"@type":"ListItem","position":2,"name":"Somos"}]},{"@type":"WebSite","@id":"http:\/\/www.connecteenproject.com\/es\/#website","url":"http:\/\/www.connecteenproject.com\/es\/","name":"","description":"Connecteen project","potentialAction":[{"@type":"SearchAction","target":{"@type":"EntryPoint","urlTemplate":"http:\/\/www.connecteenproject.com\/es\/?s={search_term_string}"},"query-input":{"@type":"PropertyValueSpecification","valueRequired":true,"valueName":"search_term_string"}}],"inLanguage":"es"}]}},"uagb_featured_image_src":{"full":false,"thumbnail":false,"medium":false,"medium_large":false,"large":false,"course_archive_thumbnail":false,"course_single_thumbnail":false,"lesson_archive_thumbnail":false,"lesson_single_thumbnail":false,"1536x1536":false,"2048x2048":false,"woocommerce_thumbnail":false,"woocommerce_single":false,"woocommerce_gallery_thumbnail":false},"uagb_author_info":{"display_name":"juliacunyADMIN","author_link":"http:\/\/www.connecteenproject.com\/es\/author\/juliacunyadmin\/"},"uagb_comment_info":0,"uagb_excerpt":"Co financiado por la Uni\u00f3n Europea Las opiniones expresadas son, sin embargo, \u00fanicamente las del autor o autores y no [&hellip;]","_links":{"self":[{"href":"http:\/\/www.connecteenproject.com\/es\/wp-json\/wp\/v2\/pages\/862","targetHints":{"allow":["GET"]}}],"collection":[{"href":"http:\/\/www.connecteenproject.com\/es\/wp-json\/wp\/v2\/pages"}],"about":[{"href":"http:\/\/www.connecteenproject.com\/es\/wp-json\/wp\/v2\/types\/page"}],"author":[{"embeddable":true,"href":"http:\/\/www.connecteenproject.com\/es\/wp-json\/wp\/v2\/users\/1"}],"replies":[{"embeddable":true,"href":"http:\/\/www.connecteenproject.com\/es\/wp-json\/wp\/v2\/comments?post=862"}],"version-history":[{"count":1,"href":"http:\/\/www.connecteenproject.com\/es\/wp-json\/wp\/v2\/pages\/862\/revisions"}],"predecessor-version":[{"id":866,"href":"http:\/\/www.connecteenproject.com\/es\/wp-json\/wp\/v2\/pages\/862\/revisions\/866"}],"wp:attachment":[{"href":"http:\/\/www.connecteenproject.com\/es\/wp-json\/wp\/v2\/media?parent=862"}],"curies":[{"name":"wp","href":"https:\/\/api.w.org\/{rel}","templated":true}]}}