{"id":1250,"date":"2025-06-26T11:51:54","date_gmt":"2025-06-26T09:51:54","guid":{"rendered":"http:\/\/www.connecteenproject.com\/privatumo-politika-2\/"},"modified":"2025-11-06T13:35:11","modified_gmt":"2025-11-06T12:35:11","slug":"privatumo-politika-2","status":"publish","type":"page","link":"http:\/\/www.connecteenproject.com\/lt\/privatumo-politika-2\/","title":{"rendered":"Privatumo politika"},"content":{"rendered":"\n<h2 class=\"wp-block-heading\">U\u017d DUOMEN\u0172 TVARKYM\u0104 ATSAKINGO ASMENS IR D.P.O. DUOMENYS<\/h2>\n\n<p>\u2022 Subjekto pavadinimas: FUNDACI\u00d3N INTRAS<br\/>\u2022 Adresas: St. Mart\u00edn Santos Romero 1. 47016 Valladolid, Ispanija.<br\/>\u2022 Telefonas: 983 399 633<br\/>\u2022 El. pa\u0161tas: <a href=\"mailto:intras@intras.es\">intras@intras.es<\/a><br\/>\u2022 CIF: G-47345061<br\/>\u2022 Registras: Socialini\u0173 reikal\u0173 ministerijos 1995 m. kovo 2 d. \u012fsakymu (BOE Nr. 75), i\u0161duotu 1995 m. kovo 29 d., priskirta priva\u010diai labdaros organizacijai, teikian\u010diai labdaros paslaugas. Fond\u0173 protektorato registro Nr. 47\/0102.<br\/>\u2022 Duomen\u0173 apsaugos pareig\u016bnas: jei norite susisiekti su m\u016bs\u0173 duomen\u0173 apsaugos pareig\u016bnu d\u0117l bet kokio klausimo, susijusio su j\u016bs\u0173 duomen\u0173 tvarkymu, galite tai padaryti naudodami toliau pateiktus duomenis: St. Mart\u00edn Santos Romero 1. 47016 Valladolid, <a href=\"mailto:intras@intras.es\">intras@intras.es<\/a>   <\/p>\n\n<h3 class=\"wp-block-heading\">ASMENS DUOMEN\u0172 TVARKYMO TIKSLAI<\/h3>\n\n<p><strong><u><strong><u>ASMENS<\/u><\/strong> DUOMEN\u0172 TVARKYMO TIKSLAI<\/u><\/strong><\/p>\n\n<ol class=\"wp-block-list\">\n<li><strong>Kontakt\u0173 ir reklamos valdymas:<\/strong>\n<ol class=\"wp-block-list\">\n<li>Tikslas.\n<ul class=\"wp-block-list\">\n<li>Susisiekite su potencialiais klientais ar susidom\u0117jusiais asmenimis.<\/li>\n\n\n\n<li>Atsakyti \u012f j\u016bs\u0173 informacijos \/ paslaug\u0173 u\u017eklaus\u0105, pateikt\u0105 bet kokiomis priemon\u0117mis arba kontaktine forma.<\/li>\n\n\n\n<li>Si\u0173sti produktus, prane\u0161imus ir informacij\u0105 \u012fvairiomis priemon\u0117mis, \u012fskaitant elektronines.<\/li>\n<\/ul>\n<\/li>\n\n\n\n<li>Teis\u0117tumas. J\u016bs\u0173 duomen\u0173 tvarkymo teis\u0117tumas yra suinteresuotos \u0161alies teis\u0117tas interesas ir sutikimas. <\/li>\n\n\n\n<li>Gav\u0117jas. Duomenys nebus perduodami tre\u010diosioms \u0161alims, i\u0161skyrus atvejus, kai to reikalaujama pagal teisin\u0119 prievol\u0119. <\/li>\n<\/ol>\n<\/li>\n\n\n\n<li><strong>Gyvenimo apra\u0161ym\u0173 ir parai\u0161k\u0173 pateikimas<\/strong>\n<ol class=\"wp-block-list\">\n<li>Tikslas. Valdyti vykdomus personalo atrankos procesus.<\/li>\n\n\n\n<li>Teis\u0117tumas. Asmens duomen\u0173 tvarkymo teis\u0117tumas grind\u017eiamas ai\u0161kiu suinteresuotos \u0161alies sutikimu. <\/li>\n\n\n\n<li><strong>Gav\u0117jas<\/strong>. Duomenys nebus perduodami tre\u010diosioms \u0161alims, i\u0161skyrus atvejus, kai to reikalaujama pagal teisin\u0119 prievol\u0119. <\/li>\n<\/ol>\n<\/li>\n\n\n\n<li><strong>I\u0161skirtinai profesionaliems kontaktams.<\/strong>\n<ol class=\"wp-block-list\">\n<li>Tikslas. J\u016bs\u0173 asmens duomenis tvarkome siekdami palaikyti profesinius santykius tarp m\u016bs\u0173.<\/li>\n\n\n\n<li>Teis\u0117tumas. J\u016bs\u0173 duomen\u0173 tvarkymo teis\u0117tumas yra teis\u0117tas interesas. <\/li>\n\n\n\n<li>Gav\u0117jas. Duomenys nebus perduodami tre\u010diosioms \u0161alims, i\u0161skyrus atvejus, kai to reikalaujama pagal teisin\u0119 prievol\u0119. <\/li>\n<\/ol>\n<\/li>\n\n\n\n<li><strong>Saugumas.<\/strong>\n<ol class=\"wp-block-list\">\n<li>Tikslas. \u017dmoni\u0173, preki\u0173 ir \u012frengini\u0173, priva\u017eiavimo ir apsilankym\u0173 kontrol\u0117 ir garantavimas.<\/li>\n\n\n\n<li>Teis\u0117tumas. Vie\u0161asis interesas, teis\u0117tas interesas ir sutikimas (tai taikoma tuo atveju, jei vykdoma apsilankym\u0173 prieigos kontrol\u0117). <\/li>\n\n\n\n<li>Gav\u0117jas. Duomenys nebus perduodami tre\u010diosioms \u0161alims, i\u0161skyrus atvejus, kai to reikalaujama pagal teisin\u0119 prievol\u0119. <\/li>\n<\/ol>\n<\/li>\n\n\n\n<li><strong>Elgimasis su m\u016bs\u0173 geradariais ir savanori\u0161komis aukomis.<\/strong>\n<ol class=\"wp-block-list\">\n<li>Tikslas. Mes tvarkome duomenis, kad gal\u0117tume valdyti \u012fsipareigojimus, kylan\u010dius i\u0161 j\u016bs\u0173 savanori\u0161kos aukos \/ \u012fna\u0161o.<\/li>\n\n\n\n<li>\u012eteisinimas. Laikytis \u012fsipareigojim\u0173, kylan\u010di\u0173 i\u0161 j\u0173 savanori\u0161ko \u012fna\u0161o. <\/li>\n\n\n\n<li>Gav\u0117jas. Duomenys nebus perduodami tre\u010diosioms \u0161alims, i\u0161skyrus atvejus, kai to reikalaujama pagal teisin\u0119 prievol\u0119. <\/li>\n<\/ol>\n<\/li>\n\n\n\n<li><strong>\u017dmogi\u0161kieji i\u0161tekliai<\/strong>\n<ol class=\"wp-block-list\">\n<li>Tikslas. \u2013 Esam\u0173 darbo santyki\u0173 valdymas: darbo \u012fra\u0161\u0173, atlyginim\u0173 lapeli\u0173 ir darbuotoj\u0173 socialin\u0117s veiklos valdymas, darbo ie\u0161kini\u0173, administracini\u0173 ie\u0161kini\u0173 nagrin\u0117jimas, taip pat valand\u0173 ar pravaik\u0161t\u0173 kontrol\u0117.<\/li>\n\n\n\n<li>Teis\u0117tumas. Sutikimas, teisin\u0117s prievol\u0117s laikymasis, sutarties vykdymas ir teis\u0117tas interesas. <\/li>\n\n\n\n<li>Gav\u0117jas. Duomenys nebus perduodami tre\u010diosioms \u0161alims, i\u0161skyrus atvejus, kai to reikalaujama pagal teisin\u0119 prievol\u0119. <\/li>\n<\/ol>\n<\/li>\n\n\n\n<li><strong>D\u0117mesys suinteresuotos \u0161alies teis\u0117ms.<\/strong>\n<ol class=\"wp-block-list\">\n<li>Tikslas. \u2013 Atsakyti \u012f suinteresuot\u0173 \u0161ali\u0173 pra\u0161ymus, susijusius su Bendrojo duomen\u0173 apsaugos reglamento nustatytomis teis\u0117mis.<\/li>\n\n\n\n<li>\u012eteisinimas. Teisin\u0117s prievol\u0117s laikymasis. <\/li>\n\n\n\n<li>Gav\u0117jas. Duomenys nebus perduodami tre\u010diosioms \u0161alims, i\u0161skyrus atvejus, kai to reikalaujama pagal teisin\u0119 prievol\u0119. <\/li>\n<\/ol>\n<\/li>\n\n\n\n<li><strong>Saugumo pa\u017eeidim\u0173 valdymas<\/strong>\n<ol class=\"wp-block-list\">\n<li>Tikslas. \u2013 Saugumo sprag\u0173 valdymas ir vertinimas.<\/li>\n\n\n\n<li>\u012eteisinimas. Teisini\u0173 ar sutartini\u0173 \u012fsipareigojim\u0173 laikymasis. <\/li>\n\n\n\n<li>Gav\u0117jas. Duomenys nebus perduodami tre\u010diosioms \u0161alims, i\u0161skyrus atvejus, kai to reikalaujama pagal teisin\u0119 prievol\u0119. <\/li>\n<\/ol>\n<\/li>\n\n\n\n<li><strong>Fondo paslaugos ir klientai:<\/strong>\n<ol class=\"wp-block-list\">\n<li>Tikslas. \u2013 Su Fondo tikslu susijusi\u0173 projekt\u0173 valdymas ir vartotoj\u0173 \/ klient\u0173 dalyvavimas Fondo vadovaujamoje arba integruotoje veikloje (prie\u017ei\u016bros paslaugos, mokymai, gyvenamieji centrai, technologin\u0117s paslaugos, laisvalaikio paslaugos, \u012fdarbinimo paslaugos ir darbo orientavimas).<\/li>\n\n\n\n<li>Teis\u0117tumas. Esam\u0173 santyki\u0173 tarp \u0161ali\u0173 (sutartini\u0173 arba ikisutartini\u0173) vykdymas ir pl\u0117tojimas. Suinteresuot\u0173j\u0173 \u0161ali\u0173 arba j\u0173 atstov\u0173 sutikimas. Tvarkymas, b\u016btinas teisinei prievolei ir teis\u0117tam interesui \u012fvykdyti.   <\/li>\n\n\n\n<li>Gav\u0117jas. Duomenys nebus perduodami tre\u010diosioms \u0161alims, i\u0161skyrus atvejus, kai to reikalaujama pagal teisin\u0119 prievol\u0119. <\/li>\n<\/ol>\n<\/li>\n<\/ol>\n\n<h3 class=\"wp-block-heading\">DUOMEN\u0172 TVARKYMO TEIS\u0116S<\/h3>\n\n<p>J\u016bs turite teis\u0119 susipa\u017einti su savo asmens duomenimis, juos i\u0161taisyti arba i\u0161trinti, apriboti j\u0173 tvarkym\u0105, nesutikti su tvarkymu, teis\u0119 \u012f duomen\u0173 perkeliamum\u0105, at\u0161aukti savo sutikim\u0105, nesutikti su reklama. \u017dr. <a href=\"http:\/\/www.connecteenproject.com\/politica-privacidad-y-proteccion-de-datos\/\"> <\/a><a href=\"http:\/\/www.connecteenproject.com\/lt\/privatumo-politika-2\/\">www.connecteenproject.com\/privacy-policy <\/a>arba atsaking\u0173 asmen\u0173 adresais.<\/p>\n\n<h3 class=\"wp-block-heading\">PAPILDOMA INFORMACIJA APIE DUOMEN\u0172 APSAUG\u0104<\/h3>\n\n<p>Duomenys, kuriuos galime rinkti jums naudojantis svetaine, joje nar\u0161ant, u\u017epildant m\u016bs\u0173 formas, el. pa\u0161tu arba vykdant jus su mumis siejan\u010dius sutartinius santykius, yra asmens duomenys. Pildant kiekvien\u0105 informacijos rinkimo form\u0105, j\u016bs\u0173 bus pra\u0161oma pateikti duomenis, kurie gali b\u016bti \u012fvardyti kaip privalomi, ir kuri\u0173 nepateikus, negal\u0117site \u012fgyvendinti kiekvienoje i\u0161 form\u0173 ar dokument\u0173, kuriuos reikia u\u017epildyti.  <br\/>Kartais informuojame, kad tiesiog naudojantis ir nar\u0161ant m\u016bs\u0173 svetain\u0117je, siun\u010diant el. lai\u0161kus, informacija gali b\u016bti \u012ftraukta \u012f m\u016bs\u0173 duomen\u0173 bazes. Apie tai esate informuoti m\u016bs\u0173 slapuk\u0173 politikoje.<br\/>Duomen\u0173 tvarkymo atsakingas asmuo pasilieka teis\u0119 bet kuriuo metu keisti arba pritaikyti \u0161i\u0105 privatumo politik\u0105. Tod\u0117l rekomenduojame j\u0105 per\u017ei\u016br\u0117ti kiekvien\u0105 kart\u0105, kai lankot\u0117s svetain\u0117je. Jei vartotojas u\u017esiregistravo svetain\u0117je ir prisijungia prie savo paskyros ar profilio, prisijungdamas prie jos, jis bus informuotas apie esminius jo asmens duomen\u0173 tvarkymo pakeitimus.    <\/p>\n\n<p><strong>Kiek laiko saugosime j\u016bs\u0173 asmens duomenis?<\/strong><\/p>\n\n<figure class=\"wp-block-table\"><table class=\"has-fixed-layout\"><tbody><tr><td><strong>DUOMEN\u0172 TVARKYMAS<\/strong><\/td><td><strong>DUOMEN\u0172 SAUGOJIMO LAIKAS<\/strong><\/td><\/tr><tr><td><strong>Kontaktin\u0117 forma su galimybe atnaujinti reklam\u0105<\/strong><\/td><td><strong>J\u016bs sutinkate <\/strong><strong>gauti reklam\u0105<\/strong><\/td><td>J\u016bs\u0173 asmens duomenys bus tvarkomi tol, kol nebus at\u0161auktas \u0161iuo tikslu duotas sutikimas.<\/td><\/tr><tr><td>\u00a0<\/td><td><strong>Nesutikti gauti reklamos<\/strong><\/td><td>J\u016bs\u0173 asmens duomenys bus tvarkomi tiek laiko, kiek b\u016btina j\u016bs\u0173 pra\u0161ymui \u012fvykdyti.<\/td><\/tr><tr><td><strong>Mokymo programos ir parai\u0161kos<\/strong><\/td><td>Darbo ie\u0161kan\u010di\u0173 asmen\u0173 asmens duomenys bus saugomi ne ilgiau kaip VIENERIUS METUS nuo parai\u0161kos ir (arba) gyvenimo apra\u0161ymo gavimo dienos.<\/td><\/tr><tr><td><strong>I\u0161skirtinai profesionaliems kontaktams.<\/strong><\/td><td>Darbo ie\u0161kan\u010di\u0173 asmen\u0173 asmens duomenys bus saugomi ne ilgiau kaip VIENERIUS METUS nuo parai\u0161kos ir (arba) gyvenimo apra\u0161ymo gavimo dienos.<\/td><\/tr><tr><td><strong>I\u0161skirtinai profesionaliems kontaktams.<\/strong><\/td><td>Iki m\u016bs\u0173 profesini\u0173 santyki\u0173 pabaigos arba iki tol, kol nuspr\u0119site at\u0161aukti arba nesutikti su j\u016bs\u0173 kontaktini\u0173 duomen\u0173 tvarkymu.<\/td><\/tr><tr><td><strong>Vaizdo steb\u0117jimo sistemos<\/strong><\/td><td>\u012era\u0161ai bus saugomi VIEN\u0104 M\u0116NES\u012e nuo j\u0173 \u012fra\u0161ymo.<\/td><\/tr><tr><td><strong>Elgimasis su m\u016bs\u0173 geradariais ir savanori\u0161komis aukomis.<\/strong><\/td><td>Jie bus saugomi iki kit\u0173 met\u0173 sausio m\u0117nesio, kol bus \u012fvykdytas savanori\u0161kas \u012fna\u0161as, ir teisini\u0173 veiksm\u0173 senaties termino metu.<\/td><\/tr><tr><td><strong>\u017dmogi\u0161kieji i\u0161tekliai<\/strong><\/td><td>J\u016bs\u0173 asmens duomenys bus tvarkomi iki sutartini\u0173 santyki\u0173 pabaigos ir ie\u0161kinio senaties termino.<\/td><\/tr><tr><td><strong>D\u0117mesys duomen\u0173 subjekt\u0173 teis\u0117ms ir saugumo sprag\u0173 valdymas<\/strong><\/td><td>J\u016bs\u0173 asmens duomenys bus tvarkomi iki ie\u0161kinio ar proceso pabaigos, taip pat ie\u0161kinio senaties termino metu.<\/td><\/tr><tr><td><strong>Fondo paslaugos:<\/strong><\/td><td>J\u016bs\u0173 asmens duomenys bus tvarkomi iki paslaugos teikimo pabaigos ir teisini\u0173 veiksm\u0173 senaties termino metu.<\/td><\/tr><\/tbody><\/table><\/figure>\n\n<p>Jie bus saugomi tiek laiko, kiek reikia tikslui, kuriam jie buvo surinkti, \u012fgyvendinti ir nustatyti galim\u0105 atsakomyb\u0119, kylan\u010di\u0105 i\u0161 min\u0117to tikslo ir duomen\u0173 tvarkymo, ir bus prieinami tik teis\u0117jams ir tribunolams, Fiskalinei ministerijai, vald\u017eios institucijoms ir kompetentingoms \u012fstaigoms, laikantis atsakomyb\u0117s senaties termino.<\/p>\n\n<ul class=\"wp-block-list\">\n<li>Ekonominiai duomenys bus saugomi pagal 2003 m. gruod\u017eio 17 d. Bendrojo mokes\u010di\u0173 \u012fstatymo Nr. 58\/2003 nuostatas. Pasibaigus \u0161iems sutartiniams santykiams, j\u016bs\u0173 duomenys bus saugomi 4 metus laikantis Bendrojo mokes\u010di\u0173 \u012fstatymo nuostat\u0173. <\/li>\n\n\n\n<li>Komerciniais tikslais, pasibaigus \u0161iems sutartiniams santykiams, j\u016bs\u0173 duomenys bus saugomi 6 metus laikantis 1885 m. rugpj\u016b\u010dio 22 d. Karali\u0161kojo dekreto, kuriuo patvirtintas Komercinis kodeksas, nuostat\u0173.<\/li>\n\n\n\n<li>Pinig\u0173 plovimo prevencijos tikslais j\u016bs\u0173 duomenys gali b\u016bti saugomi 10 met\u0173.<\/li>\n\n\n\n<li>Civiliniais tikslais, pasibaigus \u0161iems sutartiniams santykiams, j\u016bs\u0173 duomenys bus saugomi \u012fstatym\u0173 nustatyt\u0105 atsakomyb\u0117s senaties termin\u0105.<\/li>\n\n\n\n<li>Darbo duomenys bus saugomi teisini\u0173 veiksm\u0173, \u012fskaitant ir darbo srities veiksmus, senaties laikotarpiu.<\/li>\n<\/ul>\n\n<p><strong>Kokiems gav\u0117jams bus perduoti j\u016bs\u0173 duomenys?<\/strong><br\/>Kaip nurodyta pagrindin\u0117je informacijoje, jokie duomenys nebus perduodami tre\u010diosioms \u0161alims, i\u0161skyrus atvejus, kai to reikalauja teisin\u0117 prievol\u0117 ir yra suinteresuotos \u0161alies sutikimas. Tais atvejais, kai tai b\u016btina, duomenys gali b\u016bti perduoti \u012fstaigoms, vykdan\u010dioms teisin\u0119 prievol\u0119, pavyzd\u017eiui: <\/p>\n\n<ol class=\"wp-block-list\">\n<li>Administracijos (pvz., mokes\u010di\u0173, darbo, socialinio draudimo ir kt.)<\/li>\n\n\n\n<li>K\u016bnai ir saugumo paj\u0117gos.<\/li>\n\n\n\n<li>Atitinkamoms bankininkyst\u0117s ir finans\u0173 \u012fstaigoms, kad jos \u017einot\u0173 apie mok\u0117jimus.<\/li>\n\n\n\n<li>Sveikatos centrai ir savitarpio draudimo bendrov\u0117s.<\/li>\n\n\n\n<li>Teismai ir tribunolai<\/li>\n<\/ol>\n\n<p><strong>\u012era\u0161ai bus saugomi VIEN\u0104 M\u0116NES\u012e nuo j\u0173 \u012fra\u0161ymo. Kokios yra j\u016bs\u0173 teis\u0117s, susijusios su duomen\u0173 tvarkymu?<\/strong><br\/>J\u016bs, kaip duomen\u0173 subjektas, turite teis\u0119 gauti patvirtinim\u0105 apie j\u016bs\u0173 duomen\u0173 tvarkym\u0105, susipa\u017einti su savo asmens duomenimis, pra\u0161yti i\u0161taisyti netikslius duomenis arba, jei reikia, pra\u0161yti juos i\u0161trinti, kai, be kit\u0173 prie\u017eas\u010di\u0173, duomenys neb\u0117ra reikalingi tikslams, kuriems jie buvo surinkti, arba j\u016bs, kaip duomen\u0173 subjektas, at\u0161aukiate sutikim\u0105.<br\/>\u0160is subjektas tvarkys ir saugos j\u016bs\u0173 duomenis pagal galiojan\u010dius teis\u0117s aktus, nepa\u017eeid\u017eiant to, kad j\u016bs, kaip suinteresuota \u0161alis, bet kuriuo atveju galite pra\u0161yti apriboti savo duomen\u0173 tvarkym\u0105. Tam tikrais atvejais galite pasinaudoti savo teise \u012f duomen\u0173 perkeliamum\u0105, kurie bus pateikti jums arba j\u016bs\u0173 paskirtam naujam duomen\u0173 valdytojui strukt\u016brizuotu, \u012fprastai naudojamu arba kompiuterio skaitomu formatu.<br\/>Tur\u0117site teis\u0119 bet kuriuo metu at\u0161aukti sutikim\u0105 d\u0117l bet kurio i\u0161 j\u016bs\u0173 duot\u0173 duomen\u0173 tvarkymo veiksm\u0173.<br\/>Nor\u0117dami pasinaudoti savo teis\u0117mis, susisiekite su mumis nurodytais adresais.<br\/>Turime formas visoms auk\u0161\u010diau nurodytoms teis\u0117ms \u012fgyvendinti, ta\u010diau taip pat galite naudoti Ispanijos duomen\u0173 apsaugos agent\u016bros parengtas formas.<br\/>Tur\u0117site teis\u0119 pateikti skund\u0105 Ispanijos duomen\u0173 apsaugos agent\u016brai, jei manote, kad j\u016bs\u0173 teis\u0117mis nebuvo tinkamai pasinaudota. Ilgiausias sprendimo laikotarpis bus vienas m\u0117nuo nuo j\u016bs\u0173 pra\u0161ymo gavimo dienos.<br\/>Jei j\u016bs\u0173 duomenys pasikeist\u0173, d\u0117kojame, kad tinkamai informuotum\u0117te mus ra\u0161tu, kad j\u016bs\u0173 duomenys b\u016bt\u0173 atnaujinti.<\/p>\n\n<p><\/p>\n","protected":false},"excerpt":{"rendered":"<p>U\u017d DUOMEN\u0172 TVARKYM\u0104 ATSAKINGO ASMENS IR D.P.O. DUOMENYS \u2022 Subjekto pavadinimas: FUNDACI\u00d3N INTRAS\u2022 Adresas: St. Mart\u00edn Santos Romero 1. 47016 [&hellip;]<\/p>\n","protected":false},"author":1,"featured_media":0,"parent":0,"menu_order":0,"comment_status":"closed","ping_status":"open","template":"","meta":{"_coblocks_attr":"","_coblocks_dimensions":"","_coblocks_responsive_height":"","_coblocks_accordion_ie_support":"","_uag_custom_page_level_css":"","site-sidebar-layout":"default","site-content-layout":"","ast-site-content-layout":"default","site-content-style":"default","site-sidebar-style":"default","ast-global-header-display":"","ast-banner-title-visibility":"","ast-main-header-display":"","ast-hfb-above-header-display":"","ast-hfb-below-header-display":"","ast-hfb-mobile-header-display":"","site-post-title":"","ast-breadcrumbs-content":"","ast-featured-img":"","footer-sml-layout":"","ast-disable-related-posts":"","theme-transparent-header-meta":"","adv-header-id-meta":"","stick-header-meta":"","header-above-stick-meta":"","header-main-stick-meta":"","header-below-stick-meta":"","astra-migrate-meta-layouts":"default","ast-page-background-enabled":"default","ast-page-background-meta":{"desktop":{"background-color":"var(--ast-global-color-5)","background-image":"","background-repeat":"repeat","background-position":"center center","background-size":"auto","background-attachment":"scroll","background-type":"","background-media":"","overlay-type":"","overlay-color":"","overlay-opacity":"","overlay-gradient":""},"tablet":{"background-color":"","background-image":"","background-repeat":"repeat","background-position":"center center","background-size":"auto","background-attachment":"scroll","background-type":"","background-media":"","overlay-type":"","overlay-color":"","overlay-opacity":"","overlay-gradient":""},"mobile":{"background-color":"","background-image":"","background-repeat":"repeat","background-position":"center center","background-size":"auto","background-attachment":"scroll","background-type":"","background-media":"","overlay-type":"","overlay-color":"","overlay-opacity":"","overlay-gradient":""}},"ast-content-background-meta":{"desktop":{"background-color":"var(--ast-global-color-4)","background-image":"","background-repeat":"repeat","background-position":"center center","background-size":"auto","background-attachment":"scroll","background-type":"","background-media":"","overlay-type":"","overlay-color":"","overlay-opacity":"","overlay-gradient":""},"tablet":{"background-color":"var(--ast-global-color-4)","background-image":"","background-repeat":"repeat","background-position":"center center","background-size":"auto","background-attachment":"scroll","background-type":"","background-media":"","overlay-type":"","overlay-color":"","overlay-opacity":"","overlay-gradient":""},"mobile":{"background-color":"var(--ast-global-color-4)","background-image":"","background-repeat":"repeat","background-position":"center center","background-size":"auto","background-attachment":"scroll","background-type":"","background-media":"","overlay-type":"","overlay-color":"","overlay-opacity":"","overlay-gradient":""}},"footnotes":""},"class_list":["post-1250","page","type-page","status-publish","hentry"],"yoast_head":"<!-- This site is optimized with the Yoast SEO plugin v26.6 - https:\/\/yoast.com\/wordpress\/plugins\/seo\/ -->\n<title>Privatumo politika -<\/title>\n<meta name=\"description\" content=\"Perskaitykite \u201eConnectTeenProject.com\u201c privatumo politik\u0105, kad suprastum\u0117te, kaip mes renkame, naudojame ir saugome j\u016bs\u0173 asmens duomenis laikydamiesi Europos BDAR standart\u0173. J\u016bs\u0173 privatumas yra svarbus.\" \/>\n<meta name=\"robots\" content=\"index, follow, max-snippet:-1, max-image-preview:large, max-video-preview:-1\" \/>\n<link rel=\"canonical\" href=\"http:\/\/www.connecteenproject.com\/lt\/privatumo-politika-2\/\" \/>\n<meta property=\"og:locale\" content=\"lt_LT\" \/>\n<meta property=\"og:type\" content=\"article\" \/>\n<meta property=\"og:title\" content=\"Privatumo politika -\" \/>\n<meta property=\"og:description\" content=\"Perskaitykite \u201eConnectTeenProject.com\u201c privatumo politik\u0105, kad suprastum\u0117te, kaip mes renkame, naudojame ir saugome j\u016bs\u0173 asmens duomenis laikydamiesi Europos BDAR standart\u0173. J\u016bs\u0173 privatumas yra svarbus.\" \/>\n<meta property=\"og:url\" content=\"http:\/\/www.connecteenproject.com\/lt\/privatumo-politika-2\/\" \/>\n<meta property=\"article:modified_time\" content=\"2025-11-06T12:35:11+00:00\" \/>\n<meta name=\"twitter:card\" content=\"summary_large_image\" \/>\n<meta name=\"twitter:label1\" content=\"Est. reading time\" \/>\n\t<meta name=\"twitter:data1\" content=\"8 minut\u0117s\" \/>\n<script type=\"application\/ld+json\" class=\"yoast-schema-graph\">{\"@context\":\"https:\/\/schema.org\",\"@graph\":[{\"@type\":\"WebPage\",\"@id\":\"http:\/\/www.connecteenproject.com\/lt\/privatumo-politika-2\/\",\"url\":\"http:\/\/www.connecteenproject.com\/lt\/privatumo-politika-2\/\",\"name\":\"Privatumo politika -\",\"isPartOf\":{\"@id\":\"http:\/\/www.connecteenproject.com\/lt\/#website\"},\"datePublished\":\"2025-06-26T09:51:54+00:00\",\"dateModified\":\"2025-11-06T12:35:11+00:00\",\"description\":\"Perskaitykite \u201eConnectTeenProject.com\u201c privatumo politik\u0105, kad suprastum\u0117te, kaip mes renkame, naudojame ir saugome j\u016bs\u0173 asmens duomenis laikydamiesi Europos BDAR standart\u0173. J\u016bs\u0173 privatumas yra svarbus.\",\"breadcrumb\":{\"@id\":\"http:\/\/www.connecteenproject.com\/lt\/privatumo-politika-2\/#breadcrumb\"},\"inLanguage\":\"lt-LT\",\"potentialAction\":[{\"@type\":\"ReadAction\",\"target\":[\"http:\/\/www.connecteenproject.com\/lt\/privatumo-politika-2\/\"]}]},{\"@type\":\"BreadcrumbList\",\"@id\":\"http:\/\/www.connecteenproject.com\/lt\/privatumo-politika-2\/#breadcrumb\",\"itemListElement\":[{\"@type\":\"ListItem\",\"position\":1,\"name\":\"Portada\",\"item\":\"http:\/\/www.connecteenproject.com\/lt\/\"},{\"@type\":\"ListItem\",\"position\":2,\"name\":\"Privatumo politika\"}]},{\"@type\":\"WebSite\",\"@id\":\"http:\/\/www.connecteenproject.com\/lt\/#website\",\"url\":\"http:\/\/www.connecteenproject.com\/lt\/\",\"name\":\"\",\"description\":\"Connecteen project\",\"potentialAction\":[{\"@type\":\"SearchAction\",\"target\":{\"@type\":\"EntryPoint\",\"urlTemplate\":\"http:\/\/www.connecteenproject.com\/lt\/?s={search_term_string}\"},\"query-input\":{\"@type\":\"PropertyValueSpecification\",\"valueRequired\":true,\"valueName\":\"search_term_string\"}}],\"inLanguage\":\"lt-LT\"}]}<\/script>\n<!-- \/ Yoast SEO plugin. -->","yoast_head_json":{"title":"Privatumo politika -","description":"Perskaitykite \u201eConnectTeenProject.com\u201c privatumo politik\u0105, kad suprastum\u0117te, kaip mes renkame, naudojame ir saugome j\u016bs\u0173 asmens duomenis laikydamiesi Europos BDAR standart\u0173. J\u016bs\u0173 privatumas yra svarbus.","robots":{"index":"index","follow":"follow","max-snippet":"max-snippet:-1","max-image-preview":"max-image-preview:large","max-video-preview":"max-video-preview:-1"},"canonical":"http:\/\/www.connecteenproject.com\/lt\/privatumo-politika-2\/","og_locale":"lt_LT","og_type":"article","og_title":"Privatumo politika -","og_description":"Perskaitykite \u201eConnectTeenProject.com\u201c privatumo politik\u0105, kad suprastum\u0117te, kaip mes renkame, naudojame ir saugome j\u016bs\u0173 asmens duomenis laikydamiesi Europos BDAR standart\u0173. J\u016bs\u0173 privatumas yra svarbus.","og_url":"http:\/\/www.connecteenproject.com\/lt\/privatumo-politika-2\/","article_modified_time":"2025-11-06T12:35:11+00:00","twitter_card":"summary_large_image","twitter_misc":{"Est. reading time":"8 minut\u0117s"},"schema":{"@context":"https:\/\/schema.org","@graph":[{"@type":"WebPage","@id":"http:\/\/www.connecteenproject.com\/lt\/privatumo-politika-2\/","url":"http:\/\/www.connecteenproject.com\/lt\/privatumo-politika-2\/","name":"Privatumo politika -","isPartOf":{"@id":"http:\/\/www.connecteenproject.com\/lt\/#website"},"datePublished":"2025-06-26T09:51:54+00:00","dateModified":"2025-11-06T12:35:11+00:00","description":"Perskaitykite \u201eConnectTeenProject.com\u201c privatumo politik\u0105, kad suprastum\u0117te, kaip mes renkame, naudojame ir saugome j\u016bs\u0173 asmens duomenis laikydamiesi Europos BDAR standart\u0173. J\u016bs\u0173 privatumas yra svarbus.","breadcrumb":{"@id":"http:\/\/www.connecteenproject.com\/lt\/privatumo-politika-2\/#breadcrumb"},"inLanguage":"lt-LT","potentialAction":[{"@type":"ReadAction","target":["http:\/\/www.connecteenproject.com\/lt\/privatumo-politika-2\/"]}]},{"@type":"BreadcrumbList","@id":"http:\/\/www.connecteenproject.com\/lt\/privatumo-politika-2\/#breadcrumb","itemListElement":[{"@type":"ListItem","position":1,"name":"Portada","item":"http:\/\/www.connecteenproject.com\/lt\/"},{"@type":"ListItem","position":2,"name":"Privatumo politika"}]},{"@type":"WebSite","@id":"http:\/\/www.connecteenproject.com\/lt\/#website","url":"http:\/\/www.connecteenproject.com\/lt\/","name":"","description":"Connecteen project","potentialAction":[{"@type":"SearchAction","target":{"@type":"EntryPoint","urlTemplate":"http:\/\/www.connecteenproject.com\/lt\/?s={search_term_string}"},"query-input":{"@type":"PropertyValueSpecification","valueRequired":true,"valueName":"search_term_string"}}],"inLanguage":"lt-LT"}]}},"uagb_featured_image_src":{"full":false,"thumbnail":false,"medium":false,"medium_large":false,"large":false,"course_archive_thumbnail":false,"course_single_thumbnail":false,"lesson_archive_thumbnail":false,"lesson_single_thumbnail":false,"1536x1536":false,"2048x2048":false,"woocommerce_thumbnail":false,"woocommerce_single":false,"woocommerce_gallery_thumbnail":false},"uagb_author_info":{"display_name":"juliacunyADMIN","author_link":"http:\/\/www.connecteenproject.com\/lt\/author\/juliacunyadmin\/"},"uagb_comment_info":0,"uagb_excerpt":"U\u017d DUOMEN\u0172 TVARKYM\u0104 ATSAKINGO ASMENS IR D.P.O. DUOMENYS \u2022 Subjekto pavadinimas: FUNDACI\u00d3N INTRAS\u2022 Adresas: St. Mart\u00edn Santos Romero 1. 47016 [&hellip;]","_links":{"self":[{"href":"http:\/\/www.connecteenproject.com\/lt\/wp-json\/wp\/v2\/pages\/1250","targetHints":{"allow":["GET"]}}],"collection":[{"href":"http:\/\/www.connecteenproject.com\/lt\/wp-json\/wp\/v2\/pages"}],"about":[{"href":"http:\/\/www.connecteenproject.com\/lt\/wp-json\/wp\/v2\/types\/page"}],"author":[{"embeddable":true,"href":"http:\/\/www.connecteenproject.com\/lt\/wp-json\/wp\/v2\/users\/1"}],"replies":[{"embeddable":true,"href":"http:\/\/www.connecteenproject.com\/lt\/wp-json\/wp\/v2\/comments?post=1250"}],"version-history":[{"count":1,"href":"http:\/\/www.connecteenproject.com\/lt\/wp-json\/wp\/v2\/pages\/1250\/revisions"}],"predecessor-version":[{"id":1252,"href":"http:\/\/www.connecteenproject.com\/lt\/wp-json\/wp\/v2\/pages\/1250\/revisions\/1252"}],"wp:attachment":[{"href":"http:\/\/www.connecteenproject.com\/lt\/wp-json\/wp\/v2\/media?parent=1250"}],"curies":[{"name":"wp","href":"https:\/\/api.w.org\/{rel}","templated":true}]}}