{"id":506,"date":"2025-10-27T14:09:49","date_gmt":"2025-10-27T13:09:49","guid":{"rendered":"http:\/\/www.connecteenproject.com\/projektas\/"},"modified":"2025-11-24T08:57:25","modified_gmt":"2025-11-24T07:57:25","slug":"projektas","status":"publish","type":"page","link":"http:\/\/www.connecteenproject.com\/lt\/projektas\/","title":{"rendered":"Projektas"},"content":{"rendered":"\n<div class=\"wp-block-uagb-container uagb-block-907f4ffb alignfull uagb-is-root-container\"><div class=\"uagb-container-inner-blocks-wrap\">\n<div class=\"wp-block-uagb-container uagb-block-f1762b55 alignfull uagb-is-root-container\"><div class=\"uagb-container-inner-blocks-wrap\">\n<div class=\"wp-block-uagb-container uagb-block-ad7a72c8\"><\/div>\n\n\n\n<div class=\"wp-block-uagb-container uagb-block-4d77a9fe\">\n<h2 class=\"wp-block-heading has-text-align-right has-ast-global-color-4-color has-text-color has-link-color wp-elements-dc26786b5de35223e14ce94343b0ebd5\">Projekto aplinkyb\u0117s<\/h2>\n\n\n\n<p class=\"has-text-align-right is-style-default has-ast-global-color-4-color has-text-color has-link-color wp-elements-c19a21deb506ef5cfcb77adaea71504c\" style=\"padding-top:0;padding-right:0;padding-bottom:0;padding-left:0;font-size:14px\">\u201eConnecTEEN\u201cprojektas, skirtas stiprinti psichikos sveikatos palaikymo sistemas profesinio mokymo (PM) \u012fstaigose visoje Europoje, yra tarptautin\u0117 bendradarbiavimo iniciatyva, finansuojama \u201eErasmus+\u201c programos l\u0117\u0161omis.<\/p>\n<\/div>\n<\/div><\/div>\n<\/div><\/div>\n\n<div class=\"wp-block-coblocks-hero alignfull has-text-color has-white-color coblocks-hero-927132816414 mb-0\"><div class=\"wp-block-coblocks-hero__inner has-ast-global-color-1-background-color has-background bg-cover has-background-image bg-no-repeat bg-center-center hero-center-right-align has-padding has-medium-padding has-ast-global-color-1-background-color has-right-content\" style=\"background-image:url(http:\/\/www.connecteenproject.com\/wp-content\/uploads\/2025\/10\/about-the-project.png);background-position:69% 45%;min-height:500px\"><div class=\"wp-block-coblocks-hero__content-wrapper\"><div class=\"wp-block-coblocks-hero__content\" style=\"max-width:400px\">\n<h2 class=\"wp-block-heading\"><\/h2>\n\n\n\n<p><\/p>\n\n\n\n<div class=\"wp-block-buttons is-layout-flex wp-block-buttons-is-layout-flex\">\n\n<\/div>\n<\/div><\/div><\/div><\/div>\n\n<div class=\"wp-block-uagb-container uagb-block-64895394 default uagb-is-root-container\">\n<div class=\"wp-block-uagb-container uagb-block-271931c5\"><\/div>\n\n\n\n<div class=\"wp-block-uagb-container uagb-block-e90f0e3f\">\n<h2 class=\"wp-block-heading\"><a>Projekto aplinkyb\u0117s<\/a><\/h2>\n\n\n\n<p><strong>\u201eConnecTEEN\u201c: Mokini\u0173 gerov\u0117s stiprinimas profesinio mokymo \u012fstaigose:<\/strong><br\/>\u201eConnecTEEN\u201c projektas yra tarptautin\u0117 bendradarbiavimo iniciatyva, finansuojama pagal \u201eErasmus+\u201c program\u0105, skirta stiprinti psichikos sveikatos palaikymo sistemas profesinio mokymo \u012fstaigose visoje Europoje. M\u016bs\u0173 misija \u2013 sukurti palankesn\u0119 ir atsparesn\u0119 \u0161vietimo aplink\u0105, kurioje profesinio mokymo \u012fstaigose besimokantieji gal\u0117t\u0173 klest\u0117ti tiek asmeniniu, tiek akademiniu po\u017ei\u016briu, teikiant pirmenyb\u0119 savo psichikos sveikatai ir gerovei.<br\/><br\/><strong>I\u0161\u0161\u016bkis, kur\u012f sprend\u017eiame:<\/strong><br\/>Profesinio mokymo \u012fstaigos studentai da\u017enai i\u0161gyvena sud\u0117ting\u0105 per\u0117jim\u0105, derindami intensyvius akademinius reikalavimus su praktiniu mokymu, o tai gali sukelti unikali\u0173 streso veiksni\u0173 ir psichikos sveikatos problem\u0173. Pernelyg da\u017enai profesinio mokymo \u012fstaigoms tr\u016bksta specializuot\u0173 priemoni\u0173 ir mokym\u0173, reikaling\u0173 norint aktyviai nustatyti ir veiksmingai \u012fsiki\u0161ti, kai studentui gresia psichikos sveikatos kriz\u0117. \u0160is atotr\u016bkis prisideda prie ma\u017eo student\u0173 i\u0161laikymo rodiklio ir neigiamai veikia bendrus akademinius rezultatus.  <\/p>\n<\/div>\n<\/div>\n\n<div class=\"wp-block-uagb-container uagb-block-ee482c99 alignfull uagb-is-root-container\"><div class=\"uagb-container-inner-blocks-wrap\">\n<div class=\"wp-block-uagb-container uagb-block-e8744b2c\">\n<h2 class=\"wp-block-heading has-text-align-center has-ast-global-color-4-color has-text-color has-link-color wp-elements-565bacaccfe4cc5dd8c8a1f9f17a2c04\" style=\"font-size:32px\"><a><\/a><a>Laukiami rezultatai<\/a><\/h2>\n\n\n\n<p class=\"has-ast-global-color-4-color has-text-color has-link-color wp-elements-54ecd7424e44c891339c704b4fdcaa96\">\u201eConnecTEEN\u201c projektas skirtas pateikti du pagrindinius intelektinius produktus, kurie sudaro\u202f\u201e<strong>ConnecTEEN\u201c \u012franki\u0173 rinkinio<\/strong>, skirto profesinio mokymo \u012fstaigoms, pagrind\u0105: <br\/><strong>\u201eConnecTEEN\u201c internetin\u0117 gerov\u0117s matavimo priemon\u0117 (WP2)<\/strong>. Tai specializuota internetin\u0117 priemon\u0117, sukurta specialiai profesinio mokymo bendruomenei, kad ji gal\u0117t\u0173 imtis aktyvios pozicijos mokini\u0173 psichin\u0117s sveikatos klausimais.<\/p>\n\n\n\n<ul class=\"wp-block-list\">\n<li class=\"has-ast-global-color-4-color has-text-color has-link-color wp-elements-bf4644046739a0e1fd7847d1fb1017f3\"><strong>Tikslas<\/strong>: sudaryti s\u0105lygas <strong>anksti nustatyti ir sistemingai <\/strong>steb\u0117ti mokini\u0173 psichikos sveikatos problemas, galimas krizes ir savijautos lyg\u012f.<\/li>\n\n\n\n<li class=\"has-ast-global-color-4-color has-text-color has-link-color wp-elements-872805882a6176f4e22f38cf4ab580f2\"><strong>Formatas<\/strong>: Anonimin\u0117 internetin\u0117 apklausa, skirta 15\u201322 met\u0173 paaugliams ir jauniems suaugusiesiems, besimokantiems profesinio mokymo \u012fstaigose.<\/li>\n\n\n\n<li class=\"has-ast-global-color-4-color has-text-color has-link-color wp-elements-b191d19754392a74b0b7badf61acc8e2\"><strong>Funkcija<\/strong>: \u012erankio skaitmenin\u0117 platforma suteikia profesinio mokymo specialistams verting\u0173 duomen\u0173 ir \u012f\u017evalg\u0173, kad b\u016bt\u0173 lengviau taikyti tikslines ir savalaikes intervencijas bei paramos priemones.<\/li>\n<\/ul>\n\n\n\n<p class=\"has-ast-global-color-4-color has-text-color has-link-color wp-elements-07e0c57513f5b38cc667e994adab2316\"><strong>\u201eConnecTEEN\u201c bendruomen\u0117s pagrindu veikianti krizi\u0173 intervencijos programa (WP3) <\/strong><br\/>\u0160i programa suteikia intervencijos sistem\u0105, reikaling\u0105 veiksmingai reaguoti, kai nustatomi rizikos grup\u0117s mokiniai.\u202f<strong>Bendruomen\u0117s d\u0117mesys<\/strong>: programa rengia profesinio mokymo specialistus ir suteikia mokiniams gali\u0173 tapti\u202f<strong>mokini\u0173 gerov\u0117s ambasadoriais<\/strong>, sukuriant palaikant\u012f bendraam\u017ei\u0173 tinkl\u0105, skirt\u0105 reaguoti \u012f krizes ir puosel\u0117ti empatijos bei \u012ftraukties kult\u016br\u0105 mokykloje. <br\/><strong>Programos turinys<\/strong>: novatori\u0161ka, intensyvi<strong>\u202f8 savai\u010di\u0173 programa<\/strong>, skirta didinti mokini\u0173 atsparum\u0105, sav\u0119s stiprinim\u0105 ir emocin\u0119 param\u0105. <br\/><strong>Skaitmenin\u0117 platforma<\/strong>: programa ir visa jos med\u017eiaga talpinama patogiame naudoti interneto portale,\u202f<strong>kuris bus i\u0161verstas ir atvirai prieinamas \u0161e\u0161iomis kalbomis<\/strong> (angl\u0173, ispan\u0173, lenk\u0173, norveg\u0173, \u010dek\u0173, lietuvi\u0173).<\/p>\n<\/div>\n<\/div><\/div>\n\n<div class=\"wp-block-uagb-container uagb-block-7309e0ee alignfull uagb-is-root-container\"><div class=\"uagb-container-inner-blocks-wrap\">\n<div class=\"wp-block-uagb-container uagb-block-c8680d40\">\n<div class=\"wp-block-columns is-layout-flex wp-container-core-columns-is-layout-28f84493 wp-block-columns-is-layout-flex\">\n<div class=\"wp-block-column is-layout-flow wp-block-column-is-layout-flow\"><\/div>\n\n\n\n<div class=\"wp-block-column is-layout-flow wp-block-column-is-layout-flow\">\n<div class=\"wp-block-uagb-image uagb-block-d8f9ae32 wp-block-uagb-image--layout-default wp-block-uagb-image--effect-static wp-block-uagb-image--align-none\"><figure class=\"wp-block-uagb-image__figure\"><img decoding=\"async\" srcset=\"http:\/\/www.connecteenproject.com\/wp-content\/uploads\/2025\/07\/FLAT-ICON.jpg ,http:\/\/www.connecteenproject.com\/wp-content\/uploads\/2025\/07\/FLAT-ICON.jpg 780w, http:\/\/www.connecteenproject.com\/wp-content\/uploads\/2025\/07\/FLAT-ICON.jpg 360w\" sizes=\"auto, (max-width: 480px) 150px\" src=\"http:\/\/www.connecteenproject.com\/wp-content\/uploads\/2025\/07\/FLAT-ICON.jpg\" alt=\"\" class=\"uag-image-160\" width=\"126\" height=\"126\" title=\"FLAT-ICON\" loading=\"lazy\" role=\"img\"><\/figure><\/div>\n<\/div>\n\n\n\n<div class=\"wp-block-column is-layout-flow wp-block-column-is-layout-flow\"><\/div>\n<\/div>\n\n\n\n<div class=\"wp-block-uagb-advanced-heading uagb-block-c5315e98\"><h2 class=\"uagb-heading-text\">Laukiamas poveikis<\/h2><p class=\"uagb-desc-text\">Apr\u016bpindama profesinio mokymo \u012fstaigas \u0161iomis praktin\u0117mis priemon\u0117mis ir mokymo programomis, \u201eConnecTEEN\u201c:<\/p><\/div>\n\n\n\n<div class=\"wp-block-uagb-container uagb-block-c1a7701f\">\n<div class=\"wp-block-columns is-layout-flex wp-container-core-columns-is-layout-28f84493 wp-block-columns-is-layout-flex\">\n<div class=\"wp-block-column is-layout-flow wp-block-column-is-layout-flow\" style=\"box-shadow:var(--wp--preset--shadow--natural)\">\n<div class=\"wp-block-media-text is-stacked-on-mobile is-vertically-aligned-center is-image-fill-element is-style-default has-ast-global-color-4-background-color has-background\"><figure class=\"wp-block-media-text__media\"><img loading=\"lazy\" decoding=\"async\" width=\"525\" height=\"350\" src=\"http:\/\/www.connecteenproject.com\/wp-content\/uploads\/2025\/10\/pexels-photo-5905841-5905841.jpg\" alt=\"Du vaikai mokosi kartu, susitelk\u0119 \u012f nam\u0173 darbus su pie\u0161tukais ir s\u0105siuviniais, mokydamiesi patalpose.\" class=\"wp-image-340 size-full\" style=\"object-position:50% 50%\"\/><\/figure><div class=\"wp-block-media-text__content\">\n<p><strong>Gerinti student\u0173 savijaut\u0105<\/strong>:<br\/>Stiprinti student\u0173 psichologin\u0119 sveikat\u0105, priklausymo jausm\u0105 ir bendr\u0105 gyvenimo kokyb\u0119.<\/p>\n<\/div><\/div>\n<\/div>\n\n\n\n<div class=\"wp-block-column is-layout-flow wp-block-column-is-layout-flow\" style=\"box-shadow:var(--wp--preset--shadow--natural)\">\n<div class=\"wp-block-media-text is-stacked-on-mobile is-vertically-aligned-center is-image-fill-element is-style-default has-ast-global-color-4-background-color has-background\"><figure class=\"wp-block-media-text__media\"><img loading=\"lazy\" decoding=\"async\" width=\"524\" height=\"350\" src=\"http:\/\/www.connecteenproject.com\/wp-content\/uploads\/2025\/10\/pexels-photo-4144923-4144923.jpg\" alt=\"Mokinys u\u017esira\u0161in\u0117ja pastabas vaizdo skambu\u010dio metu, mokydamasis namuose internetu.\" class=\"wp-image-337 size-full\" style=\"object-position:50% 50%\"\/><\/figure><div class=\"wp-block-media-text__content\">\n<p><strong>Padidinkite student\u0173 i\u0161laikym\u0105<\/strong>: prisid\u0117kite prie didesnio studij\u0173 baigimo rodiklio ir geresni\u0173 akademini\u0173 rezultat\u0173.<\/p>\n<\/div><\/div>\n<\/div>\n\n\n\n<div class=\"wp-block-column is-layout-flow wp-block-column-is-layout-flow\" style=\"box-shadow:var(--wp--preset--shadow--natural)\">\n<div class=\"wp-block-media-text is-stacked-on-mobile is-vertically-aligned-center is-image-fill-element is-style-default has-ast-global-color-4-background-color has-background\"><figure class=\"wp-block-media-text__media\"><img loading=\"lazy\" decoding=\"async\" width=\"525\" height=\"350\" src=\"http:\/\/www.connecteenproject.com\/wp-content\/uploads\/2025\/10\/pexels-photo-8199708-8199708.jpg\" alt=\"Laiming\u0173 student\u0173 grup\u0117 bibliotekos aplinkoje ploja rankomis ir \u0161ven\u010dia s\u0117km\u0119.\" class=\"wp-image-338 size-full\" style=\"object-position:50% 50%\"\/><\/figure><div class=\"wp-block-media-text__content\">\n<p>Sukurti tvar\u0173 paramos model\u012f: sukurti patikrint\u0105 sistem\u0105, kuri\u0105 gal\u0117t\u0173 pritaikyti profesinio mokymo centrai visoje Europoje, u\u017etikrinant ilgalaik\u012f teigiam\u0105 palikim\u0105 b\u016bsimiems studentams.<\/p>\n<\/div><\/div>\n<\/div>\n<\/div>\n<\/div>\n<\/div>\n<\/div><\/div>\n\n<div class=\"wp-block-group has-contrast-color has-text-color is-vertical is-content-justification-center is-layout-flex wp-container-core-group-is-layout-f306f087 wp-block-group-is-layout-flex\" style=\"min-height:40vh;margin-top:0;margin-bottom:0;padding-top:var(--wp--preset--spacing--60);padding-right:var(--wp--preset--spacing--50);padding-bottom:var(--wp--preset--spacing--60);padding-left:var(--wp--preset--spacing--50)\">\n<div class=\"wp-block-uagb-container uagb-block-3aa8ec73 alignfull uagb-is-root-container\"><div class=\"uagb-container-inner-blocks-wrap\">\n<div class=\"wp-block-columns are-vertically-aligned-center is-layout-flex wp-container-core-columns-is-layout-28f84493 wp-block-columns-is-layout-flex\">\n<div class=\"wp-block-column is-vertically-aligned-center is-layout-constrained wp-block-column-is-layout-constrained\">\n<div class=\"wp-block-uagb-container uagb-block-9f18e00a\"><\/div>\n<\/div>\n\n\n\n<div class=\"wp-block-column is-vertically-aligned-center is-layout-flow wp-block-column-is-layout-flow\"><div style=\"margin-bottom:6px;\" class=\"aligncenter wp-block-site-logo\"><a href=\"http:\/\/www.connecteenproject.com\/lt\/\" class=\"custom-logo-link\" rel=\"home\"><img loading=\"lazy\" decoding=\"async\" width=\"168\" height=\"108\" src=\"http:\/\/www.connecteenproject.com\/wp-content\/uploads\/2025\/07\/cropped-connecteen-header-logo.png\" class=\"custom-logo\" alt=\"\" srcset=\"http:\/\/www.connecteenproject.com\/wp-content\/uploads\/2025\/07\/cropped-connecteen-header-logo.png 209w, http:\/\/www.connecteenproject.com\/wp-content\/uploads\/2025\/07\/cropped-connecteen-header-logo-100x65.png 100w\" sizes=\"auto, (max-width: 168px) 100vw, 168px\" \/><\/a><\/div><\/div>\n\n\n\n<div class=\"wp-block-column is-vertically-aligned-center is-layout-flow wp-block-column-is-layout-flow\">\n<div class=\"wp-block-uagb-container uagb-block-5144555b\">\n<p class=\"has-text-align-right has-ast-global-color-0-color has-text-color has-link-color has-small-font-size wp-elements-33d8ef7a6c343f2718cf695d51eb6c39\">Sukurti tvar\u0173 paramos model\u012f: sukurti patikrint\u0105 sistem\u0105, kuri tur\u0117t\u0173 b\u016bti taikoma profesinio mokymo centrui visoje Europoje, ilgalaik\u012f teigiam\u0105 palikim\u0105 b\u016bsimiems studentams.  <\/p>\n<\/div>\n<\/div>\n<\/div>\n<\/div><\/div>\n<\/div>\n\n<div class=\"wp-block-uagb-container uagb-block-bfb606b3 alignfull uagb-is-root-container\"><div class=\"uagb-container-inner-blocks-wrap\">\n<p class=\"has-text-align-center has-ast-global-color-4-color has-text-color has-link-color has-small-font-size wp-elements-1d1c77c1eddee7c5be5b43aac8690036\"><a href=\"http:\/\/www.connecteenproject.com\/lt\/privatumo-politika-2\/\">Privatumo politika<\/a> | <a href=\"http:\/\/www.connecteenproject.com\/lt\/slapuku-politika\/\">politika <\/a>| <a href=\"http:\/\/www.connecteenproject.com\/lt\/teisinis-pranesimas\/\">Teisinis prane\u0161imas<\/a><\/p>\n<\/div><\/div>\n\n<p><\/p>\n","protected":false},"excerpt":{"rendered":"<p>Projekto aplinkyb\u0117s \u201eConnecTEEN\u201cprojektas, skirtas stiprinti psichikos sveikatos palaikymo sistemas profesinio mokymo (PM) \u012fstaigose visoje Europoje, yra tarptautin\u0117 bendradarbiavimo iniciatyva, finansuojama [&hellip;]<\/p>\n","protected":false},"author":1,"featured_media":0,"parent":0,"menu_order":0,"comment_status":"closed","ping_status":"closed","template":"","meta":{"_coblocks_attr":"","_coblocks_dimensions":"","_coblocks_responsive_height":"","_coblocks_accordion_ie_support":"","_uag_custom_page_level_css":"","site-sidebar-layout":"default","site-content-layout":"","ast-site-content-layout":"default","site-content-style":"default","site-sidebar-style":"default","ast-global-header-display":"","ast-banner-title-visibility":"","ast-main-header-display":"","ast-hfb-above-header-display":"","ast-hfb-below-header-display":"","ast-hfb-mobile-header-display":"","site-post-title":"disabled","ast-breadcrumbs-content":"","ast-featured-img":"","footer-sml-layout":"","ast-disable-related-posts":"","theme-transparent-header-meta":"","adv-header-id-meta":"","stick-header-meta":"","header-above-stick-meta":"","header-main-stick-meta":"","header-below-stick-meta":"","astra-migrate-meta-layouts":"default","ast-page-background-enabled":"default","ast-page-background-meta":{"desktop":{"background-color":"var(--ast-global-color-5)","background-image":"","background-repeat":"repeat","background-position":"center center","background-size":"auto","background-attachment":"scroll","background-type":"","background-media":"","overlay-type":"","overlay-color":"","overlay-opacity":"","overlay-gradient":""},"tablet":{"background-color":"","background-image":"","background-repeat":"repeat","background-position":"center center","background-size":"auto","background-attachment":"scroll","background-type":"","background-media":"","overlay-type":"","overlay-color":"","overlay-opacity":"","overlay-gradient":""},"mobile":{"background-color":"","background-image":"","background-repeat":"repeat","background-position":"center center","background-size":"auto","background-attachment":"scroll","background-type":"","background-media":"","overlay-type":"","overlay-color":"","overlay-opacity":"","overlay-gradient":""}},"ast-content-background-meta":{"desktop":{"background-color":"var(--ast-global-color-4)","background-image":"","background-repeat":"repeat","background-position":"center center","background-size":"auto","background-attachment":"scroll","background-type":"","background-media":"","overlay-type":"","overlay-color":"","overlay-opacity":"","overlay-gradient":""},"tablet":{"background-color":"var(--ast-global-color-4)","background-image":"","background-repeat":"repeat","background-position":"center center","background-size":"auto","background-attachment":"scroll","background-type":"","background-media":"","overlay-type":"","overlay-color":"","overlay-opacity":"","overlay-gradient":""},"mobile":{"background-color":"var(--ast-global-color-4)","background-image":"","background-repeat":"repeat","background-position":"center center","background-size":"auto","background-attachment":"scroll","background-type":"","background-media":"","overlay-type":"","overlay-color":"","overlay-opacity":"","overlay-gradient":""}},"footnotes":""},"class_list":["post-506","page","type-page","status-publish","hentry"],"yoast_head":"<!-- This site is optimized with the Yoast SEO plugin v26.6 - https:\/\/yoast.com\/wordpress\/plugins\/seo\/ -->\n<title>Projektas -<\/title>\n<meta name=\"robots\" content=\"index, follow, max-snippet:-1, max-image-preview:large, max-video-preview:-1\" \/>\n<link rel=\"canonical\" href=\"http:\/\/www.connecteenproject.com\/lt\/projektas\/\" \/>\n<meta property=\"og:locale\" content=\"lt_LT\" \/>\n<meta property=\"og:type\" content=\"article\" \/>\n<meta property=\"og:title\" content=\"Projektas -\" \/>\n<meta property=\"og:description\" content=\"Projekto aplinkyb\u0117s \u201eConnecTEEN\u201cprojektas, skirtas stiprinti psichikos sveikatos palaikymo sistemas profesinio mokymo (PM) \u012fstaigose visoje Europoje, yra tarptautin\u0117 bendradarbiavimo iniciatyva, finansuojama [&hellip;]\" \/>\n<meta property=\"og:url\" content=\"http:\/\/www.connecteenproject.com\/lt\/projektas\/\" \/>\n<meta property=\"article:modified_time\" content=\"2025-11-24T07:57:25+00:00\" \/>\n<meta property=\"og:image\" content=\"http:\/\/www.connecteenproject.com\/wp-content\/uploads\/2025\/07\/FLAT-ICON.jpg\" \/>\n<meta name=\"twitter:card\" content=\"summary_large_image\" \/>\n<meta name=\"twitter:label1\" content=\"Est. reading time\" \/>\n\t<meta name=\"twitter:data1\" content=\"2 minut\u0117s\" \/>\n<script type=\"application\/ld+json\" class=\"yoast-schema-graph\">{\"@context\":\"https:\/\/schema.org\",\"@graph\":[{\"@type\":\"WebPage\",\"@id\":\"http:\/\/www.connecteenproject.com\/lt\/projektas\/\",\"url\":\"http:\/\/www.connecteenproject.com\/lt\/projektas\/\",\"name\":\"Projektas -\",\"isPartOf\":{\"@id\":\"http:\/\/www.connecteenproject.com\/lt\/#website\"},\"primaryImageOfPage\":{\"@id\":\"http:\/\/www.connecteenproject.com\/lt\/projektas\/#primaryimage\"},\"image\":{\"@id\":\"http:\/\/www.connecteenproject.com\/lt\/projektas\/#primaryimage\"},\"thumbnailUrl\":\"http:\/\/www.connecteenproject.com\/wp-content\/uploads\/2025\/07\/FLAT-ICON.jpg\",\"datePublished\":\"2025-10-27T13:09:49+00:00\",\"dateModified\":\"2025-11-24T07:57:25+00:00\",\"breadcrumb\":{\"@id\":\"http:\/\/www.connecteenproject.com\/lt\/projektas\/#breadcrumb\"},\"inLanguage\":\"lt-LT\",\"potentialAction\":[{\"@type\":\"ReadAction\",\"target\":[\"http:\/\/www.connecteenproject.com\/lt\/projektas\/\"]}]},{\"@type\":\"ImageObject\",\"inLanguage\":\"lt-LT\",\"@id\":\"http:\/\/www.connecteenproject.com\/lt\/projektas\/#primaryimage\",\"url\":\"http:\/\/www.connecteenproject.com\/wp-content\/uploads\/2025\/07\/FLAT-ICON.jpg\",\"contentUrl\":\"http:\/\/www.connecteenproject.com\/wp-content\/uploads\/2025\/07\/FLAT-ICON.jpg\"},{\"@type\":\"BreadcrumbList\",\"@id\":\"http:\/\/www.connecteenproject.com\/lt\/projektas\/#breadcrumb\",\"itemListElement\":[{\"@type\":\"ListItem\",\"position\":1,\"name\":\"Portada\",\"item\":\"http:\/\/www.connecteenproject.com\/lt\/\"},{\"@type\":\"ListItem\",\"position\":2,\"name\":\"Projektas\"}]},{\"@type\":\"WebSite\",\"@id\":\"http:\/\/www.connecteenproject.com\/lt\/#website\",\"url\":\"http:\/\/www.connecteenproject.com\/lt\/\",\"name\":\"\",\"description\":\"Connecteen project\",\"potentialAction\":[{\"@type\":\"SearchAction\",\"target\":{\"@type\":\"EntryPoint\",\"urlTemplate\":\"http:\/\/www.connecteenproject.com\/lt\/?s={search_term_string}\"},\"query-input\":{\"@type\":\"PropertyValueSpecification\",\"valueRequired\":true,\"valueName\":\"search_term_string\"}}],\"inLanguage\":\"lt-LT\"}]}<\/script>\n<!-- \/ Yoast SEO plugin. -->","yoast_head_json":{"title":"Projektas -","robots":{"index":"index","follow":"follow","max-snippet":"max-snippet:-1","max-image-preview":"max-image-preview:large","max-video-preview":"max-video-preview:-1"},"canonical":"http:\/\/www.connecteenproject.com\/lt\/projektas\/","og_locale":"lt_LT","og_type":"article","og_title":"Projektas -","og_description":"Projekto aplinkyb\u0117s \u201eConnecTEEN\u201cprojektas, skirtas stiprinti psichikos sveikatos palaikymo sistemas profesinio mokymo (PM) \u012fstaigose visoje Europoje, yra tarptautin\u0117 bendradarbiavimo iniciatyva, finansuojama [&hellip;]","og_url":"http:\/\/www.connecteenproject.com\/lt\/projektas\/","article_modified_time":"2025-11-24T07:57:25+00:00","og_image":[{"url":"http:\/\/www.connecteenproject.com\/wp-content\/uploads\/2025\/07\/FLAT-ICON.jpg","type":"","width":"","height":""}],"twitter_card":"summary_large_image","twitter_misc":{"Est. reading time":"2 minut\u0117s"},"schema":{"@context":"https:\/\/schema.org","@graph":[{"@type":"WebPage","@id":"http:\/\/www.connecteenproject.com\/lt\/projektas\/","url":"http:\/\/www.connecteenproject.com\/lt\/projektas\/","name":"Projektas -","isPartOf":{"@id":"http:\/\/www.connecteenproject.com\/lt\/#website"},"primaryImageOfPage":{"@id":"http:\/\/www.connecteenproject.com\/lt\/projektas\/#primaryimage"},"image":{"@id":"http:\/\/www.connecteenproject.com\/lt\/projektas\/#primaryimage"},"thumbnailUrl":"http:\/\/www.connecteenproject.com\/wp-content\/uploads\/2025\/07\/FLAT-ICON.jpg","datePublished":"2025-10-27T13:09:49+00:00","dateModified":"2025-11-24T07:57:25+00:00","breadcrumb":{"@id":"http:\/\/www.connecteenproject.com\/lt\/projektas\/#breadcrumb"},"inLanguage":"lt-LT","potentialAction":[{"@type":"ReadAction","target":["http:\/\/www.connecteenproject.com\/lt\/projektas\/"]}]},{"@type":"ImageObject","inLanguage":"lt-LT","@id":"http:\/\/www.connecteenproject.com\/lt\/projektas\/#primaryimage","url":"http:\/\/www.connecteenproject.com\/wp-content\/uploads\/2025\/07\/FLAT-ICON.jpg","contentUrl":"http:\/\/www.connecteenproject.com\/wp-content\/uploads\/2025\/07\/FLAT-ICON.jpg"},{"@type":"BreadcrumbList","@id":"http:\/\/www.connecteenproject.com\/lt\/projektas\/#breadcrumb","itemListElement":[{"@type":"ListItem","position":1,"name":"Portada","item":"http:\/\/www.connecteenproject.com\/lt\/"},{"@type":"ListItem","position":2,"name":"Projektas"}]},{"@type":"WebSite","@id":"http:\/\/www.connecteenproject.com\/lt\/#website","url":"http:\/\/www.connecteenproject.com\/lt\/","name":"","description":"Connecteen project","potentialAction":[{"@type":"SearchAction","target":{"@type":"EntryPoint","urlTemplate":"http:\/\/www.connecteenproject.com\/lt\/?s={search_term_string}"},"query-input":{"@type":"PropertyValueSpecification","valueRequired":true,"valueName":"search_term_string"}}],"inLanguage":"lt-LT"}]}},"uagb_featured_image_src":{"full":false,"thumbnail":false,"medium":false,"medium_large":false,"large":false,"course_archive_thumbnail":false,"course_single_thumbnail":false,"lesson_archive_thumbnail":false,"lesson_single_thumbnail":false,"1536x1536":false,"2048x2048":false,"woocommerce_thumbnail":false,"woocommerce_single":false,"woocommerce_gallery_thumbnail":false},"uagb_author_info":{"display_name":"juliacunyADMIN","author_link":"http:\/\/www.connecteenproject.com\/lt\/author\/juliacunyadmin\/"},"uagb_comment_info":0,"uagb_excerpt":"Projekto aplinkyb\u0117s \u201eConnecTEEN\u201cprojektas, skirtas stiprinti psichikos sveikatos palaikymo sistemas profesinio mokymo (PM) \u012fstaigose visoje Europoje, yra tarptautin\u0117 bendradarbiavimo iniciatyva, finansuojama [&hellip;]","_links":{"self":[{"href":"http:\/\/www.connecteenproject.com\/lt\/wp-json\/wp\/v2\/pages\/506","targetHints":{"allow":["GET"]}}],"collection":[{"href":"http:\/\/www.connecteenproject.com\/lt\/wp-json\/wp\/v2\/pages"}],"about":[{"href":"http:\/\/www.connecteenproject.com\/lt\/wp-json\/wp\/v2\/types\/page"}],"author":[{"embeddable":true,"href":"http:\/\/www.connecteenproject.com\/lt\/wp-json\/wp\/v2\/users\/1"}],"replies":[{"embeddable":true,"href":"http:\/\/www.connecteenproject.com\/lt\/wp-json\/wp\/v2\/comments?post=506"}],"version-history":[{"count":4,"href":"http:\/\/www.connecteenproject.com\/lt\/wp-json\/wp\/v2\/pages\/506\/revisions"}],"predecessor-version":[{"id":1762,"href":"http:\/\/www.connecteenproject.com\/lt\/wp-json\/wp\/v2\/pages\/506\/revisions\/1762"}],"wp:attachment":[{"href":"http:\/\/www.connecteenproject.com\/lt\/wp-json\/wp\/v2\/media?parent=506"}],"curies":[{"name":"wp","href":"https:\/\/api.w.org\/{rel}","templated":true}]}}