{"id":546,"date":"2025-10-23T13:00:54","date_gmt":"2025-10-23T11:00:54","guid":{"rendered":"http:\/\/www.connecteenproject.com\/teisinis-pranesimas\/"},"modified":"2025-10-29T13:20:38","modified_gmt":"2025-10-29T12:20:38","slug":"teisinis-pranesimas","status":"publish","type":"page","link":"http:\/\/www.connecteenproject.com\/lt\/teisinis-pranesimas\/","title":{"rendered":"Teisinis prane\u0161imas"},"content":{"rendered":"\n<p>Paskutin\u012f kart\u0105 atnaujinta: 2025-10-23<\/p>\n\n<h3 class=\"wp-block-heading\">1. Svetain\u0117s savininkas ir kontaktin\u0117 informacija<\/h3>\n\n<p>Savininkas: Fundaci\u00f3n INTRAS<br\/><strong>Svetain\u0117:<\/strong><a href=\"https:\/\/www.connecteenproject.com\/\"> <\/a><a href=\"https:\/\/www.connecteenproject.com\" target=\"_blank\" rel=\"noreferrer noopener\">https:\/\/www.connecteenproject.com<\/a><br\/><strong>Kontaktinis el. pa\u0161tas:<\/strong> intras@intras.es<br\/>Pa\u0161to adresas: Fundaci\u00f3n INTRAS<br\/>C\/ Mart\u00edn Santos Romero, 1. 47016 Valjadolidas. Tel. +44 34 0034 983 399 633 <a href=\"http:\/\/www.intras.es\/\">www.intras.es<\/a><\/p>\n\n<hr class=\"wp-block-separator has-alpha-channel-opacity is-style-wide\"\/>\n\n<h3 class=\"wp-block-heading\">2. Naudojimo s\u0105lygos<\/h3>\n\n<p>Naudodamiesi \u0161ia svetaine, J\u016bs \u012fgyjate naudotojo status\u0105 ir sutinkate su \u0161iomis naudojimo s\u0105lygomis.<\/p>\n\n<p>Naudodamiesi \u0161ia svetaine, j\u016bs \u012fgyjate naudotojo status\u0105 ir sutinkate su \u0161iomis naudojimo s\u0105lygomis. Vartotojai sutinka naudotis svetaine ir jos turiniu teis\u0117tu, atsakingu ir pagarbiu b\u016bdu. Grie\u017etai draud\u017eiama naudoti \u0161iuos b\u016bdus:<\/p>\n\n<ul class=\"wp-block-list\">\n<li>Dalyvavimas neteis\u0117toje ar nes\u0105\u017einingoje veikloje.<\/li>\n\n\n\n<li>\u017dalos padarymas \u201eFundaci\u00f3n INTRAS\u201c, jos tiek\u0117j\u0173 ar tre\u010di\u0173j\u0173 \u0161ali\u0173 fizin\u0117ms ar login\u0117ms sistemoms.<\/li>\n\n\n\n<li>Kompiuterini\u0173 virus\u0173 ar bet kokio kito \u017ealingo kodo \u012fdiegimas ar platinimas.<\/li>\n\n\n\n<li>Bandymas gauti neteis\u0117t\u0105 prieig\u0105 prie svetain\u0117s ar susijusi\u0173 sistem\u0173.<\/li>\n<\/ul>\n\n<p>\u201eFundaci\u00f3n INTRAS\u201c pasilieka teis\u0119 neleisti naudotis svetaine vartotojams, kurie pa\u017eeid\u017eia \u0161ias s\u0105lygas.<\/p>\n\n<hr class=\"wp-block-separator has-alpha-channel-opacity is-style-wide\"\/>\n\n<h3 class=\"wp-block-heading\">3. Intelektin\u0117 nuosavyb\u0117<\/h3>\n\n<p>Visas \u0161ios svetain\u0117s turinys, \u012fskaitant, bet neapsiribojant, tekstus, vaizdus, \u200b\u200bgrafik\u0105, logotipus, dizain\u0105, \u0161altinio kod\u0105 ir strukt\u016br\u0105, yra \u201eFundaci\u00f3n INTRAS\u201c arba jos licencijuot\u0173 partneri\u0173 intelektin\u0117 nuosavyb\u0117 ir yra saugoma pagal galiojan\u010dius Europos S\u0105jungos intelektin\u0117s nuosavyb\u0117s \u012fstatymus.<\/p>\n\n<p>Grie\u017etai draud\u017eiama atgaminti, platinti, vie\u0161ai skelbti ar modifikuoti bet kok\u012f svetain\u0117s turin\u012f be i\u0161ankstinio ra\u0161ti\u0161ko savininko leidimo.<\/p>\n\n<hr class=\"wp-block-separator has-alpha-channel-opacity is-style-wide\"\/>\n\n<h3 class=\"wp-block-heading\">4. I\u0161orin\u0117s nuorodos<\/h3>\n\n<p>\u0160ioje svetain\u0117je gali b\u016bti nuorod\u0173 \u012f i\u0161orines svetaines. \u201eFundaci\u00f3n INTRAS\u201c nekontroliuoja \u0161i\u0173 svetaini\u0173 ir neatsako u\u017e j\u0173 turin\u012f ar bet koki\u0105 \u017eal\u0105, kuri gali atsirasti d\u0117l j\u0173 prieigos ar naudojimo.<\/p>\n\n<p>Toki\u0173 nuorod\u0173 \u012ftraukimas nerei\u0161kia jokio \u201eFundaci\u00f3n INTRAS\u201c ry\u0161io ar pritarimo.<\/p>\n\n<hr class=\"wp-block-separator has-alpha-channel-opacity is-style-wide\"\/>\n\n<h3 class=\"wp-block-heading\">5. Taikytina teis\u0117 ir jurisdikcija<\/h3>\n\n<p>\u0160iam teisiniam prane\u0161imui taikoma <strong>Europos S\u0105jungos <\/strong>teis\u0117 ir, jei taikoma, <strong>Ispanijos<\/strong> teis\u0117, \u012fskaitant, bet neapsiribojant:<\/p>\n\n<ul class=\"wp-block-list\">\n<li><strong>Reglamentas (ES) 2016\/679<\/strong> d\u0117l asmens duomen\u0173 apsaugos (Bendrasis duomen\u0173 apsaugos reglamentas \u2013 BDAR).<\/li>\n\n\n\n<li><strong>Ispanijos \u012fstatymas Nr. 34\/2002, 2002<\/strong> m. liepos 11 d., d\u0117l informacin\u0117s visuomen\u0117s paslaug\u0173 ir elektronin\u0117s komercijos (LSSI-CE).<\/li>\n<\/ul>\n\n<p>Kilus gin\u010dui, jei vartotoj\u0173 teisi\u0173 apsaugos reglamentai nenumato kitaip, \u0161alys susitaria paklusti Valjadolido (Ispanija), kur yra \u201eFundaci\u00f3n INTRAS\u201c buvein\u0117, teism\u0173 jurisdikcijai.<\/p>\n\n<hr class=\"wp-block-separator has-alpha-channel-opacity is-style-wide\"\/>\n\n<h3 class=\"wp-block-heading\">Pastaba<\/h3>\n\n<p>\u0160is teisinis prane\u0161imas yra visapusi\u0161ko teisin\u0117s atitikties paketo, \u012f kur\u012f taip pat \u012feina m\u016bs\u0173 <a href=\"http:\/\/www.connecteenproject.com\/connectteenproject-privacy-policy\/\">privatumo politika<\/a> ir <a href=\"http:\/\/www.connecteenproject.com\/connectteenproject-privacy-policy\/\">slapuk\u0173 politika<\/a>, dalis.<\/p>\n\n<p><\/p>\n","protected":false},"excerpt":{"rendered":"<p>Paskutin\u012f kart\u0105 atnaujinta: 2025-10-23 1. Svetain\u0117s savininkas ir kontaktin\u0117 informacija Savininkas: Fundaci\u00f3n INTRASSvetain\u0117: https:\/\/www.connecteenproject.comKontaktinis el. pa\u0161tas: intras@intras.esPa\u0161to adresas: Fundaci\u00f3n INTRASC\/ [&hellip;]<\/p>\n","protected":false},"author":1,"featured_media":0,"parent":0,"menu_order":0,"comment_status":"closed","ping_status":"closed","template":"","meta":{"_coblocks_attr":"","_coblocks_dimensions":"","_coblocks_responsive_height":"","_coblocks_accordion_ie_support":"","_uag_custom_page_level_css":"","site-sidebar-layout":"default","site-content-layout":"","ast-site-content-layout":"default","site-content-style":"default","site-sidebar-style":"default","ast-global-header-display":"","ast-banner-title-visibility":"","ast-main-header-display":"","ast-hfb-above-header-display":"","ast-hfb-below-header-display":"","ast-hfb-mobile-header-display":"","site-post-title":"","ast-breadcrumbs-content":"","ast-featured-img":"","footer-sml-layout":"","ast-disable-related-posts":"","theme-transparent-header-meta":"","adv-header-id-meta":"","stick-header-meta":"","header-above-stick-meta":"","header-main-stick-meta":"","header-below-stick-meta":"","astra-migrate-meta-layouts":"default","ast-page-background-enabled":"default","ast-page-background-meta":{"desktop":{"background-color":"var(--ast-global-color-5)","background-image":"","background-repeat":"repeat","background-position":"center center","background-size":"auto","background-attachment":"scroll","background-type":"","background-media":"","overlay-type":"","overlay-color":"","overlay-opacity":"","overlay-gradient":""},"tablet":{"background-color":"","background-image":"","background-repeat":"repeat","background-position":"center center","background-size":"auto","background-attachment":"scroll","background-type":"","background-media":"","overlay-type":"","overlay-color":"","overlay-opacity":"","overlay-gradient":""},"mobile":{"background-color":"","background-image":"","background-repeat":"repeat","background-position":"center center","background-size":"auto","background-attachment":"scroll","background-type":"","background-media":"","overlay-type":"","overlay-color":"","overlay-opacity":"","overlay-gradient":""}},"ast-content-background-meta":{"desktop":{"background-color":"var(--ast-global-color-4)","background-image":"","background-repeat":"repeat","background-position":"center center","background-size":"auto","background-attachment":"scroll","background-type":"","background-media":"","overlay-type":"","overlay-color":"","overlay-opacity":"","overlay-gradient":""},"tablet":{"background-color":"var(--ast-global-color-4)","background-image":"","background-repeat":"repeat","background-position":"center center","background-size":"auto","background-attachment":"scroll","background-type":"","background-media":"","overlay-type":"","overlay-color":"","overlay-opacity":"","overlay-gradient":""},"mobile":{"background-color":"var(--ast-global-color-4)","background-image":"","background-repeat":"repeat","background-position":"center center","background-size":"auto","background-attachment":"scroll","background-type":"","background-media":"","overlay-type":"","overlay-color":"","overlay-opacity":"","overlay-gradient":""}},"footnotes":""},"class_list":["post-546","page","type-page","status-publish","hentry"],"yoast_head":"<!-- This site is optimized with the Yoast SEO plugin v26.6 - https:\/\/yoast.com\/wordpress\/plugins\/seo\/ -->\n<title>Teisinis prane\u0161imas -<\/title>\n<meta name=\"robots\" content=\"index, follow, max-snippet:-1, max-image-preview:large, max-video-preview:-1\" \/>\n<link rel=\"canonical\" href=\"http:\/\/www.connecteenproject.com\/lt\/teisinis-pranesimas\/\" \/>\n<meta property=\"og:locale\" content=\"lt_LT\" \/>\n<meta property=\"og:type\" content=\"article\" \/>\n<meta property=\"og:title\" content=\"Teisinis prane\u0161imas -\" \/>\n<meta property=\"og:description\" content=\"Paskutin\u012f kart\u0105 atnaujinta: 2025-10-23 1. Svetain\u0117s savininkas ir kontaktin\u0117 informacija Savininkas: Fundaci\u00f3n INTRASSvetain\u0117: https:\/\/www.connecteenproject.comKontaktinis el. pa\u0161tas: intras@intras.esPa\u0161to adresas: Fundaci\u00f3n INTRASC\/ [&hellip;]\" \/>\n<meta property=\"og:url\" content=\"http:\/\/www.connecteenproject.com\/lt\/teisinis-pranesimas\/\" \/>\n<meta property=\"article:modified_time\" content=\"2025-10-29T12:20:38+00:00\" \/>\n<meta name=\"twitter:card\" content=\"summary_large_image\" \/>\n<meta name=\"twitter:label1\" content=\"Est. reading time\" \/>\n\t<meta name=\"twitter:data1\" content=\"2 minut\u0117s\" \/>\n<script type=\"application\/ld+json\" class=\"yoast-schema-graph\">{\"@context\":\"https:\/\/schema.org\",\"@graph\":[{\"@type\":\"WebPage\",\"@id\":\"http:\/\/www.connecteenproject.com\/lt\/teisinis-pranesimas\/\",\"url\":\"http:\/\/www.connecteenproject.com\/lt\/teisinis-pranesimas\/\",\"name\":\"Teisinis prane\u0161imas -\",\"isPartOf\":{\"@id\":\"http:\/\/www.connecteenproject.com\/lt\/#website\"},\"datePublished\":\"2025-10-23T11:00:54+00:00\",\"dateModified\":\"2025-10-29T12:20:38+00:00\",\"breadcrumb\":{\"@id\":\"http:\/\/www.connecteenproject.com\/lt\/teisinis-pranesimas\/#breadcrumb\"},\"inLanguage\":\"lt-LT\",\"potentialAction\":[{\"@type\":\"ReadAction\",\"target\":[\"http:\/\/www.connecteenproject.com\/lt\/teisinis-pranesimas\/\"]}]},{\"@type\":\"BreadcrumbList\",\"@id\":\"http:\/\/www.connecteenproject.com\/lt\/teisinis-pranesimas\/#breadcrumb\",\"itemListElement\":[{\"@type\":\"ListItem\",\"position\":1,\"name\":\"Portada\",\"item\":\"http:\/\/www.connecteenproject.com\/lt\/\"},{\"@type\":\"ListItem\",\"position\":2,\"name\":\"Teisinis prane\u0161imas\"}]},{\"@type\":\"WebSite\",\"@id\":\"http:\/\/www.connecteenproject.com\/lt\/#website\",\"url\":\"http:\/\/www.connecteenproject.com\/lt\/\",\"name\":\"\",\"description\":\"Connecteen project\",\"potentialAction\":[{\"@type\":\"SearchAction\",\"target\":{\"@type\":\"EntryPoint\",\"urlTemplate\":\"http:\/\/www.connecteenproject.com\/lt\/?s={search_term_string}\"},\"query-input\":{\"@type\":\"PropertyValueSpecification\",\"valueRequired\":true,\"valueName\":\"search_term_string\"}}],\"inLanguage\":\"lt-LT\"}]}<\/script>\n<!-- \/ Yoast SEO plugin. -->","yoast_head_json":{"title":"Teisinis prane\u0161imas -","robots":{"index":"index","follow":"follow","max-snippet":"max-snippet:-1","max-image-preview":"max-image-preview:large","max-video-preview":"max-video-preview:-1"},"canonical":"http:\/\/www.connecteenproject.com\/lt\/teisinis-pranesimas\/","og_locale":"lt_LT","og_type":"article","og_title":"Teisinis prane\u0161imas -","og_description":"Paskutin\u012f kart\u0105 atnaujinta: 2025-10-23 1. Svetain\u0117s savininkas ir kontaktin\u0117 informacija Savininkas: Fundaci\u00f3n INTRASSvetain\u0117: https:\/\/www.connecteenproject.comKontaktinis el. pa\u0161tas: intras@intras.esPa\u0161to adresas: Fundaci\u00f3n INTRASC\/ [&hellip;]","og_url":"http:\/\/www.connecteenproject.com\/lt\/teisinis-pranesimas\/","article_modified_time":"2025-10-29T12:20:38+00:00","twitter_card":"summary_large_image","twitter_misc":{"Est. reading time":"2 minut\u0117s"},"schema":{"@context":"https:\/\/schema.org","@graph":[{"@type":"WebPage","@id":"http:\/\/www.connecteenproject.com\/lt\/teisinis-pranesimas\/","url":"http:\/\/www.connecteenproject.com\/lt\/teisinis-pranesimas\/","name":"Teisinis prane\u0161imas -","isPartOf":{"@id":"http:\/\/www.connecteenproject.com\/lt\/#website"},"datePublished":"2025-10-23T11:00:54+00:00","dateModified":"2025-10-29T12:20:38+00:00","breadcrumb":{"@id":"http:\/\/www.connecteenproject.com\/lt\/teisinis-pranesimas\/#breadcrumb"},"inLanguage":"lt-LT","potentialAction":[{"@type":"ReadAction","target":["http:\/\/www.connecteenproject.com\/lt\/teisinis-pranesimas\/"]}]},{"@type":"BreadcrumbList","@id":"http:\/\/www.connecteenproject.com\/lt\/teisinis-pranesimas\/#breadcrumb","itemListElement":[{"@type":"ListItem","position":1,"name":"Portada","item":"http:\/\/www.connecteenproject.com\/lt\/"},{"@type":"ListItem","position":2,"name":"Teisinis prane\u0161imas"}]},{"@type":"WebSite","@id":"http:\/\/www.connecteenproject.com\/lt\/#website","url":"http:\/\/www.connecteenproject.com\/lt\/","name":"","description":"Connecteen project","potentialAction":[{"@type":"SearchAction","target":{"@type":"EntryPoint","urlTemplate":"http:\/\/www.connecteenproject.com\/lt\/?s={search_term_string}"},"query-input":{"@type":"PropertyValueSpecification","valueRequired":true,"valueName":"search_term_string"}}],"inLanguage":"lt-LT"}]}},"uagb_featured_image_src":{"full":false,"thumbnail":false,"medium":false,"medium_large":false,"large":false,"course_archive_thumbnail":false,"course_single_thumbnail":false,"lesson_archive_thumbnail":false,"lesson_single_thumbnail":false,"1536x1536":false,"2048x2048":false,"woocommerce_thumbnail":false,"woocommerce_single":false,"woocommerce_gallery_thumbnail":false},"uagb_author_info":{"display_name":"juliacunyADMIN","author_link":"http:\/\/www.connecteenproject.com\/lt\/author\/juliacunyadmin\/"},"uagb_comment_info":0,"uagb_excerpt":"Paskutin\u012f kart\u0105 atnaujinta: 2025-10-23 1. Svetain\u0117s savininkas ir kontaktin\u0117 informacija Savininkas: Fundaci\u00f3n INTRASSvetain\u0117: https:\/\/www.connecteenproject.comKontaktinis el. pa\u0161tas: intras@intras.esPa\u0161to adresas: Fundaci\u00f3n INTRASC\/ [&hellip;]","_links":{"self":[{"href":"http:\/\/www.connecteenproject.com\/lt\/wp-json\/wp\/v2\/pages\/546","targetHints":{"allow":["GET"]}}],"collection":[{"href":"http:\/\/www.connecteenproject.com\/lt\/wp-json\/wp\/v2\/pages"}],"about":[{"href":"http:\/\/www.connecteenproject.com\/lt\/wp-json\/wp\/v2\/types\/page"}],"author":[{"embeddable":true,"href":"http:\/\/www.connecteenproject.com\/lt\/wp-json\/wp\/v2\/users\/1"}],"replies":[{"embeddable":true,"href":"http:\/\/www.connecteenproject.com\/lt\/wp-json\/wp\/v2\/comments?post=546"}],"version-history":[{"count":2,"href":"http:\/\/www.connecteenproject.com\/lt\/wp-json\/wp\/v2\/pages\/546\/revisions"}],"predecessor-version":[{"id":613,"href":"http:\/\/www.connecteenproject.com\/lt\/wp-json\/wp\/v2\/pages\/546\/revisions\/613"}],"wp:attachment":[{"href":"http:\/\/www.connecteenproject.com\/lt\/wp-json\/wp\/v2\/media?parent=546"}],"curies":[{"name":"wp","href":"https:\/\/api.w.org\/{rel}","templated":true}]}}