{"id":907,"date":"2025-06-30T14:38:46","date_gmt":"2025-06-30T12:38:46","guid":{"rendered":"http:\/\/www.connecteenproject.com\/kas-mes-esame\/"},"modified":"2025-11-24T09:19:17","modified_gmt":"2025-11-24T08:19:17","slug":"kas-mes-esame","status":"publish","type":"page","link":"http:\/\/www.connecteenproject.com\/lt\/kas-mes-esame\/","title":{"rendered":"Kas mes esame"},"content":{"rendered":"\n<div class=\"wp-block-coblocks-hero alignfull has-text-color has-white-color coblocks-hero-927132816414 mb-0\"><div class=\"wp-block-coblocks-hero__inner has-pale-pink-background-color has-background has-parallax has-background-overlay bg-cover has-background-image bg-no-repeat bg-center-center has-background-overlay-30 hero-center-right-align has-padding has-huge-padding has-pale-pink-background-color has-right-content\" style=\"background-image:url(http:\/\/www.connecteenproject.com\/wp-content\/uploads\/2025\/10\/who-we-are2.png);min-height:500px\"><div class=\"wp-block-coblocks-hero__content-wrapper\"><div class=\"wp-block-coblocks-hero__content\" style=\"max-width:400px\">\n<h2 class=\"wp-block-heading has-text-align-right has-ast-global-color-4-color has-text-color has-link-color has-large-font-size wp-elements-ed7ede1ae6598ff3ebbc420c4bc670a6\">Kas mes esame<\/h2>\n\n\n\n<p class=\"has-text-align-right is-style-default has-ast-global-color-4-color has-text-color has-link-color wp-elements-36958ad3d3c8ed07ed3bd43b82d02a40\" style=\"padding-top:0;padding-right:0;padding-bottom:0;padding-left:0;font-size:14px\">Proyectos &#8222;ConnecTEEN&#8221; y la iniciatyv de cooperation internacional, programa financiero &#8222;Erasmus+&#8221;, faldas sistemos psihikos sistemos profesinio kimogo (VET) sz\u00e4me Europ\u00e4\u00e4 sistemos.<\/p>\n<\/div><\/div><\/div><\/div>\n\n<div class=\"wp-block-uagb-container uagb-block-dcb43903 alignfull uagb-is-root-container\"><div class=\"uagb-container-inner-blocks-wrap\">\n<div class=\"wp-block-columns is-layout-flex wp-container-core-columns-is-layout-28f84493 wp-block-columns-is-layout-flex\">\n<div class=\"wp-block-column is-layout-constrained wp-block-column-is-layout-constrained\" style=\"flex-basis:50%\">\n<div class=\"wp-block-uagb-container uagb-block-9edd07b8\">\n<div class=\"wp-block-uagb-info-box uagb-block-40c6eae7 uagb-infobox__content-wrap  uagb-infobox-icon-above-title uagb-infobox-image-valign-top\"><div class=\"uagb-ifb-content\"><div class=\"uagb-ifb-image-content\"><img decoding=\"async\" src=\"http:\/\/www.connecteenproject.com\/wp-content\/uploads\/2025\/07\/Logo_positivo_300pp-scaled.jpg\" alt=\"\" width=\"150\" height=\"46\" loading=\"lazy\"\/><\/div><div class=\"uagb-ifb-title-wrap\"><h3 class=\"uagb-ifb-title\"><br\/>ISPANIJA<\/h3><\/div><p class=\"uagb-ifb-desc\">Projekto koordinator\u0117 INTRAS yra ne pelno siekianti organizacija, kuri specializuojasi auk\u0161tos kokyb\u0117s tyrimuose ir intervencijose psichikos sveikatos srityje. Ji turi tris de\u0161imtme\u010dius patirties teikiant socialines, \u0161vietimo ir darbo integracijos paslaugas asmenims su psichikos ligomis, \u012fskaitant profesin\u012f mokym\u0105 jauniems \u017emon\u0117ms su psichosocialine negalia. <\/p><\/div><\/div>\n\n\n\n<div class=\"wp-block-buttons is-content-justification-center is-layout-flex wp-container-core-buttons-is-layout-a89b3969 wp-block-buttons-is-layout-flex\">\n<div class=\"wp-block-button\"><a class=\"wp-block-button__link wp-element-button\" href=\"https:\/\/www.intras.es\/\">intras.es<\/a><\/div>\n<\/div>\n<\/div>\n<\/div>\n\n\n\n<div class=\"wp-block-column is-layout-constrained wp-block-column-is-layout-constrained\" style=\"flex-basis:50%\">\n<div class=\"wp-block-uagb-container uagb-block-b0374157\">\n<div class=\"wp-block-uagb-info-box uagb-block-9c39ab5b uagb-infobox__content-wrap  uagb-infobox-icon-above-title uagb-infobox-image-valign-top\"><div class=\"uagb-ifb-content\"><div class=\"uagb-ifb-image-content\"><img decoding=\"async\" src=\"http:\/\/www.connecteenproject.com\/wp-content\/uploads\/2025\/07\/LYKZ.jpg\" alt=\"\" width=\"150\" height=\"74\" loading=\"lazy\"\/><\/div><div class=\"uagb-ifb-title-wrap\"><h3 class=\"uagb-ifb-title\"><br\/>NORVEGIJA<\/h3><\/div><p class=\"uagb-ifb-desc\">Socialin\u0117 \u012fmon\u0117, orientuota \u012f socialin\u012f poveik\u012f ir jaunimo \u012fgalinim\u0105. Jie yra<strong> FROG metodikos<\/strong> autoriai, prisidedantys prie specializuot\u0173 \u017eini\u0173 apie rizikos grup\u0117s jaunimo edukacin\u012f kou\u010ding\u0105, atsparumo ugdym\u0105 ir stipryb\u0117mis gr\u012fst\u0105 ugdym\u0105. <\/p><\/div><\/div>\n\n\n\n<div class=\"wp-block-buttons is-content-justification-center is-layout-flex wp-container-core-buttons-is-layout-a89b3969 wp-block-buttons-is-layout-flex\">\n<div class=\"wp-block-button\"><a class=\"wp-block-button__link wp-element-button\" href=\"https:\/\/www.lyk-z.no\/nb\/\">lyk-z.no<\/a><\/div>\n<\/div>\n<\/div>\n<\/div>\n\n\n\n<div class=\"wp-block-column is-layout-constrained wp-block-column-is-layout-constrained\" style=\"flex-basis:50%\">\n<div class=\"wp-block-uagb-container uagb-block-fdf3d8ee\">\n<div class=\"wp-block-uagb-info-box uagb-block-e551afa5 uagb-infobox__content-wrap  uagb-infobox-icon-above-title uagb-infobox-image-valign-top\"><div class=\"uagb-ifb-content\"><div class=\"uagb-ifb-image-content\"><img decoding=\"async\" src=\"http:\/\/www.connecteenproject.com\/wp-content\/uploads\/2025\/07\/LTALKABOUTLIFE.jpg\" alt=\"\" width=\"100\" height=\"100\" loading=\"lazy\"\/><\/div><div class=\"uagb-ifb-title-wrap\"><h3 class=\"uagb-ifb-title\">LENKIJA<\/h3><\/div><p class=\"uagb-ifb-desc\">Fondas, kurio specializacija \u2013 informuotumo didinimas ir \u0161vietimas savi\u017eudybi\u0173 prevencijos ir krizi\u0173 intervencijos srityje. Jie dalijasi pla\u010diomis \u017einiomis apie bendruomenines intervencijas ir \u0161vietimo programas, skirtas atpa\u017einti emocines ir savi\u017eudyb\u0117s krizes vaikams ir paaugliams. <\/p><\/div><\/div>\n\n\n\n<div class=\"wp-block-buttons is-content-justification-center is-layout-flex wp-container-core-buttons-is-layout-a89b3969 wp-block-buttons-is-layout-flex\">\n<div class=\"wp-block-button\"><a class=\"wp-block-button__link wp-element-button\" href=\"https:\/\/www.intras.es\/\">zwjr.pl<\/a><\/div>\n<\/div>\n<\/div>\n<\/div>\n<\/div>\n<\/div><\/div>\n\n<hr class=\"wp-block-separator has-alpha-channel-opacity is-style-wide\"\/>\n\n<div class=\"wp-block-uagb-container uagb-block-dbf37b22 alignfull uagb-is-root-container\"><div class=\"uagb-container-inner-blocks-wrap\">\n<div class=\"wp-block-columns is-layout-flex wp-container-core-columns-is-layout-28f84493 wp-block-columns-is-layout-flex\">\n<div class=\"wp-block-column is-layout-constrained wp-block-column-is-layout-constrained\" style=\"flex-basis:50%\">\n<div class=\"wp-block-uagb-container uagb-block-e9060c76\">\n<div class=\"wp-block-uagb-info-box uagb-block-22188cd1 uagb-infobox__content-wrap  uagb-infobox-icon-above-title uagb-infobox-image-valign-top\"><div class=\"uagb-ifb-content\"><div class=\"uagb-ifb-image-content\"><img decoding=\"async\" src=\"http:\/\/www.connecteenproject.com\/wp-content\/uploads\/2025\/07\/ZDZ-HORIZONTAL.jpg\" alt=\"\" width=\"150\" height=\"45\" loading=\"lazy\"\/><\/div><div class=\"uagb-ifb-title-wrap\"><h3 class=\"uagb-ifb-title\"><br\/>LENKIJA<\/h3><\/div><p class=\"uagb-ifb-desc\">Nevyriausybin\u0117 organizacija ir patyrusi profesinio mokymo teik\u0117ja. Jie dalijasi vietos \u017einiomis ir praktine patirtimi, nes dirbo su iniciatyvomis, susijusiomis su psichikos sveikata, savi\u017eudybi\u0173 prevencija ir emociniu \u0161vietimu. <\/p><\/div><\/div>\n\n\n\n<div class=\"wp-block-buttons is-content-justification-center is-layout-flex wp-container-core-buttons-is-layout-a89b3969 wp-block-buttons-is-layout-flex\">\n<div class=\"wp-block-button\"><a class=\"wp-block-button__link wp-element-button\" href=\"https:\/\/wmzdz.pl\/\">wmzdz.pl<\/a><\/div>\n<\/div>\n<\/div>\n<\/div>\n\n\n\n<div class=\"wp-block-column is-layout-constrained wp-block-column-is-layout-constrained\" style=\"flex-basis:50%\">\n<div class=\"wp-block-uagb-container uagb-block-83a477c5\">\n<div class=\"wp-block-uagb-info-box uagb-block-af9ecdd9 uagb-infobox__content-wrap  uagb-infobox-icon-above-title uagb-infobox-image-valign-top\"><div class=\"uagb-ifb-content\"><div class=\"uagb-ifb-image-content\"><img decoding=\"async\" src=\"http:\/\/www.connecteenproject.com\/wp-content\/uploads\/2025\/07\/STRENDI-SKOLA-HORIZONTAL.jpg\" alt=\"\" width=\"191\" height=\"49\" loading=\"lazy\"\/><\/div><div class=\"uagb-ifb-title-wrap\"><h3 class=\"uagb-ifb-title\"><br\/>\u010cEKIJA<\/h3><\/div><p class=\"uagb-ifb-desc\">Patyrusi profesinio mokymo mokykla, kurioje akcentuojamas holistinis mokini\u0173 ugdymas. Jie tiesiogiai dirba su mokini\u0173 paramos sistemomis, \u012fgyvendina vietos iniciatyvas, susijusias su psichine sveikata, emociniu ugdymu ir konsultavimo paslaugomis. <\/p><\/div><\/div>\n\n\n\n<div class=\"wp-block-buttons is-content-justification-center is-layout-flex wp-container-core-buttons-is-layout-a89b3969 wp-block-buttons-is-layout-flex\">\n<div class=\"wp-block-button\"><a class=\"wp-block-button__link wp-element-button\" href=\"https:\/\/www.skolasumperk.cz\/\"><em>skolasumperk.cz<\/em><\/a><\/div>\n<\/div>\n<\/div>\n<\/div>\n\n\n\n<div class=\"wp-block-column is-layout-constrained wp-block-column-is-layout-constrained\" style=\"flex-basis:50%\">\n<div class=\"wp-block-uagb-container uagb-block-64149380\">\n<div class=\"wp-block-uagb-info-box uagb-block-555ae41a uagb-infobox__content-wrap  uagb-infobox-icon-above-title uagb-infobox-image-valign-top\"><div class=\"uagb-ifb-content\"><div class=\"uagb-ifb-image-content\"><img decoding=\"async\" src=\"http:\/\/www.connecteenproject.com\/wp-content\/uploads\/2025\/10\/Techin-brand-Xx.webp\" alt=\"\" width=\"100\" height=\"96\" loading=\"lazy\"\/><\/div><div class=\"uagb-ifb-title-wrap\"><h3 class=\"uagb-ifb-title\">LENKIJA<\/h3><\/div><p class=\"uagb-ifb-desc\">Patyr\u0119s profesinio mokymo (VET) teik\u0117jas. Jis dalijasi esmine VET mokyklos perspektyva ir praktine patirtimi \u012fgyvendinant mokini\u0173 gerov\u0117s ir \u012ftraukties iniciatyvas. <\/p><\/div><\/div>\n\n\n\n<div class=\"wp-block-buttons is-content-justification-center is-layout-flex wp-container-core-buttons-is-layout-a89b3969 wp-block-buttons-is-layout-flex\">\n<div class=\"wp-block-button\"><a class=\"wp-block-button__link wp-element-button\" href=\"https:\/\/techin.lt\/\">techin.lt<\/a><\/div>\n<\/div>\n<\/div>\n<\/div>\n<\/div>\n<\/div><\/div>\n\n<div class=\"wp-block-group has-contrast-color has-text-color is-vertical is-content-justification-center is-layout-flex wp-container-core-group-is-layout-f306f087 wp-block-group-is-layout-flex\" style=\"min-height:40vh;margin-top:0;margin-bottom:0;padding-top:var(--wp--preset--spacing--60);padding-right:var(--wp--preset--spacing--50);padding-bottom:var(--wp--preset--spacing--60);padding-left:var(--wp--preset--spacing--50)\">\n<div class=\"wp-block-uagb-container uagb-block-3aa8ec73 alignfull uagb-is-root-container\"><div class=\"uagb-container-inner-blocks-wrap\">\n<div class=\"wp-block-columns are-vertically-aligned-center is-layout-flex wp-container-core-columns-is-layout-28f84493 wp-block-columns-is-layout-flex\">\n<div class=\"wp-block-column is-vertically-aligned-center is-layout-constrained wp-block-column-is-layout-constrained\">\n<div class=\"wp-block-uagb-container uagb-block-9f18e00a\"><\/div>\n<\/div>\n\n\n\n<div class=\"wp-block-column is-vertically-aligned-center is-layout-flow wp-block-column-is-layout-flow\"><div style=\"margin-bottom:6px;\" class=\"aligncenter wp-block-site-logo\"><a href=\"http:\/\/www.connecteenproject.com\/lt\/\" class=\"custom-logo-link\" rel=\"home\"><img loading=\"lazy\" decoding=\"async\" width=\"168\" height=\"108\" src=\"http:\/\/www.connecteenproject.com\/wp-content\/uploads\/2025\/07\/cropped-connecteen-header-logo.png\" class=\"custom-logo\" alt=\"\" srcset=\"http:\/\/www.connecteenproject.com\/wp-content\/uploads\/2025\/07\/cropped-connecteen-header-logo.png 209w, http:\/\/www.connecteenproject.com\/wp-content\/uploads\/2025\/07\/cropped-connecteen-header-logo-100x65.png 100w\" sizes=\"auto, (max-width: 168px) 100vw, 168px\" \/><\/a><\/div><\/div>\n\n\n\n<div class=\"wp-block-column is-vertically-aligned-center is-layout-flow wp-block-column-is-layout-flow\">\n<div class=\"wp-block-uagb-container uagb-block-5144555b\">\n<p class=\"has-text-align-right has-ast-global-color-0-color has-text-color has-link-color has-small-font-size wp-elements-d0c3fa23c1326e9a056e1714393fefa8\">Patyr\u0119s profesinio mokymo (PM) teik\u0117jas. Jis dalijasi esmine profesin\u0117s mokyklos perspektyva ir praktine patirtimi \u012fgyvendinant mokini\u0173 gerov\u0117s ir \u012ftraukties iniciatyvas.  <\/p>\n<\/div>\n<\/div>\n<\/div>\n<\/div><\/div>\n<\/div>\n\n<div class=\"wp-block-uagb-container uagb-block-bfb606b3 alignfull uagb-is-root-container\"><div class=\"uagb-container-inner-blocks-wrap\">\n<p class=\"has-text-align-center has-ast-global-color-4-color has-text-color has-link-color has-small-font-size wp-elements-07fb96da9fe1236458c23b9f27171555\"><a href=\"http:\/\/www.connecteenproject.com\/lt\/privatumo-politika-2\/\">Privatumo politika <\/a>|<a href=\"http:\/\/www.connecteenproject.com\/lt\/slapuku-politika\/\"> Slapuk\u0173 politika<\/a> | <a href=\"http:\/\/www.connecteenproject.com\/lt\/teisinis-pranesimas\/\">Teisinis prane\u0161imas<\/a><\/p>\n<\/div><\/div>\n","protected":false},"excerpt":{"rendered":"<p>Patyr\u0119s profesinio mokymo (PM) teik\u0117jas. Jis dalijasi esmine profesin\u0117s mokyklos perspektyva ir praktine patirtimi \u012fgyvendinant mokini\u0173 gerov\u0117s ir \u012ftraukties iniciatyvas. [&hellip;]<\/p>\n","protected":false},"author":1,"featured_media":0,"parent":0,"menu_order":0,"comment_status":"closed","ping_status":"closed","template":"","meta":{"_coblocks_attr":"","_coblocks_dimensions":"","_coblocks_responsive_height":"","_coblocks_accordion_ie_support":"","_uag_custom_page_level_css":"","site-sidebar-layout":"default","site-content-layout":"","ast-site-content-layout":"default","site-content-style":"default","site-sidebar-style":"default","ast-global-header-display":"","ast-banner-title-visibility":"","ast-main-header-display":"","ast-hfb-above-header-display":"","ast-hfb-below-header-display":"","ast-hfb-mobile-header-display":"","site-post-title":"disabled","ast-breadcrumbs-content":"","ast-featured-img":"","footer-sml-layout":"","ast-disable-related-posts":"","theme-transparent-header-meta":"","adv-header-id-meta":"","stick-header-meta":"","header-above-stick-meta":"","header-main-stick-meta":"","header-below-stick-meta":"","astra-migrate-meta-layouts":"default","ast-page-background-enabled":"default","ast-page-background-meta":{"desktop":{"background-color":"var(--ast-global-color-5)","background-image":"","background-repeat":"repeat","background-position":"center center","background-size":"auto","background-attachment":"scroll","background-type":"","background-media":"","overlay-type":"","overlay-color":"","overlay-opacity":"","overlay-gradient":""},"tablet":{"background-color":"","background-image":"","background-repeat":"repeat","background-position":"center center","background-size":"auto","background-attachment":"scroll","background-type":"","background-media":"","overlay-type":"","overlay-color":"","overlay-opacity":"","overlay-gradient":""},"mobile":{"background-color":"","background-image":"","background-repeat":"repeat","background-position":"center center","background-size":"auto","background-attachment":"scroll","background-type":"","background-media":"","overlay-type":"","overlay-color":"","overlay-opacity":"","overlay-gradient":""}},"ast-content-background-meta":{"desktop":{"background-color":"var(--ast-global-color-4)","background-image":"","background-repeat":"repeat","background-position":"center center","background-size":"auto","background-attachment":"scroll","background-type":"","background-media":"","overlay-type":"","overlay-color":"","overlay-opacity":"","overlay-gradient":""},"tablet":{"background-color":"var(--ast-global-color-4)","background-image":"","background-repeat":"repeat","background-position":"center center","background-size":"auto","background-attachment":"scroll","background-type":"","background-media":"","overlay-type":"","overlay-color":"","overlay-opacity":"","overlay-gradient":""},"mobile":{"background-color":"var(--ast-global-color-4)","background-image":"","background-repeat":"repeat","background-position":"center center","background-size":"auto","background-attachment":"scroll","background-type":"","background-media":"","overlay-type":"","overlay-color":"","overlay-opacity":"","overlay-gradient":""}},"footnotes":""},"class_list":["post-907","page","type-page","status-publish","hentry"],"yoast_head":"<!-- This site is optimized with the Yoast SEO plugin v26.6 - https:\/\/yoast.com\/wordpress\/plugins\/seo\/ -->\n<title>Kas mes esame -<\/title>\n<meta name=\"robots\" content=\"index, follow, max-snippet:-1, max-image-preview:large, max-video-preview:-1\" \/>\n<link rel=\"canonical\" href=\"http:\/\/www.connecteenproject.com\/lt\/kas-mes-esame\/\" \/>\n<meta property=\"og:locale\" content=\"lt_LT\" \/>\n<meta property=\"og:type\" content=\"article\" \/>\n<meta property=\"og:title\" content=\"Kas mes esame -\" \/>\n<meta property=\"og:description\" content=\"Patyr\u0119s profesinio mokymo (PM) teik\u0117jas. Jis dalijasi esmine profesin\u0117s mokyklos perspektyva ir praktine patirtimi \u012fgyvendinant mokini\u0173 gerov\u0117s ir \u012ftraukties iniciatyvas. [&hellip;]\" \/>\n<meta property=\"og:url\" content=\"http:\/\/www.connecteenproject.com\/lt\/kas-mes-esame\/\" \/>\n<meta property=\"article:modified_time\" content=\"2025-11-24T08:19:17+00:00\" \/>\n<meta property=\"og:image\" content=\"http:\/\/www.connecteenproject.com\/wp-content\/uploads\/2025\/07\/Logo_positivo_300pp-scaled.jpg\" \/>\n<meta name=\"twitter:card\" content=\"summary_large_image\" \/>\n<meta name=\"twitter:label1\" content=\"Est. reading time\" \/>\n\t<meta name=\"twitter:data1\" content=\"1 minut\u0117\" \/>\n<script type=\"application\/ld+json\" class=\"yoast-schema-graph\">{\"@context\":\"https:\/\/schema.org\",\"@graph\":[{\"@type\":\"WebPage\",\"@id\":\"http:\/\/www.connecteenproject.com\/lt\/kas-mes-esame\/\",\"url\":\"http:\/\/www.connecteenproject.com\/lt\/kas-mes-esame\/\",\"name\":\"Kas mes esame -\",\"isPartOf\":{\"@id\":\"http:\/\/www.connecteenproject.com\/lt\/#website\"},\"primaryImageOfPage\":{\"@id\":\"http:\/\/www.connecteenproject.com\/lt\/kas-mes-esame\/#primaryimage\"},\"image\":{\"@id\":\"http:\/\/www.connecteenproject.com\/lt\/kas-mes-esame\/#primaryimage\"},\"thumbnailUrl\":\"http:\/\/www.connecteenproject.com\/wp-content\/uploads\/2025\/07\/Logo_positivo_300pp-scaled.jpg\",\"datePublished\":\"2025-06-30T12:38:46+00:00\",\"dateModified\":\"2025-11-24T08:19:17+00:00\",\"breadcrumb\":{\"@id\":\"http:\/\/www.connecteenproject.com\/lt\/kas-mes-esame\/#breadcrumb\"},\"inLanguage\":\"lt-LT\",\"potentialAction\":[{\"@type\":\"ReadAction\",\"target\":[\"http:\/\/www.connecteenproject.com\/lt\/kas-mes-esame\/\"]}]},{\"@type\":\"ImageObject\",\"inLanguage\":\"lt-LT\",\"@id\":\"http:\/\/www.connecteenproject.com\/lt\/kas-mes-esame\/#primaryimage\",\"url\":\"http:\/\/www.connecteenproject.com\/wp-content\/uploads\/2025\/07\/Logo_positivo_300pp-scaled.jpg\",\"contentUrl\":\"http:\/\/www.connecteenproject.com\/wp-content\/uploads\/2025\/07\/Logo_positivo_300pp-scaled.jpg\"},{\"@type\":\"BreadcrumbList\",\"@id\":\"http:\/\/www.connecteenproject.com\/lt\/kas-mes-esame\/#breadcrumb\",\"itemListElement\":[{\"@type\":\"ListItem\",\"position\":1,\"name\":\"Portada\",\"item\":\"http:\/\/www.connecteenproject.com\/lt\/\"},{\"@type\":\"ListItem\",\"position\":2,\"name\":\"Kas mes esame\"}]},{\"@type\":\"WebSite\",\"@id\":\"http:\/\/www.connecteenproject.com\/lt\/#website\",\"url\":\"http:\/\/www.connecteenproject.com\/lt\/\",\"name\":\"\",\"description\":\"Connecteen project\",\"potentialAction\":[{\"@type\":\"SearchAction\",\"target\":{\"@type\":\"EntryPoint\",\"urlTemplate\":\"http:\/\/www.connecteenproject.com\/lt\/?s={search_term_string}\"},\"query-input\":{\"@type\":\"PropertyValueSpecification\",\"valueRequired\":true,\"valueName\":\"search_term_string\"}}],\"inLanguage\":\"lt-LT\"}]}<\/script>\n<!-- \/ Yoast SEO plugin. -->","yoast_head_json":{"title":"Kas mes esame -","robots":{"index":"index","follow":"follow","max-snippet":"max-snippet:-1","max-image-preview":"max-image-preview:large","max-video-preview":"max-video-preview:-1"},"canonical":"http:\/\/www.connecteenproject.com\/lt\/kas-mes-esame\/","og_locale":"lt_LT","og_type":"article","og_title":"Kas mes esame -","og_description":"Patyr\u0119s profesinio mokymo (PM) teik\u0117jas. Jis dalijasi esmine profesin\u0117s mokyklos perspektyva ir praktine patirtimi \u012fgyvendinant mokini\u0173 gerov\u0117s ir \u012ftraukties iniciatyvas. [&hellip;]","og_url":"http:\/\/www.connecteenproject.com\/lt\/kas-mes-esame\/","article_modified_time":"2025-11-24T08:19:17+00:00","og_image":[{"url":"http:\/\/www.connecteenproject.com\/wp-content\/uploads\/2025\/07\/Logo_positivo_300pp-scaled.jpg","type":"","width":"","height":""}],"twitter_card":"summary_large_image","twitter_misc":{"Est. reading time":"1 minut\u0117"},"schema":{"@context":"https:\/\/schema.org","@graph":[{"@type":"WebPage","@id":"http:\/\/www.connecteenproject.com\/lt\/kas-mes-esame\/","url":"http:\/\/www.connecteenproject.com\/lt\/kas-mes-esame\/","name":"Kas mes esame -","isPartOf":{"@id":"http:\/\/www.connecteenproject.com\/lt\/#website"},"primaryImageOfPage":{"@id":"http:\/\/www.connecteenproject.com\/lt\/kas-mes-esame\/#primaryimage"},"image":{"@id":"http:\/\/www.connecteenproject.com\/lt\/kas-mes-esame\/#primaryimage"},"thumbnailUrl":"http:\/\/www.connecteenproject.com\/wp-content\/uploads\/2025\/07\/Logo_positivo_300pp-scaled.jpg","datePublished":"2025-06-30T12:38:46+00:00","dateModified":"2025-11-24T08:19:17+00:00","breadcrumb":{"@id":"http:\/\/www.connecteenproject.com\/lt\/kas-mes-esame\/#breadcrumb"},"inLanguage":"lt-LT","potentialAction":[{"@type":"ReadAction","target":["http:\/\/www.connecteenproject.com\/lt\/kas-mes-esame\/"]}]},{"@type":"ImageObject","inLanguage":"lt-LT","@id":"http:\/\/www.connecteenproject.com\/lt\/kas-mes-esame\/#primaryimage","url":"http:\/\/www.connecteenproject.com\/wp-content\/uploads\/2025\/07\/Logo_positivo_300pp-scaled.jpg","contentUrl":"http:\/\/www.connecteenproject.com\/wp-content\/uploads\/2025\/07\/Logo_positivo_300pp-scaled.jpg"},{"@type":"BreadcrumbList","@id":"http:\/\/www.connecteenproject.com\/lt\/kas-mes-esame\/#breadcrumb","itemListElement":[{"@type":"ListItem","position":1,"name":"Portada","item":"http:\/\/www.connecteenproject.com\/lt\/"},{"@type":"ListItem","position":2,"name":"Kas mes esame"}]},{"@type":"WebSite","@id":"http:\/\/www.connecteenproject.com\/lt\/#website","url":"http:\/\/www.connecteenproject.com\/lt\/","name":"","description":"Connecteen project","potentialAction":[{"@type":"SearchAction","target":{"@type":"EntryPoint","urlTemplate":"http:\/\/www.connecteenproject.com\/lt\/?s={search_term_string}"},"query-input":{"@type":"PropertyValueSpecification","valueRequired":true,"valueName":"search_term_string"}}],"inLanguage":"lt-LT"}]}},"uagb_featured_image_src":{"full":false,"thumbnail":false,"medium":false,"medium_large":false,"large":false,"course_archive_thumbnail":false,"course_single_thumbnail":false,"lesson_archive_thumbnail":false,"lesson_single_thumbnail":false,"1536x1536":false,"2048x2048":false,"woocommerce_thumbnail":false,"woocommerce_single":false,"woocommerce_gallery_thumbnail":false},"uagb_author_info":{"display_name":"juliacunyADMIN","author_link":"http:\/\/www.connecteenproject.com\/lt\/author\/juliacunyadmin\/"},"uagb_comment_info":0,"uagb_excerpt":"Patyr\u0119s profesinio mokymo (PM) teik\u0117jas. Jis dalijasi esmine profesin\u0117s mokyklos perspektyva ir praktine patirtimi \u012fgyvendinant mokini\u0173 gerov\u0117s ir \u012ftraukties iniciatyvas. [&hellip;]","_links":{"self":[{"href":"http:\/\/www.connecteenproject.com\/lt\/wp-json\/wp\/v2\/pages\/907","targetHints":{"allow":["GET"]}}],"collection":[{"href":"http:\/\/www.connecteenproject.com\/lt\/wp-json\/wp\/v2\/pages"}],"about":[{"href":"http:\/\/www.connecteenproject.com\/lt\/wp-json\/wp\/v2\/types\/page"}],"author":[{"embeddable":true,"href":"http:\/\/www.connecteenproject.com\/lt\/wp-json\/wp\/v2\/users\/1"}],"replies":[{"embeddable":true,"href":"http:\/\/www.connecteenproject.com\/lt\/wp-json\/wp\/v2\/comments?post=907"}],"version-history":[{"count":5,"href":"http:\/\/www.connecteenproject.com\/lt\/wp-json\/wp\/v2\/pages\/907\/revisions"}],"predecessor-version":[{"id":1768,"href":"http:\/\/www.connecteenproject.com\/lt\/wp-json\/wp\/v2\/pages\/907\/revisions\/1768"}],"wp:attachment":[{"href":"http:\/\/www.connecteenproject.com\/lt\/wp-json\/wp\/v2\/media?parent=907"}],"curies":[{"name":"wp","href":"https:\/\/api.w.org\/{rel}","templated":true}]}}