{"id":1256,"date":"2025-06-26T11:51:54","date_gmt":"2025-06-26T09:51:54","guid":{"rendered":"http:\/\/www.connecteenproject.com\/personvernerklaering-2\/"},"modified":"2025-11-06T13:59:57","modified_gmt":"2025-11-06T12:59:57","slug":"personvernerklaering-2","status":"publish","type":"page","link":"http:\/\/www.connecteenproject.com\/no\/personvernerklaering-2\/","title":{"rendered":"Personvernerkl\u00e6ring"},"content":{"rendered":"\n<h2 class=\"wp-block-heading\">OPPLYSNINGER OM DEN ANSVARLIGE FOR DATABEHANDLING og D.P.O.<\/h2>\n\n<p>\u2022 Enhetsnavn: FUNDACI\u00d3N INTRAS<br\/>\u2022 Adresse: St. Mart\u00edn Santos Romero 1. 47016 Valladolid, Spania.<br\/>\u2022 \u200b\u200bTelefon: 983 399 633<br\/>\u2022 E-post: <a href=\"mailto:intras@intras.es\">intras@intras.es<\/a><br\/>\u2022 CIF: G-47345061<br\/>\u2022 Register: Klassifisert som en privat veldedig organisasjon med velferdskarakter av Sosialdepartementet ved forskrift av 2. mars 1995 (BOE nr. 75) datert 29. mars 1995. Registreringsnummer for stiftelsers protektorat nr. 47\/0102.<br\/>\u2022 Personvernombud: Hvis du \u00f8nsker \u00e5 kontakte v\u00e5rt personvernombud for sp\u00f8rsm\u00e5l knyttet til behandlingen av dine data, kan du gj\u00f8re det ved \u00e5 bruke dataene nedenfor: St. Mart\u00edn Santos Romero 1. 47016 Valladolid, <a href=\"mailto:intras@intras.es\">intras@intras.es<\/a>   <\/p>\n\n<h3 class=\"wp-block-heading\">FORM\u00c5L MED BEHANDLINGEN AV PERSONOPPLYSNINGER<\/h3>\n\n<p><strong><u>FORM\u00c5L MED BEHANDLINGEN AV <strong>PERSONOPPLYSNINGER<\/strong><\/u><\/strong><\/p>\n\n<ol class=\"wp-block-list\">\n<li><strong>Kontakt- og annonseh\u00e5ndtering:<\/strong>\n<ol class=\"wp-block-list\">\n<li>Hensikt.\n<ul class=\"wp-block-list\">\n<li>Kontakt potensielle kunder eller interesserte parter.<\/li>\n\n\n\n<li>Svare p\u00e5 foresp\u00f8rsler om informasjon\/tjenester som er gjort via alle kanaler eller kontaktskjema.<\/li>\n\n\n\n<li>Sende produkter, kommunikasjon og informasjon p\u00e5 ulike m\u00e5ter, inkludert elektronisk.<\/li>\n<\/ul>\n<\/li>\n\n\n\n<li>Legitimering. Legitimeringen for behandlingen av dine data er den berettigede interessen og samtykket fra den ber\u00f8rte parten. <\/li>\n\n\n\n<li>Mottaker. Ingen data vil bli overf\u00f8rt til tredjeparter, med unntak av juridiske forpliktelser. <\/li>\n<\/ol>\n<\/li>\n\n\n\n<li><strong>Presentasjon av CV-er og s\u00f8knader<\/strong>\n<ol class=\"wp-block-list\">\n<li>Hensikt. Administrere de gjennomf\u00f8rte utvelgelsesprosessene for personell.<\/li>\n\n\n\n<li>Legitimering. Legitimeringen for behandling av personopplysninger er basert p\u00e5 uttrykkelig samtykke gitt av den ber\u00f8rte parten. <\/li>\n\n\n\n<li><strong>Mottaker<\/strong>. Ingen data vil bli overf\u00f8rt til tredjeparter, med unntak av juridiske forpliktelser. <\/li>\n<\/ol>\n<\/li>\n\n\n\n<li><strong>Eksklusivt for profesjonelle kontakter.<\/strong>\n<ol class=\"wp-block-list\">\n<li>Hensikt. Vi behandler dine personopplysninger for \u00e5 opprettholde det profesjonelle forholdet mellom oss.<\/li>\n\n\n\n<li>Legitimering. Legitimeringen for behandlingen av dine data er den legitime interessen. <\/li>\n\n\n\n<li>Mottaker. Ingen data vil bli overf\u00f8rt til tredjeparter, med unntak av juridiske forpliktelser. <\/li>\n<\/ol>\n<\/li>\n\n\n\n<li><strong>Sikkerhet.<\/strong>\n<ol class=\"wp-block-list\">\n<li>Hensikt. Kontroll og garanti for personer, varer og fasiliteter, tilganger og bes\u00f8k.<\/li>\n\n\n\n<li>Legitimering. Offentlig interesse, legitim interesse og samtykke (dette i tilfelle tilgangskontroll av bes\u00f8k utf\u00f8res). <\/li>\n\n\n\n<li>Mottaker. Ingen data vil bli overf\u00f8rt til tredjeparter, med unntak av juridiske forpliktelser. <\/li>\n<\/ol>\n<\/li>\n\n\n\n<li><strong>Behandling av v\u00e5re velgj\u00f8rere og frivillige bidrag.<\/strong>\n<ol class=\"wp-block-list\">\n<li>Hensikt. Vi behandler data for \u00e5 h\u00e5ndtere forpliktelsene som f\u00f8lger av ditt frivillige bidrag\/donasjon.<\/li>\n\n\n\n<li>Legitimering. Overholde forpliktelsene som f\u00f8lger av deres frivillige bidrag. <\/li>\n\n\n\n<li>Mottaker. Ingen data vil bli overf\u00f8rt til tredjeparter, med unntak av juridiske forpliktelser. <\/li>\n<\/ol>\n<\/li>\n\n\n\n<li><strong>Menneskelige ressurser<\/strong>\n<ol class=\"wp-block-list\">\n<li>Form\u00e5l.- Forvaltning av eksisterende ansettelsesforhold: h\u00e5ndtering av arbeidsjournaler, l\u00f8nnsslipper og sosiale tiltak for ansatte, behandling av arbeidskrav, administrative krav, samt kontroll av timer eller frav\u00e6r.<\/li>\n\n\n\n<li>Legitimering. Samtykke, overholdelse av en juridisk forpliktelse, oppfyllelse av en kontrakt og legitim interesse. <\/li>\n\n\n\n<li>Mottaker. Ingen data vil bli overf\u00f8rt til tredjeparter, med unntak av juridiske forpliktelser. <\/li>\n<\/ol>\n<\/li>\n\n\n\n<li><strong>Oppmerksomhet p\u00e5 rettighetene til den ber\u00f8rte parten.<\/strong>\n<ol class=\"wp-block-list\">\n<li>Form\u00e5l. \u2013 Svare p\u00e5 foresp\u00f8rsler fra interesserte parter i ut\u00f8velsen av rettighetene som er fastsatt i personvernforordningen.<\/li>\n\n\n\n<li>Legitimering. Overholdelse av en juridisk forpliktelse. <\/li>\n\n\n\n<li>Mottaker. Ingen data vil bli overf\u00f8rt til tredjeparter, med unntak av juridiske forpliktelser. <\/li>\n<\/ol>\n<\/li>\n\n\n\n<li><strong>H\u00e5ndtering av sikkerhetsbrudd<\/strong>\n<ol class=\"wp-block-list\">\n<li>Form\u00e5l.- H\u00e5ndtering og evaluering av sikkerhetshull.<\/li>\n\n\n\n<li>Legitimering. Overholdelse av en juridisk eller kontraktsmessig forpliktelse. <\/li>\n\n\n\n<li>Mottaker. Ingen data vil bli overf\u00f8rt til tredjeparter, med unntak av juridiske forpliktelser. <\/li>\n<\/ol>\n<\/li>\n\n\n\n<li><strong>Stiftelsens tjenester og kunder:<\/strong>\n<ol class=\"wp-block-list\">\n<li>Form\u00e5l.- Ledelse av prosjekter knyttet til stiftelsens form\u00e5l og deltakelse fra brukere\/klienter i aktivitetene som er rettet mot eller som stiftelsen er integrert i (omsorgstjenester, oppl\u00e6ring, bosentre, teknologiske tjenester, fritidstjenester, formidlingstjenester og jobborientering)<\/li>\n\n\n\n<li>Legitimering. Gjennomf\u00f8ring og utvikling av det eksisterende forholdet mellom partene (kontraktsmessig eller f\u00f8rkontraktsmessig). Samtykke fra de ber\u00f8rte partene eller deres representanter. Behandling som er n\u00f8dvendig for \u00e5 oppfylle en rettslig forpliktelse og legitim interesse.   <\/li>\n\n\n\n<li>Mottaker. Ingen data vil bli overf\u00f8rt til tredjeparter, med unntak av juridiske forpliktelser. <\/li>\n<\/ol>\n<\/li>\n<\/ol>\n\n<h3 class=\"wp-block-heading\">RETTIGHETER TIL DATABEHANDLING<\/h3>\n\n<p>Du har rett til innsyn i personopplysninger, retting eller sletting av disse, begrensning av behandlingen av disse, motsette deg behandlingen, rett til dataportabilitet, tilbakekalling av samtykke og motsetning til reklame. Se <a href=\"http:\/\/www.connecteenproject.com\/politica-privacidad-y-proteccion-de-datos\/\"> <\/a><a href=\"http:\/\/www.connecteenproject.com\/no\/personvernerklaering-2\/\">www.connecteenproject.com\/privacy-policy<\/a>, eller g\u00e5 til adressene til den ansvarlige.<\/p>\n\n<h3 class=\"wp-block-heading\">YTTERLIGERE INFORMASJON OM DATABESKYTTELSE<\/h3>\n\n<p>Dataene vi samler inn ved bruk av eller navigering p\u00e5 nettstedet, via skjemaene v\u00e5re, via e-post eller i forbindelse med kontraktsforholdet som forener deg med oss, er personopplysninger. N\u00e5r du fyller ut hvert av informasjonsinnsamlingsskjemaene, vil du bli bedt om \u00e5 oppgi data som kan identifiseres som obligatoriske, og hvis du ikke oppgir dem, kan ikke form\u00e5lene beskrevet i hvert av skjemaene eller dokumentene som skal fylles ut, utf\u00f8res.  <br\/>Vi informerer deg om at informasjon kan bli lagret i databasene v\u00e5re ved \u00e5 bruke og navigere p\u00e5 nettstedet v\u00e5rt, eller ved \u00e5 sende e-post. Du er informert om dette i v\u00e5r policy for informasjonskapsler.<br\/>Den ansvarlige for databehandlingen forbeholder seg retten til \u00e5 endre eller tilpasse denne personvernerkl\u00e6ringen n\u00e5r som helst. Derfor anbefaler vi at du gjennomg\u00e5r den hver gang du bes\u00f8ker nettstedet. Dersom brukeren har registrert seg p\u00e5 nettstedet og \u00e5pner kontoen eller profilen sin, vil vedkommende bli informert om at det har v\u00e6rt vesentlige endringer i behandlingen av personopplysningene sine.    <\/p>\n\n<p><strong>Hvor lenge vil vi oppbevare personopplysningene dine?<\/strong><\/p>\n\n<figure class=\"wp-block-table\"><table class=\"has-fixed-layout\"><tbody><tr><td><strong>DATABEHANDLING<\/strong><\/td><td><strong>DATAOPBEVARINGSTID<\/strong><\/td><\/tr><tr><td><strong>Kontaktskjema med mulighet for gjenoppliving av annonsering<\/strong><\/td><td><strong><strong>Du samtykker i \u00e5 motta reklame<\/strong><\/strong><\/td><td>Dine personopplysninger vil bli behandlet inntil samtykket som er gitt for dette form\u00e5let, tilbakekalles.<\/td><\/tr><tr><td>\u00a0<\/td><td><strong>Ikke godta \u00e5 motta reklame<\/strong><\/td><td>Dine personopplysninger vil bli behandlet s\u00e5 lenge det er strengt n\u00f8dvendig for \u00e5 im\u00f8tekomme foresp\u00f8rselen din.<\/td><\/tr><tr><td><strong>L\u00e6replaner og s\u00f8knader<\/strong><\/td><td>Personopplysninger til jobbs\u00f8kere vil bli oppbevart i maksimalt ETT \u00c5R fra mottak av s\u00f8knad og\/eller CV.<\/td><\/tr><tr><td><strong>Eksklusivt for profesjonelle kontakter.<\/strong><\/td><td>Personopplysninger til jobbs\u00f8kere vil bli oppbevart i maksimalt ETT \u00c5R fra mottak av s\u00f8knad og\/eller CV.<\/td><\/tr><tr><td><strong>Eksklusivt for profesjonelle kontakter.<\/strong><\/td><td>Inntil slutten av v\u00e5re profesjonelle forhold eller inntil du bestemmer deg for \u00e5 avbryte eller motsette deg behandlingen av dine kontaktopplysninger.<\/td><\/tr><tr><td><strong>Videooverv\u00e5kingssystemer<\/strong><\/td><td>Opptakene vil bli oppbevart <strong>i EN M\u00c5NED<\/strong> fra innspillingen.<\/td><\/tr><tr><td><strong>Behandling av v\u00e5re velgj\u00f8rere og frivillige bidrag.<\/strong><\/td><td>De vil bli oppbevart til januar det p\u00e5f\u00f8lgende \u00e5ret frem til det frivillige bidraget er innbetalt, og i foreldelsesfristen for s\u00f8ksm\u00e5l.<\/td><\/tr><tr><td><strong>Menneskelige ressurser<\/strong><\/td><td>Dine personopplysninger vil bli behandlet frem til kontraktsforholdets slutt, og i foreldelsesfristen for rettslige skritt.<\/td><\/tr><tr><td><strong>Oppmerksomhet p\u00e5 de registrertes rettigheter og h\u00e5ndtering av sikkerhetshull<\/strong><\/td><td>Dine personopplysninger vil bli behandlet frem til kravet eller prosessen er avsluttet, og i foreldelsesfristen for rettslige skritt.<\/td><\/tr><tr><td><strong>Stiftelsestjenester:<\/strong><\/td><td>Dine personopplysninger vil bli behandlet frem til tjenestens slutt og i foreldelsesfristen for rettslige skritt.<\/td><\/tr><\/tbody><\/table><\/figure>\n\n<p>De vil bli oppbevart s\u00e5 lenge det er n\u00f8dvendig for \u00e5 oppfylle form\u00e5let de ble samlet inn for, og for \u00e5 fastsl\u00e5 mulige ansvarsomr\u00e5der som kan oppst\u00e5 som f\u00f8lge av nevnte form\u00e5l og behandlingen av dataene, og de vil kun v\u00e6re tilgjengelige for dommere og tribunaler, finansdepartementet, myndigheter og kompetente organer, og m\u00e5 overholde foreldelsesperioden for ansvar.<\/p>\n\n<ul class=\"wp-block-list\">\n<li>De \u00f8konomiske dataene vil bli oppbevart i henhold til bestemmelsene i lov 58\/2003 av 17. desember om generell beskatning. N\u00e5r dette kontraktsforholdet er avsluttet, vil dataene dine bli oppbevart i en periode p\u00e5 4 \u00e5r i samsvar med bestemmelsene i den generelle skatteloven. <\/li>\n\n\n\n<li>For kommersielle form\u00e5l, etter at dette kontraktsforholdet er avsluttet, vil dataene dine bli oppbevart i en periode p\u00e5 6 \u00e5r i samsvar med bestemmelsene i kongelig resolusjon av 22. august 1885, som godkjente handelsloven.<\/li>\n\n\n\n<li>For \u00e5 forhindre hvitvasking av penger kan dataene dine bli lagret i en periode p\u00e5 10 \u00e5r.<\/li>\n\n\n\n<li>For sivile form\u00e5l vil dataene dine bli oppbevart i en lovlig begrensningsperiode for ansvar n\u00e5r dette kontraktsforholdet er avsluttet.<\/li>\n\n\n\n<li>Arbeidsdataene vil bli oppbevart i foreldelsesfristen for rettslig skritt, inkludert som gjelder arbeidsmarkedet.<\/li>\n<\/ul>\n\n<p><strong>Til hvilke mottakere vil dataene dine bli formidlet?<\/strong><br\/>Som angitt i basisinformasjonen vil ingen data bli overf\u00f8rt til tredjeparter uten at det foreligger en rettslig forpliktelse og samtykke fra den ber\u00f8rte parten. I de tilfeller der det er n\u00f8dvendig, kan dataene overf\u00f8res til organer i samsvar med en rettslig forpliktelse, for eksempel: <\/p>\n\n<ol class=\"wp-block-list\">\n<li>Kropper og sikkerhetsstyrker.<\/li>\n\n\n\n<li>Kropper og sikkerhetsstyrker.<\/li>\n\n\n\n<li>Til de aktuelle bank- og finansenhetene, for \u00e5 v\u00e6re oppmerksomme p\u00e5 betalinger.<\/li>\n\n\n\n<li>Helsesentre og gjensidig forsikringsselskap.<\/li>\n\n\n\n<li>Domstoler og tribunaler<\/li>\n<\/ol>\n\n<p><strong>Hva er dine rettigheter i forbindelse med databehandling?<\/strong><br\/>Du som registrert har rett til \u00e5 f\u00e5 bekreftelse p\u00e5 at dine data behandles, f\u00e5 tilgang til dine personopplysninger, be om retting av un\u00f8yaktige data eller, der det er aktuelt, be om sletting, blant annet n\u00e5r dataene ikke lenger er n\u00f8dvendige for form\u00e5lene de ble samlet inn for, eller du som registrert trekker tilbake samtykket.<br\/>Denne enheten vil behandle og oppbevare dine data i samsvar med gjeldende regelverk, uten at det ber\u00f8rer det faktum at du som interessert part uansett kan be om begrensning av behandlingen av dine data. I visse tilfeller kan du ut\u00f8ve din rett til dataportabilitet, som vil bli levert i et strukturert, vanlig brukt eller maskinlesbart format til deg eller den nye behandlingsansvarlige du utpeker.<br\/>Du har rett til n\u00e5r som helst \u00e5 tilbakekalle samtykket til enhver av behandlingene du har gitt det for.<br\/>For \u00e5 ut\u00f8ve dine rettigheter, kontakt oss p\u00e5 adressene som er oppgitt.<br\/>Vi har skjemaer for ut\u00f8velse av alle rettighetene som er angitt ovenfor, men du kan ogs\u00e5 bruke de som er utarbeidet av det spanske databeskyttelsesbyr\u00e5et.<br\/>Du har rett til \u00e5 sende inn en klage til det spanske datatilsynet dersom du mener at ut\u00f8velsen av dine rettigheter ikke har blitt ivaretatt p\u00e5 riktig m\u00e5te. Maksimumsperioden for \u00e5 l\u00f8se dette er \u00e9n m\u00e5ned fra mottakelsen av foresp\u00f8rselen din.<br\/>Ved eventuelle endringer av dine data, takker vi deg for at du informerer oss skriftlig, slik at vi kan holde dataene dine oppdatert.<br\/><br\/>  <\/p>\n\n<p><\/p>\n","protected":false},"excerpt":{"rendered":"<p>OPPLYSNINGER OM DEN ANSVARLIGE FOR DATABEHANDLING og D.P.O. \u2022 Enhetsnavn: FUNDACI\u00d3N INTRAS\u2022 Adresse: St. Mart\u00edn Santos Romero 1. 47016 Valladolid, [&hellip;]<\/p>\n","protected":false},"author":1,"featured_media":0,"parent":0,"menu_order":0,"comment_status":"closed","ping_status":"open","template":"","meta":{"_coblocks_attr":"","_coblocks_dimensions":"","_coblocks_responsive_height":"","_coblocks_accordion_ie_support":"","_uag_custom_page_level_css":"","site-sidebar-layout":"default","site-content-layout":"","ast-site-content-layout":"default","site-content-style":"default","site-sidebar-style":"default","ast-global-header-display":"","ast-banner-title-visibility":"","ast-main-header-display":"","ast-hfb-above-header-display":"","ast-hfb-below-header-display":"","ast-hfb-mobile-header-display":"","site-post-title":"","ast-breadcrumbs-content":"","ast-featured-img":"","footer-sml-layout":"","ast-disable-related-posts":"","theme-transparent-header-meta":"","adv-header-id-meta":"","stick-header-meta":"","header-above-stick-meta":"","header-main-stick-meta":"","header-below-stick-meta":"","astra-migrate-meta-layouts":"default","ast-page-background-enabled":"default","ast-page-background-meta":{"desktop":{"background-color":"var(--ast-global-color-5)","background-image":"","background-repeat":"repeat","background-position":"center center","background-size":"auto","background-attachment":"scroll","background-type":"","background-media":"","overlay-type":"","overlay-color":"","overlay-opacity":"","overlay-gradient":""},"tablet":{"background-color":"","background-image":"","background-repeat":"repeat","background-position":"center center","background-size":"auto","background-attachment":"scroll","background-type":"","background-media":"","overlay-type":"","overlay-color":"","overlay-opacity":"","overlay-gradient":""},"mobile":{"background-color":"","background-image":"","background-repeat":"repeat","background-position":"center center","background-size":"auto","background-attachment":"scroll","background-type":"","background-media":"","overlay-type":"","overlay-color":"","overlay-opacity":"","overlay-gradient":""}},"ast-content-background-meta":{"desktop":{"background-color":"var(--ast-global-color-4)","background-image":"","background-repeat":"repeat","background-position":"center center","background-size":"auto","background-attachment":"scroll","background-type":"","background-media":"","overlay-type":"","overlay-color":"","overlay-opacity":"","overlay-gradient":""},"tablet":{"background-color":"var(--ast-global-color-4)","background-image":"","background-repeat":"repeat","background-position":"center center","background-size":"auto","background-attachment":"scroll","background-type":"","background-media":"","overlay-type":"","overlay-color":"","overlay-opacity":"","overlay-gradient":""},"mobile":{"background-color":"var(--ast-global-color-4)","background-image":"","background-repeat":"repeat","background-position":"center center","background-size":"auto","background-attachment":"scroll","background-type":"","background-media":"","overlay-type":"","overlay-color":"","overlay-opacity":"","overlay-gradient":""}},"footnotes":""},"class_list":["post-1256","page","type-page","status-publish","hentry"],"yoast_head":"<!-- This site is optimized with the Yoast SEO plugin v26.6 - https:\/\/yoast.com\/wordpress\/plugins\/seo\/ -->\n<title>Personvernerkl\u00e6ring -<\/title>\n<meta name=\"description\" content=\"Les personvernerkl\u00e6ringen til ConnectTeenProject.com for \u00e5 forst\u00e5 hvordan vi samler inn, bruker og beskytter dine personopplysninger i samsvar med europeiske GDPR-standarder. Ditt personvern er viktig.\" \/>\n<meta name=\"robots\" content=\"index, follow, max-snippet:-1, max-image-preview:large, max-video-preview:-1\" \/>\n<link rel=\"canonical\" href=\"http:\/\/www.connecteenproject.com\/no\/personvernerklaering-2\/\" \/>\n<meta property=\"og:locale\" content=\"nb_NO\" \/>\n<meta property=\"og:type\" content=\"article\" \/>\n<meta property=\"og:title\" content=\"Personvernerkl\u00e6ring -\" \/>\n<meta property=\"og:description\" content=\"Les personvernerkl\u00e6ringen til ConnectTeenProject.com for \u00e5 forst\u00e5 hvordan vi samler inn, bruker og beskytter dine personopplysninger i samsvar med europeiske GDPR-standarder. Ditt personvern er viktig.\" \/>\n<meta property=\"og:url\" content=\"http:\/\/www.connecteenproject.com\/no\/personvernerklaering-2\/\" \/>\n<meta property=\"article:modified_time\" content=\"2025-11-06T12:59:57+00:00\" \/>\n<meta name=\"twitter:card\" content=\"summary_large_image\" \/>\n<meta name=\"twitter:label1\" content=\"Ansl. lesetid\" \/>\n\t<meta name=\"twitter:data1\" content=\"8 minutter\" \/>\n<script type=\"application\/ld+json\" class=\"yoast-schema-graph\">{\"@context\":\"https:\/\/schema.org\",\"@graph\":[{\"@type\":\"WebPage\",\"@id\":\"http:\/\/www.connecteenproject.com\/no\/personvernerklaering-2\/\",\"url\":\"http:\/\/www.connecteenproject.com\/no\/personvernerklaering-2\/\",\"name\":\"Personvernerkl\u00e6ring -\",\"isPartOf\":{\"@id\":\"http:\/\/www.connecteenproject.com\/no\/#website\"},\"datePublished\":\"2025-06-26T09:51:54+00:00\",\"dateModified\":\"2025-11-06T12:59:57+00:00\",\"description\":\"Les personvernerkl\u00e6ringen til ConnectTeenProject.com for \u00e5 forst\u00e5 hvordan vi samler inn, bruker og beskytter dine personopplysninger i samsvar med europeiske GDPR-standarder. Ditt personvern er viktig.\",\"breadcrumb\":{\"@id\":\"http:\/\/www.connecteenproject.com\/no\/personvernerklaering-2\/#breadcrumb\"},\"inLanguage\":\"nb-NO\",\"potentialAction\":[{\"@type\":\"ReadAction\",\"target\":[\"http:\/\/www.connecteenproject.com\/no\/personvernerklaering-2\/\"]}]},{\"@type\":\"BreadcrumbList\",\"@id\":\"http:\/\/www.connecteenproject.com\/no\/personvernerklaering-2\/#breadcrumb\",\"itemListElement\":[{\"@type\":\"ListItem\",\"position\":1,\"name\":\"Portada\",\"item\":\"http:\/\/www.connecteenproject.com\/no\/\"},{\"@type\":\"ListItem\",\"position\":2,\"name\":\"Personvernerkl\u00e6ring\"}]},{\"@type\":\"WebSite\",\"@id\":\"http:\/\/www.connecteenproject.com\/no\/#website\",\"url\":\"http:\/\/www.connecteenproject.com\/no\/\",\"name\":\"\",\"description\":\"Connecteen project\",\"potentialAction\":[{\"@type\":\"SearchAction\",\"target\":{\"@type\":\"EntryPoint\",\"urlTemplate\":\"http:\/\/www.connecteenproject.com\/no\/?s={search_term_string}\"},\"query-input\":{\"@type\":\"PropertyValueSpecification\",\"valueRequired\":true,\"valueName\":\"search_term_string\"}}],\"inLanguage\":\"nb-NO\"}]}<\/script>\n<!-- \/ Yoast SEO plugin. -->","yoast_head_json":{"title":"Personvernerkl\u00e6ring -","description":"Les personvernerkl\u00e6ringen til ConnectTeenProject.com for \u00e5 forst\u00e5 hvordan vi samler inn, bruker og beskytter dine personopplysninger i samsvar med europeiske GDPR-standarder. Ditt personvern er viktig.","robots":{"index":"index","follow":"follow","max-snippet":"max-snippet:-1","max-image-preview":"max-image-preview:large","max-video-preview":"max-video-preview:-1"},"canonical":"http:\/\/www.connecteenproject.com\/no\/personvernerklaering-2\/","og_locale":"nb_NO","og_type":"article","og_title":"Personvernerkl\u00e6ring -","og_description":"Les personvernerkl\u00e6ringen til ConnectTeenProject.com for \u00e5 forst\u00e5 hvordan vi samler inn, bruker og beskytter dine personopplysninger i samsvar med europeiske GDPR-standarder. Ditt personvern er viktig.","og_url":"http:\/\/www.connecteenproject.com\/no\/personvernerklaering-2\/","article_modified_time":"2025-11-06T12:59:57+00:00","twitter_card":"summary_large_image","twitter_misc":{"Ansl. lesetid":"8 minutter"},"schema":{"@context":"https:\/\/schema.org","@graph":[{"@type":"WebPage","@id":"http:\/\/www.connecteenproject.com\/no\/personvernerklaering-2\/","url":"http:\/\/www.connecteenproject.com\/no\/personvernerklaering-2\/","name":"Personvernerkl\u00e6ring -","isPartOf":{"@id":"http:\/\/www.connecteenproject.com\/no\/#website"},"datePublished":"2025-06-26T09:51:54+00:00","dateModified":"2025-11-06T12:59:57+00:00","description":"Les personvernerkl\u00e6ringen til ConnectTeenProject.com for \u00e5 forst\u00e5 hvordan vi samler inn, bruker og beskytter dine personopplysninger i samsvar med europeiske GDPR-standarder. Ditt personvern er viktig.","breadcrumb":{"@id":"http:\/\/www.connecteenproject.com\/no\/personvernerklaering-2\/#breadcrumb"},"inLanguage":"nb-NO","potentialAction":[{"@type":"ReadAction","target":["http:\/\/www.connecteenproject.com\/no\/personvernerklaering-2\/"]}]},{"@type":"BreadcrumbList","@id":"http:\/\/www.connecteenproject.com\/no\/personvernerklaering-2\/#breadcrumb","itemListElement":[{"@type":"ListItem","position":1,"name":"Portada","item":"http:\/\/www.connecteenproject.com\/no\/"},{"@type":"ListItem","position":2,"name":"Personvernerkl\u00e6ring"}]},{"@type":"WebSite","@id":"http:\/\/www.connecteenproject.com\/no\/#website","url":"http:\/\/www.connecteenproject.com\/no\/","name":"","description":"Connecteen project","potentialAction":[{"@type":"SearchAction","target":{"@type":"EntryPoint","urlTemplate":"http:\/\/www.connecteenproject.com\/no\/?s={search_term_string}"},"query-input":{"@type":"PropertyValueSpecification","valueRequired":true,"valueName":"search_term_string"}}],"inLanguage":"nb-NO"}]}},"uagb_featured_image_src":{"full":false,"thumbnail":false,"medium":false,"medium_large":false,"large":false,"course_archive_thumbnail":false,"course_single_thumbnail":false,"lesson_archive_thumbnail":false,"lesson_single_thumbnail":false,"1536x1536":false,"2048x2048":false,"woocommerce_thumbnail":false,"woocommerce_single":false,"woocommerce_gallery_thumbnail":false},"uagb_author_info":{"display_name":"juliacunyADMIN","author_link":"http:\/\/www.connecteenproject.com\/no\/author\/juliacunyadmin\/"},"uagb_comment_info":0,"uagb_excerpt":"OPPLYSNINGER OM DEN ANSVARLIGE FOR DATABEHANDLING og D.P.O. \u2022 Enhetsnavn: FUNDACI\u00d3N INTRAS\u2022 Adresse: St. Mart\u00edn Santos Romero 1. 47016 Valladolid, [&hellip;]","_links":{"self":[{"href":"http:\/\/www.connecteenproject.com\/no\/wp-json\/wp\/v2\/pages\/1256","targetHints":{"allow":["GET"]}}],"collection":[{"href":"http:\/\/www.connecteenproject.com\/no\/wp-json\/wp\/v2\/pages"}],"about":[{"href":"http:\/\/www.connecteenproject.com\/no\/wp-json\/wp\/v2\/types\/page"}],"author":[{"embeddable":true,"href":"http:\/\/www.connecteenproject.com\/no\/wp-json\/wp\/v2\/users\/1"}],"replies":[{"embeddable":true,"href":"http:\/\/www.connecteenproject.com\/no\/wp-json\/wp\/v2\/comments?post=1256"}],"version-history":[{"count":1,"href":"http:\/\/www.connecteenproject.com\/no\/wp-json\/wp\/v2\/pages\/1256\/revisions"}],"predecessor-version":[{"id":1258,"href":"http:\/\/www.connecteenproject.com\/no\/wp-json\/wp\/v2\/pages\/1256\/revisions\/1258"}],"wp:attachment":[{"href":"http:\/\/www.connecteenproject.com\/no\/wp-json\/wp\/v2\/media?parent=1256"}],"curies":[{"name":"wp","href":"https:\/\/api.w.org\/{rel}","templated":true}]}}