{"id":520,"date":"2025-10-27T14:09:49","date_gmt":"2025-10-27T13:09:49","guid":{"rendered":"http:\/\/www.connecteenproject.com\/prosjektet\/"},"modified":"2025-10-29T13:15:26","modified_gmt":"2025-10-29T12:15:26","slug":"prosjektet","status":"publish","type":"page","link":"http:\/\/www.connecteenproject.com\/no\/prosjektet\/","title":{"rendered":"Prosjektet"},"content":{"rendered":"\n<div class=\"wp-block-uagb-container uagb-block-907f4ffb alignfull uagb-is-root-container\"><div class=\"uagb-container-inner-blocks-wrap\">\n<div class=\"wp-block-uagb-container uagb-block-f1762b55 alignfull uagb-is-root-container\"><div class=\"uagb-container-inner-blocks-wrap\">\n<div class=\"wp-block-uagb-container uagb-block-ad7a72c8\"><\/div>\n\n\n\n<div class=\"wp-block-uagb-container uagb-block-4d77a9fe\">\n<h2 class=\"wp-block-heading has-text-align-right has-ast-global-color-4-color has-text-color has-link-color wp-elements-42dd83315ab8a5cf1c6bc4f9661e02e6\">Prosjektbakgrunn<\/h2>\n\n\n\n<p class=\"has-text-align-right is-style-default has-ast-global-color-4-color has-text-color has-link-color wp-elements-73163f6ca9663ca8fca4ecadd18cfe9b\" style=\"padding-top:0;padding-right:0;padding-bottom:0;padding-left:0;font-size:14px\">ConnecTEEN-prosjektet er et transnasjonalt samarbeidsinitiativ finansiert av Erasmus+-programmet, med fokus p\u00e5 \u00e5 styrke st\u00f8ttesystemene for mental helse innen yrkesoppl\u00e6ringsinstitusjoner (VET) over hele Europa.<\/p>\n<\/div>\n<\/div><\/div>\n<\/div><\/div>\n\n<div class=\"wp-block-coblocks-hero alignfull has-text-color has-white-color coblocks-hero-927132816414 mb-0\"><div class=\"wp-block-coblocks-hero__inner has-ast-global-color-1-background-color has-background bg-cover has-background-image bg-no-repeat bg-center-center hero-center-right-align has-padding has-medium-padding has-ast-global-color-1-background-color has-right-content\" style=\"background-image:url(http:\/\/www.connecteenproject.com\/wp-content\/uploads\/2025\/10\/about-the-project.png);background-position:69% 45%;min-height:500px\"><div class=\"wp-block-coblocks-hero__content-wrapper\"><div class=\"wp-block-coblocks-hero__content\" style=\"max-width:400px\">\n<h2 class=\"wp-block-heading\"><\/h2>\n\n\n\n<p><\/p>\n\n\n\n<div class=\"wp-block-buttons is-layout-flex wp-block-buttons-is-layout-flex\">\n\n<\/div>\n<\/div><\/div><\/div><\/div>\n\n<div class=\"wp-block-uagb-container uagb-block-64895394 default uagb-is-root-container\">\n<div class=\"wp-block-uagb-container uagb-block-271931c5\"><\/div>\n\n\n\n<div class=\"wp-block-uagb-container uagb-block-e90f0e3f\">\n<h2 class=\"wp-block-heading\"><a>Prosjektbakgrunn<\/a><\/h2>\n\n\n\n<p><strong>ConnecTEEN: Styrking av studenters velv\u00e6re i yrkesfaglig utdanning<\/strong>:<br\/>ConnecTEEN-prosjektet er et transnasjonalt samarbeidsinitiativ finansiert av Erasmus+-programmet, med fokus p\u00e5 \u00e5 styrke st\u00f8ttesystemene for mental helse innen yrkesfaglige utdanningsinstitusjoner (VET) over hele Europa. V\u00e5rt oppdrag er \u00e5 skape et mer st\u00f8ttende og robust l\u00e6ringsmilj\u00f8 der yrkesfaglige studenter kan trives, b\u00e5de personlig og akademisk, ved \u00e5 prioritere sin mentale helse og velv\u00e6re.<br\/><br\/><strong>Utfordringen vi tar tak i<\/strong>:<br\/>VET-studenter navigerer ofte gjennom en kompleks overgang, der de balanserer intensive akademiske krav med praktisk oppl\u00e6ring, noe som kan f\u00f8re til unike stressfaktorer og psykiske helseutfordringer. Altfor ofte mangler VET-institusjoner de spesialiserte verkt\u00f8yene og oppl\u00e6ringen som er n\u00f8dvendig for \u00e5 proaktivt identifisere og effektivt gripe inn n\u00e5r en student er i faresonen for en psykisk helsekrise. Dette gapet bidrar til lave studentretensjonsrater og p\u00e5virker den generelle akademiske prestasjonen negativt.  <\/p>\n<\/div>\n<\/div>\n\n<div class=\"wp-block-uagb-container uagb-block-ee482c99 alignfull uagb-is-root-container\"><div class=\"uagb-container-inner-blocks-wrap\">\n<div class=\"wp-block-uagb-container uagb-block-e8744b2c\">\n<h2 class=\"wp-block-heading has-text-align-center has-ast-global-color-4-color has-text-color has-link-color wp-elements-4e47915d0757a0452f18f83992abb49c\" style=\"font-size:32px\"><a><\/a><a>Forventede resultater<\/a><\/h2>\n\n\n\n<p class=\"has-ast-global-color-4-color has-text-color has-link-color wp-elements-dbaf1fde88785fa0eb01df2a55e11123\">ConnecTEEN-prosjektet er utformet for \u00e5 levere to hovedintellektuelle resultater (IO-er), som danner kjernen i <strong>ConnecTEEN-verkt\u00f8ysettet <\/strong>for yrkesfaglige institusjoner:<br\/><strong>ConnecTEEN Online Well-being Measurement Tool (WP2)<\/strong> Dette verkt\u00f8yet er en spesialisert nettressurs utviklet spesielt for yrkesfaglige institusjoner for \u00e5 ta en proaktiv holdning til elevers psykiske helse.<\/p>\n\n\n\n<ul class=\"wp-block-list\">\n<li class=\"has-ast-global-color-4-color has-text-color has-link-color wp-elements-5d26df3e69404028b348d479d57c7628\">Form\u00e5l: \u00c5 muliggj\u00f8re tidlig identifisering og systematisk overv\u00e5king av psykiske helseproblemer, potensielle kriser og trivselsniv\u00e5 blant elever.<\/li>\n\n\n\n<li class=\"has-ast-global-color-4-color has-text-color has-link-color wp-elements-fad0bd3d9fcce6ca1e7261ff3033fa8d\">Format: En anonym nettbasert unders\u00f8kelse skreddersydd for ungdom og unge voksne i alderen 15\u201322 \u00e5r i yrkesoppl\u00e6ringsmilj\u00f8er.<\/li>\n\n\n\n<li class=\"has-ast-global-color-4-color has-text-color has-link-color wp-elements-d7953428e1582d80eb0e299530fd82b0\">Funksjon: Verkt\u00f8yets digitale plattform gir yrkesfaglige fagfolk verdifulle data og innsikt for \u00e5 legge til rette for m\u00e5lrettede og rettidige intervensjoner og st\u00f8ttetiltak.<\/li>\n<\/ul>\n\n\n\n<p class=\"has-ast-global-color-4-color has-text-color has-link-color wp-elements-1f22349c4fa53cd4183548f5e4b8ac80\"><strong>ConnecTEENs samfunnsbaserte kriseintervensjonsprogram (WP3)<\/strong><br\/><br\/><br\/>Dette programmet gir det n\u00f8dvendige intervensjonsrammeverket for \u00e5 reagere effektivt n\u00e5r elever i faresonen er identifisert. <strong>Fokus p\u00e5 lokalsamfunnet<\/strong>: Programmet utdanner yrkesfaglige fagfolk og gir elevene mulighet til \u00e5 bli <strong>ambassad\u00f8rer for elevenes velv\u00e6re<\/strong>, og skaper et st\u00f8ttende nettverk av jevnaldrende for \u00e5 reagere p\u00e5 kriser og fremme en kultur av empati og inkludering i skolen.<br\/><br\/><strong>Programinnhold<\/strong>: Et innovativt, <strong>intensivt 8-ukers program<\/strong> som tar sikte p\u00e5 \u00e5 styrke motstandskraft, utvikling av egenstyrke og fremme emosjonell st\u00f8tte blant elevene.<br\/><br\/><strong>Digital plattform<\/strong>: Programmet og alt materialet ligger p\u00e5 en brukervennlig nettportal som vil <strong>v\u00e6re \u00e5pent tilgjengelig og oversatt til seks spr\u00e5k <\/strong>(engelsk, spansk, polsk, norsk, tsjekkisk, litauisk).<\/p>\n<\/div>\n<\/div><\/div>\n\n<div class=\"wp-block-uagb-container uagb-block-7309e0ee alignfull uagb-is-root-container\"><div class=\"uagb-container-inner-blocks-wrap\">\n<div class=\"wp-block-uagb-container uagb-block-c8680d40\">\n<div class=\"wp-block-columns is-layout-flex wp-container-core-columns-is-layout-28f84493 wp-block-columns-is-layout-flex\">\n<div class=\"wp-block-column is-layout-flow wp-block-column-is-layout-flow\"><\/div>\n\n\n\n<div class=\"wp-block-column is-layout-flow wp-block-column-is-layout-flow\">\n<div class=\"wp-block-uagb-image uagb-block-d8f9ae32 wp-block-uagb-image--layout-default wp-block-uagb-image--effect-static wp-block-uagb-image--align-none\"><figure class=\"wp-block-uagb-image__figure\"><img decoding=\"async\" srcset=\"http:\/\/www.connecteenproject.com\/wp-content\/uploads\/2025\/07\/FLAT-ICON.jpg ,http:\/\/www.connecteenproject.com\/wp-content\/uploads\/2025\/07\/FLAT-ICON.jpg 780w, http:\/\/www.connecteenproject.com\/wp-content\/uploads\/2025\/07\/FLAT-ICON.jpg 360w\" sizes=\"auto, (max-width: 480px) 150px\" src=\"http:\/\/www.connecteenproject.com\/wp-content\/uploads\/2025\/07\/FLAT-ICON.jpg\" alt=\"\" class=\"uag-image-160\" width=\"126\" height=\"126\" title=\"FLAT-ICON\" loading=\"lazy\" role=\"img\"><\/figure><\/div>\n<\/div>\n\n\n\n<div class=\"wp-block-column is-layout-flow wp-block-column-is-layout-flow\"><\/div>\n<\/div>\n\n\n\n<div class=\"wp-block-uagb-advanced-heading uagb-block-c5315e98\"><h2 class=\"uagb-heading-text\">Forventet innvirkning<\/h2><p class=\"uagb-desc-text\">Ved \u00e5 utstyre yrkesfaglige institusjoner med disse praktiske verkt\u00f8yene og oppl\u00e6ringsprogrammene, vil ConnecTEEN:<\/p><\/div>\n\n\n\n<div class=\"wp-block-uagb-container uagb-block-c1a7701f\">\n<div class=\"wp-block-columns is-layout-flex wp-container-core-columns-is-layout-28f84493 wp-block-columns-is-layout-flex\">\n<div class=\"wp-block-column is-layout-flow wp-block-column-is-layout-flow\" style=\"box-shadow:var(--wp--preset--shadow--natural)\">\n<div class=\"wp-block-media-text is-stacked-on-mobile is-vertically-aligned-center is-image-fill-element is-style-default has-ast-global-color-4-background-color has-background\"><figure class=\"wp-block-media-text__media\"><img loading=\"lazy\" decoding=\"async\" width=\"525\" height=\"350\" src=\"http:\/\/www.connecteenproject.com\/wp-content\/uploads\/2025\/10\/pexels-photo-5905841-5905841.jpg\" alt=\"To barn studerer sammen, fokusert p\u00e5 lekser med blyanter og notatb\u00f8ker, mens de l\u00e6rer innend\u00f8rs.\" class=\"wp-image-340 size-full\" style=\"object-position:50% 50%\"\/><\/figure><div class=\"wp-block-media-text__content\">\n<p><strong>Forbedre elevenes velv\u00e6re<\/strong>:<br\/>Forbedre elevenes psykiske helse, f\u00f8lelse av tilh\u00f8righet og generelle livskvalitet.<\/p>\n<\/div><\/div>\n<\/div>\n\n\n\n<div class=\"wp-block-column is-layout-flow wp-block-column-is-layout-flow\" style=\"box-shadow:var(--wp--preset--shadow--natural)\">\n<div class=\"wp-block-media-text is-stacked-on-mobile is-vertically-aligned-center is-image-fill-element is-style-default has-ast-global-color-4-background-color has-background\"><figure class=\"wp-block-media-text__media\"><img loading=\"lazy\" decoding=\"async\" width=\"524\" height=\"350\" src=\"http:\/\/www.connecteenproject.com\/wp-content\/uploads\/2025\/10\/pexels-photo-4144923-4144923.jpg\" alt=\"En student tar notater under en videosamtale for nettbasert l\u00e6ring hjemmefra.\" class=\"wp-image-337 size-full\" style=\"object-position:50% 50%\"\/><\/figure><div class=\"wp-block-media-text__content\">\n<p><strong>\u00d8k retensjon<\/strong>: Bidra til h\u00f8yere fullf\u00f8ringsrater og bedre akademiske resultater.<\/p>\n<\/div><\/div>\n<\/div>\n\n\n\n<div class=\"wp-block-column is-layout-flow wp-block-column-is-layout-flow\" style=\"box-shadow:var(--wp--preset--shadow--natural)\">\n<div class=\"wp-block-media-text is-stacked-on-mobile is-vertically-aligned-center is-image-fill-element is-style-default has-ast-global-color-4-background-color has-background\"><figure class=\"wp-block-media-text__media\"><img loading=\"lazy\" decoding=\"async\" width=\"525\" height=\"350\" src=\"http:\/\/www.connecteenproject.com\/wp-content\/uploads\/2025\/10\/pexels-photo-8199708-8199708.jpg\" alt=\"En gruppe glade studenter gir high-fives i et bibliotekmilj\u00f8 og feirer suksess.\" class=\"wp-image-338 size-full\" style=\"object-position:50% 50%\"\/><\/figure><div class=\"wp-block-media-text__content\">\n<p><strong>Etablere en b\u00e6rekraftig st\u00f8ttemodell<\/strong>: Lag et utpr\u00f8vd rammeverk som kan tas i bruk av yrkesrettet utdanningsinstitusjoner over hele Europa, og sikre en varig positiv arv for fremtidige studenter.<\/p>\n<\/div><\/div>\n<\/div>\n<\/div>\n<\/div>\n<\/div>\n<\/div><\/div>\n\n<div class=\"wp-block-group has-contrast-color has-text-color is-vertical is-content-justification-center is-layout-flex wp-container-core-group-is-layout-f306f087 wp-block-group-is-layout-flex\" style=\"min-height:40vh;margin-top:0;margin-bottom:0;padding-top:var(--wp--preset--spacing--60);padding-right:var(--wp--preset--spacing--50);padding-bottom:var(--wp--preset--spacing--60);padding-left:var(--wp--preset--spacing--50)\">\n<div class=\"wp-block-uagb-container uagb-block-3aa8ec73 alignfull uagb-is-root-container\"><div class=\"uagb-container-inner-blocks-wrap\">\n<div class=\"wp-block-columns are-vertically-aligned-center is-layout-flex wp-container-core-columns-is-layout-28f84493 wp-block-columns-is-layout-flex\">\n<div class=\"wp-block-column is-vertically-aligned-center is-layout-constrained wp-block-column-is-layout-constrained\">\n<div class=\"wp-block-uagb-container uagb-block-9f18e00a\"><\/div>\n<\/div>\n\n\n\n<div class=\"wp-block-column is-vertically-aligned-center is-layout-flow wp-block-column-is-layout-flow\"><div style=\"margin-bottom:6px;\" class=\"aligncenter wp-block-site-logo\"><a href=\"http:\/\/www.connecteenproject.com\/no\/\" class=\"custom-logo-link\" rel=\"home\"><img loading=\"lazy\" decoding=\"async\" width=\"168\" height=\"108\" src=\"http:\/\/www.connecteenproject.com\/wp-content\/uploads\/2025\/07\/cropped-connecteen-header-logo.png\" class=\"custom-logo\" alt=\"\" srcset=\"http:\/\/www.connecteenproject.com\/wp-content\/uploads\/2025\/07\/cropped-connecteen-header-logo.png 209w, http:\/\/www.connecteenproject.com\/wp-content\/uploads\/2025\/07\/cropped-connecteen-header-logo-100x65.png 100w\" sizes=\"auto, (max-width: 168px) 100vw, 168px\" \/><\/a><\/div><\/div>\n\n\n\n<div class=\"wp-block-column is-vertically-aligned-center is-layout-flow wp-block-column-is-layout-flow\">\n<div class=\"wp-block-uagb-container uagb-block-5144555b\">\n<p class=\"has-text-align-right has-ast-global-color-0-color has-text-color has-link-color has-small-font-size wp-elements-edd4b6225846a2419631d481107a23a7\">Medfinansiert av EU. Synspunktene og meningene som uttrykkes er imidlertid kun forfatterens(e) egne og gjenspeiler ikke n\u00f8dvendigvis synspunktene og meningene til EU eller Det europeiske forvaltningsorganet for utdanning og kultur (EACEA). Verken EU eller EACEA kan holdes ansvarlige for dem.  <\/p>\n<\/div>\n<\/div>\n<\/div>\n<\/div><\/div>\n<\/div>\n\n<div class=\"wp-block-uagb-container uagb-block-bfb606b3 alignfull uagb-is-root-container\"><div class=\"uagb-container-inner-blocks-wrap\">\n<p class=\"has-text-align-center has-ast-global-color-4-color has-text-color has-link-color has-small-font-size wp-elements-520ee4632118bdf83da221a516df8c59\"><a href=\"http:\/\/www.connecteenproject.com\/connectteenproject-privacy-policy\/\">Personvernerkl\u00e6ring<\/a> | <a href=\"http:\/\/www.connecteenproject.com\/no\/retningslinjer-for-informasjonskapsler\/\">Informasjonskapsler <\/a>|<a href=\"http:\/\/www.connecteenproject.com\/no\/juridisk-merknad\/\"> Juridisk merknad<\/a><\/p>\n<\/div><\/div>\n\n<p><\/p>\n","protected":false},"excerpt":{"rendered":"<p>Prosjektbakgrunn ConnecTEEN-prosjektet er et transnasjonalt samarbeidsinitiativ finansiert av Erasmus+-programmet, med fokus p\u00e5 \u00e5 styrke st\u00f8ttesystemene for mental helse innen yrkesoppl\u00e6ringsinstitusjoner [&hellip;]<\/p>\n","protected":false},"author":1,"featured_media":0,"parent":0,"menu_order":0,"comment_status":"closed","ping_status":"closed","template":"","meta":{"_coblocks_attr":"","_coblocks_dimensions":"","_coblocks_responsive_height":"","_coblocks_accordion_ie_support":"","_uag_custom_page_level_css":"","site-sidebar-layout":"default","site-content-layout":"","ast-site-content-layout":"default","site-content-style":"default","site-sidebar-style":"default","ast-global-header-display":"","ast-banner-title-visibility":"","ast-main-header-display":"","ast-hfb-above-header-display":"","ast-hfb-below-header-display":"","ast-hfb-mobile-header-display":"","site-post-title":"disabled","ast-breadcrumbs-content":"","ast-featured-img":"","footer-sml-layout":"","ast-disable-related-posts":"","theme-transparent-header-meta":"","adv-header-id-meta":"","stick-header-meta":"","header-above-stick-meta":"","header-main-stick-meta":"","header-below-stick-meta":"","astra-migrate-meta-layouts":"default","ast-page-background-enabled":"default","ast-page-background-meta":{"desktop":{"background-color":"var(--ast-global-color-5)","background-image":"","background-repeat":"repeat","background-position":"center center","background-size":"auto","background-attachment":"scroll","background-type":"","background-media":"","overlay-type":"","overlay-color":"","overlay-opacity":"","overlay-gradient":""},"tablet":{"background-color":"","background-image":"","background-repeat":"repeat","background-position":"center center","background-size":"auto","background-attachment":"scroll","background-type":"","background-media":"","overlay-type":"","overlay-color":"","overlay-opacity":"","overlay-gradient":""},"mobile":{"background-color":"","background-image":"","background-repeat":"repeat","background-position":"center center","background-size":"auto","background-attachment":"scroll","background-type":"","background-media":"","overlay-type":"","overlay-color":"","overlay-opacity":"","overlay-gradient":""}},"ast-content-background-meta":{"desktop":{"background-color":"var(--ast-global-color-4)","background-image":"","background-repeat":"repeat","background-position":"center center","background-size":"auto","background-attachment":"scroll","background-type":"","background-media":"","overlay-type":"","overlay-color":"","overlay-opacity":"","overlay-gradient":""},"tablet":{"background-color":"var(--ast-global-color-4)","background-image":"","background-repeat":"repeat","background-position":"center center","background-size":"auto","background-attachment":"scroll","background-type":"","background-media":"","overlay-type":"","overlay-color":"","overlay-opacity":"","overlay-gradient":""},"mobile":{"background-color":"var(--ast-global-color-4)","background-image":"","background-repeat":"repeat","background-position":"center center","background-size":"auto","background-attachment":"scroll","background-type":"","background-media":"","overlay-type":"","overlay-color":"","overlay-opacity":"","overlay-gradient":""}},"footnotes":""},"class_list":["post-520","page","type-page","status-publish","hentry"],"yoast_head":"<!-- This site is optimized with the Yoast SEO plugin v26.6 - https:\/\/yoast.com\/wordpress\/plugins\/seo\/ -->\n<title>Prosjektet -<\/title>\n<meta name=\"robots\" content=\"index, follow, max-snippet:-1, max-image-preview:large, max-video-preview:-1\" \/>\n<link rel=\"canonical\" href=\"http:\/\/www.connecteenproject.com\/no\/prosjektet\/\" \/>\n<meta property=\"og:locale\" content=\"nb_NO\" \/>\n<meta property=\"og:type\" content=\"article\" \/>\n<meta property=\"og:title\" content=\"Prosjektet -\" \/>\n<meta property=\"og:description\" content=\"Prosjektbakgrunn ConnecTEEN-prosjektet er et transnasjonalt samarbeidsinitiativ finansiert av Erasmus+-programmet, med fokus p\u00e5 \u00e5 styrke st\u00f8ttesystemene for mental helse innen yrkesoppl\u00e6ringsinstitusjoner [&hellip;]\" \/>\n<meta property=\"og:url\" content=\"http:\/\/www.connecteenproject.com\/no\/prosjektet\/\" \/>\n<meta property=\"article:modified_time\" content=\"2025-10-29T12:15:26+00:00\" \/>\n<meta property=\"og:image\" content=\"http:\/\/www.connecteenproject.com\/wp-content\/uploads\/2025\/07\/FLAT-ICON.jpg\" \/>\n<meta name=\"twitter:card\" content=\"summary_large_image\" \/>\n<meta name=\"twitter:label1\" content=\"Ansl. lesetid\" \/>\n\t<meta name=\"twitter:data1\" content=\"3 minutter\" \/>\n<script type=\"application\/ld+json\" class=\"yoast-schema-graph\">{\"@context\":\"https:\/\/schema.org\",\"@graph\":[{\"@type\":\"WebPage\",\"@id\":\"http:\/\/www.connecteenproject.com\/no\/prosjektet\/\",\"url\":\"http:\/\/www.connecteenproject.com\/no\/prosjektet\/\",\"name\":\"Prosjektet -\",\"isPartOf\":{\"@id\":\"http:\/\/www.connecteenproject.com\/no\/#website\"},\"primaryImageOfPage\":{\"@id\":\"http:\/\/www.connecteenproject.com\/no\/prosjektet\/#primaryimage\"},\"image\":{\"@id\":\"http:\/\/www.connecteenproject.com\/no\/prosjektet\/#primaryimage\"},\"thumbnailUrl\":\"http:\/\/www.connecteenproject.com\/wp-content\/uploads\/2025\/07\/FLAT-ICON.jpg\",\"datePublished\":\"2025-10-27T13:09:49+00:00\",\"dateModified\":\"2025-10-29T12:15:26+00:00\",\"breadcrumb\":{\"@id\":\"http:\/\/www.connecteenproject.com\/no\/prosjektet\/#breadcrumb\"},\"inLanguage\":\"nb-NO\",\"potentialAction\":[{\"@type\":\"ReadAction\",\"target\":[\"http:\/\/www.connecteenproject.com\/no\/prosjektet\/\"]}]},{\"@type\":\"ImageObject\",\"inLanguage\":\"nb-NO\",\"@id\":\"http:\/\/www.connecteenproject.com\/no\/prosjektet\/#primaryimage\",\"url\":\"http:\/\/www.connecteenproject.com\/wp-content\/uploads\/2025\/07\/FLAT-ICON.jpg\",\"contentUrl\":\"http:\/\/www.connecteenproject.com\/wp-content\/uploads\/2025\/07\/FLAT-ICON.jpg\"},{\"@type\":\"BreadcrumbList\",\"@id\":\"http:\/\/www.connecteenproject.com\/no\/prosjektet\/#breadcrumb\",\"itemListElement\":[{\"@type\":\"ListItem\",\"position\":1,\"name\":\"Portada\",\"item\":\"http:\/\/www.connecteenproject.com\/no\/\"},{\"@type\":\"ListItem\",\"position\":2,\"name\":\"Prosjektet\"}]},{\"@type\":\"WebSite\",\"@id\":\"http:\/\/www.connecteenproject.com\/no\/#website\",\"url\":\"http:\/\/www.connecteenproject.com\/no\/\",\"name\":\"\",\"description\":\"Connecteen project\",\"potentialAction\":[{\"@type\":\"SearchAction\",\"target\":{\"@type\":\"EntryPoint\",\"urlTemplate\":\"http:\/\/www.connecteenproject.com\/no\/?s={search_term_string}\"},\"query-input\":{\"@type\":\"PropertyValueSpecification\",\"valueRequired\":true,\"valueName\":\"search_term_string\"}}],\"inLanguage\":\"nb-NO\"}]}<\/script>\n<!-- \/ Yoast SEO plugin. -->","yoast_head_json":{"title":"Prosjektet -","robots":{"index":"index","follow":"follow","max-snippet":"max-snippet:-1","max-image-preview":"max-image-preview:large","max-video-preview":"max-video-preview:-1"},"canonical":"http:\/\/www.connecteenproject.com\/no\/prosjektet\/","og_locale":"nb_NO","og_type":"article","og_title":"Prosjektet -","og_description":"Prosjektbakgrunn ConnecTEEN-prosjektet er et transnasjonalt samarbeidsinitiativ finansiert av Erasmus+-programmet, med fokus p\u00e5 \u00e5 styrke st\u00f8ttesystemene for mental helse innen yrkesoppl\u00e6ringsinstitusjoner [&hellip;]","og_url":"http:\/\/www.connecteenproject.com\/no\/prosjektet\/","article_modified_time":"2025-10-29T12:15:26+00:00","og_image":[{"url":"http:\/\/www.connecteenproject.com\/wp-content\/uploads\/2025\/07\/FLAT-ICON.jpg","type":"","width":"","height":""}],"twitter_card":"summary_large_image","twitter_misc":{"Ansl. lesetid":"3 minutter"},"schema":{"@context":"https:\/\/schema.org","@graph":[{"@type":"WebPage","@id":"http:\/\/www.connecteenproject.com\/no\/prosjektet\/","url":"http:\/\/www.connecteenproject.com\/no\/prosjektet\/","name":"Prosjektet -","isPartOf":{"@id":"http:\/\/www.connecteenproject.com\/no\/#website"},"primaryImageOfPage":{"@id":"http:\/\/www.connecteenproject.com\/no\/prosjektet\/#primaryimage"},"image":{"@id":"http:\/\/www.connecteenproject.com\/no\/prosjektet\/#primaryimage"},"thumbnailUrl":"http:\/\/www.connecteenproject.com\/wp-content\/uploads\/2025\/07\/FLAT-ICON.jpg","datePublished":"2025-10-27T13:09:49+00:00","dateModified":"2025-10-29T12:15:26+00:00","breadcrumb":{"@id":"http:\/\/www.connecteenproject.com\/no\/prosjektet\/#breadcrumb"},"inLanguage":"nb-NO","potentialAction":[{"@type":"ReadAction","target":["http:\/\/www.connecteenproject.com\/no\/prosjektet\/"]}]},{"@type":"ImageObject","inLanguage":"nb-NO","@id":"http:\/\/www.connecteenproject.com\/no\/prosjektet\/#primaryimage","url":"http:\/\/www.connecteenproject.com\/wp-content\/uploads\/2025\/07\/FLAT-ICON.jpg","contentUrl":"http:\/\/www.connecteenproject.com\/wp-content\/uploads\/2025\/07\/FLAT-ICON.jpg"},{"@type":"BreadcrumbList","@id":"http:\/\/www.connecteenproject.com\/no\/prosjektet\/#breadcrumb","itemListElement":[{"@type":"ListItem","position":1,"name":"Portada","item":"http:\/\/www.connecteenproject.com\/no\/"},{"@type":"ListItem","position":2,"name":"Prosjektet"}]},{"@type":"WebSite","@id":"http:\/\/www.connecteenproject.com\/no\/#website","url":"http:\/\/www.connecteenproject.com\/no\/","name":"","description":"Connecteen project","potentialAction":[{"@type":"SearchAction","target":{"@type":"EntryPoint","urlTemplate":"http:\/\/www.connecteenproject.com\/no\/?s={search_term_string}"},"query-input":{"@type":"PropertyValueSpecification","valueRequired":true,"valueName":"search_term_string"}}],"inLanguage":"nb-NO"}]}},"uagb_featured_image_src":{"full":false,"thumbnail":false,"medium":false,"medium_large":false,"large":false,"course_archive_thumbnail":false,"course_single_thumbnail":false,"lesson_archive_thumbnail":false,"lesson_single_thumbnail":false,"1536x1536":false,"2048x2048":false,"woocommerce_thumbnail":false,"woocommerce_single":false,"woocommerce_gallery_thumbnail":false},"uagb_author_info":{"display_name":"juliacunyADMIN","author_link":"http:\/\/www.connecteenproject.com\/no\/author\/juliacunyadmin\/"},"uagb_comment_info":0,"uagb_excerpt":"Prosjektbakgrunn ConnecTEEN-prosjektet er et transnasjonalt samarbeidsinitiativ finansiert av Erasmus+-programmet, med fokus p\u00e5 \u00e5 styrke st\u00f8ttesystemene for mental helse innen yrkesoppl\u00e6ringsinstitusjoner [&hellip;]","_links":{"self":[{"href":"http:\/\/www.connecteenproject.com\/no\/wp-json\/wp\/v2\/pages\/520","targetHints":{"allow":["GET"]}}],"collection":[{"href":"http:\/\/www.connecteenproject.com\/no\/wp-json\/wp\/v2\/pages"}],"about":[{"href":"http:\/\/www.connecteenproject.com\/no\/wp-json\/wp\/v2\/types\/page"}],"author":[{"embeddable":true,"href":"http:\/\/www.connecteenproject.com\/no\/wp-json\/wp\/v2\/users\/1"}],"replies":[{"embeddable":true,"href":"http:\/\/www.connecteenproject.com\/no\/wp-json\/wp\/v2\/comments?post=520"}],"version-history":[{"count":4,"href":"http:\/\/www.connecteenproject.com\/no\/wp-json\/wp\/v2\/pages\/520\/revisions"}],"predecessor-version":[{"id":610,"href":"http:\/\/www.connecteenproject.com\/no\/wp-json\/wp\/v2\/pages\/520\/revisions\/610"}],"wp:attachment":[{"href":"http:\/\/www.connecteenproject.com\/no\/wp-json\/wp\/v2\/media?parent=520"}],"curies":[{"name":"wp","href":"https:\/\/api.w.org\/{rel}","templated":true}]}}