{"id":549,"date":"2025-10-23T13:00:54","date_gmt":"2025-10-23T11:00:54","guid":{"rendered":"http:\/\/www.connecteenproject.com\/juridisk-merknad\/"},"modified":"2025-10-29T10:10:37","modified_gmt":"2025-10-29T09:10:37","slug":"juridisk-merknad","status":"publish","type":"page","link":"http:\/\/www.connecteenproject.com\/no\/juridisk-merknad\/","title":{"rendered":"Juridisk merknad"},"content":{"rendered":"\n<p><strong>Sist oppdatert<\/strong>: 23\/10\/2025<\/p>\n\n<h3 class=\"wp-block-heading\">1. Nettstedseier og kontaktinformasjon<\/h3>\n\n<p><strong>Eier<\/strong>: INTRAS-stiftelsen<br\/><strong>Nettsted:<\/strong><a href=\"https:\/\/www.connecteenproject.com\/\"> <\/a><a href=\"https:\/\/www.connecteenproject.com\" target=\"_blank\" rel=\"noreferrer noopener\">https:\/\/www.connecteenproject.com<\/a><br\/><strong>Contact email:<\/strong> intras@intras.es<br\/><strong>Postadresse: <strong>Fundaci\u00f3n INTRAS<\/strong><\/strong><br\/>C\/ Mart\u00edn Santos Romero, 1. 47016 Valladolid. Tlf. 0034 0034 983 399 633 <a href=\"http:\/\/www.intras.es\/\">www.intras.es<\/a><\/p>\n\n<hr class=\"wp-block-separator has-alpha-channel-opacity is-style-wide\"\/>\n\n<h3 class=\"wp-block-heading\">2. Bruksvilk\u00e5r<\/h3>\n\n<p>Ved \u00e5 g\u00e5 inn p\u00e5 og bruke dette nettstedet, f\u00e5r du brukerstatus og godtar disse bruksvilk\u00e5rene.<\/p>\n\n<p>Brukere samtykker i \u00e5 bruke nettstedet og dets innhold p\u00e5 en lovlig, ansvarlig og respektfull m\u00e5te. F\u00f8lgende bruk er uttrykkelig forbudt:<\/p>\n\n<ul class=\"wp-block-list\">\n<li>\u00c5 delta i ulovlige eller bedragerske aktiviteter.<\/li>\n\n\n\n<li>Skade p\u00e5 de fysiske eller logiske systemene til Fundaci\u00f3n INTRAS, dets leverand\u00f8rer eller tredjeparter.<\/li>\n\n\n\n<li>Introduksjon eller spredning av datavirus eller annen skadelig kode.<\/li>\n\n\n\n<li>Fors\u00f8k p\u00e5 \u00e5 f\u00e5 uautorisert tilgang til nettstedet eller relaterte systemer.<\/li>\n<\/ul>\n\n<p>Fundaci\u00f3n INTRAS forbeholder seg retten til \u00e5 nekte tilgang til nettstedet for brukere som bryter disse vilk\u00e5rene.<\/p>\n\n<hr class=\"wp-block-separator has-alpha-channel-opacity is-style-wide\"\/>\n\n<h3 class=\"wp-block-heading\">3. Immaterielle rettigheter<\/h3>\n\n<p>Alt innhold p\u00e5 dette nettstedet, inkludert, men ikke begrenset til, tekster, bilder, grafikk, logoer, design, kildekode og struktur, er Fundaci\u00f3n INTRAS eller dets lisensierte partnere sitt immaterielle rettigheter og er beskyttet av gjeldende immaterielle rettigheter i EU.<\/p>\n\n<p>Det er strengt forbudt \u00e5 reprodusere, distribuere, offentlig kommunisere eller endre noe innhold p\u00e5 nettstedet uten skriftlig tillatelse fra eieren.<\/p>\n\n<hr class=\"wp-block-separator has-alpha-channel-opacity is-style-wide\"\/>\n\n<h3 class=\"wp-block-heading\">4. Eksterne lenker<\/h3>\n\n<p>Denne nettsiden kan inneholde lenker til eksterne nettsteder. Fundaci\u00f3n INTRAS har ingen kontroll over disse nettstedene og er ikke ansvarlig for innholdet deres eller for eventuelle skader som m\u00e5tte oppst\u00e5 som f\u00f8lge av tilgang til eller bruk av dem.<\/p>\n\n<p>Inkluderingen av slike lenker inneb\u00e6rer ikke noen form for tilknytning eller godkjenning fra Fundaci\u00f3n INTRAS.<\/p>\n\n<hr class=\"wp-block-separator has-alpha-channel-opacity is-style-wide\"\/>\n\n<h3 class=\"wp-block-heading\">5. Gjeldende lov og jurisdiksjon<\/h3>\n\n<p>Denne juridiske merknaden er underlagt lovene i Den <strong>europeiske union <\/strong>og, der det er aktuelt, lovene i <strong>Spania,<\/strong> inkludert, men ikke begrenset til:<\/p>\n\n<ul class=\"wp-block-list\">\n<li>Forordning (EU) 2016\/679 om vern av personopplysninger (Generell personvernforordning \u2013 GDPR).<\/li>\n\n\n\n<li>Spansk lov 34\/2002 av 11. juli om informasjonssamfunnstjenester og elektronisk handel (LSSI-CE).<\/li>\n<\/ul>\n\n<p>Ved eventuell tvist, og med mindre annet er p\u00e5krevd av forbrukervernforskrifter, samtykker partene i \u00e5 underkaste seg jurisdiksjonen til domstolene i <strong>Valladolid, Spania<\/strong>, der Fundaci\u00f3n INTRAS har hovedkontor.<\/p>\n\n<hr class=\"wp-block-separator has-alpha-channel-opacity is-style-wide\"\/>\n\n<h3 class=\"wp-block-heading\">Note<\/h3>\n\n<p>Denne juridiske merknaden er en del av en komplett pakke for juridisk samsvar som ogs\u00e5 inkluderer v\u00e5r <a href=\"http:\/\/www.connecteenproject.com\/connectteenproject-privacy-policy\/\">personvernerkl\u00e6ring <\/a>og <a href=\"http:\/\/www.connecteenproject.com\/connectteenproject-privacy-policy\/\">informasjonskapsler.<\/a><\/p>\n\n<p><\/p>\n","protected":false},"excerpt":{"rendered":"<p>Sist oppdatert: 23\/10\/2025 1. Nettstedseier og kontaktinformasjon Eier: INTRAS-stiftelsenNettsted: https:\/\/www.connecteenproject.comContact email: intras@intras.esPostadresse: Fundaci\u00f3n INTRASC\/ Mart\u00edn Santos Romero, 1. 47016 Valladolid. [&hellip;]<\/p>\n","protected":false},"author":1,"featured_media":0,"parent":0,"menu_order":0,"comment_status":"closed","ping_status":"closed","template":"","meta":{"_coblocks_attr":"","_coblocks_dimensions":"","_coblocks_responsive_height":"","_coblocks_accordion_ie_support":"","_uag_custom_page_level_css":"","site-sidebar-layout":"default","site-content-layout":"","ast-site-content-layout":"default","site-content-style":"default","site-sidebar-style":"default","ast-global-header-display":"","ast-banner-title-visibility":"","ast-main-header-display":"","ast-hfb-above-header-display":"","ast-hfb-below-header-display":"","ast-hfb-mobile-header-display":"","site-post-title":"","ast-breadcrumbs-content":"","ast-featured-img":"","footer-sml-layout":"","ast-disable-related-posts":"","theme-transparent-header-meta":"","adv-header-id-meta":"","stick-header-meta":"","header-above-stick-meta":"","header-main-stick-meta":"","header-below-stick-meta":"","astra-migrate-meta-layouts":"default","ast-page-background-enabled":"default","ast-page-background-meta":{"desktop":{"background-color":"var(--ast-global-color-5)","background-image":"","background-repeat":"repeat","background-position":"center center","background-size":"auto","background-attachment":"scroll","background-type":"","background-media":"","overlay-type":"","overlay-color":"","overlay-opacity":"","overlay-gradient":""},"tablet":{"background-color":"","background-image":"","background-repeat":"repeat","background-position":"center center","background-size":"auto","background-attachment":"scroll","background-type":"","background-media":"","overlay-type":"","overlay-color":"","overlay-opacity":"","overlay-gradient":""},"mobile":{"background-color":"","background-image":"","background-repeat":"repeat","background-position":"center center","background-size":"auto","background-attachment":"scroll","background-type":"","background-media":"","overlay-type":"","overlay-color":"","overlay-opacity":"","overlay-gradient":""}},"ast-content-background-meta":{"desktop":{"background-color":"var(--ast-global-color-4)","background-image":"","background-repeat":"repeat","background-position":"center center","background-size":"auto","background-attachment":"scroll","background-type":"","background-media":"","overlay-type":"","overlay-color":"","overlay-opacity":"","overlay-gradient":""},"tablet":{"background-color":"var(--ast-global-color-4)","background-image":"","background-repeat":"repeat","background-position":"center center","background-size":"auto","background-attachment":"scroll","background-type":"","background-media":"","overlay-type":"","overlay-color":"","overlay-opacity":"","overlay-gradient":""},"mobile":{"background-color":"var(--ast-global-color-4)","background-image":"","background-repeat":"repeat","background-position":"center center","background-size":"auto","background-attachment":"scroll","background-type":"","background-media":"","overlay-type":"","overlay-color":"","overlay-opacity":"","overlay-gradient":""}},"footnotes":""},"class_list":["post-549","page","type-page","status-publish","hentry"],"yoast_head":"<!-- This site is optimized with the Yoast SEO plugin v26.6 - https:\/\/yoast.com\/wordpress\/plugins\/seo\/ -->\n<title>Juridisk merknad -<\/title>\n<meta name=\"robots\" content=\"index, follow, max-snippet:-1, max-image-preview:large, max-video-preview:-1\" \/>\n<link rel=\"canonical\" href=\"http:\/\/www.connecteenproject.com\/no\/juridisk-merknad\/\" \/>\n<meta property=\"og:locale\" content=\"nb_NO\" \/>\n<meta property=\"og:type\" content=\"article\" \/>\n<meta property=\"og:title\" content=\"Juridisk merknad -\" \/>\n<meta property=\"og:description\" content=\"Sist oppdatert: 23\/10\/2025 1. Nettstedseier og kontaktinformasjon Eier: INTRAS-stiftelsenNettsted: https:\/\/www.connecteenproject.comContact email: intras@intras.esPostadresse: Fundaci\u00f3n INTRASC\/ Mart\u00edn Santos Romero, 1. 47016 Valladolid. [&hellip;]\" \/>\n<meta property=\"og:url\" content=\"http:\/\/www.connecteenproject.com\/no\/juridisk-merknad\/\" \/>\n<meta property=\"article:modified_time\" content=\"2025-10-29T09:10:37+00:00\" \/>\n<meta name=\"twitter:card\" content=\"summary_large_image\" \/>\n<meta name=\"twitter:label1\" content=\"Ansl. lesetid\" \/>\n\t<meta name=\"twitter:data1\" content=\"2 minutter\" \/>\n<script type=\"application\/ld+json\" class=\"yoast-schema-graph\">{\"@context\":\"https:\/\/schema.org\",\"@graph\":[{\"@type\":\"WebPage\",\"@id\":\"http:\/\/www.connecteenproject.com\/no\/juridisk-merknad\/\",\"url\":\"http:\/\/www.connecteenproject.com\/no\/juridisk-merknad\/\",\"name\":\"Juridisk merknad -\",\"isPartOf\":{\"@id\":\"http:\/\/www.connecteenproject.com\/no\/#website\"},\"datePublished\":\"2025-10-23T11:00:54+00:00\",\"dateModified\":\"2025-10-29T09:10:37+00:00\",\"breadcrumb\":{\"@id\":\"http:\/\/www.connecteenproject.com\/no\/juridisk-merknad\/#breadcrumb\"},\"inLanguage\":\"nb-NO\",\"potentialAction\":[{\"@type\":\"ReadAction\",\"target\":[\"http:\/\/www.connecteenproject.com\/no\/juridisk-merknad\/\"]}]},{\"@type\":\"BreadcrumbList\",\"@id\":\"http:\/\/www.connecteenproject.com\/no\/juridisk-merknad\/#breadcrumb\",\"itemListElement\":[{\"@type\":\"ListItem\",\"position\":1,\"name\":\"Portada\",\"item\":\"http:\/\/www.connecteenproject.com\/no\/\"},{\"@type\":\"ListItem\",\"position\":2,\"name\":\"Juridisk merknad\"}]},{\"@type\":\"WebSite\",\"@id\":\"http:\/\/www.connecteenproject.com\/no\/#website\",\"url\":\"http:\/\/www.connecteenproject.com\/no\/\",\"name\":\"\",\"description\":\"Connecteen project\",\"potentialAction\":[{\"@type\":\"SearchAction\",\"target\":{\"@type\":\"EntryPoint\",\"urlTemplate\":\"http:\/\/www.connecteenproject.com\/no\/?s={search_term_string}\"},\"query-input\":{\"@type\":\"PropertyValueSpecification\",\"valueRequired\":true,\"valueName\":\"search_term_string\"}}],\"inLanguage\":\"nb-NO\"}]}<\/script>\n<!-- \/ Yoast SEO plugin. -->","yoast_head_json":{"title":"Juridisk merknad -","robots":{"index":"index","follow":"follow","max-snippet":"max-snippet:-1","max-image-preview":"max-image-preview:large","max-video-preview":"max-video-preview:-1"},"canonical":"http:\/\/www.connecteenproject.com\/no\/juridisk-merknad\/","og_locale":"nb_NO","og_type":"article","og_title":"Juridisk merknad -","og_description":"Sist oppdatert: 23\/10\/2025 1. Nettstedseier og kontaktinformasjon Eier: INTRAS-stiftelsenNettsted: https:\/\/www.connecteenproject.comContact email: intras@intras.esPostadresse: Fundaci\u00f3n INTRASC\/ Mart\u00edn Santos Romero, 1. 47016 Valladolid. [&hellip;]","og_url":"http:\/\/www.connecteenproject.com\/no\/juridisk-merknad\/","article_modified_time":"2025-10-29T09:10:37+00:00","twitter_card":"summary_large_image","twitter_misc":{"Ansl. lesetid":"2 minutter"},"schema":{"@context":"https:\/\/schema.org","@graph":[{"@type":"WebPage","@id":"http:\/\/www.connecteenproject.com\/no\/juridisk-merknad\/","url":"http:\/\/www.connecteenproject.com\/no\/juridisk-merknad\/","name":"Juridisk merknad -","isPartOf":{"@id":"http:\/\/www.connecteenproject.com\/no\/#website"},"datePublished":"2025-10-23T11:00:54+00:00","dateModified":"2025-10-29T09:10:37+00:00","breadcrumb":{"@id":"http:\/\/www.connecteenproject.com\/no\/juridisk-merknad\/#breadcrumb"},"inLanguage":"nb-NO","potentialAction":[{"@type":"ReadAction","target":["http:\/\/www.connecteenproject.com\/no\/juridisk-merknad\/"]}]},{"@type":"BreadcrumbList","@id":"http:\/\/www.connecteenproject.com\/no\/juridisk-merknad\/#breadcrumb","itemListElement":[{"@type":"ListItem","position":1,"name":"Portada","item":"http:\/\/www.connecteenproject.com\/no\/"},{"@type":"ListItem","position":2,"name":"Juridisk merknad"}]},{"@type":"WebSite","@id":"http:\/\/www.connecteenproject.com\/no\/#website","url":"http:\/\/www.connecteenproject.com\/no\/","name":"","description":"Connecteen project","potentialAction":[{"@type":"SearchAction","target":{"@type":"EntryPoint","urlTemplate":"http:\/\/www.connecteenproject.com\/no\/?s={search_term_string}"},"query-input":{"@type":"PropertyValueSpecification","valueRequired":true,"valueName":"search_term_string"}}],"inLanguage":"nb-NO"}]}},"uagb_featured_image_src":{"full":false,"thumbnail":false,"medium":false,"medium_large":false,"large":false,"course_archive_thumbnail":false,"course_single_thumbnail":false,"lesson_archive_thumbnail":false,"lesson_single_thumbnail":false,"1536x1536":false,"2048x2048":false,"woocommerce_thumbnail":false,"woocommerce_single":false,"woocommerce_gallery_thumbnail":false},"uagb_author_info":{"display_name":"juliacunyADMIN","author_link":"http:\/\/www.connecteenproject.com\/no\/author\/juliacunyadmin\/"},"uagb_comment_info":0,"uagb_excerpt":"Sist oppdatert: 23\/10\/2025 1. Nettstedseier og kontaktinformasjon Eier: INTRAS-stiftelsenNettsted: https:\/\/www.connecteenproject.comContact email: intras@intras.esPostadresse: Fundaci\u00f3n INTRASC\/ Mart\u00edn Santos Romero, 1. 47016 Valladolid. [&hellip;]","_links":{"self":[{"href":"http:\/\/www.connecteenproject.com\/no\/wp-json\/wp\/v2\/pages\/549","targetHints":{"allow":["GET"]}}],"collection":[{"href":"http:\/\/www.connecteenproject.com\/no\/wp-json\/wp\/v2\/pages"}],"about":[{"href":"http:\/\/www.connecteenproject.com\/no\/wp-json\/wp\/v2\/types\/page"}],"author":[{"embeddable":true,"href":"http:\/\/www.connecteenproject.com\/no\/wp-json\/wp\/v2\/users\/1"}],"replies":[{"embeddable":true,"href":"http:\/\/www.connecteenproject.com\/no\/wp-json\/wp\/v2\/comments?post=549"}],"version-history":[{"count":2,"href":"http:\/\/www.connecteenproject.com\/no\/wp-json\/wp\/v2\/pages\/549\/revisions"}],"predecessor-version":[{"id":567,"href":"http:\/\/www.connecteenproject.com\/no\/wp-json\/wp\/v2\/pages\/549\/revisions\/567"}],"wp:attachment":[{"href":"http:\/\/www.connecteenproject.com\/no\/wp-json\/wp\/v2\/media?parent=549"}],"curies":[{"name":"wp","href":"https:\/\/api.w.org\/{rel}","templated":true}]}}