{"id":917,"date":"2025-06-30T14:38:46","date_gmt":"2025-06-30T12:38:46","guid":{"rendered":"http:\/\/www.connecteenproject.com\/polen\/"},"modified":"2025-10-30T13:52:55","modified_gmt":"2025-10-30T12:52:55","slug":"polen","status":"publish","type":"page","link":"http:\/\/www.connecteenproject.com\/no\/polen\/","title":{"rendered":"Polen"},"content":{"rendered":"\n<div class=\"wp-block-coblocks-hero alignfull has-text-color has-white-color coblocks-hero-927132816414 mb-0\"><div class=\"wp-block-coblocks-hero__inner has-pale-pink-background-color has-background has-parallax has-background-overlay bg-cover has-background-image bg-no-repeat bg-center-center has-background-overlay-30 hero-center-right-align has-padding has-huge-padding has-pale-pink-background-color has-right-content\" style=\"background-image:url(http:\/\/www.connecteenproject.com\/wp-content\/uploads\/2025\/10\/who-we-are2.png);min-height:500px\"><div class=\"wp-block-coblocks-hero__content-wrapper\"><div class=\"wp-block-coblocks-hero__content\" style=\"max-width:400px\">\n<h2 class=\"wp-block-heading has-text-align-right has-ast-global-color-4-color has-text-color has-link-color has-large-font-size wp-elements-4bba5f45dcbe5f103d17ff4103670c50\">Polen<\/h2>\n\n\n\n<p class=\"has-text-align-right is-style-default has-ast-global-color-4-color has-text-color has-link-color wp-elements-73163f6ca9663ca8fca4ecadd18cfe9b\" style=\"padding-top:0;padding-right:0;padding-bottom:0;padding-left:0;font-size:14px\">ConnecTEEN-prosjektet er et transnasjonalt samarbeidsinitiativ finansiert av Erasmus+-programmet, med fokus p\u00e5 \u00e5 styrke st\u00f8ttesystemene for mental helse innen yrkesoppl\u00e6ringsinstitusjoner (VET) over hele Europa.<\/p>\n<\/div><\/div><\/div><\/div>\n\n<div class=\"wp-block-uagb-container uagb-block-dcb43903 alignfull uagb-is-root-container\"><div class=\"uagb-container-inner-blocks-wrap\">\n<div class=\"wp-block-columns is-layout-flex wp-container-core-columns-is-layout-28f84493 wp-block-columns-is-layout-flex\">\n<div class=\"wp-block-column is-layout-constrained wp-block-column-is-layout-constrained\" style=\"flex-basis:50%\">\n<div class=\"wp-block-uagb-container uagb-block-9edd07b8\">\n<div class=\"wp-block-uagb-info-box uagb-block-40c6eae7 uagb-infobox__content-wrap  uagb-infobox-icon-above-title uagb-infobox-image-valign-top\"><div class=\"uagb-ifb-content\"><div class=\"uagb-ifb-image-content\"><img decoding=\"async\" src=\"http:\/\/www.connecteenproject.com\/wp-content\/uploads\/2025\/07\/Logo_positivo_300pp-scaled.jpg\" alt=\"\" width=\"150\" height=\"46\" loading=\"lazy\"\/><\/div><div class=\"uagb-ifb-title-wrap\"><h3 class=\"uagb-ifb-title\"><br\/>Spania<\/h3><\/div><p class=\"uagb-ifb-desc\">Som prosjektkoordinator er INTRAS en ideell organisasjon som spesialiserer seg p\u00e5 forskning og intervensjon av h\u00f8y kvalitet innen psykisk helse. De har tre ti\u00e5r med erfaring innen sosiale, utdanningsmessige og arbeidsintegreringstjenester for personer med psykiske lidelser, inkludert yrkesrettet oppl\u00e6ring for unge med psykososiale funksjonshemminger. <\/p><\/div><\/div>\n\n\n\n<div class=\"wp-block-buttons is-content-justification-center is-layout-flex wp-container-core-buttons-is-layout-a89b3969 wp-block-buttons-is-layout-flex\">\n<div class=\"wp-block-button\"><a class=\"wp-block-button__link wp-element-button\" href=\"zwjr.pl\">intras.es<\/a><\/div>\n<\/div>\n<\/div>\n<\/div>\n\n\n\n<div class=\"wp-block-column is-layout-constrained wp-block-column-is-layout-constrained\" style=\"flex-basis:50%\">\n<div class=\"wp-block-uagb-container uagb-block-b0374157\">\n<div class=\"wp-block-uagb-info-box uagb-block-9c39ab5b uagb-infobox__content-wrap  uagb-infobox-icon-above-title uagb-infobox-image-valign-top\"><div class=\"uagb-ifb-content\"><div class=\"uagb-ifb-image-content\"><img decoding=\"async\" src=\"http:\/\/www.connecteenproject.com\/wp-content\/uploads\/2025\/07\/LYKZ.jpg\" alt=\"\" width=\"150\" height=\"74\" loading=\"lazy\"\/><\/div><div class=\"uagb-ifb-title-wrap\"><h3 class=\"uagb-ifb-title\"><br\/>Norge<\/h3><\/div><p class=\"uagb-ifb-desc\">En sosial bedrift med fokus p\u00e5 sosial innvirkning og myndiggj\u00f8ring av unge. De er forfatterne av<strong> FROG-metodikken<\/strong>, og bidrar med spesialisert ekspertise innen pedagogisk veiledning, robusthetsbygging og styrkebasert utvikling for ungdom i faresonen. <\/p><\/div><\/div>\n\n\n\n<div class=\"wp-block-buttons is-content-justification-center is-layout-flex wp-container-core-buttons-is-layout-a89b3969 wp-block-buttons-is-layout-flex\">\n<div class=\"wp-block-button\"><a class=\"wp-block-button__link wp-element-button\" href=\"https:\/\/www.lyk-z.no\/nb\/\">lyk-z.no<\/a><\/div>\n<\/div>\n<\/div>\n<\/div>\n\n\n\n<div class=\"wp-block-column is-layout-constrained wp-block-column-is-layout-constrained\" style=\"flex-basis:50%\">\n<div class=\"wp-block-uagb-container uagb-block-fdf3d8ee\">\n<div class=\"wp-block-uagb-info-box uagb-block-e551afa5 uagb-infobox__content-wrap  uagb-infobox-icon-above-title uagb-infobox-image-valign-top\"><div class=\"uagb-ifb-content\"><div class=\"uagb-ifb-image-content\"><img decoding=\"async\" src=\"http:\/\/www.connecteenproject.com\/wp-content\/uploads\/2025\/07\/LTALKABOUTLIFE.jpg\" alt=\"\" width=\"100\" height=\"100\" loading=\"lazy\"\/><\/div><div class=\"uagb-ifb-title-wrap\"><h3 class=\"uagb-ifb-title\">Polen<\/h3><\/div><p class=\"uagb-ifb-desc\">En stiftelse som spesialiserer seg p\u00e5 bevisstgj\u00f8ring og utdanning innen selvmordsforebygging og kriseintervensjon. De bidrar med omfattende kunnskap om samfunnsbaserte intervensjoner og utdanningsprogrammer for \u00e5 gjenkjenne emosjonelle og selvmordskriser hos barn og unge. <\/p><\/div><\/div>\n\n\n\n<div class=\"wp-block-buttons is-content-justification-center is-layout-flex wp-container-core-buttons-is-layout-a89b3969 wp-block-buttons-is-layout-flex\">\n<div class=\"wp-block-button\"><a class=\"wp-block-button__link wp-element-button\" href=\"zwjr.pl\">zwjr.pl<\/a><\/div>\n<\/div>\n<\/div>\n<\/div>\n<\/div>\n<\/div><\/div>\n\n<hr class=\"wp-block-separator has-alpha-channel-opacity is-style-wide\"\/>\n\n<div class=\"wp-block-uagb-container uagb-block-dbf37b22 alignfull uagb-is-root-container\"><div class=\"uagb-container-inner-blocks-wrap\">\n<div class=\"wp-block-columns is-layout-flex wp-container-core-columns-is-layout-28f84493 wp-block-columns-is-layout-flex\">\n<div class=\"wp-block-column is-layout-constrained wp-block-column-is-layout-constrained\" style=\"flex-basis:50%\">\n<div class=\"wp-block-uagb-container uagb-block-e9060c76\">\n<div class=\"wp-block-uagb-info-box uagb-block-22188cd1 uagb-infobox__content-wrap  uagb-infobox-icon-above-title uagb-infobox-image-valign-top\"><div class=\"uagb-ifb-content\"><div class=\"uagb-ifb-image-content\"><img decoding=\"async\" src=\"http:\/\/www.connecteenproject.com\/wp-content\/uploads\/2025\/07\/ZDZ-HORIZONTAL.jpg\" alt=\"\" width=\"150\" height=\"45\" loading=\"lazy\"\/><\/div><div class=\"uagb-ifb-title-wrap\"><h3 class=\"uagb-ifb-title\"><br\/>Polen<\/h3><\/div><p class=\"uagb-ifb-desc\">En ikke-statlig organisasjon og erfaren leverand\u00f8r av yrkesrettet oppl\u00e6ring. De bidrar med lokal kunnskap og praktisk implementeringserfaring, etter \u00e5 ha jobbet med initiativer knyttet til mental helse, selvmordsforebygging og emosjonell utdanning. <\/p><\/div><\/div>\n\n\n\n<div class=\"wp-block-buttons is-content-justification-center is-layout-flex wp-container-core-buttons-is-layout-a89b3969 wp-block-buttons-is-layout-flex\">\n<div class=\"wp-block-button\"><a class=\"wp-block-button__link wp-element-button\" href=\"https:\/\/wmzdz.pl\/\">wmzdz.pl<\/a><\/div>\n<\/div>\n<\/div>\n<\/div>\n\n\n\n<div class=\"wp-block-column is-layout-constrained wp-block-column-is-layout-constrained\" style=\"flex-basis:50%\">\n<div class=\"wp-block-uagb-container uagb-block-83a477c5\">\n<div class=\"wp-block-uagb-info-box uagb-block-af9ecdd9 uagb-infobox__content-wrap  uagb-infobox-icon-above-title uagb-infobox-image-valign-top\"><div class=\"uagb-ifb-content\"><div class=\"uagb-ifb-image-content\"><img decoding=\"async\" src=\"http:\/\/www.connecteenproject.com\/wp-content\/uploads\/2025\/07\/STRENDI-SKOLA-HORIZONTAL.jpg\" alt=\"\" width=\"191\" height=\"49\" loading=\"lazy\"\/><\/div><div class=\"uagb-ifb-title-wrap\"><h3 class=\"uagb-ifb-title\"><br\/>Czechia<\/h3><\/div><p class=\"uagb-ifb-desc\">En erfaren yrkesfaglig skole som vektlegger helhetlig elevutvikling. De har direkte erfaring med elevst\u00f8ttesystemer, implementering av lokale initiativer knyttet til mental helse, emosjonell utdanning og r\u00e5dgivningstjenester. <\/p><\/div><\/div>\n\n\n\n<div class=\"wp-block-buttons is-content-justification-center is-layout-flex wp-container-core-buttons-is-layout-a89b3969 wp-block-buttons-is-layout-flex\">\n<div class=\"wp-block-button\"><a class=\"wp-block-button__link wp-element-button\" href=\"https:\/\/www.skolasumperk.cz\/\"><em>skolasumperk.cz<\/em><\/a><\/div>\n<\/div>\n<\/div>\n<\/div>\n\n\n\n<div class=\"wp-block-column is-layout-constrained wp-block-column-is-layout-constrained\" style=\"flex-basis:50%\">\n<div class=\"wp-block-uagb-container uagb-block-64149380\">\n<div class=\"wp-block-uagb-info-box uagb-block-555ae41a uagb-infobox__content-wrap  uagb-infobox-icon-above-title uagb-infobox-image-valign-top\"><div class=\"uagb-ifb-content\"><div class=\"uagb-ifb-image-content\"><img decoding=\"async\" src=\"http:\/\/www.connecteenproject.com\/wp-content\/uploads\/2025\/10\/Techin-brand-Xx.webp\" alt=\"\" width=\"100\" height=\"96\" loading=\"lazy\"\/><\/div><div class=\"uagb-ifb-title-wrap\"><h3 class=\"uagb-ifb-title\">Polen<\/h3><\/div><p class=\"uagb-ifb-desc\">En erfaren tilbyder av yrkesoppl\u00e6ring. De bidrar med et viktig perspektiv p\u00e5 yrkesskolen og praktisk erfaring med \u00e5 implementere tiltak for elevenes velv\u00e6re og inkludering. <\/p><\/div><\/div>\n\n\n\n<div class=\"wp-block-buttons is-content-justification-center is-layout-flex wp-container-core-buttons-is-layout-a89b3969 wp-block-buttons-is-layout-flex\">\n<div class=\"wp-block-button\"><a class=\"wp-block-button__link wp-element-button\" href=\"https:\/\/techin.lt\/\">techin.lt<\/a><\/div>\n<\/div>\n<\/div>\n<\/div>\n<\/div>\n<\/div><\/div>\n\n<div class=\"wp-block-group has-contrast-color has-text-color is-vertical is-content-justification-center is-layout-flex wp-container-core-group-is-layout-f306f087 wp-block-group-is-layout-flex\" style=\"min-height:40vh;margin-top:0;margin-bottom:0;padding-top:var(--wp--preset--spacing--60);padding-right:var(--wp--preset--spacing--50);padding-bottom:var(--wp--preset--spacing--60);padding-left:var(--wp--preset--spacing--50)\">\n<div class=\"wp-block-uagb-container uagb-block-3aa8ec73 alignfull uagb-is-root-container\"><div class=\"uagb-container-inner-blocks-wrap\">\n<div class=\"wp-block-columns are-vertically-aligned-center is-layout-flex wp-container-core-columns-is-layout-28f84493 wp-block-columns-is-layout-flex\">\n<div class=\"wp-block-column is-vertically-aligned-center is-layout-constrained wp-block-column-is-layout-constrained\">\n<div class=\"wp-block-uagb-container uagb-block-9f18e00a\"><\/div>\n<\/div>\n\n\n\n<div class=\"wp-block-column is-vertically-aligned-center is-layout-flow wp-block-column-is-layout-flow\"><div style=\"margin-bottom:6px;\" class=\"aligncenter wp-block-site-logo\"><a href=\"http:\/\/www.connecteenproject.com\/no\/\" class=\"custom-logo-link\" rel=\"home\"><img loading=\"lazy\" decoding=\"async\" width=\"168\" height=\"108\" src=\"http:\/\/www.connecteenproject.com\/wp-content\/uploads\/2025\/07\/cropped-connecteen-header-logo.png\" class=\"custom-logo\" alt=\"\" srcset=\"http:\/\/www.connecteenproject.com\/wp-content\/uploads\/2025\/07\/cropped-connecteen-header-logo.png 209w, http:\/\/www.connecteenproject.com\/wp-content\/uploads\/2025\/07\/cropped-connecteen-header-logo-100x65.png 100w\" sizes=\"auto, (max-width: 168px) 100vw, 168px\" \/><\/a><\/div><\/div>\n\n\n\n<div class=\"wp-block-column is-vertically-aligned-center is-layout-flow wp-block-column-is-layout-flow\">\n<div class=\"wp-block-uagb-container uagb-block-5144555b\">\n<p class=\"has-text-align-right has-ast-global-color-0-color has-text-color has-link-color has-small-font-size wp-elements-19dd7bdca5ee99f7d281ad6ddad0324a\">Medfinansiert av EU. Synspunktene og meningene som uttrykk er imidlertid kun forfatterens(e) egne og gjenspeiler ikke n\u00f8dvendigvis synspunktene og meningene til EU eller Det europeiske forvaltningsorganet for utdanning og kultur (EACEA). Verken EU eller EACEA kan holdes ansvarlige for dem.  <\/p>\n<\/div>\n<\/div>\n<\/div>\n<\/div><\/div>\n<\/div>\n\n<div class=\"wp-block-uagb-container uagb-block-bfb606b3 alignfull uagb-is-root-container\"><div class=\"uagb-container-inner-blocks-wrap\">\n<p class=\"has-text-align-center has-ast-global-color-4-color has-text-color has-link-color has-small-font-size wp-elements-520ee4632118bdf83da221a516df8c59\"><a href=\"http:\/\/www.connecteenproject.com\/connectteenproject-privacy-policy\/\">Personvernerkl\u00e6ring<\/a> | <a href=\"http:\/\/www.connecteenproject.com\/no\/retningslinjer-for-informasjonskapsler\/\">Informasjonskapsler <\/a>|<a href=\"http:\/\/www.connecteenproject.com\/no\/juridisk-merknad\/\"> Juridisk merknad<\/a><\/p>\n<\/div><\/div>\n","protected":false},"excerpt":{"rendered":"<p>Medfinansiert av EU. Synspunktene og meningene som uttrykk er imidlertid kun forfatterens(e) egne og gjenspeiler ikke n\u00f8dvendigvis synspunktene og meningene [&hellip;]<\/p>\n","protected":false},"author":1,"featured_media":0,"parent":0,"menu_order":0,"comment_status":"closed","ping_status":"closed","template":"","meta":{"_coblocks_attr":"","_coblocks_dimensions":"","_coblocks_responsive_height":"","_coblocks_accordion_ie_support":"","_uag_custom_page_level_css":"","site-sidebar-layout":"default","site-content-layout":"","ast-site-content-layout":"default","site-content-style":"default","site-sidebar-style":"default","ast-global-header-display":"","ast-banner-title-visibility":"","ast-main-header-display":"","ast-hfb-above-header-display":"","ast-hfb-below-header-display":"","ast-hfb-mobile-header-display":"","site-post-title":"disabled","ast-breadcrumbs-content":"","ast-featured-img":"","footer-sml-layout":"","ast-disable-related-posts":"","theme-transparent-header-meta":"","adv-header-id-meta":"","stick-header-meta":"","header-above-stick-meta":"","header-main-stick-meta":"","header-below-stick-meta":"","astra-migrate-meta-layouts":"default","ast-page-background-enabled":"default","ast-page-background-meta":{"desktop":{"background-color":"var(--ast-global-color-5)","background-image":"","background-repeat":"repeat","background-position":"center center","background-size":"auto","background-attachment":"scroll","background-type":"","background-media":"","overlay-type":"","overlay-color":"","overlay-opacity":"","overlay-gradient":""},"tablet":{"background-color":"","background-image":"","background-repeat":"repeat","background-position":"center center","background-size":"auto","background-attachment":"scroll","background-type":"","background-media":"","overlay-type":"","overlay-color":"","overlay-opacity":"","overlay-gradient":""},"mobile":{"background-color":"","background-image":"","background-repeat":"repeat","background-position":"center center","background-size":"auto","background-attachment":"scroll","background-type":"","background-media":"","overlay-type":"","overlay-color":"","overlay-opacity":"","overlay-gradient":""}},"ast-content-background-meta":{"desktop":{"background-color":"var(--ast-global-color-4)","background-image":"","background-repeat":"repeat","background-position":"center center","background-size":"auto","background-attachment":"scroll","background-type":"","background-media":"","overlay-type":"","overlay-color":"","overlay-opacity":"","overlay-gradient":""},"tablet":{"background-color":"var(--ast-global-color-4)","background-image":"","background-repeat":"repeat","background-position":"center center","background-size":"auto","background-attachment":"scroll","background-type":"","background-media":"","overlay-type":"","overlay-color":"","overlay-opacity":"","overlay-gradient":""},"mobile":{"background-color":"var(--ast-global-color-4)","background-image":"","background-repeat":"repeat","background-position":"center center","background-size":"auto","background-attachment":"scroll","background-type":"","background-media":"","overlay-type":"","overlay-color":"","overlay-opacity":"","overlay-gradient":""}},"footnotes":""},"class_list":["post-917","page","type-page","status-publish","hentry"],"yoast_head":"<!-- This site is optimized with the Yoast SEO plugin v26.6 - https:\/\/yoast.com\/wordpress\/plugins\/seo\/ -->\n<title>Polen -<\/title>\n<meta name=\"robots\" content=\"index, follow, max-snippet:-1, max-image-preview:large, max-video-preview:-1\" \/>\n<link rel=\"canonical\" href=\"http:\/\/www.connecteenproject.com\/no\/polen\/\" \/>\n<meta property=\"og:locale\" content=\"nb_NO\" \/>\n<meta property=\"og:type\" content=\"article\" \/>\n<meta property=\"og:title\" content=\"Polen -\" \/>\n<meta property=\"og:description\" content=\"Medfinansiert av EU. Synspunktene og meningene som uttrykk er imidlertid kun forfatterens(e) egne og gjenspeiler ikke n\u00f8dvendigvis synspunktene og meningene [&hellip;]\" \/>\n<meta property=\"og:url\" content=\"http:\/\/www.connecteenproject.com\/no\/polen\/\" \/>\n<meta property=\"article:modified_time\" content=\"2025-10-30T12:52:55+00:00\" \/>\n<meta property=\"og:image\" content=\"http:\/\/www.connecteenproject.com\/wp-content\/uploads\/2025\/07\/Logo_positivo_300pp-scaled.jpg\" \/>\n<meta name=\"twitter:card\" content=\"summary_large_image\" \/>\n<meta name=\"twitter:label1\" content=\"Ansl. lesetid\" \/>\n\t<meta name=\"twitter:data1\" content=\"1 minutt\" \/>\n<script type=\"application\/ld+json\" class=\"yoast-schema-graph\">{\"@context\":\"https:\/\/schema.org\",\"@graph\":[{\"@type\":\"WebPage\",\"@id\":\"http:\/\/www.connecteenproject.com\/no\/polen\/\",\"url\":\"http:\/\/www.connecteenproject.com\/no\/polen\/\",\"name\":\"Polen -\",\"isPartOf\":{\"@id\":\"http:\/\/www.connecteenproject.com\/no\/#website\"},\"primaryImageOfPage\":{\"@id\":\"http:\/\/www.connecteenproject.com\/no\/polen\/#primaryimage\"},\"image\":{\"@id\":\"http:\/\/www.connecteenproject.com\/no\/polen\/#primaryimage\"},\"thumbnailUrl\":\"http:\/\/www.connecteenproject.com\/wp-content\/uploads\/2025\/07\/Logo_positivo_300pp-scaled.jpg\",\"datePublished\":\"2025-06-30T12:38:46+00:00\",\"dateModified\":\"2025-10-30T12:52:55+00:00\",\"breadcrumb\":{\"@id\":\"http:\/\/www.connecteenproject.com\/no\/polen\/#breadcrumb\"},\"inLanguage\":\"nb-NO\",\"potentialAction\":[{\"@type\":\"ReadAction\",\"target\":[\"http:\/\/www.connecteenproject.com\/no\/polen\/\"]}]},{\"@type\":\"ImageObject\",\"inLanguage\":\"nb-NO\",\"@id\":\"http:\/\/www.connecteenproject.com\/no\/polen\/#primaryimage\",\"url\":\"http:\/\/www.connecteenproject.com\/wp-content\/uploads\/2025\/07\/Logo_positivo_300pp-scaled.jpg\",\"contentUrl\":\"http:\/\/www.connecteenproject.com\/wp-content\/uploads\/2025\/07\/Logo_positivo_300pp-scaled.jpg\"},{\"@type\":\"BreadcrumbList\",\"@id\":\"http:\/\/www.connecteenproject.com\/no\/polen\/#breadcrumb\",\"itemListElement\":[{\"@type\":\"ListItem\",\"position\":1,\"name\":\"Portada\",\"item\":\"http:\/\/www.connecteenproject.com\/no\/\"},{\"@type\":\"ListItem\",\"position\":2,\"name\":\"Polen\"}]},{\"@type\":\"WebSite\",\"@id\":\"http:\/\/www.connecteenproject.com\/no\/#website\",\"url\":\"http:\/\/www.connecteenproject.com\/no\/\",\"name\":\"\",\"description\":\"Connecteen project\",\"potentialAction\":[{\"@type\":\"SearchAction\",\"target\":{\"@type\":\"EntryPoint\",\"urlTemplate\":\"http:\/\/www.connecteenproject.com\/no\/?s={search_term_string}\"},\"query-input\":{\"@type\":\"PropertyValueSpecification\",\"valueRequired\":true,\"valueName\":\"search_term_string\"}}],\"inLanguage\":\"nb-NO\"}]}<\/script>\n<!-- \/ Yoast SEO plugin. -->","yoast_head_json":{"title":"Polen -","robots":{"index":"index","follow":"follow","max-snippet":"max-snippet:-1","max-image-preview":"max-image-preview:large","max-video-preview":"max-video-preview:-1"},"canonical":"http:\/\/www.connecteenproject.com\/no\/polen\/","og_locale":"nb_NO","og_type":"article","og_title":"Polen -","og_description":"Medfinansiert av EU. Synspunktene og meningene som uttrykk er imidlertid kun forfatterens(e) egne og gjenspeiler ikke n\u00f8dvendigvis synspunktene og meningene [&hellip;]","og_url":"http:\/\/www.connecteenproject.com\/no\/polen\/","article_modified_time":"2025-10-30T12:52:55+00:00","og_image":[{"url":"http:\/\/www.connecteenproject.com\/wp-content\/uploads\/2025\/07\/Logo_positivo_300pp-scaled.jpg","type":"","width":"","height":""}],"twitter_card":"summary_large_image","twitter_misc":{"Ansl. lesetid":"1 minutt"},"schema":{"@context":"https:\/\/schema.org","@graph":[{"@type":"WebPage","@id":"http:\/\/www.connecteenproject.com\/no\/polen\/","url":"http:\/\/www.connecteenproject.com\/no\/polen\/","name":"Polen -","isPartOf":{"@id":"http:\/\/www.connecteenproject.com\/no\/#website"},"primaryImageOfPage":{"@id":"http:\/\/www.connecteenproject.com\/no\/polen\/#primaryimage"},"image":{"@id":"http:\/\/www.connecteenproject.com\/no\/polen\/#primaryimage"},"thumbnailUrl":"http:\/\/www.connecteenproject.com\/wp-content\/uploads\/2025\/07\/Logo_positivo_300pp-scaled.jpg","datePublished":"2025-06-30T12:38:46+00:00","dateModified":"2025-10-30T12:52:55+00:00","breadcrumb":{"@id":"http:\/\/www.connecteenproject.com\/no\/polen\/#breadcrumb"},"inLanguage":"nb-NO","potentialAction":[{"@type":"ReadAction","target":["http:\/\/www.connecteenproject.com\/no\/polen\/"]}]},{"@type":"ImageObject","inLanguage":"nb-NO","@id":"http:\/\/www.connecteenproject.com\/no\/polen\/#primaryimage","url":"http:\/\/www.connecteenproject.com\/wp-content\/uploads\/2025\/07\/Logo_positivo_300pp-scaled.jpg","contentUrl":"http:\/\/www.connecteenproject.com\/wp-content\/uploads\/2025\/07\/Logo_positivo_300pp-scaled.jpg"},{"@type":"BreadcrumbList","@id":"http:\/\/www.connecteenproject.com\/no\/polen\/#breadcrumb","itemListElement":[{"@type":"ListItem","position":1,"name":"Portada","item":"http:\/\/www.connecteenproject.com\/no\/"},{"@type":"ListItem","position":2,"name":"Polen"}]},{"@type":"WebSite","@id":"http:\/\/www.connecteenproject.com\/no\/#website","url":"http:\/\/www.connecteenproject.com\/no\/","name":"","description":"Connecteen project","potentialAction":[{"@type":"SearchAction","target":{"@type":"EntryPoint","urlTemplate":"http:\/\/www.connecteenproject.com\/no\/?s={search_term_string}"},"query-input":{"@type":"PropertyValueSpecification","valueRequired":true,"valueName":"search_term_string"}}],"inLanguage":"nb-NO"}]}},"uagb_featured_image_src":{"full":false,"thumbnail":false,"medium":false,"medium_large":false,"large":false,"course_archive_thumbnail":false,"course_single_thumbnail":false,"lesson_archive_thumbnail":false,"lesson_single_thumbnail":false,"1536x1536":false,"2048x2048":false,"woocommerce_thumbnail":false,"woocommerce_single":false,"woocommerce_gallery_thumbnail":false},"uagb_author_info":{"display_name":"juliacunyADMIN","author_link":"http:\/\/www.connecteenproject.com\/no\/author\/juliacunyadmin\/"},"uagb_comment_info":0,"uagb_excerpt":"Medfinansiert av EU. Synspunktene og meningene som uttrykk er imidlertid kun forfatterens(e) egne og gjenspeiler ikke n\u00f8dvendigvis synspunktene og meningene [&hellip;]","_links":{"self":[{"href":"http:\/\/www.connecteenproject.com\/no\/wp-json\/wp\/v2\/pages\/917","targetHints":{"allow":["GET"]}}],"collection":[{"href":"http:\/\/www.connecteenproject.com\/no\/wp-json\/wp\/v2\/pages"}],"about":[{"href":"http:\/\/www.connecteenproject.com\/no\/wp-json\/wp\/v2\/types\/page"}],"author":[{"embeddable":true,"href":"http:\/\/www.connecteenproject.com\/no\/wp-json\/wp\/v2\/users\/1"}],"replies":[{"embeddable":true,"href":"http:\/\/www.connecteenproject.com\/no\/wp-json\/wp\/v2\/comments?post=917"}],"version-history":[{"count":1,"href":"http:\/\/www.connecteenproject.com\/no\/wp-json\/wp\/v2\/pages\/917\/revisions"}],"predecessor-version":[{"id":921,"href":"http:\/\/www.connecteenproject.com\/no\/wp-json\/wp\/v2\/pages\/917\/revisions\/921"}],"wp:attachment":[{"href":"http:\/\/www.connecteenproject.com\/no\/wp-json\/wp\/v2\/media?parent=917"}],"curies":[{"name":"wp","href":"https:\/\/api.w.org\/{rel}","templated":true}]}}