{"id":432,"date":"2025-10-27T14:09:49","date_gmt":"2025-10-27T13:09:49","guid":{"rendered":"http:\/\/www.connecteenproject.com\/projekt\/"},"modified":"2025-12-16T13:21:23","modified_gmt":"2025-12-16T12:21:23","slug":"projekt","status":"publish","type":"page","link":"http:\/\/www.connecteenproject.com\/pl\/projekt\/","title":{"rendered":"Projekt"},"content":{"rendered":"\n<div class=\"wp-block-uagb-container uagb-block-907f4ffb alignfull uagb-is-root-container\"><div class=\"uagb-container-inner-blocks-wrap\">\n<div class=\"wp-block-uagb-container uagb-block-f1762b55 alignfull uagb-is-root-container\"><div class=\"uagb-container-inner-blocks-wrap\">\n<div class=\"wp-block-uagb-container uagb-block-ad7a72c8\"><\/div>\n\n\n\n<div class=\"wp-block-uagb-container uagb-block-4d77a9fe\">\n<h2 class=\"wp-block-heading has-text-align-right has-ast-global-color-4-color has-text-color has-link-color wp-elements-4b8c81ecb5f087c9178bf927442cb6d7\">T\u0142o projektu<\/h2>\n\n\n\n<p class=\"has-text-align-right is-style-default has-ast-global-color-4-color has-text-color has-link-color wp-elements-e97a3bf2aefb835bc82f65536909a802\" style=\"padding-top:0;padding-right:0;padding-bottom:0;padding-left:0;font-size:14px\">Projekt ConnecTEEN to inicjatywa wsp\u00f3\u0142pracy transnarodowej finansowana ze \u015brodk\u00f3w programu Erasmus+, kt\u00f3rej celem jest wzmocnienie system\u00f3w wsparcia zdrowia psychicznego w instytucjach kszta\u0142cenia i szkolenia zawodowego (VET) w ca\u0142ej Europie.<\/p>\n<\/div>\n<\/div><\/div>\n<\/div><\/div>\n\n\n\n<div class=\"wp-block-coblocks-hero alignfull has-text-color has-white-color coblocks-hero-927132816414 mb-0\"><div class=\"wp-block-coblocks-hero__inner has-ast-global-color-1-background-color has-background bg-cover has-background-image bg-no-repeat bg-center-center hero-center-right-align has-padding has-medium-padding has-ast-global-color-1-background-color has-right-content\" style=\"background-image:url(http:\/\/www.connecteenproject.com\/wp-content\/uploads\/2025\/10\/about-the-project.png);background-position:69% 45%;min-height:500px\"><div class=\"wp-block-coblocks-hero__content-wrapper\"><div class=\"wp-block-coblocks-hero__content\" style=\"max-width:400px\">\n<h2 class=\"wp-block-heading\"><\/h2>\n\n\n\n<p><\/p>\n\n\n\n<div class=\"wp-block-buttons is-layout-flex wp-block-buttons-is-layout-flex\">\n\n<\/div>\n<\/div><\/div><\/div><\/div>\n\n\n\n<div class=\"wp-block-uagb-container uagb-block-64895394 default uagb-is-root-container\">\n<div class=\"wp-block-uagb-container uagb-block-271931c5\"><\/div>\n\n\n\n<div class=\"wp-block-uagb-container uagb-block-e90f0e3f\">\n<h2 class=\"wp-block-heading\"><a>T\u0142o projektu<\/a><\/h2>\n\n\n\n<p><strong>ConnecTEEN: Poprawa dobrostanu uczni\u00f3w w kszta\u0142ceniu zawodowym:<\/strong><br>Projekt ConnecTEEN to inicjatywa wsp\u00f3\u0142pracy transnarodowej finansowana ze \u015brodk\u00f3w programu Erasmus+, kt\u00f3rej celem jest wzmocnienie system\u00f3w wsparcia zdrowia psychicznego w instytucjach kszta\u0142cenia i szkolenia zawodowego (VET) w ca\u0142ej Europie. Nasz\u0105 misj\u0105 jest stworzenie bardziej wspieraj\u0105cego i odpornego \u015brodowiska edukacyjnego, w kt\u00f3rym uczniowie szk\u00f3\u0142 zawodowych mog\u0105 si\u0119 rozwija\u0107, zar\u00f3wno osobi\u015bcie, jak i akademicko, poprzez priorytetowe traktowanie ich zdrowia psychicznego i dobrego samopoczucia.<br><br>Wyzwanie, kt\u00f3remu stawiamy czo\u0142a:<br>Studenci kierunk\u00f3w zawodowych cz\u0119sto przechodz\u0105 przez z\u0142o\u017cony proces przej\u015bciowy, \u0142\u0105cz\u0105c intensywne wymagania akademickie z praktycznym szkoleniem, co mo\u017ce prowadzi\u0107 do wyj\u0105tkowych czynnik\u00f3w stresu i problem\u00f3w ze zdrowiem psychicznym. Too often, VET institutions lack the specialized tools and training necessary to proactively identify and effectively intervene when a student is at risk of a mental health crisis. Ta luka przyczynia si\u0119 do niskiego wska\u017anika retencji student\u00f3w i negatywnie wp\u0142ywa na og\u00f3lne wyniki w nauce.<\/p>\n<\/div>\n<\/div>\n\n\n\n<div class=\"wp-block-uagb-container uagb-block-ee482c99 alignfull uagb-is-root-container\"><div class=\"uagb-container-inner-blocks-wrap\">\n<div class=\"wp-block-uagb-container uagb-block-e8744b2c\">\n<h2 class=\"wp-block-heading has-text-align-center has-ast-global-color-4-color has-text-color has-link-color wp-elements-5969c82fb8b6ae6c2031698d94cead0c\" style=\"font-size:32px\"><a><\/a><a>Oczekiwane rezultaty<\/a><\/h2>\n\n\n\n<p class=\"has-ast-global-color-4-color has-text-color has-link-color wp-elements-8380f74e08474d3bb2eb0588ff4b4b15\">Projekt ConnecTEEN ma na celu dostarczenie dw\u00f3ch g\u0142\u00f3wnych rezultat\u00f3w intelektualnych (IO), kt\u00f3re stanowi\u0105 rdze\u0144 zestawu narz\u0119dzi ConnecTEEN dla instytucji kszta\u0142cenia zawodowego:<br>Internetowe narz\u0119dzie do pomiaru dobrostanu ConnecTEEN (WP2). To specjalistyczne narz\u0119dzie online opracowane specjalnie dla spo\u0142eczno\u015bci kszta\u0142cenia zawodowego, aby Europejski projekt ConnecTEEN, finansowany przez program Erasmus+ Unii Europejskiej, ma na celu popraw\u0119 wczesnego wykrywania emocjonalnego cierpienia u uczni\u00f3w kszta\u0142cenia zawodowego oraz wzmocnienie wsparcia zdrowia psychicznego w plac\u00f3wkach edukacyjnych.<\/p>\n\n\n\n<p class=\"has-ast-global-color-4-color has-text-color has-link-color wp-elements-4ecb39695e1173d9b28e4ed873bd9e01\">Inicjatywa ta \u0142\u0105czy partner\u00f3w ze Hiszpanii, Norwegii, Polski, Litwy i Czech w celu opracowania innowacyjnych narz\u0119dzi do identyfikacji oznak cierpienia u m\u0142odych ludzi i wspierania sprzyjaj\u0105cego \u015brodowiska spo\u0142eczno\u015bciowego.<\/p>\n\n\n\n<ul class=\"wp-block-list\">\n<li class=\"has-ast-global-color-4-color has-text-color has-link-color wp-elements-855f69f9f06306a803a22954468f95c7\">Cel: Umo\u017cliwienie wczesnej identyfikacji i systematycznego monitorowania problem\u00f3w ze zdrowiem psychicznym, potencjalnych kryzys\u00f3w i poziomu dobrego samopoczucia w\u015br\u00f3d uczni\u00f3w.<\/li>\n\n\n\n<li class=\"has-ast-global-color-4-color has-text-color has-link-color wp-elements-ba15154b3895754b29008cf4e7bc24f8\">Forma: Anonimowa ankieta internetowa skierowana do nastolatk\u00f3w i m\u0142odych doros\u0142ych w wieku 15\u201322 lat ucz\u0105cych si\u0119 w \u015brodowisku kszta\u0142cenia zawodowego.<\/li>\n\n\n\n<li class=\"has-ast-global-color-4-color has-text-color has-link-color wp-elements-80fc3210dd2ef0dc3bb580ba079d14fe\">Funkcja: Platforma cyfrowa narz\u0119dzia udost\u0119pnia specjalistom ds. kszta\u0142cenia zawodowego cenne dane i spostrze\u017cenia, kt\u00f3re u\u0142atwiaj\u0105 podejmowanie ukierunkowanych, terminowych interwencji i \u015brodk\u00f3w wsparcia.<\/li>\n<\/ul>\n\n\n\n<p class=\"has-ast-global-color-4-color has-text-color has-link-color wp-elements-bf64c48bb9249dc12680cd38221bf3ef\">Program Interwencji Kryzysowej ConnecTEEN w Spo\u0142eczno\u015bci (WP3)<br>Ten program zapewnia ramy interwencji niezb\u0119dne do skutecznego reagowania po zidentyfikowaniu uczni\u00f3w z grupy ryzyka. Skupienie na spo\u0142eczno\u015bci: Program szkoli specjalist\u00f3w VET i umo\u017cliwia uczniom zostanie Ambasadorami Dobrostanu Uczni\u00f3w, tworz\u0105c wspieraj\u0105c\u0105 sie\u0107 r\u00f3wie\u015bnicz\u0105, kt\u00f3ra pomaga reagowa\u0107 na kryzysy i promowa\u0107 kultur\u0119 empatii i inkluzywno\u015bci w szkole.<br>Zawarto\u015b\u0107 programu: Innowacyjny, intensywny, 8-tygodniowy program maj\u0105cy na celu wzmocnienie odporno\u015bci psychicznej, rozw\u00f3j  samodzieldno\u015bki w\u0142asnej oraz promowanie wsparcia emocjonalnego w\u015br\u00f3d uczni\u00f3w.<br>Platforma cyfrowa: Program i wszystkie jego materia\u0142y s\u0105 dost\u0119pne na przyjaznym dla u\u017cytkownika portalu internetowym, kt\u00f3ry b\u0119dzie otwarty i przet\u0142umaczony na sze\u015b\u0107 j\u0119zyk\u00f3w (angielski, hiszpa\u0144ski, polski, norweski, czeski, litewski).<\/p>\n<\/div>\n<\/div><\/div>\n\n\n\n<div class=\"wp-block-uagb-container uagb-block-7309e0ee alignfull uagb-is-root-container\"><div class=\"uagb-container-inner-blocks-wrap\">\n<div class=\"wp-block-uagb-container uagb-block-c8680d40\">\n<div class=\"wp-block-columns is-layout-flex wp-container-core-columns-is-layout-28f84493 wp-block-columns-is-layout-flex\">\n<div class=\"wp-block-column is-layout-flow wp-block-column-is-layout-flow\"><\/div>\n\n\n\n<div class=\"wp-block-column is-layout-flow wp-block-column-is-layout-flow\">\n<div class=\"wp-block-uagb-image uagb-block-d8f9ae32 wp-block-uagb-image--layout-default wp-block-uagb-image--effect-static wp-block-uagb-image--align-none\"><figure class=\"wp-block-uagb-image__figure\"><img decoding=\"async\" srcset=\"http:\/\/www.connecteenproject.com\/wp-content\/uploads\/2025\/07\/FLAT-ICON.jpg ,http:\/\/www.connecteenproject.com\/wp-content\/uploads\/2025\/07\/FLAT-ICON.jpg 780w, http:\/\/www.connecteenproject.com\/wp-content\/uploads\/2025\/07\/FLAT-ICON.jpg 360w\" sizes=\"auto, (max-width: 480px) 150px\" src=\"http:\/\/www.connecteenproject.com\/wp-content\/uploads\/2025\/07\/FLAT-ICON.jpg\" alt=\"\" class=\"uag-image-160\" width=\"126\" height=\"126\" title=\"FLAT-ICON\" loading=\"lazy\" role=\"img\"\/><\/figure><\/div>\n<\/div>\n\n\n\n<div class=\"wp-block-column is-layout-flow wp-block-column-is-layout-flow\"><\/div>\n<\/div>\n\n\n\n<div class=\"wp-block-uagb-advanced-heading uagb-block-c5315e98\"><h2 class=\"uagb-heading-text\">Oczekiwany wp\u0142yw<\/h2><p class=\"uagb-desc-text\">Dzi\u0119ki wyposa\u017ceniu instytucji kszta\u0142cenia zawodowego w praktyczne narz\u0119dzia i programy szkoleniowe projekt ConnecTEEN umo\u017cliwi:<\/p><\/div>\n\n\n\n<div class=\"wp-block-uagb-container uagb-block-c1a7701f\">\n<div class=\"wp-block-columns is-layout-flex wp-container-core-columns-is-layout-28f84493 wp-block-columns-is-layout-flex\">\n<div class=\"wp-block-column is-layout-flow wp-block-column-is-layout-flow\" style=\"box-shadow:var(--wp--preset--shadow--natural)\">\n<div class=\"wp-block-media-text is-stacked-on-mobile is-vertically-aligned-center is-image-fill-element is-style-default has-ast-global-color-4-background-color has-background\"><figure class=\"wp-block-media-text__media\"><img loading=\"lazy\" decoding=\"async\" width=\"525\" height=\"350\" src=\"http:\/\/www.connecteenproject.com\/wp-content\/uploads\/2025\/10\/pexels-photo-5905841-5905841.jpg\" alt=\"Dwoje dzieci uczy si\u0119 razem, skupiaj\u0105c si\u0119 na odrabianiu lekcji, u\u017cywaj\u0105c o\u0142\u00f3wk\u00f3w i zeszyt\u00f3w, ucz\u0105c si\u0119 w domu.\" class=\"wp-image-340 size-full\" style=\"object-position:50% 50%\"\/><\/figure><div class=\"wp-block-media-text__content\">\n<p>Poprawa samopoczucia uczni\u00f3w:<br>Poprawa zdrowia psychicznego uczni\u00f3w, poczucia przynale\u017cno\u015bci i og\u00f3lnej jako\u015bci \u017cycia.<\/p>\n<\/div><\/div>\n<\/div>\n\n\n\n<div class=\"wp-block-column is-layout-flow wp-block-column-is-layout-flow\" style=\"box-shadow:var(--wp--preset--shadow--natural)\">\n<div class=\"wp-block-media-text is-stacked-on-mobile is-vertically-aligned-center is-image-fill-element is-style-default has-ast-global-color-4-background-color has-background\"><figure class=\"wp-block-media-text__media\"><img loading=\"lazy\" decoding=\"async\" width=\"524\" height=\"350\" src=\"http:\/\/www.connecteenproject.com\/wp-content\/uploads\/2025\/10\/pexels-photo-4144923-4144923.jpg\" alt=\"Ucze\u0144 robi notatki podczas wideorozmowy w domu, ucz\u0105c si\u0119 online.\" class=\"wp-image-337 size-full\" style=\"object-position:50% 50%\"\/><\/figure><div class=\"wp-block-media-text__content\">\n<p>Zwi\u0119ksz retencj\u0119: Przyczyniaj si\u0119 do wy\u017cszego wska\u017anika uko\u0144czenia studi\u00f3w i lepszych wynik\u00f3w w nauce.<\/p>\n<\/div><\/div>\n<\/div>\n\n\n\n<div class=\"wp-block-column is-layout-flow wp-block-column-is-layout-flow\" style=\"box-shadow:var(--wp--preset--shadow--natural)\">\n<div class=\"wp-block-media-text is-stacked-on-mobile is-vertically-aligned-center is-image-fill-element is-style-default has-ast-global-color-4-background-color has-background\"><figure class=\"wp-block-media-text__media\"><img loading=\"lazy\" decoding=\"async\" width=\"525\" height=\"350\" src=\"http:\/\/www.connecteenproject.com\/wp-content\/uploads\/2025\/10\/pexels-photo-8199708-8199708.jpg\" alt=\"Grupa szcz\u0119\u015bliwych uczni\u00f3w przybija sobie pi\u0105tki w bibliotece, \u015bwi\u0119tuj\u0105c sw\u00f3j sukces.\" class=\"wp-image-338 size-full\" style=\"object-position:50% 50%\"\/><\/figure><div class=\"wp-block-media-text__content\">\n<p>Ustanowienie zr\u00f3wnowa\u017conego modelu wsparcia: Stworzenie sprawdzonych ram, kt\u00f3re b\u0119d\u0105 mog\u0142y zosta\u0107 przyj\u0119te przez o\u015brodki kszta\u0142cenia zawodowego w ca\u0142ej Europie, co zapewni trwa\u0142e pozytywne dziedzictwo dla przysz\u0142ych uczni\u00f3w.<\/p>\n<\/div><\/div>\n<\/div>\n<\/div>\n<\/div>\n<\/div>\n<\/div><\/div>\n\n\n\n<div class=\"wp-block-group has-contrast-color has-text-color is-vertical is-content-justification-center is-layout-flex wp-container-core-group-is-layout-f306f087 wp-block-group-is-layout-flex\" style=\"min-height:40vh;margin-top:0;margin-bottom:0;padding-top:var(--wp--preset--spacing--60);padding-right:var(--wp--preset--spacing--50);padding-bottom:var(--wp--preset--spacing--60);padding-left:var(--wp--preset--spacing--50)\">\n<div class=\"wp-block-uagb-container uagb-block-3aa8ec73 alignfull uagb-is-root-container\"><div class=\"uagb-container-inner-blocks-wrap\">\n<div class=\"wp-block-columns are-vertically-aligned-center is-layout-flex wp-container-core-columns-is-layout-28f84493 wp-block-columns-is-layout-flex\">\n<div class=\"wp-block-column is-vertically-aligned-center is-layout-constrained wp-block-column-is-layout-constrained\">\n<div class=\"wp-block-uagb-container uagb-block-9f18e00a\"><\/div>\n<\/div>\n\n\n\n<div class=\"wp-block-column is-vertically-aligned-center is-layout-flow wp-block-column-is-layout-flow\"><div style=\"margin-bottom:6px;\" class=\"aligncenter wp-block-site-logo\"><a href=\"http:\/\/www.connecteenproject.com\/pl\/\" class=\"custom-logo-link\" rel=\"home\"><img loading=\"lazy\" decoding=\"async\" width=\"168\" height=\"108\" src=\"http:\/\/www.connecteenproject.com\/wp-content\/uploads\/2025\/07\/cropped-connecteen-header-logo.png\" class=\"custom-logo\" alt=\"\" srcset=\"http:\/\/www.connecteenproject.com\/wp-content\/uploads\/2025\/07\/cropped-connecteen-header-logo.png 209w, http:\/\/www.connecteenproject.com\/wp-content\/uploads\/2025\/07\/cropped-connecteen-header-logo-100x65.png 100w\" sizes=\"auto, (max-width: 168px) 100vw, 168px\" \/><\/a><\/div><\/div>\n\n\n\n<div class=\"wp-block-column is-vertically-aligned-center is-layout-flow wp-block-column-is-layout-flow\">\n<div class=\"wp-block-uagb-container uagb-block-5144555b\">\n<p class=\"has-text-align-right has-ast-global-color-0-color has-text-color has-link-color has-small-font-size wp-elements-0b30afbf83fa78013c147b7645e5fbac\">Medfinansiert av EU. Jednak\u017ce wyra\u017cone pogl\u0105dy i opinie s\u0105 wy\u0142\u0105cznie pogl\u0105dami autora(-\u00f3w) i niekoniecznie odzwierciedlaj\u0105 pogl\u0105dy Unii Europejskiej lub Europejskiej Agencji Wykonawczej ds. Edukacji i Kultury (EACEA). Ani Unia Europejska ani EACEA nie ponosz\u0105 za nie odpowiedzialno\u015bci.  <\/p>\n<\/div>\n<\/div>\n<\/div>\n<\/div><\/div>\n<\/div>\n\n\n\n<div class=\"wp-block-uagb-container uagb-block-bfb606b3 alignfull uagb-is-root-container\"><div class=\"uagb-container-inner-blocks-wrap\">\n<p class=\"has-text-align-center has-ast-global-color-4-color has-text-color has-link-color has-small-font-size wp-elements-aa4ef4da097d5e09f309e7a443239a39\"><a href=\"http:\/\/www.connecteenproject.com\/connectteenproject-privacy-policy\/\">Polityka prywatno\u015bci <\/a>| <a href=\"http:\/\/www.connecteenproject.com\/pl\/polityka-plikow-cookie\/\">Polityka plik\u00f3w cookie<\/a> | <a href=\"http:\/\/www.connecteenproject.com\/pl\/informacja-prawna\/\">Informacja prawna<\/a><\/p>\n<\/div><\/div>\n\n\n\n<p><\/p>\n","protected":false},"excerpt":{"rendered":"<p>T\u0142o projektu Projekt ConnecTEEN to inicjatywa wsp\u00f3\u0142pracy transnarodowej finansowana ze \u015brodk\u00f3w programu Erasmus+, kt\u00f3rej celem jest wzmocnienie system\u00f3w wsparcia zdrowia [&hellip;]<\/p>\n","protected":false},"author":1,"featured_media":0,"parent":0,"menu_order":0,"comment_status":"closed","ping_status":"closed","template":"","meta":{"_coblocks_attr":"","_coblocks_dimensions":"","_coblocks_responsive_height":"","_coblocks_accordion_ie_support":"","_uag_custom_page_level_css":"","site-sidebar-layout":"default","site-content-layout":"","ast-site-content-layout":"default","site-content-style":"default","site-sidebar-style":"default","ast-global-header-display":"","ast-banner-title-visibility":"","ast-main-header-display":"","ast-hfb-above-header-display":"","ast-hfb-below-header-display":"","ast-hfb-mobile-header-display":"","site-post-title":"disabled","ast-breadcrumbs-content":"","ast-featured-img":"","footer-sml-layout":"","ast-disable-related-posts":"","theme-transparent-header-meta":"","adv-header-id-meta":"","stick-header-meta":"","header-above-stick-meta":"","header-main-stick-meta":"","header-below-stick-meta":"","astra-migrate-meta-layouts":"default","ast-page-background-enabled":"default","ast-page-background-meta":{"desktop":{"background-color":"var(--ast-global-color-5)","background-image":"","background-repeat":"repeat","background-position":"center center","background-size":"auto","background-attachment":"scroll","background-type":"","background-media":"","overlay-type":"","overlay-color":"","overlay-opacity":"","overlay-gradient":""},"tablet":{"background-color":"","background-image":"","background-repeat":"repeat","background-position":"center center","background-size":"auto","background-attachment":"scroll","background-type":"","background-media":"","overlay-type":"","overlay-color":"","overlay-opacity":"","overlay-gradient":""},"mobile":{"background-color":"","background-image":"","background-repeat":"repeat","background-position":"center center","background-size":"auto","background-attachment":"scroll","background-type":"","background-media":"","overlay-type":"","overlay-color":"","overlay-opacity":"","overlay-gradient":""}},"ast-content-background-meta":{"desktop":{"background-color":"var(--ast-global-color-4)","background-image":"","background-repeat":"repeat","background-position":"center center","background-size":"auto","background-attachment":"scroll","background-type":"","background-media":"","overlay-type":"","overlay-color":"","overlay-opacity":"","overlay-gradient":""},"tablet":{"background-color":"var(--ast-global-color-4)","background-image":"","background-repeat":"repeat","background-position":"center center","background-size":"auto","background-attachment":"scroll","background-type":"","background-media":"","overlay-type":"","overlay-color":"","overlay-opacity":"","overlay-gradient":""},"mobile":{"background-color":"var(--ast-global-color-4)","background-image":"","background-repeat":"repeat","background-position":"center center","background-size":"auto","background-attachment":"scroll","background-type":"","background-media":"","overlay-type":"","overlay-color":"","overlay-opacity":"","overlay-gradient":""}},"footnotes":""},"class_list":["post-432","page","type-page","status-publish","hentry"],"yoast_head":"<!-- This site is optimized with the Yoast SEO plugin v26.6 - https:\/\/yoast.com\/wordpress\/plugins\/seo\/ -->\n<title>Projekt -<\/title>\n<meta name=\"robots\" content=\"index, follow, max-snippet:-1, max-image-preview:large, max-video-preview:-1\" \/>\n<link rel=\"canonical\" href=\"http:\/\/www.connecteenproject.com\/pl\/projekt\/\" \/>\n<meta property=\"og:locale\" content=\"pl_PL\" \/>\n<meta property=\"og:type\" content=\"article\" \/>\n<meta property=\"og:title\" content=\"Projekt -\" \/>\n<meta property=\"og:description\" content=\"T\u0142o projektu Projekt ConnecTEEN to inicjatywa wsp\u00f3\u0142pracy transnarodowej finansowana ze \u015brodk\u00f3w programu Erasmus+, kt\u00f3rej celem jest wzmocnienie system\u00f3w wsparcia zdrowia [&hellip;]\" \/>\n<meta property=\"og:url\" content=\"http:\/\/www.connecteenproject.com\/pl\/projekt\/\" \/>\n<meta property=\"article:modified_time\" content=\"2025-12-16T12:21:23+00:00\" \/>\n<meta property=\"og:image\" content=\"http:\/\/www.connecteenproject.com\/wp-content\/uploads\/2025\/07\/FLAT-ICON.jpg\" \/>\n<meta name=\"twitter:card\" content=\"summary_large_image\" \/>\n<meta name=\"twitter:label1\" content=\"Szacowany czas czytania\" \/>\n\t<meta name=\"twitter:data1\" content=\"4 minuty\" \/>\n<script type=\"application\/ld+json\" class=\"yoast-schema-graph\">{\"@context\":\"https:\/\/schema.org\",\"@graph\":[{\"@type\":\"WebPage\",\"@id\":\"http:\/\/www.connecteenproject.com\/pl\/projekt\/\",\"url\":\"http:\/\/www.connecteenproject.com\/pl\/projekt\/\",\"name\":\"Projekt -\",\"isPartOf\":{\"@id\":\"http:\/\/www.connecteenproject.com\/pl\/#website\"},\"primaryImageOfPage\":{\"@id\":\"http:\/\/www.connecteenproject.com\/pl\/projekt\/#primaryimage\"},\"image\":{\"@id\":\"http:\/\/www.connecteenproject.com\/pl\/projekt\/#primaryimage\"},\"thumbnailUrl\":\"http:\/\/www.connecteenproject.com\/wp-content\/uploads\/2025\/07\/FLAT-ICON.jpg\",\"datePublished\":\"2025-10-27T13:09:49+00:00\",\"dateModified\":\"2025-12-16T12:21:23+00:00\",\"breadcrumb\":{\"@id\":\"http:\/\/www.connecteenproject.com\/pl\/projekt\/#breadcrumb\"},\"inLanguage\":\"pl-PL\",\"potentialAction\":[{\"@type\":\"ReadAction\",\"target\":[\"http:\/\/www.connecteenproject.com\/pl\/projekt\/\"]}]},{\"@type\":\"ImageObject\",\"inLanguage\":\"pl-PL\",\"@id\":\"http:\/\/www.connecteenproject.com\/pl\/projekt\/#primaryimage\",\"url\":\"http:\/\/www.connecteenproject.com\/wp-content\/uploads\/2025\/07\/FLAT-ICON.jpg\",\"contentUrl\":\"http:\/\/www.connecteenproject.com\/wp-content\/uploads\/2025\/07\/FLAT-ICON.jpg\"},{\"@type\":\"BreadcrumbList\",\"@id\":\"http:\/\/www.connecteenproject.com\/pl\/projekt\/#breadcrumb\",\"itemListElement\":[{\"@type\":\"ListItem\",\"position\":1,\"name\":\"Portada\",\"item\":\"http:\/\/www.connecteenproject.com\/pl\/\"},{\"@type\":\"ListItem\",\"position\":2,\"name\":\"Projekt\"}]},{\"@type\":\"WebSite\",\"@id\":\"http:\/\/www.connecteenproject.com\/pl\/#website\",\"url\":\"http:\/\/www.connecteenproject.com\/pl\/\",\"name\":\"\",\"description\":\"Connecteen project\",\"potentialAction\":[{\"@type\":\"SearchAction\",\"target\":{\"@type\":\"EntryPoint\",\"urlTemplate\":\"http:\/\/www.connecteenproject.com\/pl\/?s={search_term_string}\"},\"query-input\":{\"@type\":\"PropertyValueSpecification\",\"valueRequired\":true,\"valueName\":\"search_term_string\"}}],\"inLanguage\":\"pl-PL\"}]}<\/script>\n<!-- \/ Yoast SEO plugin. -->","yoast_head_json":{"title":"Projekt -","robots":{"index":"index","follow":"follow","max-snippet":"max-snippet:-1","max-image-preview":"max-image-preview:large","max-video-preview":"max-video-preview:-1"},"canonical":"http:\/\/www.connecteenproject.com\/pl\/projekt\/","og_locale":"pl_PL","og_type":"article","og_title":"Projekt -","og_description":"T\u0142o projektu Projekt ConnecTEEN to inicjatywa wsp\u00f3\u0142pracy transnarodowej finansowana ze \u015brodk\u00f3w programu Erasmus+, kt\u00f3rej celem jest wzmocnienie system\u00f3w wsparcia zdrowia [&hellip;]","og_url":"http:\/\/www.connecteenproject.com\/pl\/projekt\/","article_modified_time":"2025-12-16T12:21:23+00:00","og_image":[{"url":"http:\/\/www.connecteenproject.com\/wp-content\/uploads\/2025\/07\/FLAT-ICON.jpg","type":"","width":"","height":""}],"twitter_card":"summary_large_image","twitter_misc":{"Szacowany czas czytania":"4 minuty"},"schema":{"@context":"https:\/\/schema.org","@graph":[{"@type":"WebPage","@id":"http:\/\/www.connecteenproject.com\/pl\/projekt\/","url":"http:\/\/www.connecteenproject.com\/pl\/projekt\/","name":"Projekt -","isPartOf":{"@id":"http:\/\/www.connecteenproject.com\/pl\/#website"},"primaryImageOfPage":{"@id":"http:\/\/www.connecteenproject.com\/pl\/projekt\/#primaryimage"},"image":{"@id":"http:\/\/www.connecteenproject.com\/pl\/projekt\/#primaryimage"},"thumbnailUrl":"http:\/\/www.connecteenproject.com\/wp-content\/uploads\/2025\/07\/FLAT-ICON.jpg","datePublished":"2025-10-27T13:09:49+00:00","dateModified":"2025-12-16T12:21:23+00:00","breadcrumb":{"@id":"http:\/\/www.connecteenproject.com\/pl\/projekt\/#breadcrumb"},"inLanguage":"pl-PL","potentialAction":[{"@type":"ReadAction","target":["http:\/\/www.connecteenproject.com\/pl\/projekt\/"]}]},{"@type":"ImageObject","inLanguage":"pl-PL","@id":"http:\/\/www.connecteenproject.com\/pl\/projekt\/#primaryimage","url":"http:\/\/www.connecteenproject.com\/wp-content\/uploads\/2025\/07\/FLAT-ICON.jpg","contentUrl":"http:\/\/www.connecteenproject.com\/wp-content\/uploads\/2025\/07\/FLAT-ICON.jpg"},{"@type":"BreadcrumbList","@id":"http:\/\/www.connecteenproject.com\/pl\/projekt\/#breadcrumb","itemListElement":[{"@type":"ListItem","position":1,"name":"Portada","item":"http:\/\/www.connecteenproject.com\/pl\/"},{"@type":"ListItem","position":2,"name":"Projekt"}]},{"@type":"WebSite","@id":"http:\/\/www.connecteenproject.com\/pl\/#website","url":"http:\/\/www.connecteenproject.com\/pl\/","name":"","description":"Connecteen project","potentialAction":[{"@type":"SearchAction","target":{"@type":"EntryPoint","urlTemplate":"http:\/\/www.connecteenproject.com\/pl\/?s={search_term_string}"},"query-input":{"@type":"PropertyValueSpecification","valueRequired":true,"valueName":"search_term_string"}}],"inLanguage":"pl-PL"}]}},"uagb_featured_image_src":{"full":false,"thumbnail":false,"medium":false,"medium_large":false,"large":false,"course_archive_thumbnail":false,"course_single_thumbnail":false,"lesson_archive_thumbnail":false,"lesson_single_thumbnail":false,"1536x1536":false,"2048x2048":false,"woocommerce_thumbnail":false,"woocommerce_single":false,"woocommerce_gallery_thumbnail":false},"uagb_author_info":{"display_name":"juliacunyADMIN","author_link":"http:\/\/www.connecteenproject.com\/pl\/author\/juliacunyadmin\/"},"uagb_comment_info":0,"uagb_excerpt":"T\u0142o projektu Projekt ConnecTEEN to inicjatywa wsp\u00f3\u0142pracy transnarodowej finansowana ze \u015brodk\u00f3w programu Erasmus+, kt\u00f3rej celem jest wzmocnienie system\u00f3w wsparcia zdrowia [&hellip;]","_links":{"self":[{"href":"http:\/\/www.connecteenproject.com\/pl\/wp-json\/wp\/v2\/pages\/432","targetHints":{"allow":["GET"]}}],"collection":[{"href":"http:\/\/www.connecteenproject.com\/pl\/wp-json\/wp\/v2\/pages"}],"about":[{"href":"http:\/\/www.connecteenproject.com\/pl\/wp-json\/wp\/v2\/types\/page"}],"author":[{"embeddable":true,"href":"http:\/\/www.connecteenproject.com\/pl\/wp-json\/wp\/v2\/users\/1"}],"replies":[{"embeddable":true,"href":"http:\/\/www.connecteenproject.com\/pl\/wp-json\/wp\/v2\/comments?post=432"}],"version-history":[{"count":8,"href":"http:\/\/www.connecteenproject.com\/pl\/wp-json\/wp\/v2\/pages\/432\/revisions"}],"predecessor-version":[{"id":1832,"href":"http:\/\/www.connecteenproject.com\/pl\/wp-json\/wp\/v2\/pages\/432\/revisions\/1832"}],"wp:attachment":[{"href":"http:\/\/www.connecteenproject.com\/pl\/wp-json\/wp\/v2\/media?parent=432"}],"curies":[{"name":"wp","href":"https:\/\/api.w.org\/{rel}","templated":true}]}}