{"id":601,"date":"2025-10-23T13:00:54","date_gmt":"2025-10-23T11:00:54","guid":{"rendered":"http:\/\/www.connecteenproject.com\/informacja-prawna\/"},"modified":"2025-10-29T12:55:34","modified_gmt":"2025-10-29T11:55:34","slug":"informacja-prawna","status":"publish","type":"page","link":"http:\/\/www.connecteenproject.com\/pl\/informacja-prawna\/","title":{"rendered":"Informacja prawna"},"content":{"rendered":"\n<p>Ostatnia aktualizacja: 23.10.2025<\/p>\n\n<h3 class=\"wp-block-heading\">1. W\u0142a\u015bciciel witryny i dane kontaktowe<\/h3>\n\n<p>W\u0142a\u015bciciel: Fundaci\u00f3n INTRAS<br\/><strong>Strona internetowa:<\/strong><a href=\"https:\/\/www.connecteenproject.com\/\"> <\/a><a href=\"https:\/\/www.connecteenproject.com\" target=\"_blank\" rel=\"noreferrer noopener\">https:\/\/www.connecteenproject.com<\/a><br\/>Adres e-mail kontaktowy: intras@intras.es<br\/>Adres pocztowy: Fundaci\u00f3n INTRAS<br\/>C\/ Martin Santos Romero, 1. 47016 Valladolid. Telf. 0034 0034 983 399 633 <a href=\"http:\/\/www.intras.es\/\">www.intras.es<\/a><\/p>\n\n<hr class=\"wp-block-separator has-alpha-channel-opacity is-style-wide\"\/>\n\n<h3 class=\"wp-block-heading\">2. Warunki korzystania<\/h3>\n\n<p>Uzyskuj\u0105c dost\u0119p do tej witryny internetowej i korzystaj\u0105c z niej, nabywasz status u\u017cytkownika i akceptujesz niniejsze warunki korzystania.<\/p>\n\n<p>U\u017cytkownicy zobowi\u0105zuj\u0105 si\u0119 korzysta\u0107 ze strony internetowej i jej zawarto\u015bci w spos\u00f3b zgodny z prawem, odpowiedzialny i pe\u0142en szacunku. Nast\u0119puj\u0105ce zastosowania s\u0105 wyra\u017anie zabronione:<\/p>\n\n<ul class=\"wp-block-list\">\n<li>Podejmowanie dzia\u0142a\u0144 niezgodnych z prawem lub oszuka\u0144czych.<\/li>\n\n\n\n<li>Uszkodzenie system\u00f3w fizycznych lub logicznych Fundaci\u00f3n INTRAS, jej dostawc\u00f3w lub os\u00f3b trzecich.<\/li>\n\n\n\n<li>Wprowadzanie lub rozpowszechnianie wirus\u00f3w komputerowych lub innego szkodliwego kodu.<\/li>\n\n\n\n<li>Pr\u00f3ba uzyskania nieautoryzowanego dost\u0119pu do witryny lub powi\u0105zanych system\u00f3w.<\/li>\n<\/ul>\n\n<p>Fundacja INTRAS zastrzega sobie prawo do odmowy dost\u0119pu do strony internetowej u\u017cytkownikom naruszaj\u0105cym niniejsze warunki.<\/p>\n\n<hr class=\"wp-block-separator has-alpha-channel-opacity is-style-wide\"\/>\n\n<h3 class=\"wp-block-heading\">3. W\u0142asno\u015b\u0107 intelektualna<\/h3>\n\n<p>Ca\u0142a zawarto\u015b\u0107 tej witryny internetowej, w tym mi\u0119dzy innymi teksty, obrazy, grafiki, logo, projekty, kod \u017ar\u00f3d\u0142owy i struktura, stanowi\u0105 w\u0142asno\u015b\u0107 intelektualn\u0105 Fundaci\u00f3n INTRAS lub jej licencjonowanych partner\u00f3w i s\u0105 chronione na mocy obowi\u0105zuj\u0105cych przepis\u00f3w dotycz\u0105cych w\u0142asno\u015bci intelektualnej w Unii Europejskiej.<\/p>\n\n<p>Zabrania si\u0119 powielania, rozpowszechniania, publicznego przekazywania lub modyfikowania jakiejkolwiek tre\u015bci witryny bez uprzedniej pisemnej zgody w\u0142a\u015bciciela.<\/p>\n\n<hr class=\"wp-block-separator has-alpha-channel-opacity is-style-wide\"\/>\n\n<h3 class=\"wp-block-heading\">4. Linki zewn\u0119trzne<\/h3>\n\n<p>Na tej stronie internetowej mog\u0105 znajdowa\u0107 si\u0119 odno\u015bniki do stron zewn\u0119trznych. Fundacja INTRAS nie ma \u017cadnej kontroli nad tymi stronami i nie ponosi odpowiedzialno\u015bci za ich zawarto\u015b\u0107 ani za szkody mog\u0105ce wynikn\u0105\u0107 z dost\u0119pu do nich lub korzystania z nich.<\/p>\n\n<p>Zamieszczenie takich link\u00f3w nie oznacza \u017cadnego rodzaju powi\u0105zania ani poparcia ze strony Fundaci\u00f3n INTRAS.<\/p>\n\n<hr class=\"wp-block-separator has-alpha-channel-opacity is-style-wide\"\/>\n\n<h3 class=\"wp-block-heading\">5. Prawo w\u0142a\u015bciwe i jurysdykcja<\/h3>\n\n<p>Niniejsza informacja prawna podlega przepisom prawa Unii Europejskiej oraz, w stosownych przypadkach, przepisom prawa Hiszpanii, w tym mi\u0119dzy innymi:<\/p>\n\n<ul class=\"wp-block-list\">\n<li><strong>Rozporz\u0105dzenie (UE) 2016\/679<\/strong> w sprawie ochrony danych osobowych (og\u00f3lne rozporz\u0105dzenie o ochronie danych \u2013 RODO).<\/li>\n\n\n\n<li><strong>Hiszpa\u0144ska ustawa 34\/2002<\/strong> z dnia 11 lipca o us\u0142ugach spo\u0142ecze\u0144stwa informacyjnego i handlu elektronicznym (LSSI-CE).<\/li>\n<\/ul>\n\n<p>W przypadku jakiegokolwiek sporu i o ile przepisy dotycz\u0105ce ochrony konsument\u00f3w nie stanowi\u0105 inaczej, strony zgadzaj\u0105 si\u0119 podda\u0107 jurysdykcji s\u0105d\u00f3w w <strong>Valladolid w Hiszpanii<\/strong>, gdzie ma siedzib\u0119 Fundaci\u00f3n INTRAS.<\/p>\n\n<hr class=\"wp-block-separator has-alpha-channel-opacity is-style-wide\"\/>\n\n<h3 class=\"wp-block-heading\">Notatka<\/h3>\n\n<p>Niniejsza Informacja Prawna stanowi cz\u0119\u015b\u0107 kompleksowego pakietu zgodno\u015bci prawnej, kt\u00f3ry obejmuje r\u00f3wnie\u017c nasz\u0105 <a href=\"http:\/\/www.connecteenproject.com\/connectteenproject-privacy-policy\/\">Polityk\u0119 Prywatno\u015bci<\/a> i <a href=\"http:\/\/www.connecteenproject.com\/connectteenproject-privacy-policy\/\">Polityk\u0119 Plik\u00f3w Cookie<\/a>.<\/p>\n\n<p><\/p>\n","protected":false},"excerpt":{"rendered":"<p>Ostatnia aktualizacja: 23.10.2025 1. W\u0142a\u015bciciel witryny i dane kontaktowe W\u0142a\u015bciciel: Fundaci\u00f3n INTRASStrona internetowa: https:\/\/www.connecteenproject.comAdres e-mail kontaktowy: intras@intras.esAdres pocztowy: Fundaci\u00f3n INTRASC\/ [&hellip;]<\/p>\n","protected":false},"author":1,"featured_media":0,"parent":0,"menu_order":0,"comment_status":"closed","ping_status":"closed","template":"","meta":{"_coblocks_attr":"","_coblocks_dimensions":"","_coblocks_responsive_height":"","_coblocks_accordion_ie_support":"","_uag_custom_page_level_css":"","site-sidebar-layout":"default","site-content-layout":"","ast-site-content-layout":"default","site-content-style":"default","site-sidebar-style":"default","ast-global-header-display":"","ast-banner-title-visibility":"","ast-main-header-display":"","ast-hfb-above-header-display":"","ast-hfb-below-header-display":"","ast-hfb-mobile-header-display":"","site-post-title":"","ast-breadcrumbs-content":"","ast-featured-img":"","footer-sml-layout":"","ast-disable-related-posts":"","theme-transparent-header-meta":"","adv-header-id-meta":"","stick-header-meta":"","header-above-stick-meta":"","header-main-stick-meta":"","header-below-stick-meta":"","astra-migrate-meta-layouts":"default","ast-page-background-enabled":"default","ast-page-background-meta":{"desktop":{"background-color":"var(--ast-global-color-5)","background-image":"","background-repeat":"repeat","background-position":"center center","background-size":"auto","background-attachment":"scroll","background-type":"","background-media":"","overlay-type":"","overlay-color":"","overlay-opacity":"","overlay-gradient":""},"tablet":{"background-color":"","background-image":"","background-repeat":"repeat","background-position":"center center","background-size":"auto","background-attachment":"scroll","background-type":"","background-media":"","overlay-type":"","overlay-color":"","overlay-opacity":"","overlay-gradient":""},"mobile":{"background-color":"","background-image":"","background-repeat":"repeat","background-position":"center center","background-size":"auto","background-attachment":"scroll","background-type":"","background-media":"","overlay-type":"","overlay-color":"","overlay-opacity":"","overlay-gradient":""}},"ast-content-background-meta":{"desktop":{"background-color":"var(--ast-global-color-4)","background-image":"","background-repeat":"repeat","background-position":"center center","background-size":"auto","background-attachment":"scroll","background-type":"","background-media":"","overlay-type":"","overlay-color":"","overlay-opacity":"","overlay-gradient":""},"tablet":{"background-color":"var(--ast-global-color-4)","background-image":"","background-repeat":"repeat","background-position":"center center","background-size":"auto","background-attachment":"scroll","background-type":"","background-media":"","overlay-type":"","overlay-color":"","overlay-opacity":"","overlay-gradient":""},"mobile":{"background-color":"var(--ast-global-color-4)","background-image":"","background-repeat":"repeat","background-position":"center center","background-size":"auto","background-attachment":"scroll","background-type":"","background-media":"","overlay-type":"","overlay-color":"","overlay-opacity":"","overlay-gradient":""}},"footnotes":""},"class_list":["post-601","page","type-page","status-publish","hentry"],"yoast_head":"<!-- This site is optimized with the Yoast SEO plugin v26.6 - https:\/\/yoast.com\/wordpress\/plugins\/seo\/ -->\n<title>Informacja prawna -<\/title>\n<meta name=\"robots\" content=\"index, follow, max-snippet:-1, max-image-preview:large, max-video-preview:-1\" \/>\n<link rel=\"canonical\" href=\"http:\/\/www.connecteenproject.com\/pl\/informacja-prawna\/\" \/>\n<meta property=\"og:locale\" content=\"pl_PL\" \/>\n<meta property=\"og:type\" content=\"article\" \/>\n<meta property=\"og:title\" content=\"Informacja prawna -\" \/>\n<meta property=\"og:description\" content=\"Ostatnia aktualizacja: 23.10.2025 1. W\u0142a\u015bciciel witryny i dane kontaktowe W\u0142a\u015bciciel: Fundaci\u00f3n INTRASStrona internetowa: https:\/\/www.connecteenproject.comAdres e-mail kontaktowy: intras@intras.esAdres pocztowy: Fundaci\u00f3n INTRASC\/ [&hellip;]\" \/>\n<meta property=\"og:url\" content=\"http:\/\/www.connecteenproject.com\/pl\/informacja-prawna\/\" \/>\n<meta property=\"article:modified_time\" content=\"2025-10-29T11:55:34+00:00\" \/>\n<meta name=\"twitter:card\" content=\"summary_large_image\" \/>\n<meta name=\"twitter:label1\" content=\"Szacowany czas czytania\" \/>\n\t<meta name=\"twitter:data1\" content=\"2 minuty\" \/>\n<script type=\"application\/ld+json\" class=\"yoast-schema-graph\">{\"@context\":\"https:\/\/schema.org\",\"@graph\":[{\"@type\":\"WebPage\",\"@id\":\"http:\/\/www.connecteenproject.com\/pl\/informacja-prawna\/\",\"url\":\"http:\/\/www.connecteenproject.com\/pl\/informacja-prawna\/\",\"name\":\"Informacja prawna -\",\"isPartOf\":{\"@id\":\"http:\/\/www.connecteenproject.com\/pl\/#website\"},\"datePublished\":\"2025-10-23T11:00:54+00:00\",\"dateModified\":\"2025-10-29T11:55:34+00:00\",\"breadcrumb\":{\"@id\":\"http:\/\/www.connecteenproject.com\/pl\/informacja-prawna\/#breadcrumb\"},\"inLanguage\":\"pl-PL\",\"potentialAction\":[{\"@type\":\"ReadAction\",\"target\":[\"http:\/\/www.connecteenproject.com\/pl\/informacja-prawna\/\"]}]},{\"@type\":\"BreadcrumbList\",\"@id\":\"http:\/\/www.connecteenproject.com\/pl\/informacja-prawna\/#breadcrumb\",\"itemListElement\":[{\"@type\":\"ListItem\",\"position\":1,\"name\":\"Portada\",\"item\":\"http:\/\/www.connecteenproject.com\/pl\/\"},{\"@type\":\"ListItem\",\"position\":2,\"name\":\"Informacja prawna\"}]},{\"@type\":\"WebSite\",\"@id\":\"http:\/\/www.connecteenproject.com\/pl\/#website\",\"url\":\"http:\/\/www.connecteenproject.com\/pl\/\",\"name\":\"\",\"description\":\"Connecteen project\",\"potentialAction\":[{\"@type\":\"SearchAction\",\"target\":{\"@type\":\"EntryPoint\",\"urlTemplate\":\"http:\/\/www.connecteenproject.com\/pl\/?s={search_term_string}\"},\"query-input\":{\"@type\":\"PropertyValueSpecification\",\"valueRequired\":true,\"valueName\":\"search_term_string\"}}],\"inLanguage\":\"pl-PL\"}]}<\/script>\n<!-- \/ Yoast SEO plugin. -->","yoast_head_json":{"title":"Informacja prawna -","robots":{"index":"index","follow":"follow","max-snippet":"max-snippet:-1","max-image-preview":"max-image-preview:large","max-video-preview":"max-video-preview:-1"},"canonical":"http:\/\/www.connecteenproject.com\/pl\/informacja-prawna\/","og_locale":"pl_PL","og_type":"article","og_title":"Informacja prawna -","og_description":"Ostatnia aktualizacja: 23.10.2025 1. W\u0142a\u015bciciel witryny i dane kontaktowe W\u0142a\u015bciciel: Fundaci\u00f3n INTRASStrona internetowa: https:\/\/www.connecteenproject.comAdres e-mail kontaktowy: intras@intras.esAdres pocztowy: Fundaci\u00f3n INTRASC\/ [&hellip;]","og_url":"http:\/\/www.connecteenproject.com\/pl\/informacja-prawna\/","article_modified_time":"2025-10-29T11:55:34+00:00","twitter_card":"summary_large_image","twitter_misc":{"Szacowany czas czytania":"2 minuty"},"schema":{"@context":"https:\/\/schema.org","@graph":[{"@type":"WebPage","@id":"http:\/\/www.connecteenproject.com\/pl\/informacja-prawna\/","url":"http:\/\/www.connecteenproject.com\/pl\/informacja-prawna\/","name":"Informacja prawna -","isPartOf":{"@id":"http:\/\/www.connecteenproject.com\/pl\/#website"},"datePublished":"2025-10-23T11:00:54+00:00","dateModified":"2025-10-29T11:55:34+00:00","breadcrumb":{"@id":"http:\/\/www.connecteenproject.com\/pl\/informacja-prawna\/#breadcrumb"},"inLanguage":"pl-PL","potentialAction":[{"@type":"ReadAction","target":["http:\/\/www.connecteenproject.com\/pl\/informacja-prawna\/"]}]},{"@type":"BreadcrumbList","@id":"http:\/\/www.connecteenproject.com\/pl\/informacja-prawna\/#breadcrumb","itemListElement":[{"@type":"ListItem","position":1,"name":"Portada","item":"http:\/\/www.connecteenproject.com\/pl\/"},{"@type":"ListItem","position":2,"name":"Informacja prawna"}]},{"@type":"WebSite","@id":"http:\/\/www.connecteenproject.com\/pl\/#website","url":"http:\/\/www.connecteenproject.com\/pl\/","name":"","description":"Connecteen project","potentialAction":[{"@type":"SearchAction","target":{"@type":"EntryPoint","urlTemplate":"http:\/\/www.connecteenproject.com\/pl\/?s={search_term_string}"},"query-input":{"@type":"PropertyValueSpecification","valueRequired":true,"valueName":"search_term_string"}}],"inLanguage":"pl-PL"}]}},"uagb_featured_image_src":{"full":false,"thumbnail":false,"medium":false,"medium_large":false,"large":false,"course_archive_thumbnail":false,"course_single_thumbnail":false,"lesson_archive_thumbnail":false,"lesson_single_thumbnail":false,"1536x1536":false,"2048x2048":false,"woocommerce_thumbnail":false,"woocommerce_single":false,"woocommerce_gallery_thumbnail":false},"uagb_author_info":{"display_name":"juliacunyADMIN","author_link":"http:\/\/www.connecteenproject.com\/pl\/author\/juliacunyadmin\/"},"uagb_comment_info":0,"uagb_excerpt":"Ostatnia aktualizacja: 23.10.2025 1. W\u0142a\u015bciciel witryny i dane kontaktowe W\u0142a\u015bciciel: Fundaci\u00f3n INTRASStrona internetowa: https:\/\/www.connecteenproject.comAdres e-mail kontaktowy: intras@intras.esAdres pocztowy: Fundaci\u00f3n INTRASC\/ [&hellip;]","_links":{"self":[{"href":"http:\/\/www.connecteenproject.com\/pl\/wp-json\/wp\/v2\/pages\/601","targetHints":{"allow":["GET"]}}],"collection":[{"href":"http:\/\/www.connecteenproject.com\/pl\/wp-json\/wp\/v2\/pages"}],"about":[{"href":"http:\/\/www.connecteenproject.com\/pl\/wp-json\/wp\/v2\/types\/page"}],"author":[{"embeddable":true,"href":"http:\/\/www.connecteenproject.com\/pl\/wp-json\/wp\/v2\/users\/1"}],"replies":[{"embeddable":true,"href":"http:\/\/www.connecteenproject.com\/pl\/wp-json\/wp\/v2\/comments?post=601"}],"version-history":[{"count":1,"href":"http:\/\/www.connecteenproject.com\/pl\/wp-json\/wp\/v2\/pages\/601\/revisions"}],"predecessor-version":[{"id":603,"href":"http:\/\/www.connecteenproject.com\/pl\/wp-json\/wp\/v2\/pages\/601\/revisions\/603"}],"wp:attachment":[{"href":"http:\/\/www.connecteenproject.com\/pl\/wp-json\/wp\/v2\/media?parent=601"}],"curies":[{"name":"wp","href":"https:\/\/api.w.org\/{rel}","templated":true}]}}