{"id":912,"date":"2025-06-30T14:38:46","date_gmt":"2025-06-30T12:38:46","guid":{"rendered":"http:\/\/www.connecteenproject.com\/kim-jestesmy\/"},"modified":"2025-12-16T13:29:46","modified_gmt":"2025-12-16T12:29:46","slug":"kim-jestesmy","status":"publish","type":"page","link":"http:\/\/www.connecteenproject.com\/pl\/kim-jestesmy\/","title":{"rendered":"Kim jeste\u015bmy"},"content":{"rendered":"\n<div class=\"wp-block-coblocks-hero alignfull has-text-color has-white-color coblocks-hero-927132816414 mb-0\"><div class=\"wp-block-coblocks-hero__inner has-pale-pink-background-color has-background has-parallax has-background-overlay bg-cover has-background-image bg-no-repeat bg-center-center has-background-overlay-30 hero-center-right-align has-padding has-huge-padding has-pale-pink-background-color has-right-content\" style=\"background-image:url(http:\/\/www.connecteenproject.com\/wp-content\/uploads\/2025\/10\/who-we-are2.png);min-height:500px\"><div class=\"wp-block-coblocks-hero__content-wrapper\"><div class=\"wp-block-coblocks-hero__content\" style=\"max-width:400px\">\n<h2 class=\"wp-block-heading has-text-align-right has-ast-global-color-4-color has-text-color has-link-color has-large-font-size wp-elements-21222481f87fcb8f39c0a0a8f13821d5\">Kim jeste\u015bmy<\/h2>\n\n\n\n<p class=\"has-text-align-right is-style-default has-ast-global-color-4-color has-text-color has-link-color wp-elements-b63ddb1a19f7851e8eb4aa39fec2f866\" style=\"padding-top:0;padding-right:0;padding-bottom:0;padding-left:0;font-size:14px\">Projekt ConnecTEEN to inicjatywa wsp\u00f3\u0142pracy transnarodowej finansowana ze \u015brodk\u00f3w programu Erasmus+, kt\u00f3rej celem jest wykorzystanie system\u00f3w wsparcia zdrowia psychicznego w instytucjach edukacyjnych i szkoleniowych medycznych (VET) w ca\u0142ej Europie.<\/p>\n<\/div><\/div><\/div><\/div>\n\n<div class=\"wp-block-uagb-container uagb-block-dcb43903 alignfull uagb-is-root-container\"><div class=\"uagb-container-inner-blocks-wrap\">\n<div class=\"wp-block-columns is-layout-flex wp-container-core-columns-is-layout-28f84493 wp-block-columns-is-layout-flex\">\n<div class=\"wp-block-column is-layout-constrained wp-block-column-is-layout-constrained\" style=\"flex-basis:50%\">\n<div class=\"wp-block-uagb-container uagb-block-9edd07b8\">\n<div class=\"wp-block-uagb-info-box uagb-block-40c6eae7 uagb-infobox__content-wrap  uagb-infobox-icon-above-title uagb-infobox-image-valign-top\"><div class=\"uagb-ifb-content\"><div class=\"uagb-ifb-image-content\"><img decoding=\"async\" src=\"http:\/\/www.connecteenproject.com\/wp-content\/uploads\/2025\/07\/Logo_positivo_300pp-scaled.jpg\" alt=\"\" width=\"150\" height=\"46\" loading=\"lazy\"\/><\/div><div class=\"uagb-ifb-title-wrap\"><h3 class=\"uagb-ifb-title\"><br\/>Hiszpania<\/h3><\/div><p class=\"uagb-ifb-desc\">Jako koordynator projektu, INTRAS jest organizacj\u0105 non-profit specjalizuj\u0105c\u0105 si\u0119 w wysokiej jako\u015bci badaniach i interwencjach w dziedzinie zdrowia psychicznego. Organizacja posiada trzydziestoletnie do\u015bwiadczenie w \u015bwiadczeniu us\u0142ug spo\u0142ecznych, edukacyjnych i integracji zawodowej os\u00f3b z zaburzeniami psychicznymi, w tym w szkoleniach zawodowych dla m\u0142odych os\u00f3b z niepe\u0142nosprawno\u015bciami psychospo\u0142ecznymi. <\/p><\/div><\/div>\n\n\n\n<div class=\"wp-block-buttons is-content-justification-center is-layout-flex wp-container-core-buttons-is-layout-a89b3969 wp-block-buttons-is-layout-flex\">\n<div class=\"wp-block-button\"><a class=\"wp-block-button__link wp-element-button\" href=\"https:\/\/www.intras.es\/\">intras.es<\/a><\/div>\n<\/div>\n<\/div>\n<\/div>\n\n\n\n<div class=\"wp-block-column is-layout-constrained wp-block-column-is-layout-constrained\" style=\"flex-basis:50%\">\n<div class=\"wp-block-uagb-container uagb-block-b0374157\">\n<div class=\"wp-block-uagb-info-box uagb-block-9c39ab5b uagb-infobox__content-wrap  uagb-infobox-icon-above-title uagb-infobox-image-valign-top\"><div class=\"uagb-ifb-content\"><div class=\"uagb-ifb-image-content\"><img decoding=\"async\" src=\"http:\/\/www.connecteenproject.com\/wp-content\/uploads\/2025\/07\/LYKZ.jpg\" alt=\"\" width=\"150\" height=\"74\" loading=\"lazy\"\/><\/div><div class=\"uagb-ifb-title-wrap\"><h3 class=\"uagb-ifb-title\"><br\/>Norwegia<\/h3><\/div><p class=\"uagb-ifb-desc\">Przedsi\u0119biorstwo spo\u0142eczne koncentruj\u0105ce si\u0119 na oddzia\u0142ywaniu spo\u0142ecznym i wzmacnianiu pozycji m\u0142odzie\u017cy. Jest autorem metodologii FROG, oferuj\u0105c specjalistyczn\u0105 wiedz\u0119 w zakresie coachingu edukacyjnego, budowania odporno\u015bci i rozwoju opartego na mocnych stronach m\u0142odzie\u017cy zagro\u017conej wykluczeniem spo\u0142ecznym. <\/p><\/div><\/div>\n\n\n\n<div class=\"wp-block-buttons is-content-justification-center is-layout-flex wp-container-core-buttons-is-layout-a89b3969 wp-block-buttons-is-layout-flex\">\n<div class=\"wp-block-button\"><a class=\"wp-block-button__link wp-element-button\" href=\"https:\/\/www.lyk-z.no\/nb\/\">lyk-z.no<\/a><\/div>\n<\/div>\n<\/div>\n<\/div>\n\n\n\n<div class=\"wp-block-column is-layout-constrained wp-block-column-is-layout-constrained\" style=\"flex-basis:50%\">\n<div class=\"wp-block-uagb-container uagb-block-fdf3d8ee\">\n<div class=\"wp-block-uagb-info-box uagb-block-e551afa5 uagb-infobox__content-wrap  uagb-infobox-icon-above-title uagb-infobox-image-valign-top\"><div class=\"uagb-ifb-content\"><div class=\"uagb-ifb-image-content\"><img decoding=\"async\" src=\"http:\/\/www.connecteenproject.com\/wp-content\/uploads\/2025\/07\/LTALKABOUTLIFE.jpg\" alt=\"\" width=\"100\" height=\"100\" loading=\"lazy\"\/><\/div><div class=\"uagb-ifb-title-wrap\"><h3 class=\"uagb-ifb-title\">Polska<\/h3><\/div><p class=\"uagb-ifb-desc\">Fundacja specjalizuj\u0105ca si\u0119 w podnoszeniu \u015bwiadomo\u015bci i edukacji w zakresie zapobiegania samob\u00f3jstwom i interwencji kryzysowej. Wnosi bogat\u0105 wiedz\u0119 w zakresie interwencji spo\u0142ecznych i program\u00f3w edukacyjnych s\u0142u\u017c\u0105cych rozpoznawaniu kryzys\u00f3w emocjonalnych i samob\u00f3jczych u dzieci i m\u0142odzie\u017cy. <\/p><\/div><\/div>\n\n\n\n<div class=\"wp-block-buttons is-content-justification-center is-layout-flex wp-container-core-buttons-is-layout-a89b3969 wp-block-buttons-is-layout-flex\">\n<div class=\"wp-block-button\"><a class=\"wp-block-button__link wp-element-button\" href=\"https:\/\/www.intras.es\/\">zwjr.pl<\/a><\/div>\n<\/div>\n<\/div>\n<\/div>\n<\/div>\n<\/div><\/div>\n\n<hr class=\"wp-block-separator has-alpha-channel-opacity is-style-wide\"\/>\n\n<div class=\"wp-block-uagb-container uagb-block-dbf37b22 alignfull uagb-is-root-container\"><div class=\"uagb-container-inner-blocks-wrap\">\n<div class=\"wp-block-columns is-layout-flex wp-container-core-columns-is-layout-28f84493 wp-block-columns-is-layout-flex\">\n<div class=\"wp-block-column is-layout-constrained wp-block-column-is-layout-constrained\" style=\"flex-basis:50%\">\n<div class=\"wp-block-uagb-container uagb-block-e9060c76\">\n<div class=\"wp-block-uagb-info-box uagb-block-22188cd1 uagb-infobox__content-wrap  uagb-infobox-icon-above-title uagb-infobox-image-valign-top\"><div class=\"uagb-ifb-content\"><div class=\"uagb-ifb-image-content\"><img decoding=\"async\" src=\"http:\/\/www.connecteenproject.com\/wp-content\/uploads\/2025\/07\/ZDZ-HORIZONTAL.jpg\" alt=\"\" width=\"150\" height=\"45\" loading=\"lazy\"\/><\/div><div class=\"uagb-ifb-title-wrap\"><h3 class=\"uagb-ifb-title\"><br\/>Polska<\/h3><\/div><p class=\"uagb-ifb-desc\">Organizacja pozarz\u0105dowa i do\u015bwiadczony dostawca szkole\u0144 zawodowych. Wnosz\u0105 lokaln\u0105 wiedz\u0119 i praktyczne do\u015bwiadczenie wdro\u017ceniowe, realizuj\u0105c inicjatywy zwi\u0105zane ze zdrowiem psychicznym, zapobieganiem samob\u00f3jstwom i edukacj\u0105 emocjonaln\u0105. <\/p><\/div><\/div>\n\n\n\n<div class=\"wp-block-buttons is-content-justification-center is-layout-flex wp-container-core-buttons-is-layout-a89b3969 wp-block-buttons-is-layout-flex\">\n<div class=\"wp-block-button\"><a class=\"wp-block-button__link wp-element-button\" href=\"https:\/\/wmzdz.pl\/\">wmzdz.pl<\/a><\/div>\n<\/div>\n<\/div>\n<\/div>\n\n\n\n<div class=\"wp-block-column is-layout-constrained wp-block-column-is-layout-constrained\" style=\"flex-basis:50%\">\n<div class=\"wp-block-uagb-container uagb-block-83a477c5\">\n<div class=\"wp-block-uagb-info-box uagb-block-af9ecdd9 uagb-infobox__content-wrap  uagb-infobox-icon-above-title uagb-infobox-image-valign-top\"><div class=\"uagb-ifb-content\"><div class=\"uagb-ifb-image-content\"><img decoding=\"async\" src=\"http:\/\/www.connecteenproject.com\/wp-content\/uploads\/2025\/07\/STRENDI-SKOLA-HORIZONTAL.jpg\" alt=\"\" width=\"191\" height=\"49\" loading=\"lazy\"\/><\/div><div class=\"uagb-ifb-title-wrap\"><h3 class=\"uagb-ifb-title\"><br\/>Czechy<\/h3><\/div><p class=\"uagb-ifb-desc\">Do\u015bwiadczona szko\u0142a zawodowa, kt\u00f3ra k\u0142adzie nacisk na holistyczny rozw\u00f3j uczni\u00f3w. Wnosi bezpo\u015brednie do\u015bwiadczenie w systemach wsparcia uczni\u00f3w, wdra\u017caj\u0105c lokalne inicjatywy zwi\u0105zane ze zdrowiem psychicznym, edukacj\u0105 emocjonaln\u0105 i poradnictwem. <\/p><\/div><\/div>\n\n\n\n<div class=\"wp-block-buttons is-content-justification-center is-layout-flex wp-container-core-buttons-is-layout-a89b3969 wp-block-buttons-is-layout-flex\">\n<div class=\"wp-block-button\"><a class=\"wp-block-button__link wp-element-button\" href=\"https:\/\/www.skolasumperk.cz\/\"><em>skolasumperk.cz<\/em><\/a><\/div>\n<\/div>\n<\/div>\n<\/div>\n\n\n\n<div class=\"wp-block-column is-layout-constrained wp-block-column-is-layout-constrained\" style=\"flex-basis:50%\">\n<div class=\"wp-block-uagb-container uagb-block-64149380\">\n<div class=\"wp-block-uagb-info-box uagb-block-555ae41a uagb-infobox__content-wrap  uagb-infobox-icon-above-title uagb-infobox-image-valign-top\"><div class=\"uagb-ifb-content\"><div class=\"uagb-ifb-image-content\"><img decoding=\"async\" src=\"http:\/\/www.connecteenproject.com\/wp-content\/uploads\/2025\/10\/Techin-brand-Xx.webp\" alt=\"\" width=\"100\" height=\"96\" loading=\"lazy\"\/><\/div><div class=\"uagb-ifb-title-wrap\"><h3 class=\"uagb-ifb-title\">Polska<\/h3><\/div><p class=\"uagb-ifb-desc\">Do\u015bwiadczony dostawca us\u0142ug kszta\u0142cenia i szkolenia zawodowego (VET). Wnosi kluczow\u0105 perspektyw\u0119 szko\u0142y VET i praktyczne do\u015bwiadczenie we wdra\u017caniu inicjatyw na rzecz dobrostanu i integracji uczni\u00f3w. <\/p><\/div><\/div>\n\n\n\n<div class=\"wp-block-buttons is-content-justification-center is-layout-flex wp-container-core-buttons-is-layout-a89b3969 wp-block-buttons-is-layout-flex\">\n<div class=\"wp-block-button\"><a class=\"wp-block-button__link wp-element-button\" href=\"https:\/\/techin.lt\/\">techin.lt<\/a><\/div>\n<\/div>\n<\/div>\n<\/div>\n<\/div>\n<\/div><\/div>\n\n<div class=\"wp-block-group has-contrast-color has-text-color is-vertical is-content-justification-center is-layout-flex wp-container-core-group-is-layout-f306f087 wp-block-group-is-layout-flex\" style=\"min-height:40vh;margin-top:0;margin-bottom:0;padding-top:var(--wp--preset--spacing--60);padding-right:var(--wp--preset--spacing--50);padding-bottom:var(--wp--preset--spacing--60);padding-left:var(--wp--preset--spacing--50)\">\n<div class=\"wp-block-uagb-container uagb-block-3aa8ec73 alignfull uagb-is-root-container\"><div class=\"uagb-container-inner-blocks-wrap\">\n<div class=\"wp-block-columns are-vertically-aligned-center is-layout-flex wp-container-core-columns-is-layout-28f84493 wp-block-columns-is-layout-flex\">\n<div class=\"wp-block-column is-vertically-aligned-center is-layout-constrained wp-block-column-is-layout-constrained\">\n<div class=\"wp-block-uagb-container uagb-block-9f18e00a\"><\/div>\n<\/div>\n\n\n\n<div class=\"wp-block-column is-vertically-aligned-center is-layout-flow wp-block-column-is-layout-flow\"><div style=\"margin-bottom:6px;\" class=\"aligncenter wp-block-site-logo\"><a href=\"http:\/\/www.connecteenproject.com\/pl\/\" class=\"custom-logo-link\" rel=\"home\"><img loading=\"lazy\" decoding=\"async\" width=\"168\" height=\"108\" src=\"http:\/\/www.connecteenproject.com\/wp-content\/uploads\/2025\/07\/cropped-connecteen-header-logo.png\" class=\"custom-logo\" alt=\"\" srcset=\"http:\/\/www.connecteenproject.com\/wp-content\/uploads\/2025\/07\/cropped-connecteen-header-logo.png 209w, http:\/\/www.connecteenproject.com\/wp-content\/uploads\/2025\/07\/cropped-connecteen-header-logo-100x65.png 100w\" sizes=\"auto, (max-width: 168px) 100vw, 168px\" \/><\/a><\/div><\/div>\n\n\n\n<div class=\"wp-block-column is-vertically-aligned-center is-layout-flow wp-block-column-is-layout-flow\">\n<div class=\"wp-block-uagb-container uagb-block-5144555b\">\n<p class=\"has-text-align-right has-ast-global-color-0-color has-text-color has-link-color has-small-font-size wp-elements-60966d84e3d08f608ee6749a01c4f1b3\">Medfinansiert av UE. Dost\u0119pne s\u0105 tylko i wy\u0142\u0105cznie uprawnienia autora(-\u00f3w) i wydane przez Komisj\u0119 Europejsk\u0105 lub Europejsk\u0105 Organizacj\u0119 Wykonawcz\u0105 ds. Edukacji i Kultury (EACEA). Ani Unia Europejska ani EACEA nie ponosi za nie odpowiedzialno\u015bci.  <\/p>\n<\/div>\n<\/div>\n<\/div>\n<\/div><\/div>\n<\/div>\n\n<div class=\"wp-block-uagb-container uagb-block-bfb606b3 alignfull uagb-is-root-container\"><div class=\"uagb-container-inner-blocks-wrap\">\n<p class=\"has-text-align-center has-ast-global-color-4-color has-text-color has-link-color has-small-font-size wp-elements-20ea717549d9533eee1d6b415d1dbe4a\"><a href=\"http:\/\/www.connecteenproject.com\/pl\/polityka-prywatnosci-2\/\">Polityka prywatno\u015bci <\/a>| <a href=\"http:\/\/www.connecteenproject.com\/pl\/polityka-plikow-cookie\/\">Polityka plik\u00f3w cookie<\/a> | <a href=\"http:\/\/www.connecteenproject.com\/pl\/informacja-prawna\/\">Informacja prawna<\/a><\/p>\n<\/div><\/div>\n","protected":false},"excerpt":{"rendered":"<p>Medfinansiert av UE. Dost\u0119pne s\u0105 tylko i wy\u0142\u0105cznie uprawnienia autora(-\u00f3w) i wydane przez Komisj\u0119 Europejsk\u0105 lub Europejsk\u0105 Organizacj\u0119 Wykonawcz\u0105 ds. [&hellip;]<\/p>\n","protected":false},"author":1,"featured_media":0,"parent":0,"menu_order":0,"comment_status":"closed","ping_status":"closed","template":"","meta":{"_coblocks_attr":"","_coblocks_dimensions":"","_coblocks_responsive_height":"","_coblocks_accordion_ie_support":"","_uag_custom_page_level_css":"","site-sidebar-layout":"default","site-content-layout":"","ast-site-content-layout":"default","site-content-style":"default","site-sidebar-style":"default","ast-global-header-display":"","ast-banner-title-visibility":"","ast-main-header-display":"","ast-hfb-above-header-display":"","ast-hfb-below-header-display":"","ast-hfb-mobile-header-display":"","site-post-title":"disabled","ast-breadcrumbs-content":"","ast-featured-img":"","footer-sml-layout":"","ast-disable-related-posts":"","theme-transparent-header-meta":"","adv-header-id-meta":"","stick-header-meta":"","header-above-stick-meta":"","header-main-stick-meta":"","header-below-stick-meta":"","astra-migrate-meta-layouts":"default","ast-page-background-enabled":"default","ast-page-background-meta":{"desktop":{"background-color":"var(--ast-global-color-5)","background-image":"","background-repeat":"repeat","background-position":"center center","background-size":"auto","background-attachment":"scroll","background-type":"","background-media":"","overlay-type":"","overlay-color":"","overlay-opacity":"","overlay-gradient":""},"tablet":{"background-color":"","background-image":"","background-repeat":"repeat","background-position":"center center","background-size":"auto","background-attachment":"scroll","background-type":"","background-media":"","overlay-type":"","overlay-color":"","overlay-opacity":"","overlay-gradient":""},"mobile":{"background-color":"","background-image":"","background-repeat":"repeat","background-position":"center center","background-size":"auto","background-attachment":"scroll","background-type":"","background-media":"","overlay-type":"","overlay-color":"","overlay-opacity":"","overlay-gradient":""}},"ast-content-background-meta":{"desktop":{"background-color":"var(--ast-global-color-4)","background-image":"","background-repeat":"repeat","background-position":"center center","background-size":"auto","background-attachment":"scroll","background-type":"","background-media":"","overlay-type":"","overlay-color":"","overlay-opacity":"","overlay-gradient":""},"tablet":{"background-color":"var(--ast-global-color-4)","background-image":"","background-repeat":"repeat","background-position":"center center","background-size":"auto","background-attachment":"scroll","background-type":"","background-media":"","overlay-type":"","overlay-color":"","overlay-opacity":"","overlay-gradient":""},"mobile":{"background-color":"var(--ast-global-color-4)","background-image":"","background-repeat":"repeat","background-position":"center center","background-size":"auto","background-attachment":"scroll","background-type":"","background-media":"","overlay-type":"","overlay-color":"","overlay-opacity":"","overlay-gradient":""}},"footnotes":""},"class_list":["post-912","page","type-page","status-publish","hentry"],"yoast_head":"<!-- This site is optimized with the Yoast SEO plugin v26.6 - https:\/\/yoast.com\/wordpress\/plugins\/seo\/ -->\n<title>Kim jeste\u015bmy -<\/title>\n<meta name=\"robots\" content=\"index, follow, max-snippet:-1, max-image-preview:large, max-video-preview:-1\" \/>\n<link rel=\"canonical\" href=\"http:\/\/www.connecteenproject.com\/pl\/kim-jestesmy\/\" \/>\n<meta property=\"og:locale\" content=\"pl_PL\" \/>\n<meta property=\"og:type\" content=\"article\" \/>\n<meta property=\"og:title\" content=\"Kim jeste\u015bmy -\" \/>\n<meta property=\"og:description\" content=\"Medfinansiert av UE. Dost\u0119pne s\u0105 tylko i wy\u0142\u0105cznie uprawnienia autora(-\u00f3w) i wydane przez Komisj\u0119 Europejsk\u0105 lub Europejsk\u0105 Organizacj\u0119 Wykonawcz\u0105 ds. [&hellip;]\" \/>\n<meta property=\"og:url\" content=\"http:\/\/www.connecteenproject.com\/pl\/kim-jestesmy\/\" \/>\n<meta property=\"article:modified_time\" content=\"2025-12-16T12:29:46+00:00\" \/>\n<meta property=\"og:image\" content=\"http:\/\/www.connecteenproject.com\/wp-content\/uploads\/2025\/07\/Logo_positivo_300pp-scaled.jpg\" \/>\n<meta name=\"twitter:card\" content=\"summary_large_image\" \/>\n<meta name=\"twitter:label1\" content=\"Szacowany czas czytania\" \/>\n\t<meta name=\"twitter:data1\" content=\"2 minuty\" \/>\n<script type=\"application\/ld+json\" class=\"yoast-schema-graph\">{\"@context\":\"https:\/\/schema.org\",\"@graph\":[{\"@type\":\"WebPage\",\"@id\":\"http:\/\/www.connecteenproject.com\/pl\/kim-jestesmy\/\",\"url\":\"http:\/\/www.connecteenproject.com\/pl\/kim-jestesmy\/\",\"name\":\"Kim jeste\u015bmy -\",\"isPartOf\":{\"@id\":\"http:\/\/www.connecteenproject.com\/pl\/#website\"},\"primaryImageOfPage\":{\"@id\":\"http:\/\/www.connecteenproject.com\/pl\/kim-jestesmy\/#primaryimage\"},\"image\":{\"@id\":\"http:\/\/www.connecteenproject.com\/pl\/kim-jestesmy\/#primaryimage\"},\"thumbnailUrl\":\"http:\/\/www.connecteenproject.com\/wp-content\/uploads\/2025\/07\/Logo_positivo_300pp-scaled.jpg\",\"datePublished\":\"2025-06-30T12:38:46+00:00\",\"dateModified\":\"2025-12-16T12:29:46+00:00\",\"breadcrumb\":{\"@id\":\"http:\/\/www.connecteenproject.com\/pl\/kim-jestesmy\/#breadcrumb\"},\"inLanguage\":\"pl-PL\",\"potentialAction\":[{\"@type\":\"ReadAction\",\"target\":[\"http:\/\/www.connecteenproject.com\/pl\/kim-jestesmy\/\"]}]},{\"@type\":\"ImageObject\",\"inLanguage\":\"pl-PL\",\"@id\":\"http:\/\/www.connecteenproject.com\/pl\/kim-jestesmy\/#primaryimage\",\"url\":\"http:\/\/www.connecteenproject.com\/wp-content\/uploads\/2025\/07\/Logo_positivo_300pp-scaled.jpg\",\"contentUrl\":\"http:\/\/www.connecteenproject.com\/wp-content\/uploads\/2025\/07\/Logo_positivo_300pp-scaled.jpg\"},{\"@type\":\"BreadcrumbList\",\"@id\":\"http:\/\/www.connecteenproject.com\/pl\/kim-jestesmy\/#breadcrumb\",\"itemListElement\":[{\"@type\":\"ListItem\",\"position\":1,\"name\":\"Portada\",\"item\":\"http:\/\/www.connecteenproject.com\/pl\/\"},{\"@type\":\"ListItem\",\"position\":2,\"name\":\"Kim jeste\u015bmy\"}]},{\"@type\":\"WebSite\",\"@id\":\"http:\/\/www.connecteenproject.com\/pl\/#website\",\"url\":\"http:\/\/www.connecteenproject.com\/pl\/\",\"name\":\"\",\"description\":\"Connecteen project\",\"potentialAction\":[{\"@type\":\"SearchAction\",\"target\":{\"@type\":\"EntryPoint\",\"urlTemplate\":\"http:\/\/www.connecteenproject.com\/pl\/?s={search_term_string}\"},\"query-input\":{\"@type\":\"PropertyValueSpecification\",\"valueRequired\":true,\"valueName\":\"search_term_string\"}}],\"inLanguage\":\"pl-PL\"}]}<\/script>\n<!-- \/ Yoast SEO plugin. -->","yoast_head_json":{"title":"Kim jeste\u015bmy -","robots":{"index":"index","follow":"follow","max-snippet":"max-snippet:-1","max-image-preview":"max-image-preview:large","max-video-preview":"max-video-preview:-1"},"canonical":"http:\/\/www.connecteenproject.com\/pl\/kim-jestesmy\/","og_locale":"pl_PL","og_type":"article","og_title":"Kim jeste\u015bmy -","og_description":"Medfinansiert av UE. Dost\u0119pne s\u0105 tylko i wy\u0142\u0105cznie uprawnienia autora(-\u00f3w) i wydane przez Komisj\u0119 Europejsk\u0105 lub Europejsk\u0105 Organizacj\u0119 Wykonawcz\u0105 ds. [&hellip;]","og_url":"http:\/\/www.connecteenproject.com\/pl\/kim-jestesmy\/","article_modified_time":"2025-12-16T12:29:46+00:00","og_image":[{"url":"http:\/\/www.connecteenproject.com\/wp-content\/uploads\/2025\/07\/Logo_positivo_300pp-scaled.jpg","type":"","width":"","height":""}],"twitter_card":"summary_large_image","twitter_misc":{"Szacowany czas czytania":"2 minuty"},"schema":{"@context":"https:\/\/schema.org","@graph":[{"@type":"WebPage","@id":"http:\/\/www.connecteenproject.com\/pl\/kim-jestesmy\/","url":"http:\/\/www.connecteenproject.com\/pl\/kim-jestesmy\/","name":"Kim jeste\u015bmy -","isPartOf":{"@id":"http:\/\/www.connecteenproject.com\/pl\/#website"},"primaryImageOfPage":{"@id":"http:\/\/www.connecteenproject.com\/pl\/kim-jestesmy\/#primaryimage"},"image":{"@id":"http:\/\/www.connecteenproject.com\/pl\/kim-jestesmy\/#primaryimage"},"thumbnailUrl":"http:\/\/www.connecteenproject.com\/wp-content\/uploads\/2025\/07\/Logo_positivo_300pp-scaled.jpg","datePublished":"2025-06-30T12:38:46+00:00","dateModified":"2025-12-16T12:29:46+00:00","breadcrumb":{"@id":"http:\/\/www.connecteenproject.com\/pl\/kim-jestesmy\/#breadcrumb"},"inLanguage":"pl-PL","potentialAction":[{"@type":"ReadAction","target":["http:\/\/www.connecteenproject.com\/pl\/kim-jestesmy\/"]}]},{"@type":"ImageObject","inLanguage":"pl-PL","@id":"http:\/\/www.connecteenproject.com\/pl\/kim-jestesmy\/#primaryimage","url":"http:\/\/www.connecteenproject.com\/wp-content\/uploads\/2025\/07\/Logo_positivo_300pp-scaled.jpg","contentUrl":"http:\/\/www.connecteenproject.com\/wp-content\/uploads\/2025\/07\/Logo_positivo_300pp-scaled.jpg"},{"@type":"BreadcrumbList","@id":"http:\/\/www.connecteenproject.com\/pl\/kim-jestesmy\/#breadcrumb","itemListElement":[{"@type":"ListItem","position":1,"name":"Portada","item":"http:\/\/www.connecteenproject.com\/pl\/"},{"@type":"ListItem","position":2,"name":"Kim jeste\u015bmy"}]},{"@type":"WebSite","@id":"http:\/\/www.connecteenproject.com\/pl\/#website","url":"http:\/\/www.connecteenproject.com\/pl\/","name":"","description":"Connecteen project","potentialAction":[{"@type":"SearchAction","target":{"@type":"EntryPoint","urlTemplate":"http:\/\/www.connecteenproject.com\/pl\/?s={search_term_string}"},"query-input":{"@type":"PropertyValueSpecification","valueRequired":true,"valueName":"search_term_string"}}],"inLanguage":"pl-PL"}]}},"uagb_featured_image_src":{"full":false,"thumbnail":false,"medium":false,"medium_large":false,"large":false,"course_archive_thumbnail":false,"course_single_thumbnail":false,"lesson_archive_thumbnail":false,"lesson_single_thumbnail":false,"1536x1536":false,"2048x2048":false,"woocommerce_thumbnail":false,"woocommerce_single":false,"woocommerce_gallery_thumbnail":false},"uagb_author_info":{"display_name":"juliacunyADMIN","author_link":"http:\/\/www.connecteenproject.com\/pl\/author\/juliacunyadmin\/"},"uagb_comment_info":0,"uagb_excerpt":"Medfinansiert av UE. Dost\u0119pne s\u0105 tylko i wy\u0142\u0105cznie uprawnienia autora(-\u00f3w) i wydane przez Komisj\u0119 Europejsk\u0105 lub Europejsk\u0105 Organizacj\u0119 Wykonawcz\u0105 ds. [&hellip;]","_links":{"self":[{"href":"http:\/\/www.connecteenproject.com\/pl\/wp-json\/wp\/v2\/pages\/912","targetHints":{"allow":["GET"]}}],"collection":[{"href":"http:\/\/www.connecteenproject.com\/pl\/wp-json\/wp\/v2\/pages"}],"about":[{"href":"http:\/\/www.connecteenproject.com\/pl\/wp-json\/wp\/v2\/types\/page"}],"author":[{"embeddable":true,"href":"http:\/\/www.connecteenproject.com\/pl\/wp-json\/wp\/v2\/users\/1"}],"replies":[{"embeddable":true,"href":"http:\/\/www.connecteenproject.com\/pl\/wp-json\/wp\/v2\/comments?post=912"}],"version-history":[{"count":3,"href":"http:\/\/www.connecteenproject.com\/pl\/wp-json\/wp\/v2\/pages\/912\/revisions"}],"predecessor-version":[{"id":1835,"href":"http:\/\/www.connecteenproject.com\/pl\/wp-json\/wp\/v2\/pages\/912\/revisions\/1835"}],"wp:attachment":[{"href":"http:\/\/www.connecteenproject.com\/pl\/wp-json\/wp\/v2\/media?parent=912"}],"curies":[{"name":"wp","href":"https:\/\/api.w.org\/{rel}","templated":true}]}}